{"id":7538,"date":"2026-01-21T13:49:24","date_gmt":"2026-01-21T13:49:24","guid":{"rendered":"https:\/\/allbiomorocco.com\/?post_type=product&#038;p=7538"},"modified":"2026-04-14T10:58:08","modified_gmt":"2026-04-14T10:58:08","slug":"huile-de-figue-de-barbarie","status":"publish","type":"product","link":"https:\/\/allbiomorocco.com\/en\/product\/huile-de-figue-de-barbarie\/","title":{"rendered":"Huile de Figue de Barbarie"},"content":{"rendered":"<p>L\u2019huile de figues de Barbarie au Maroc est une panac\u00e9e pour lutter contre le vieillissement<\/p>\n<p>cutan\u00e9. Sa teneur en vitamine E hors du commun, les om\u00e9ga-6 et les st\u00e9rols qu\u2019elle contient en<\/p>\n<p>nombre lui conf\u00e8rent des capacit\u00e9s r\u00e9g\u00e9n\u00e9rantes en. Ceci favorisen le processus naturel de<\/p>\n<p>r\u00e9paration de la peau. L\u2019huile de p\u00e9pins de figue de Barbarie att\u00e9nue les effets de l\u2019\u00e2ge et permet<\/p>\n<p>de lutter contre le vieillissement cutan\u00e9. C\u2019est l\u2019huile id\u00e9ale pour les peaux matures, le contour<\/p>\n<p>des yeux et les rides. Elle redonne fermet\u00e9 et \u00e9lasticit\u00e9 \u00e0 votre peau. Son pouvoir cicatrisant la<\/p>\n<p>recommande pour att\u00e9nuer vergetures et cicatrices, notamment celles dues \u00e0 l\u2019acn\u00e9. L\u2019Huile de<\/p>\n<p>figues de Barbarie au Maroc s\u2019utilise pure : elle p\u00e9n\u00e8tre tr\u00e8s rapidement votre peau gr\u00e2ce \u00e0 sa<\/p>\n<p>texture l\u00e9g\u00e8re et peu grasse. Vous pouvez \u00e9galement la m\u00e9langer \u00e0 de l\u2019huile d\u2019argan naturelle.<\/p>\n<p>L\u2019huile de figue de Barbarie est obtenue \u00e0 partir des p\u00e9pins des fruits du figuier de Barbarie. Elle<\/p>\n<p>est originaire d\u2019Am\u00e9rique latine et acclimat\u00e9 autour du bassin m\u00e9diterran\u00e9en. C\u2019est une huile<\/p>\n<p>rare et pr\u00e9cieuse : une tonne de figues est n\u00e9cessaire \u00e0 l\u2019extraction d\u2019un seul litre. L\u2019huile de<\/p>\n<p>p\u00e9pins de figue de Barbarie est pure, 100 % naturelle, sans additif, issue de l\u2019agriculture<\/p>\n<p>biologique et des meilleurs terroirs du Maroc. Notre produit est conditionn\u00e9 en spray pour un<\/p>\n<p>usage pratique. Il tient dans votre sac \u00e0 main et permet d\u2019utiliser l\u2019huile \u00e0 tout moment de la<\/p>\n<p>journ\u00e9e, sur le visage, les mains, les l\u00e8vres.<\/p>","protected":false},"excerpt":{"rendered":"<p>L\u2019huile de figues de Barbarie au Maroc est une panac\u00e9e pour lutter contre le vieillissement cutan\u00e9. Sa teneur en vitamine E hors du commun, les om\u00e9ga-6 et les st\u00e9rols qu\u2019elle contient en nombre lui conf\u00e8rent des capacit\u00e9s r\u00e9g\u00e9n\u00e9rantes en. Ceci favorisen le processus naturel de r\u00e9paration de la peau. L\u2019huile de p\u00e9pins de figue de [&hellip;]<\/p>","protected":false},"featured_media":8109,"comment_status":"open","ping_status":"closed","template":"","meta":{"_uag_custom_page_level_css":"","site-sidebar-layout":"default","site-content-layout":"","ast-site-content-layout":"default","site-content-style":"default","site-sidebar-style":"default","ast-global-header-display":"","ast-banner-title-visibility":"","ast-main-header-display":"","ast-hfb-above-header-display":"","ast-hfb-below-header-display":"","ast-hfb-mobile-header-display":"","site-post-title":"","ast-breadcrumbs-content":"","ast-featured-img":"","footer-sml-layout":"","ast-disable-related-posts":"","theme-transparent-header-meta":"default","adv-header-id-meta":"","stick-header-meta":"","header-above-stick-meta":"","header-main-stick-meta":"","header-below-stick-meta":"","astra-migrate-meta-layouts":"set","ast-page-background-enabled":"default","ast-page-background-meta":{"desktop":{"background-color":"","background-image":"","background-repeat":"repeat","background-position":"center center","background-size":"auto","background-attachment":"scroll","background-type":"","background-media":"","overlay-type":"","overlay-color":"","overlay-opacity":"","overlay-gradient":""},"tablet":{"background-color":"","background-image":"","background-repeat":"repeat","background-position":"center center","background-size":"auto","background-attachment":"scroll","background-type":"","background-media":"","overlay-type":"","overlay-color":"","overlay-opacity":"","overlay-gradient":""},"mobile":{"background-color":"","background-image":"","background-repeat":"repeat","background-position":"center center","background-size":"auto","background-attachment":"scroll","background-type":"","background-media":"","overlay-type":"","overlay-color":"","overlay-opacity":"","overlay-gradient":""}},"ast-content-background-meta":{"desktop":{"background-color":"var(--ast-global-color-5)","background-image":"","background-repeat":"repeat","background-position":"center center","background-size":"auto","background-attachment":"scroll","background-type":"","background-media":"","overlay-type":"","overlay-color":"","overlay-opacity":"","overlay-gradient":""},"tablet":{"background-color":"var(--ast-global-color-5)","background-image":"","background-repeat":"repeat","background-position":"center center","background-size":"auto","background-attachment":"scroll","background-type":"","background-media":"","overlay-type":"","overlay-color":"","overlay-opacity":"","overlay-gradient":""},"mobile":{"background-color":"var(--ast-global-color-5)","background-image":"","background-repeat":"repeat","background-position":"center center","background-size":"auto","background-attachment":"scroll","background-type":"","background-media":"","overlay-type":"","overlay-color":"","overlay-opacity":"","overlay-gradient":""}}},"product_brand":[],"product_cat":[33,16],"product_tag":[],"class_list":{"0":"post-7538","1":"product","2":"type-product","3":"status-publish","4":"has-post-thumbnail","6":"product_cat-best_seller","7":"product_cat-cosmetique","8":"desktop-align-center","9":"tablet-align-center","10":"mobile-align-center","12":"first","13":"instock","14":"featured","15":"shipping-taxable","16":"purchasable","17":"product-type-simple"},"aioseo_notices":[],"uagb_featured_image_src":{"full":["https:\/\/allbiomorocco.com\/wp-content\/uploads\/2026\/01\/Huile_figue-_Barbarie-409x409-1.png",409,409,false],"thumbnail":["https:\/\/allbiomorocco.com\/wp-content\/uploads\/2026\/01\/Huile_figue-_Barbarie-409x409-1-150x150.png",150,150,true],"medium":["https:\/\/allbiomorocco.com\/wp-content\/uploads\/2026\/01\/Huile_figue-_Barbarie-409x409-1-300x300.png",300,300,true],"medium_large":["https:\/\/allbiomorocco.com\/wp-content\/uploads\/2026\/01\/Huile_figue-_Barbarie-409x409-1.png",409,409,false],"large":["https:\/\/allbiomorocco.com\/wp-content\/uploads\/2026\/01\/Huile_figue-_Barbarie-409x409-1.png",409,409,false],"1536x1536":["https:\/\/allbiomorocco.com\/wp-content\/uploads\/2026\/01\/Huile_figue-_Barbarie-409x409-1.png",409,409,false],"2048x2048":["https:\/\/allbiomorocco.com\/wp-content\/uploads\/2026\/01\/Huile_figue-_Barbarie-409x409-1.png",409,409,false],"trp-custom-language-flag":["https:\/\/allbiomorocco.com\/wp-content\/uploads\/2026\/01\/Huile_figue-_Barbarie-409x409-1-12x12.png",12,12,true],"woocommerce_thumbnail":["https:\/\/allbiomorocco.com\/wp-content\/uploads\/2026\/01\/Huile_figue-_Barbarie-409x409-1-300x300.png",300,300,true],"woocommerce_single":["https:\/\/allbiomorocco.com\/wp-content\/uploads\/2026\/01\/Huile_figue-_Barbarie-409x409-1.png",409,409,false],"woocommerce_gallery_thumbnail":["https:\/\/allbiomorocco.com\/wp-content\/uploads\/2026\/01\/Huile_figue-_Barbarie-409x409-1-100x100.png",100,100,true]},"uagb_author_info":{"display_name":"allbiomorocco@gmail.com","author_link":"https:\/\/allbiomorocco.com\/en\/author\/"},"uagb_comment_info":0,"uagb_excerpt":"L\u2019huile de figues de Barbarie au Maroc est une panac\u00e9e pour lutter contre le vieillissement cutan\u00e9. Sa teneur en vitamine E hors du commun, les om\u00e9ga-6 et les st\u00e9rols qu\u2019elle contient en nombre lui conf\u00e8rent des capacit\u00e9s r\u00e9g\u00e9n\u00e9rantes en. Ceci favorisen le processus naturel de r\u00e9paration de la peau. L\u2019huile de p\u00e9pins de figue de&hellip;","_links":{"self":[{"href":"https:\/\/allbiomorocco.com\/en\/wp-json\/wp\/v2\/product\/7538","targetHints":{"allow":["GET"]}}],"collection":[{"href":"https:\/\/allbiomorocco.com\/en\/wp-json\/wp\/v2\/product"}],"about":[{"href":"https:\/\/allbiomorocco.com\/en\/wp-json\/wp\/v2\/types\/product"}],"replies":[{"embeddable":true,"href":"https:\/\/allbiomorocco.com\/en\/wp-json\/wp\/v2\/comments?post=7538"}],"wp:featuredmedia":[{"embeddable":true,"href":"https:\/\/allbiomorocco.com\/en\/wp-json\/wp\/v2\/media\/8109"}],"wp:attachment":[{"href":"https:\/\/allbiomorocco.com\/en\/wp-json\/wp\/v2\/media?parent=7538"}],"wp:term":[{"taxonomy":"product_brand","embeddable":true,"href":"https:\/\/allbiomorocco.com\/en\/wp-json\/wp\/v2\/product_brand?post=7538"},{"taxonomy":"product_cat","embeddable":true,"href":"https:\/\/allbiomorocco.com\/en\/wp-json\/wp\/v2\/product_cat?post=7538"},{"taxonomy":"product_tag","embeddable":true,"href":"https:\/\/allbiomorocco.com\/en\/wp-json\/wp\/v2\/product_tag?post=7538"}],"curies":[{"name":"wp","href":"https:\/\/api.w.org\/{rel}","templated":true}]}}