{"id":7539,"date":"2026-01-21T13:49:24","date_gmt":"2026-01-21T13:49:24","guid":{"rendered":"https:\/\/allbiomorocco.com\/?post_type=product&#038;p=7539"},"modified":"2026-04-11T11:24:18","modified_gmt":"2026-04-11T11:24:18","slug":"creme-anti-age-figue-debarbarie","status":"publish","type":"product","link":"https:\/\/allbiomorocco.com\/en\/product\/creme-anti-age-figue-debarbarie\/","title":{"rendered":"Cr\u00e8me Anti-\u00c2ge Figue DeBarbarie"},"content":{"rendered":"<p>La cr\u00e8me anti-\u00e2ge \u00e0 l\u2019huile de figue de barbarie est faite pour prot\u00e9ger votre peau du<br \/>\nvieillissement. Allbiomorocco a associ\u00e9 les effets extraordinaires de l\u2019huile de p\u00e9pins de figue de<br \/>\nBarbarie et l\u2019acide hyaluronique. L\u2019huile de p\u00e9pins de figue de Barbarie est une panac\u00e9e pour<br \/>\nlutter contre le vieillissement cutan\u00e9. Sa teneur en vitamine E hors du commun, les om\u00e9ga-6 et<br \/>\nles st\u00e9rols qu\u2019elle contient lui conf\u00e8rent des capacit\u00e9s r\u00e9g\u00e9n\u00e9rantes en favorisant le processus<br \/>\nnaturel de r\u00e9paration de la peau. L\u2019huile de p\u00e9pins de figue de Barbarie att\u00e9nue les effets de l\u2019\u00e2ge<br \/>\net permet de lutter contre le vieillissement cutan\u00e9. C\u2019est l\u2019huile id\u00e9ale pour les peaux matures, le<br \/>\ncontour des yeux et les rides. Elle redonne fermet\u00e9 et \u00e9lasticit\u00e9 \u00e0 votre peau. Son pouvoir<br \/>\ncicatrisant la recommande pour att\u00e9nuer vergetures et cicatrices, notamment celles dues \u00e0<br \/>\nl\u2019acn\u00e9. L\u2019acide hyaluronique hydrate votre peau et la prot\u00e8ge. Il retient l\u2019eau dans les tissus<br \/>\ncomme une \u00e9ponge, prot\u00e8ge votre peau contre les rayons ultraviolets et joue un r\u00f4le important<br \/>\ndans sa cicatrisation. En associant huile de p\u00e9pins de figue de Barbarie et acide hyaluronique<br \/>\ndans une cr\u00e8me de nuit, Allbiomorocco vous propose une pr\u00e9cieuse protection anti-\u00e2ge pour<br \/>\nvotre visage. En application quotidienne sur le visage et le cou, de pr\u00e9f\u00e9rence le soir, pour<br \/>\nfavoriser le processus de renouvellement cellulaire qui s\u2019active la nuit. Proc\u00e9der par mouvements<br \/>\nascendants depuis le milieu du visage vers l\u2019ext\u00e9rieur. La cr\u00e8me anti-\u00e2ge \u00e0 l\u2019huile de figue de<br \/>\nBarbarie est un soin anti-\u00e2ge exceptionnel. Disponible, en pot de 50 ml. Conserver hors de port\u00e9e<br \/>\ndes enfants<\/p>","protected":false},"excerpt":{"rendered":"<p>La cr\u00e8me anti-\u00e2ge \u00e0 l\u2019huile de figue de barbarie est faite pour prot\u00e9ger votre peau du vieillissement. Allbiomorocco a associ\u00e9 les effets extraordinaires de l\u2019huile de p\u00e9pins de figue de Barbarie et l\u2019acide hyaluronique. L\u2019huile de p\u00e9pins de figue de Barbarie est une panac\u00e9e pour lutter contre le vieillissement cutan\u00e9. Sa teneur en vitamine E [&hellip;]<\/p>\n","protected":false},"featured_media":8127,"comment_status":"open","ping_status":"closed","template":"","meta":{"_uag_custom_page_level_css":"","site-sidebar-layout":"default","site-content-layout":"","ast-site-content-layout":"default","site-content-style":"default","site-sidebar-style":"default","ast-global-header-display":"","ast-banner-title-visibility":"","ast-main-header-display":"","ast-hfb-above-header-display":"","ast-hfb-below-header-display":"","ast-hfb-mobile-header-display":"","site-post-title":"","ast-breadcrumbs-content":"","ast-featured-img":"","footer-sml-layout":"","ast-disable-related-posts":"","theme-transparent-header-meta":"default","adv-header-id-meta":"","stick-header-meta":"","header-above-stick-meta":"","header-main-stick-meta":"","header-below-stick-meta":"","astra-migrate-meta-layouts":"set","ast-page-background-enabled":"default","ast-page-background-meta":{"desktop":{"background-color":"","background-image":"","background-repeat":"repeat","background-position":"center center","background-size":"auto","background-attachment":"scroll","background-type":"","background-media":"","overlay-type":"","overlay-color":"","overlay-opacity":"","overlay-gradient":""},"tablet":{"background-color":"","background-image":"","background-repeat":"repeat","background-position":"center center","background-size":"auto","background-attachment":"scroll","background-type":"","background-media":"","overlay-type":"","overlay-color":"","overlay-opacity":"","overlay-gradient":""},"mobile":{"background-color":"","background-image":"","background-repeat":"repeat","background-position":"center center","background-size":"auto","background-attachment":"scroll","background-type":"","background-media":"","overlay-type":"","overlay-color":"","overlay-opacity":"","overlay-gradient":""}},"ast-content-background-meta":{"desktop":{"background-color":"var(--ast-global-color-5)","background-image":"","background-repeat":"repeat","background-position":"center center","background-size":"auto","background-attachment":"scroll","background-type":"","background-media":"","overlay-type":"","overlay-color":"","overlay-opacity":"","overlay-gradient":""},"tablet":{"background-color":"var(--ast-global-color-5)","background-image":"","background-repeat":"repeat","background-position":"center center","background-size":"auto","background-attachment":"scroll","background-type":"","background-media":"","overlay-type":"","overlay-color":"","overlay-opacity":"","overlay-gradient":""},"mobile":{"background-color":"var(--ast-global-color-5)","background-image":"","background-repeat":"repeat","background-position":"center center","background-size":"auto","background-attachment":"scroll","background-type":"","background-media":"","overlay-type":"","overlay-color":"","overlay-opacity":"","overlay-gradient":""}}},"product_brand":[],"product_cat":[16],"product_tag":[],"class_list":{"0":"post-7539","1":"product","2":"type-product","3":"status-publish","4":"has-post-thumbnail","6":"product_cat-cosmetique","7":"desktop-align-center","8":"tablet-align-center","9":"mobile-align-center","11":"first","12":"instock","13":"shipping-taxable","14":"purchasable","15":"product-type-simple"},"aioseo_notices":[],"uagb_featured_image_src":{"full":["https:\/\/allbiomorocco.com\/wp-content\/uploads\/2026\/01\/creme_figue_barbarier-358x478-1.png",358,478,false],"thumbnail":["https:\/\/allbiomorocco.com\/wp-content\/uploads\/2026\/01\/creme_figue_barbarier-358x478-1-150x150.png",150,150,true],"medium":["https:\/\/allbiomorocco.com\/wp-content\/uploads\/2026\/01\/creme_figue_barbarier-358x478-1-225x300.png",225,300,true],"medium_large":["https:\/\/allbiomorocco.com\/wp-content\/uploads\/2026\/01\/creme_figue_barbarier-358x478-1.png",358,478,false],"large":["https:\/\/allbiomorocco.com\/wp-content\/uploads\/2026\/01\/creme_figue_barbarier-358x478-1.png",358,478,false],"1536x1536":["https:\/\/allbiomorocco.com\/wp-content\/uploads\/2026\/01\/creme_figue_barbarier-358x478-1.png",358,478,false],"2048x2048":["https:\/\/allbiomorocco.com\/wp-content\/uploads\/2026\/01\/creme_figue_barbarier-358x478-1.png",358,478,false],"trp-custom-language-flag":["https:\/\/allbiomorocco.com\/wp-content\/uploads\/2026\/01\/creme_figue_barbarier-358x478-1-9x12.png",9,12,true],"woocommerce_thumbnail":["https:\/\/allbiomorocco.com\/wp-content\/uploads\/2026\/01\/creme_figue_barbarier-358x478-1-300x300.png",300,300,true],"woocommerce_single":["https:\/\/allbiomorocco.com\/wp-content\/uploads\/2026\/01\/creme_figue_barbarier-358x478-1.png",358,478,false],"woocommerce_gallery_thumbnail":["https:\/\/allbiomorocco.com\/wp-content\/uploads\/2026\/01\/creme_figue_barbarier-358x478-1-100x100.png",100,100,true]},"uagb_author_info":{"display_name":"NOUZHA ABARDAQ","author_link":"https:\/\/allbiomorocco.com\/en\/author\/"},"uagb_comment_info":0,"uagb_excerpt":"La cr\u00e8me anti-\u00e2ge \u00e0 l\u2019huile de figue de barbarie est faite pour prot\u00e9ger votre peau du vieillissement. Allbiomorocco a associ\u00e9 les effets extraordinaires de l\u2019huile de p\u00e9pins de figue de Barbarie et l\u2019acide hyaluronique. L\u2019huile de p\u00e9pins de figue de Barbarie est une panac\u00e9e pour lutter contre le vieillissement cutan\u00e9. Sa teneur en vitamine E&hellip;","_links":{"self":[{"href":"https:\/\/allbiomorocco.com\/en\/wp-json\/wp\/v2\/product\/7539","targetHints":{"allow":["GET"]}}],"collection":[{"href":"https:\/\/allbiomorocco.com\/en\/wp-json\/wp\/v2\/product"}],"about":[{"href":"https:\/\/allbiomorocco.com\/en\/wp-json\/wp\/v2\/types\/product"}],"replies":[{"embeddable":true,"href":"https:\/\/allbiomorocco.com\/en\/wp-json\/wp\/v2\/comments?post=7539"}],"wp:featuredmedia":[{"embeddable":true,"href":"https:\/\/allbiomorocco.com\/en\/wp-json\/wp\/v2\/media\/8127"}],"wp:attachment":[{"href":"https:\/\/allbiomorocco.com\/en\/wp-json\/wp\/v2\/media?parent=7539"}],"wp:term":[{"taxonomy":"product_brand","embeddable":true,"href":"https:\/\/allbiomorocco.com\/en\/wp-json\/wp\/v2\/product_brand?post=7539"},{"taxonomy":"product_cat","embeddable":true,"href":"https:\/\/allbiomorocco.com\/en\/wp-json\/wp\/v2\/product_cat?post=7539"},{"taxonomy":"product_tag","embeddable":true,"href":"https:\/\/allbiomorocco.com\/en\/wp-json\/wp\/v2\/product_tag?post=7539"}],"curies":[{"name":"wp","href":"https:\/\/api.w.org\/{rel}","templated":true}]}}