{"id":7540,"date":"2026-01-21T13:49:24","date_gmt":"2026-01-21T13:49:24","guid":{"rendered":"https:\/\/allbiomorocco.com\/?post_type=product&#038;p=7540"},"modified":"2026-04-11T12:36:09","modified_gmt":"2026-04-11T12:36:09","slug":"masque-a-base-de-figue-debarbarie","status":"publish","type":"product","link":"https:\/\/allbiomorocco.com\/en\/product\/masque-a-base-de-figue-debarbarie\/","title":{"rendered":"Masque \u00e0 Base de Figue de Barbarie"},"content":{"rendered":"<p>Figue de barbarie est un v\u00e9ritable tr\u00e9sor pour les cheveux. Riche en acides gras et en vitamine E,<br \/>\nelle nourrit en profondeur et hydrate les cheveux secs. Cette huile est particuli\u00e8rement efficace<br \/>\npour restaurer la brillance et la douceur des cheveux ternes<br \/>\nD\u00e9couvrez notre Masque \u00e9clat \u00e0 la Figue de Barbarie, une alliance pr\u00e9cieuse d\u2019ingr\u00e9dients<br \/>\nnaturels qui revitalise et illumine la peau. Ce masque combine les vertus r\u00e9g\u00e9n\u00e9rantes de la figue<br \/>\nde barbarie avec les bienfaits \u00e9claircissants et apaisants, offrant une exp\u00e9rience de soin spa dans<br \/>\nle confort de votre foyer.<br \/>\nAbsorbant, r\u00e9g\u00e9n\u00e9rant et apaisant, il \u00e9limine toxines et impuret\u00e9s, revitalise et apaise tout en<br \/>\nfavorisant la reconstitution cellulaire saine<\/p>","protected":false},"excerpt":{"rendered":"<p>Figue de barbarie est un v\u00e9ritable tr\u00e9sor pour les cheveux. Riche en acides gras et en vitamine E, elle nourrit en profondeur et hydrate les cheveux secs. Cette huile est particuli\u00e8rement efficace pour restaurer la brillance et la douceur des cheveux ternes D\u00e9couvrez notre Masque \u00e9clat \u00e0 la Figue de Barbarie, une alliance pr\u00e9cieuse d\u2019ingr\u00e9dients [&hellip;]<\/p>\n","protected":false},"featured_media":8135,"comment_status":"open","ping_status":"closed","template":"","meta":{"_uag_custom_page_level_css":"","site-sidebar-layout":"default","site-content-layout":"","ast-site-content-layout":"default","site-content-style":"default","site-sidebar-style":"default","ast-global-header-display":"","ast-banner-title-visibility":"","ast-main-header-display":"","ast-hfb-above-header-display":"","ast-hfb-below-header-display":"","ast-hfb-mobile-header-display":"","site-post-title":"","ast-breadcrumbs-content":"","ast-featured-img":"","footer-sml-layout":"","ast-disable-related-posts":"","theme-transparent-header-meta":"default","adv-header-id-meta":"","stick-header-meta":"","header-above-stick-meta":"","header-main-stick-meta":"","header-below-stick-meta":"","astra-migrate-meta-layouts":"set","ast-page-background-enabled":"default","ast-page-background-meta":{"desktop":{"background-color":"","background-image":"","background-repeat":"repeat","background-position":"center center","background-size":"auto","background-attachment":"scroll","background-type":"","background-media":"","overlay-type":"","overlay-color":"","overlay-opacity":"","overlay-gradient":""},"tablet":{"background-color":"","background-image":"","background-repeat":"repeat","background-position":"center center","background-size":"auto","background-attachment":"scroll","background-type":"","background-media":"","overlay-type":"","overlay-color":"","overlay-opacity":"","overlay-gradient":""},"mobile":{"background-color":"","background-image":"","background-repeat":"repeat","background-position":"center center","background-size":"auto","background-attachment":"scroll","background-type":"","background-media":"","overlay-type":"","overlay-color":"","overlay-opacity":"","overlay-gradient":""}},"ast-content-background-meta":{"desktop":{"background-color":"var(--ast-global-color-5)","background-image":"","background-repeat":"repeat","background-position":"center center","background-size":"auto","background-attachment":"scroll","background-type":"","background-media":"","overlay-type":"","overlay-color":"","overlay-opacity":"","overlay-gradient":""},"tablet":{"background-color":"var(--ast-global-color-5)","background-image":"","background-repeat":"repeat","background-position":"center center","background-size":"auto","background-attachment":"scroll","background-type":"","background-media":"","overlay-type":"","overlay-color":"","overlay-opacity":"","overlay-gradient":""},"mobile":{"background-color":"var(--ast-global-color-5)","background-image":"","background-repeat":"repeat","background-position":"center center","background-size":"auto","background-attachment":"scroll","background-type":"","background-media":"","overlay-type":"","overlay-color":"","overlay-opacity":"","overlay-gradient":""}}},"product_brand":[],"product_cat":[16],"product_tag":[],"class_list":{"0":"post-7540","1":"product","2":"type-product","3":"status-publish","4":"has-post-thumbnail","6":"product_cat-cosmetique","7":"desktop-align-center","8":"tablet-align-center","9":"mobile-align-center","11":"first","12":"instock","13":"shipping-taxable","14":"purchasable","15":"product-type-simple"},"aioseo_notices":[],"uagb_featured_image_src":{"full":["https:\/\/allbiomorocco.com\/wp-content\/uploads\/2026\/01\/masque_cheveux_figue_barbarier-344x499-1.png",344,499,false],"thumbnail":["https:\/\/allbiomorocco.com\/wp-content\/uploads\/2026\/01\/masque_cheveux_figue_barbarier-344x499-1-150x150.png",150,150,true],"medium":["https:\/\/allbiomorocco.com\/wp-content\/uploads\/2026\/01\/masque_cheveux_figue_barbarier-344x499-1-207x300.png",207,300,true],"medium_large":["https:\/\/allbiomorocco.com\/wp-content\/uploads\/2026\/01\/masque_cheveux_figue_barbarier-344x499-1.png",344,499,false],"large":["https:\/\/allbiomorocco.com\/wp-content\/uploads\/2026\/01\/masque_cheveux_figue_barbarier-344x499-1.png",344,499,false],"1536x1536":["https:\/\/allbiomorocco.com\/wp-content\/uploads\/2026\/01\/masque_cheveux_figue_barbarier-344x499-1.png",344,499,false],"2048x2048":["https:\/\/allbiomorocco.com\/wp-content\/uploads\/2026\/01\/masque_cheveux_figue_barbarier-344x499-1.png",344,499,false],"trp-custom-language-flag":["https:\/\/allbiomorocco.com\/wp-content\/uploads\/2026\/01\/masque_cheveux_figue_barbarier-344x499-1-8x12.png",8,12,true],"woocommerce_thumbnail":["https:\/\/allbiomorocco.com\/wp-content\/uploads\/2026\/01\/masque_cheveux_figue_barbarier-344x499-1-300x300.png",300,300,true],"woocommerce_single":["https:\/\/allbiomorocco.com\/wp-content\/uploads\/2026\/01\/masque_cheveux_figue_barbarier-344x499-1.png",344,499,false],"woocommerce_gallery_thumbnail":["https:\/\/allbiomorocco.com\/wp-content\/uploads\/2026\/01\/masque_cheveux_figue_barbarier-344x499-1-100x100.png",100,100,true]},"uagb_author_info":{"display_name":"NOUZHA ABARDAQ","author_link":"https:\/\/allbiomorocco.com\/en\/author\/"},"uagb_comment_info":0,"uagb_excerpt":"Figue de barbarie est un v\u00e9ritable tr\u00e9sor pour les cheveux. Riche en acides gras et en vitamine E, elle nourrit en profondeur et hydrate les cheveux secs. Cette huile est particuli\u00e8rement efficace pour restaurer la brillance et la douceur des cheveux ternes D\u00e9couvrez notre Masque \u00e9clat \u00e0 la Figue de Barbarie, une alliance pr\u00e9cieuse d\u2019ingr\u00e9dients&hellip;","_links":{"self":[{"href":"https:\/\/allbiomorocco.com\/en\/wp-json\/wp\/v2\/product\/7540","targetHints":{"allow":["GET"]}}],"collection":[{"href":"https:\/\/allbiomorocco.com\/en\/wp-json\/wp\/v2\/product"}],"about":[{"href":"https:\/\/allbiomorocco.com\/en\/wp-json\/wp\/v2\/types\/product"}],"replies":[{"embeddable":true,"href":"https:\/\/allbiomorocco.com\/en\/wp-json\/wp\/v2\/comments?post=7540"}],"wp:featuredmedia":[{"embeddable":true,"href":"https:\/\/allbiomorocco.com\/en\/wp-json\/wp\/v2\/media\/8135"}],"wp:attachment":[{"href":"https:\/\/allbiomorocco.com\/en\/wp-json\/wp\/v2\/media?parent=7540"}],"wp:term":[{"taxonomy":"product_brand","embeddable":true,"href":"https:\/\/allbiomorocco.com\/en\/wp-json\/wp\/v2\/product_brand?post=7540"},{"taxonomy":"product_cat","embeddable":true,"href":"https:\/\/allbiomorocco.com\/en\/wp-json\/wp\/v2\/product_cat?post=7540"},{"taxonomy":"product_tag","embeddable":true,"href":"https:\/\/allbiomorocco.com\/en\/wp-json\/wp\/v2\/product_tag?post=7540"}],"curies":[{"name":"wp","href":"https:\/\/api.w.org\/{rel}","templated":true}]}}