{"id":7541,"date":"2026-01-21T13:49:24","date_gmt":"2026-01-21T13:49:24","guid":{"rendered":"https:\/\/allbiomorocco.com\/?post_type=product&#038;p=7541"},"modified":"2026-04-11T11:19:35","modified_gmt":"2026-04-11T11:19:35","slug":"lait-corporel-figue-debarbarie-2","status":"publish","type":"product","link":"https:\/\/allbiomorocco.com\/en\/product\/lait-corporel-figue-debarbarie-2\/","title":{"rendered":"Lait Corporel Figue de Barbarie"},"content":{"rendered":"<p data-start=\"336\" data-end=\"563\">Ce lait corporel poss\u00e8de une <strong data-start=\"365\" data-end=\"395\">texture l\u00e9g\u00e8re et fondante<\/strong> qui p\u00e9n\u00e8tre rapidement sans laisser de film gras. Il est souvent enrichi en huiles v\u00e9g\u00e9tales (argan, coco, amande douce) et en vitamine E pour renforcer ses bienfaits.<\/p>\n<p data-start=\"565\" data-end=\"654\">Il convient \u00e0 tous les types de peau, surtout les peaux <strong data-start=\"621\" data-end=\"653\">s\u00e8ches, sensibles ou matures<\/strong>.<\/p>\n<h2 data-section-id=\"p4bcsk\" data-start=\"661\" data-end=\"675\">\u2728 Bienfaits<\/h2>\n<h3 data-section-id=\"1v3xqwm\" data-start=\"677\" data-end=\"698\">\ud83c\udf38 Pour la peau<\/h3>\n<ul data-start=\"699\" data-end=\"999\">\n<li data-section-id=\"1b85ig9\" data-start=\"699\" data-end=\"749\">Hydrate <strong data-start=\"709\" data-end=\"739\">intens\u00e9ment et durablement<\/strong> la peau<\/li>\n<li data-section-id=\"kssst3\" data-start=\"750\" data-end=\"805\">Nourrit en profondeur et pr\u00e9vient la <strong data-start=\"789\" data-end=\"803\">s\u00e9cheresse<\/strong><\/li>\n<li data-section-id=\"1nbfe6k\" data-start=\"806\" data-end=\"849\">Rend la peau <strong data-start=\"821\" data-end=\"847\">douce, lisse et souple<\/strong><\/li>\n<li data-section-id=\"16rb9q8\" data-start=\"850\" data-end=\"893\">Am\u00e9liore l\u2019<strong data-start=\"863\" data-end=\"877\">\u00e9lasticit\u00e9<\/strong> et la fermet\u00e9<\/li>\n<li data-section-id=\"16rowfa\" data-start=\"894\" data-end=\"945\">Aide \u00e0 r\u00e9duire les <strong data-start=\"915\" data-end=\"943\">rides et signes de l\u2019\u00e2ge<\/strong><\/li>\n<li data-section-id=\"1qt7x6x\" data-start=\"946\" data-end=\"999\">Prot\u00e8ge la peau contre les agressions ext\u00e9rieures<\/li>\n<\/ul>\n<p data-start=\"1001\" data-end=\"1182\">\ud83d\udc49 Gr\u00e2ce \u00e0 sa richesse en acides gras et antioxydants, la figue de barbarie aide \u00e0 renforcer la barri\u00e8re cutan\u00e9e et limiter la d\u00e9shydratation<\/p>\n<h3 data-section-id=\"6y4uyt\" data-start=\"1189\" data-end=\"1213\">\ud83d\udc86\u200d\u2640\ufe0f Effet beaut\u00e9<\/h3>\n<ul data-start=\"1214\" data-end=\"1375\">\n<li data-section-id=\"tisdbh\" data-start=\"1214\" data-end=\"1253\">Donne un <strong data-start=\"1225\" data-end=\"1242\">\u00e9clat naturel<\/strong> au teint<\/li>\n<li data-section-id=\"iv70e6\" data-start=\"1254\" data-end=\"1284\">Unifie et illumine la peau<\/li>\n<li data-section-id=\"vc0p7h\" data-start=\"1285\" data-end=\"1329\">Laisse un toucher <strong data-start=\"1305\" data-end=\"1327\">velout\u00e9 et parfum\u00e9<\/strong><\/li>\n<li data-section-id=\"1nmyewp\" data-start=\"1330\" data-end=\"1375\">Apporte une sensation de confort imm\u00e9diat<\/li>\n<\/ul>\n<p data-start=\"1377\" data-end=\"1506\">\ud83d\udc49 Elle favorise aussi la r\u00e9g\u00e9n\u00e9ration cellulaire et am\u00e9liore l\u2019aspect g\u00e9n\u00e9ral de la peau<\/p>","protected":false},"excerpt":{"rendered":"<p>Ce lait corporel poss\u00e8de une texture l\u00e9g\u00e8re et fondante qui p\u00e9n\u00e8tre rapidement sans laisser de film gras. Il est souvent enrichi en huiles v\u00e9g\u00e9tales (argan, coco, amande douce) et en vitamine E pour renforcer ses bienfaits. Il convient \u00e0 tous les types de peau, surtout les peaux s\u00e8ches, sensibles ou matures. \u2728 Bienfaits \ud83c\udf38 Pour [&hellip;]<\/p>\n","protected":false},"featured_media":8125,"comment_status":"open","ping_status":"closed","template":"","meta":{"_uag_custom_page_level_css":"","site-sidebar-layout":"default","site-content-layout":"","ast-site-content-layout":"default","site-content-style":"default","site-sidebar-style":"default","ast-global-header-display":"","ast-banner-title-visibility":"","ast-main-header-display":"","ast-hfb-above-header-display":"","ast-hfb-below-header-display":"","ast-hfb-mobile-header-display":"","site-post-title":"","ast-breadcrumbs-content":"","ast-featured-img":"","footer-sml-layout":"","ast-disable-related-posts":"","theme-transparent-header-meta":"default","adv-header-id-meta":"","stick-header-meta":"","header-above-stick-meta":"","header-main-stick-meta":"","header-below-stick-meta":"","astra-migrate-meta-layouts":"set","ast-page-background-enabled":"default","ast-page-background-meta":{"desktop":{"background-color":"","background-image":"","background-repeat":"repeat","background-position":"center center","background-size":"auto","background-attachment":"scroll","background-type":"","background-media":"","overlay-type":"","overlay-color":"","overlay-opacity":"","overlay-gradient":""},"tablet":{"background-color":"","background-image":"","background-repeat":"repeat","background-position":"center center","background-size":"auto","background-attachment":"scroll","background-type":"","background-media":"","overlay-type":"","overlay-color":"","overlay-opacity":"","overlay-gradient":""},"mobile":{"background-color":"","background-image":"","background-repeat":"repeat","background-position":"center center","background-size":"auto","background-attachment":"scroll","background-type":"","background-media":"","overlay-type":"","overlay-color":"","overlay-opacity":"","overlay-gradient":""}},"ast-content-background-meta":{"desktop":{"background-color":"var(--ast-global-color-5)","background-image":"","background-repeat":"repeat","background-position":"center center","background-size":"auto","background-attachment":"scroll","background-type":"","background-media":"","overlay-type":"","overlay-color":"","overlay-opacity":"","overlay-gradient":""},"tablet":{"background-color":"var(--ast-global-color-5)","background-image":"","background-repeat":"repeat","background-position":"center center","background-size":"auto","background-attachment":"scroll","background-type":"","background-media":"","overlay-type":"","overlay-color":"","overlay-opacity":"","overlay-gradient":""},"mobile":{"background-color":"var(--ast-global-color-5)","background-image":"","background-repeat":"repeat","background-position":"center center","background-size":"auto","background-attachment":"scroll","background-type":"","background-media":"","overlay-type":"","overlay-color":"","overlay-opacity":"","overlay-gradient":""}}},"product_brand":[],"product_cat":[16],"product_tag":[],"class_list":{"0":"post-7541","1":"product","2":"type-product","3":"status-publish","4":"has-post-thumbnail","6":"product_cat-cosmetique","7":"desktop-align-center","8":"tablet-align-center","9":"mobile-align-center","11":"first","12":"instock","13":"featured","14":"shipping-taxable","15":"purchasable","16":"product-type-simple"},"aioseo_notices":[],"uagb_featured_image_src":{"full":["https:\/\/allbiomorocco.com\/wp-content\/uploads\/2026\/01\/Gemini_Generated_Image_1yaad01yaad01yaa-409x409-1.png",409,409,false],"thumbnail":["https:\/\/allbiomorocco.com\/wp-content\/uploads\/2026\/01\/Gemini_Generated_Image_1yaad01yaad01yaa-409x409-1-150x150.png",150,150,true],"medium":["https:\/\/allbiomorocco.com\/wp-content\/uploads\/2026\/01\/Gemini_Generated_Image_1yaad01yaad01yaa-409x409-1-300x300.png",300,300,true],"medium_large":["https:\/\/allbiomorocco.com\/wp-content\/uploads\/2026\/01\/Gemini_Generated_Image_1yaad01yaad01yaa-409x409-1.png",409,409,false],"large":["https:\/\/allbiomorocco.com\/wp-content\/uploads\/2026\/01\/Gemini_Generated_Image_1yaad01yaad01yaa-409x409-1.png",409,409,false],"1536x1536":["https:\/\/allbiomorocco.com\/wp-content\/uploads\/2026\/01\/Gemini_Generated_Image_1yaad01yaad01yaa-409x409-1.png",409,409,false],"2048x2048":["https:\/\/allbiomorocco.com\/wp-content\/uploads\/2026\/01\/Gemini_Generated_Image_1yaad01yaad01yaa-409x409-1.png",409,409,false],"trp-custom-language-flag":["https:\/\/allbiomorocco.com\/wp-content\/uploads\/2026\/01\/Gemini_Generated_Image_1yaad01yaad01yaa-409x409-1-12x12.png",12,12,true],"woocommerce_thumbnail":["https:\/\/allbiomorocco.com\/wp-content\/uploads\/2026\/01\/Gemini_Generated_Image_1yaad01yaad01yaa-409x409-1-300x300.png",300,300,true],"woocommerce_single":["https:\/\/allbiomorocco.com\/wp-content\/uploads\/2026\/01\/Gemini_Generated_Image_1yaad01yaad01yaa-409x409-1.png",409,409,false],"woocommerce_gallery_thumbnail":["https:\/\/allbiomorocco.com\/wp-content\/uploads\/2026\/01\/Gemini_Generated_Image_1yaad01yaad01yaa-409x409-1-100x100.png",100,100,true]},"uagb_author_info":{"display_name":"NOUZHA ABARDAQ","author_link":"https:\/\/allbiomorocco.com\/en\/author\/"},"uagb_comment_info":0,"uagb_excerpt":"Ce lait corporel poss\u00e8de une texture l\u00e9g\u00e8re et fondante qui p\u00e9n\u00e8tre rapidement sans laisser de film gras. Il est souvent enrichi en huiles v\u00e9g\u00e9tales (argan, coco, amande douce) et en vitamine E pour renforcer ses bienfaits. Il convient \u00e0 tous les types de peau, surtout les peaux s\u00e8ches, sensibles ou matures. \u2728 Bienfaits \ud83c\udf38 Pour&hellip;","_links":{"self":[{"href":"https:\/\/allbiomorocco.com\/en\/wp-json\/wp\/v2\/product\/7541","targetHints":{"allow":["GET"]}}],"collection":[{"href":"https:\/\/allbiomorocco.com\/en\/wp-json\/wp\/v2\/product"}],"about":[{"href":"https:\/\/allbiomorocco.com\/en\/wp-json\/wp\/v2\/types\/product"}],"replies":[{"embeddable":true,"href":"https:\/\/allbiomorocco.com\/en\/wp-json\/wp\/v2\/comments?post=7541"}],"wp:featuredmedia":[{"embeddable":true,"href":"https:\/\/allbiomorocco.com\/en\/wp-json\/wp\/v2\/media\/8125"}],"wp:attachment":[{"href":"https:\/\/allbiomorocco.com\/en\/wp-json\/wp\/v2\/media?parent=7541"}],"wp:term":[{"taxonomy":"product_brand","embeddable":true,"href":"https:\/\/allbiomorocco.com\/en\/wp-json\/wp\/v2\/product_brand?post=7541"},{"taxonomy":"product_cat","embeddable":true,"href":"https:\/\/allbiomorocco.com\/en\/wp-json\/wp\/v2\/product_cat?post=7541"},{"taxonomy":"product_tag","embeddable":true,"href":"https:\/\/allbiomorocco.com\/en\/wp-json\/wp\/v2\/product_tag?post=7541"}],"curies":[{"name":"wp","href":"https:\/\/api.w.org\/{rel}","templated":true}]}}