{"id":7542,"date":"2026-01-21T13:49:25","date_gmt":"2026-01-21T13:49:25","guid":{"rendered":"https:\/\/allbiomorocco.com\/?post_type=product&#038;p=7542"},"modified":"2026-04-11T18:26:35","modified_gmt":"2026-04-11T18:26:35","slug":"savon-figue-de-barbarie","status":"publish","type":"product","link":"https:\/\/allbiomorocco.com\/en\/product\/savon-figue-de-barbarie\/","title":{"rendered":"Savon Figue de Barbarie"},"content":{"rendered":"<p>Le savon \u00e0 l\u2019huile figue de barbarie, 100 % naturel, hydrate et prot\u00e8ge votre peau. Ce savon<\/p>\n<p>surgras prend soin de votre peau et ne l\u2019agresse pas. Il est id\u00e9al pour un usage quotidien. L\u2019huile<\/p>\n<p>de p\u00e9pins de figue de Barbarie est une panac\u00e9e pour lutter contre le vieillissement cutan\u00e9. Sa<\/p>\n<p>teneur en vitamine E hors du commun, les om\u00e9ga-6 et les st\u00e9rols qu\u2019elle contient lui conf\u00e8rent<\/p>\n<p>des capacit\u00e9s r\u00e9g\u00e9n\u00e9rantes en favorisant le processus naturel de r\u00e9paration de la peau. L\u2019huile de<\/p>\n<p>p\u00e9pins de figue de Barbarie redonne fermet\u00e9 et \u00e9lasticit\u00e9 \u00e0 votre peau. Elle est obtenue \u00e0 partir<\/p>\n<p>des p\u00e9pins des fruits du figuier de Barbarie. Elle est originaire d\u2019Am\u00e9rique latine et acclimat\u00e9<\/p>\n<p>autour du bassin m\u00e9diterran\u00e9en. C\u2019est une huile rare et pr\u00e9cieuse : une tonne de figues est<\/p>\n<p>n\u00e9cessaire \u00e0 l\u2019extraction d\u2019un seul litre. La gamme Rituels Hammam vous fait red\u00e9couvrir les<\/p>\n<p>bienfaits du hammam marocain gr\u00e2ce \u00e0 ses senteurs parfum\u00e9es et ses textures douces et<\/p>\n<p>onctueuses. \u00c0 utiliser pendant le bain ou sous la douche. Le savon \u00e0 l\u2019huile de figue de barbarie<\/p>\n<p>est un produit 100 % naturel<\/p>","protected":false},"excerpt":{"rendered":"<p>Le savon \u00e0 l\u2019huile figue de barbarie, 100 % naturel, hydrate et prot\u00e8ge votre peau. Ce savon surgras prend soin de votre peau et ne l\u2019agresse pas. Il est id\u00e9al pour un usage quotidien. L\u2019huile de p\u00e9pins de figue de Barbarie est une panac\u00e9e pour lutter contre le vieillissement cutan\u00e9. Sa teneur en vitamine E [&hellip;]<\/p>\n","protected":false},"featured_media":8192,"comment_status":"open","ping_status":"closed","template":"","meta":{"_uag_custom_page_level_css":"","site-sidebar-layout":"default","site-content-layout":"","ast-site-content-layout":"default","site-content-style":"default","site-sidebar-style":"default","ast-global-header-display":"","ast-banner-title-visibility":"","ast-main-header-display":"","ast-hfb-above-header-display":"","ast-hfb-below-header-display":"","ast-hfb-mobile-header-display":"","site-post-title":"","ast-breadcrumbs-content":"","ast-featured-img":"","footer-sml-layout":"","ast-disable-related-posts":"","theme-transparent-header-meta":"default","adv-header-id-meta":"","stick-header-meta":"","header-above-stick-meta":"","header-main-stick-meta":"","header-below-stick-meta":"","astra-migrate-meta-layouts":"set","ast-page-background-enabled":"default","ast-page-background-meta":{"desktop":{"background-color":"","background-image":"","background-repeat":"repeat","background-position":"center center","background-size":"auto","background-attachment":"scroll","background-type":"","background-media":"","overlay-type":"","overlay-color":"","overlay-opacity":"","overlay-gradient":""},"tablet":{"background-color":"","background-image":"","background-repeat":"repeat","background-position":"center center","background-size":"auto","background-attachment":"scroll","background-type":"","background-media":"","overlay-type":"","overlay-color":"","overlay-opacity":"","overlay-gradient":""},"mobile":{"background-color":"","background-image":"","background-repeat":"repeat","background-position":"center center","background-size":"auto","background-attachment":"scroll","background-type":"","background-media":"","overlay-type":"","overlay-color":"","overlay-opacity":"","overlay-gradient":""}},"ast-content-background-meta":{"desktop":{"background-color":"var(--ast-global-color-5)","background-image":"","background-repeat":"repeat","background-position":"center center","background-size":"auto","background-attachment":"scroll","background-type":"","background-media":"","overlay-type":"","overlay-color":"","overlay-opacity":"","overlay-gradient":""},"tablet":{"background-color":"var(--ast-global-color-5)","background-image":"","background-repeat":"repeat","background-position":"center center","background-size":"auto","background-attachment":"scroll","background-type":"","background-media":"","overlay-type":"","overlay-color":"","overlay-opacity":"","overlay-gradient":""},"mobile":{"background-color":"var(--ast-global-color-5)","background-image":"","background-repeat":"repeat","background-position":"center center","background-size":"auto","background-attachment":"scroll","background-type":"","background-media":"","overlay-type":"","overlay-color":"","overlay-opacity":"","overlay-gradient":""}}},"product_brand":[],"product_cat":[16],"product_tag":[],"class_list":{"0":"post-7542","1":"product","2":"type-product","3":"status-publish","4":"has-post-thumbnail","6":"product_cat-cosmetique","7":"desktop-align-center","8":"tablet-align-center","9":"mobile-align-center","11":"first","12":"instock","13":"shipping-taxable","14":"purchasable","15":"product-type-simple"},"aioseo_notices":[],"uagb_featured_image_src":{"full":["https:\/\/allbiomorocco.com\/wp-content\/uploads\/2026\/01\/savon_figue_barbarier-409x409-1.png",409,409,false],"thumbnail":["https:\/\/allbiomorocco.com\/wp-content\/uploads\/2026\/01\/savon_figue_barbarier-409x409-1-150x150.png",150,150,true],"medium":["https:\/\/allbiomorocco.com\/wp-content\/uploads\/2026\/01\/savon_figue_barbarier-409x409-1-300x300.png",300,300,true],"medium_large":["https:\/\/allbiomorocco.com\/wp-content\/uploads\/2026\/01\/savon_figue_barbarier-409x409-1.png",409,409,false],"large":["https:\/\/allbiomorocco.com\/wp-content\/uploads\/2026\/01\/savon_figue_barbarier-409x409-1.png",409,409,false],"1536x1536":["https:\/\/allbiomorocco.com\/wp-content\/uploads\/2026\/01\/savon_figue_barbarier-409x409-1.png",409,409,false],"2048x2048":["https:\/\/allbiomorocco.com\/wp-content\/uploads\/2026\/01\/savon_figue_barbarier-409x409-1.png",409,409,false],"trp-custom-language-flag":["https:\/\/allbiomorocco.com\/wp-content\/uploads\/2026\/01\/savon_figue_barbarier-409x409-1-12x12.png",12,12,true],"woocommerce_thumbnail":["https:\/\/allbiomorocco.com\/wp-content\/uploads\/2026\/01\/savon_figue_barbarier-409x409-1-300x300.png",300,300,true],"woocommerce_single":["https:\/\/allbiomorocco.com\/wp-content\/uploads\/2026\/01\/savon_figue_barbarier-409x409-1.png",409,409,false],"woocommerce_gallery_thumbnail":["https:\/\/allbiomorocco.com\/wp-content\/uploads\/2026\/01\/savon_figue_barbarier-409x409-1-100x100.png",100,100,true]},"uagb_author_info":{"display_name":"NOUZHA ABARDAQ","author_link":"https:\/\/allbiomorocco.com\/en\/author\/"},"uagb_comment_info":0,"uagb_excerpt":"Le savon \u00e0 l\u2019huile figue de barbarie, 100 % naturel, hydrate et prot\u00e8ge votre peau. Ce savon surgras prend soin de votre peau et ne l\u2019agresse pas. Il est id\u00e9al pour un usage quotidien. L\u2019huile de p\u00e9pins de figue de Barbarie est une panac\u00e9e pour lutter contre le vieillissement cutan\u00e9. Sa teneur en vitamine E&hellip;","_links":{"self":[{"href":"https:\/\/allbiomorocco.com\/en\/wp-json\/wp\/v2\/product\/7542","targetHints":{"allow":["GET"]}}],"collection":[{"href":"https:\/\/allbiomorocco.com\/en\/wp-json\/wp\/v2\/product"}],"about":[{"href":"https:\/\/allbiomorocco.com\/en\/wp-json\/wp\/v2\/types\/product"}],"replies":[{"embeddable":true,"href":"https:\/\/allbiomorocco.com\/en\/wp-json\/wp\/v2\/comments?post=7542"}],"wp:featuredmedia":[{"embeddable":true,"href":"https:\/\/allbiomorocco.com\/en\/wp-json\/wp\/v2\/media\/8192"}],"wp:attachment":[{"href":"https:\/\/allbiomorocco.com\/en\/wp-json\/wp\/v2\/media?parent=7542"}],"wp:term":[{"taxonomy":"product_brand","embeddable":true,"href":"https:\/\/allbiomorocco.com\/en\/wp-json\/wp\/v2\/product_brand?post=7542"},{"taxonomy":"product_cat","embeddable":true,"href":"https:\/\/allbiomorocco.com\/en\/wp-json\/wp\/v2\/product_cat?post=7542"},{"taxonomy":"product_tag","embeddable":true,"href":"https:\/\/allbiomorocco.com\/en\/wp-json\/wp\/v2\/product_tag?post=7542"}],"curies":[{"name":"wp","href":"https:\/\/api.w.org\/{rel}","templated":true}]}}