{"id":7572,"date":"2026-01-21T13:49:30","date_gmt":"2026-01-21T13:49:30","guid":{"rendered":"https:\/\/allbiomorocco.com\/?post_type=product&#038;p=7572"},"modified":"2026-04-10T17:12:38","modified_gmt":"2026-04-10T17:12:38","slug":"herbe-sauje","status":"publish","type":"product","link":"https:\/\/allbiomorocco.com\/en\/product\/herbe-sauje\/","title":{"rendered":"Herbe Sauge"},"content":{"rendered":"<p>La sauge se pr\u00e9sente sous forme de feuilles vert-gris au parfum intense et l\u00e9g\u00e8rement camphr\u00e9. Elle peut \u00eatre utilis\u00e9e fra\u00eeche, s\u00e9ch\u00e9e ou sous forme d\u2019huile essentielle.<\/p>\n<h2 data-section-id=\"p4bcsk\" data-start=\"463\" data-end=\"477\">\u2728 Bienfaits<\/h2>\n<h3 data-section-id=\"kqzmlo\" data-start=\"479\" data-end=\"507\">\ud83d\udc87\u200d\u2640\ufe0f Pour les cheveux<\/h3>\n<ul data-start=\"508\" data-end=\"702\">\n<li data-section-id=\"1qfuh13\" data-start=\"508\" data-end=\"545\">Stimule la <strong data-start=\"521\" data-end=\"543\">pousse des cheveux<\/strong><\/li>\n<li data-section-id=\"1xd55a5\" data-start=\"546\" data-end=\"569\">R\u00e9duit la <strong data-start=\"558\" data-end=\"567\">chute<\/strong><\/li>\n<li data-section-id=\"2qc6ro\" data-start=\"570\" data-end=\"613\">Aide \u00e0 lutter contre les <strong data-start=\"597\" data-end=\"611\">pellicules<\/strong><\/li>\n<li data-section-id=\"1a2f6gp\" data-start=\"614\" data-end=\"648\">Apporte <strong data-start=\"624\" data-end=\"637\">brillance<\/strong> et force<\/li>\n<li data-section-id=\"1r7hd8w\" data-start=\"649\" data-end=\"702\">Peut aider \u00e0 <strong data-start=\"664\" data-end=\"688\">foncer naturellement<\/strong> les cheveux<\/li>\n<\/ul>\n<h3 data-section-id=\"1v3xqwm\" data-start=\"704\" data-end=\"725\">\ud83c\udf38 Pour la peau<\/h3>\n<ul data-start=\"726\" data-end=\"868\">\n<li data-section-id=\"y6xf28\" data-start=\"726\" data-end=\"774\">Purifie les peaux grasses et \u00e0 imperfections<\/li>\n<li data-section-id=\"1c1qeu1\" data-start=\"775\" data-end=\"806\">R\u00e9gule l\u2019exc\u00e8s de <strong data-start=\"795\" data-end=\"804\">s\u00e9bum<\/strong><\/li>\n<li data-section-id=\"1gmm3c5\" data-start=\"807\" data-end=\"841\">Aide \u00e0 resserrer les <strong data-start=\"830\" data-end=\"839\">pores<\/strong><\/li>\n<li data-section-id=\"1i238iv\" data-start=\"842\" data-end=\"868\">Apaise les irritations<\/li>\n<\/ul>\n<h3 data-section-id=\"1dngq9c\" data-start=\"870\" data-end=\"913\">\ud83d\udcaa Pour la sant\u00e9 (usage traditionnel)<\/h3>\n<ul data-start=\"914\" data-end=\"1088\">\n<li data-section-id=\"15bj8ss\" data-start=\"914\" data-end=\"941\">Aide \u00e0 la <strong data-start=\"926\" data-end=\"939\">digestion<\/strong><\/li>\n<li data-section-id=\"nhfp4d\" data-start=\"942\" data-end=\"974\">R\u00e9duit les <strong data-start=\"955\" data-end=\"972\">ballonnements<\/strong><\/li>\n<li data-section-id=\"rdkbae\" data-start=\"975\" data-end=\"1050\">Connue pour ses propri\u00e9t\u00e9s <strong data-start=\"1004\" data-end=\"1021\">antiseptiques<\/strong> et <strong data-start=\"1025\" data-end=\"1048\">anti-inflammatoires<\/strong><\/li>\n<li data-section-id=\"9jvn3r\" data-start=\"1051\" data-end=\"1088\">Aide \u00e0 soulager les maux de gorge<\/li>\n<\/ul>","protected":false},"excerpt":{"rendered":"<p>La sauge se pr\u00e9sente sous forme de feuilles vert-gris au parfum intense et l\u00e9g\u00e8rement camphr\u00e9. Elle peut \u00eatre utilis\u00e9e fra\u00eeche, s\u00e9ch\u00e9e ou sous forme d\u2019huile essentielle. \u2728 Bienfaits \ud83d\udc87\u200d\u2640\ufe0f Pour les cheveux Stimule la pousse des cheveux R\u00e9duit la chute Aide \u00e0 lutter contre les pellicules Apporte brillance et force Peut aider \u00e0 foncer naturellement [&hellip;]<\/p>\n","protected":false},"featured_media":8078,"comment_status":"closed","ping_status":"closed","template":"","meta":{"_uag_custom_page_level_css":"","site-sidebar-layout":"default","site-content-layout":"","ast-site-content-layout":"default","site-content-style":"default","site-sidebar-style":"default","ast-global-header-display":"","ast-banner-title-visibility":"","ast-main-header-display":"","ast-hfb-above-header-display":"","ast-hfb-below-header-display":"","ast-hfb-mobile-header-display":"","site-post-title":"","ast-breadcrumbs-content":"","ast-featured-img":"","footer-sml-layout":"","ast-disable-related-posts":"","theme-transparent-header-meta":"default","adv-header-id-meta":"","stick-header-meta":"","header-above-stick-meta":"","header-main-stick-meta":"","header-below-stick-meta":"","astra-migrate-meta-layouts":"set","ast-page-background-enabled":"default","ast-page-background-meta":{"desktop":{"background-color":"","background-image":"","background-repeat":"repeat","background-position":"center center","background-size":"auto","background-attachment":"scroll","background-type":"","background-media":"","overlay-type":"","overlay-color":"","overlay-opacity":"","overlay-gradient":""},"tablet":{"background-color":"","background-image":"","background-repeat":"repeat","background-position":"center center","background-size":"auto","background-attachment":"scroll","background-type":"","background-media":"","overlay-type":"","overlay-color":"","overlay-opacity":"","overlay-gradient":""},"mobile":{"background-color":"","background-image":"","background-repeat":"repeat","background-position":"center center","background-size":"auto","background-attachment":"scroll","background-type":"","background-media":"","overlay-type":"","overlay-color":"","overlay-opacity":"","overlay-gradient":""}},"ast-content-background-meta":{"desktop":{"background-color":"var(--ast-global-color-5)","background-image":"","background-repeat":"repeat","background-position":"center center","background-size":"auto","background-attachment":"scroll","background-type":"","background-media":"","overlay-type":"","overlay-color":"","overlay-opacity":"","overlay-gradient":""},"tablet":{"background-color":"var(--ast-global-color-5)","background-image":"","background-repeat":"repeat","background-position":"center center","background-size":"auto","background-attachment":"scroll","background-type":"","background-media":"","overlay-type":"","overlay-color":"","overlay-opacity":"","overlay-gradient":""},"mobile":{"background-color":"var(--ast-global-color-5)","background-image":"","background-repeat":"repeat","background-position":"center center","background-size":"auto","background-attachment":"scroll","background-type":"","background-media":"","overlay-type":"","overlay-color":"","overlay-opacity":"","overlay-gradient":""}}},"product_brand":[],"product_cat":[17],"product_tag":[],"class_list":{"0":"post-7572","1":"product","2":"type-product","3":"status-publish","4":"has-post-thumbnail","6":"product_cat-alimentaires","7":"desktop-align-center","8":"tablet-align-center","9":"mobile-align-center","11":"first","12":"instock","13":"shipping-taxable","14":"purchasable","15":"product-type-simple"},"aioseo_notices":[],"uagb_featured_image_src":{"full":["https:\/\/allbiomorocco.com\/wp-content\/uploads\/2026\/01\/Gemini_Generated_Image_h7n4zzh7n4zzh7n4-614x614-1.png",614,614,false],"thumbnail":["https:\/\/allbiomorocco.com\/wp-content\/uploads\/2026\/01\/Gemini_Generated_Image_h7n4zzh7n4zzh7n4-614x614-1-150x150.png",150,150,true],"medium":["https:\/\/allbiomorocco.com\/wp-content\/uploads\/2026\/01\/Gemini_Generated_Image_h7n4zzh7n4zzh7n4-614x614-1-300x300.png",300,300,true],"medium_large":["https:\/\/allbiomorocco.com\/wp-content\/uploads\/2026\/01\/Gemini_Generated_Image_h7n4zzh7n4zzh7n4-614x614-1.png",614,614,false],"large":["https:\/\/allbiomorocco.com\/wp-content\/uploads\/2026\/01\/Gemini_Generated_Image_h7n4zzh7n4zzh7n4-614x614-1.png",614,614,false],"1536x1536":["https:\/\/allbiomorocco.com\/wp-content\/uploads\/2026\/01\/Gemini_Generated_Image_h7n4zzh7n4zzh7n4-614x614-1.png",614,614,false],"2048x2048":["https:\/\/allbiomorocco.com\/wp-content\/uploads\/2026\/01\/Gemini_Generated_Image_h7n4zzh7n4zzh7n4-614x614-1.png",614,614,false],"trp-custom-language-flag":["https:\/\/allbiomorocco.com\/wp-content\/uploads\/2026\/01\/Gemini_Generated_Image_h7n4zzh7n4zzh7n4-614x614-1-12x12.png",12,12,true],"woocommerce_thumbnail":["https:\/\/allbiomorocco.com\/wp-content\/uploads\/2026\/01\/Gemini_Generated_Image_h7n4zzh7n4zzh7n4-614x614-1-300x300.png",300,300,true],"woocommerce_single":["https:\/\/allbiomorocco.com\/wp-content\/uploads\/2026\/01\/Gemini_Generated_Image_h7n4zzh7n4zzh7n4-614x614-1-600x600.png",600,600,true],"woocommerce_gallery_thumbnail":["https:\/\/allbiomorocco.com\/wp-content\/uploads\/2026\/01\/Gemini_Generated_Image_h7n4zzh7n4zzh7n4-614x614-1-100x100.png",100,100,true]},"uagb_author_info":{"display_name":"NOUZHA ABARDAQ","author_link":"https:\/\/allbiomorocco.com\/en\/author\/"},"uagb_comment_info":0,"uagb_excerpt":"La sauge se pr\u00e9sente sous forme de feuilles vert-gris au parfum intense et l\u00e9g\u00e8rement camphr\u00e9. Elle peut \u00eatre utilis\u00e9e fra\u00eeche, s\u00e9ch\u00e9e ou sous forme d\u2019huile essentielle. \u2728 Bienfaits \ud83d\udc87\u200d\u2640\ufe0f Pour les cheveux Stimule la pousse des cheveux R\u00e9duit la chute Aide \u00e0 lutter contre les pellicules Apporte brillance et force Peut aider \u00e0 foncer naturellement&hellip;","_links":{"self":[{"href":"https:\/\/allbiomorocco.com\/en\/wp-json\/wp\/v2\/product\/7572","targetHints":{"allow":["GET"]}}],"collection":[{"href":"https:\/\/allbiomorocco.com\/en\/wp-json\/wp\/v2\/product"}],"about":[{"href":"https:\/\/allbiomorocco.com\/en\/wp-json\/wp\/v2\/types\/product"}],"replies":[{"embeddable":true,"href":"https:\/\/allbiomorocco.com\/en\/wp-json\/wp\/v2\/comments?post=7572"}],"wp:featuredmedia":[{"embeddable":true,"href":"https:\/\/allbiomorocco.com\/en\/wp-json\/wp\/v2\/media\/8078"}],"wp:attachment":[{"href":"https:\/\/allbiomorocco.com\/en\/wp-json\/wp\/v2\/media?parent=7572"}],"wp:term":[{"taxonomy":"product_brand","embeddable":true,"href":"https:\/\/allbiomorocco.com\/en\/wp-json\/wp\/v2\/product_brand?post=7572"},{"taxonomy":"product_cat","embeddable":true,"href":"https:\/\/allbiomorocco.com\/en\/wp-json\/wp\/v2\/product_cat?post=7572"},{"taxonomy":"product_tag","embeddable":true,"href":"https:\/\/allbiomorocco.com\/en\/wp-json\/wp\/v2\/product_tag?post=7572"}],"curies":[{"name":"wp","href":"https:\/\/api.w.org\/{rel}","templated":true}]}}