{"id":7573,"date":"2026-01-21T13:49:30","date_gmt":"2026-01-21T13:49:30","guid":{"rendered":"https:\/\/allbiomorocco.com\/?post_type=product&#038;p=7573"},"modified":"2026-04-10T15:59:50","modified_gmt":"2026-04-10T15:59:50","slug":"herbe-ortie","status":"publish","type":"product","link":"https:\/\/allbiomorocco.com\/en\/product\/herbe-ortie\/","title":{"rendered":"herbe ortie"},"content":{"rendered":"<p data-start=\"313\" data-end=\"474\">L\u2019ortie se reconna\u00eet \u00e0 ses feuilles vertes dentel\u00e9es recouvertes de petits poils urticants. Elle est utilis\u00e9e sous forme de feuilles s\u00e9ch\u00e9es, poudre ou infusion.<\/p>\n<h2 data-section-id=\"p4bcsk\" data-start=\"481\" data-end=\"495\">\u2728 Bienfaits<\/h2>\n<h3 data-section-id=\"kqzmlo\" data-start=\"497\" data-end=\"525\">\ud83d\udc87\u200d\u2640\ufe0f Pour les cheveux<\/h3>\n<ul data-start=\"526\" data-end=\"736\">\n<li data-section-id=\"a59e7z\" data-start=\"526\" data-end=\"561\">R\u00e9duit la <strong data-start=\"538\" data-end=\"559\">chute des cheveux<\/strong><\/li>\n<li data-section-id=\"far1x1\" data-start=\"562\" data-end=\"587\">Stimule la <strong data-start=\"575\" data-end=\"585\">pousse<\/strong><\/li>\n<li data-section-id=\"1r70k57\" data-start=\"588\" data-end=\"646\">R\u00e9gule l\u2019exc\u00e8s de <strong data-start=\"608\" data-end=\"617\">s\u00e9bum<\/strong> (id\u00e9ale pour cheveux gras)<\/li>\n<li data-section-id=\"1tpqwrj\" data-start=\"647\" data-end=\"682\">Lutte contre les <strong data-start=\"666\" data-end=\"680\">pellicules<\/strong><\/li>\n<li data-section-id=\"1o740yx\" data-start=\"683\" data-end=\"736\">Renforce les cheveux et leur donne de la vitalit\u00e9<\/li>\n<\/ul>\n<h3 data-section-id=\"1v3xqwm\" data-start=\"738\" data-end=\"759\">\ud83c\udf38 Pour la peau<\/h3>\n<ul data-start=\"760\" data-end=\"898\">\n<li data-section-id=\"75jwuq\" data-start=\"760\" data-end=\"802\">Purifie les peaux grasses et acn\u00e9iques<\/li>\n<li data-section-id=\"1y8908z\" data-start=\"803\" data-end=\"843\">Aide \u00e0 r\u00e9duire les <strong data-start=\"824\" data-end=\"841\">imperfections<\/strong><\/li>\n<li data-section-id=\"1ytkprd\" data-start=\"844\" data-end=\"865\">D\u00e9toxifie la peau<\/li>\n<li data-section-id=\"1donm7h\" data-start=\"866\" data-end=\"898\">Apaise certaines irritations<\/li>\n<\/ul>\n<h3 data-section-id=\"1dngq9c\" data-start=\"900\" data-end=\"943\">\ud83d\udcaa Pour la sant\u00e9 (usage traditionnel)<\/h3>\n<ul data-start=\"944\" data-end=\"1111\">\n<li data-section-id=\"1aohwh2\" data-start=\"944\" data-end=\"990\">Riche en <strong data-start=\"955\" data-end=\"962\">fer<\/strong> (utile contre la fatigue)<\/li>\n<li data-section-id=\"nj4t1l\" data-start=\"991\" data-end=\"1038\">Aide \u00e0 la <strong data-start=\"1003\" data-end=\"1021\">d\u00e9toxification<\/strong> de l\u2019organisme<\/li>\n<li data-section-id=\"14bfol3\" data-start=\"1039\" data-end=\"1074\">Soutient le syst\u00e8me immunitaire<\/li>\n<li data-section-id=\"11kp4lh\" data-start=\"1075\" data-end=\"1111\">Favorise la circulation sanguine<\/li>\n<\/ul>","protected":false},"excerpt":{"rendered":"<p>L\u2019ortie se reconna\u00eet \u00e0 ses feuilles vertes dentel\u00e9es recouvertes de petits poils urticants. Elle est utilis\u00e9e sous forme de feuilles s\u00e9ch\u00e9es, poudre ou infusion. \u2728 Bienfaits \ud83d\udc87\u200d\u2640\ufe0f Pour les cheveux R\u00e9duit la chute des cheveux Stimule la pousse R\u00e9gule l\u2019exc\u00e8s de s\u00e9bum (id\u00e9ale pour cheveux gras) Lutte contre les pellicules Renforce les cheveux et leur [&hellip;]<\/p>\n","protected":false},"featured_media":8071,"comment_status":"closed","ping_status":"closed","template":"","meta":{"_uag_custom_page_level_css":"","site-sidebar-layout":"default","site-content-layout":"","ast-site-content-layout":"default","site-content-style":"default","site-sidebar-style":"default","ast-global-header-display":"","ast-banner-title-visibility":"","ast-main-header-display":"","ast-hfb-above-header-display":"","ast-hfb-below-header-display":"","ast-hfb-mobile-header-display":"","site-post-title":"","ast-breadcrumbs-content":"","ast-featured-img":"","footer-sml-layout":"","ast-disable-related-posts":"","theme-transparent-header-meta":"default","adv-header-id-meta":"","stick-header-meta":"","header-above-stick-meta":"","header-main-stick-meta":"","header-below-stick-meta":"","astra-migrate-meta-layouts":"set","ast-page-background-enabled":"default","ast-page-background-meta":{"desktop":{"background-color":"","background-image":"","background-repeat":"repeat","background-position":"center center","background-size":"auto","background-attachment":"scroll","background-type":"","background-media":"","overlay-type":"","overlay-color":"","overlay-opacity":"","overlay-gradient":""},"tablet":{"background-color":"","background-image":"","background-repeat":"repeat","background-position":"center center","background-size":"auto","background-attachment":"scroll","background-type":"","background-media":"","overlay-type":"","overlay-color":"","overlay-opacity":"","overlay-gradient":""},"mobile":{"background-color":"","background-image":"","background-repeat":"repeat","background-position":"center center","background-size":"auto","background-attachment":"scroll","background-type":"","background-media":"","overlay-type":"","overlay-color":"","overlay-opacity":"","overlay-gradient":""}},"ast-content-background-meta":{"desktop":{"background-color":"var(--ast-global-color-5)","background-image":"","background-repeat":"repeat","background-position":"center center","background-size":"auto","background-attachment":"scroll","background-type":"","background-media":"","overlay-type":"","overlay-color":"","overlay-opacity":"","overlay-gradient":""},"tablet":{"background-color":"var(--ast-global-color-5)","background-image":"","background-repeat":"repeat","background-position":"center center","background-size":"auto","background-attachment":"scroll","background-type":"","background-media":"","overlay-type":"","overlay-color":"","overlay-opacity":"","overlay-gradient":""},"mobile":{"background-color":"var(--ast-global-color-5)","background-image":"","background-repeat":"repeat","background-position":"center center","background-size":"auto","background-attachment":"scroll","background-type":"","background-media":"","overlay-type":"","overlay-color":"","overlay-opacity":"","overlay-gradient":""}}},"product_brand":[],"product_cat":[17],"product_tag":[],"class_list":{"0":"post-7573","1":"product","2":"type-product","3":"status-publish","4":"has-post-thumbnail","6":"product_cat-alimentaires","7":"desktop-align-center","8":"tablet-align-center","9":"mobile-align-center","11":"first","12":"instock","13":"shipping-taxable","14":"purchasable","15":"product-type-simple"},"aioseo_notices":[],"uagb_featured_image_src":{"full":["https:\/\/allbiomorocco.com\/wp-content\/uploads\/2026\/01\/Gemini_Generated_Image_mbrjfjmbrjfjmbrj.png",2048,2048,false],"thumbnail":["https:\/\/allbiomorocco.com\/wp-content\/uploads\/2026\/01\/Gemini_Generated_Image_mbrjfjmbrjfjmbrj-150x150.png",150,150,true],"medium":["https:\/\/allbiomorocco.com\/wp-content\/uploads\/2026\/01\/Gemini_Generated_Image_mbrjfjmbrjfjmbrj-300x300.png",300,300,true],"medium_large":["https:\/\/allbiomorocco.com\/wp-content\/uploads\/2026\/01\/Gemini_Generated_Image_mbrjfjmbrjfjmbrj-768x768.png",768,768,true],"large":["https:\/\/allbiomorocco.com\/wp-content\/uploads\/2026\/01\/Gemini_Generated_Image_mbrjfjmbrjfjmbrj-1024x1024.png",1024,1024,true],"1536x1536":["https:\/\/allbiomorocco.com\/wp-content\/uploads\/2026\/01\/Gemini_Generated_Image_mbrjfjmbrjfjmbrj-1536x1536.png",1536,1536,true],"2048x2048":["https:\/\/allbiomorocco.com\/wp-content\/uploads\/2026\/01\/Gemini_Generated_Image_mbrjfjmbrjfjmbrj.png",2048,2048,false],"trp-custom-language-flag":["https:\/\/allbiomorocco.com\/wp-content\/uploads\/2026\/01\/Gemini_Generated_Image_mbrjfjmbrjfjmbrj-12x12.png",12,12,true],"woocommerce_thumbnail":["https:\/\/allbiomorocco.com\/wp-content\/uploads\/2026\/01\/Gemini_Generated_Image_mbrjfjmbrjfjmbrj-300x300.png",300,300,true],"woocommerce_single":["https:\/\/allbiomorocco.com\/wp-content\/uploads\/2026\/01\/Gemini_Generated_Image_mbrjfjmbrjfjmbrj-600x600.png",600,600,true],"woocommerce_gallery_thumbnail":["https:\/\/allbiomorocco.com\/wp-content\/uploads\/2026\/01\/Gemini_Generated_Image_mbrjfjmbrjfjmbrj-100x100.png",100,100,true]},"uagb_author_info":{"display_name":"NOUZHA ABARDAQ","author_link":"https:\/\/allbiomorocco.com\/en\/author\/"},"uagb_comment_info":0,"uagb_excerpt":"L\u2019ortie se reconna\u00eet \u00e0 ses feuilles vertes dentel\u00e9es recouvertes de petits poils urticants. Elle est utilis\u00e9e sous forme de feuilles s\u00e9ch\u00e9es, poudre ou infusion. \u2728 Bienfaits \ud83d\udc87\u200d\u2640\ufe0f Pour les cheveux R\u00e9duit la chute des cheveux Stimule la pousse R\u00e9gule l\u2019exc\u00e8s de s\u00e9bum (id\u00e9ale pour cheveux gras) Lutte contre les pellicules Renforce les cheveux et leur&hellip;","_links":{"self":[{"href":"https:\/\/allbiomorocco.com\/en\/wp-json\/wp\/v2\/product\/7573","targetHints":{"allow":["GET"]}}],"collection":[{"href":"https:\/\/allbiomorocco.com\/en\/wp-json\/wp\/v2\/product"}],"about":[{"href":"https:\/\/allbiomorocco.com\/en\/wp-json\/wp\/v2\/types\/product"}],"replies":[{"embeddable":true,"href":"https:\/\/allbiomorocco.com\/en\/wp-json\/wp\/v2\/comments?post=7573"}],"wp:featuredmedia":[{"embeddable":true,"href":"https:\/\/allbiomorocco.com\/en\/wp-json\/wp\/v2\/media\/8071"}],"wp:attachment":[{"href":"https:\/\/allbiomorocco.com\/en\/wp-json\/wp\/v2\/media?parent=7573"}],"wp:term":[{"taxonomy":"product_brand","embeddable":true,"href":"https:\/\/allbiomorocco.com\/en\/wp-json\/wp\/v2\/product_brand?post=7573"},{"taxonomy":"product_cat","embeddable":true,"href":"https:\/\/allbiomorocco.com\/en\/wp-json\/wp\/v2\/product_cat?post=7573"},{"taxonomy":"product_tag","embeddable":true,"href":"https:\/\/allbiomorocco.com\/en\/wp-json\/wp\/v2\/product_tag?post=7573"}],"curies":[{"name":"wp","href":"https:\/\/api.w.org\/{rel}","templated":true}]}}