{"id":7574,"date":"2026-01-21T13:49:30","date_gmt":"2026-01-21T13:49:30","guid":{"rendered":"https:\/\/allbiomorocco.com\/?post_type=product&#038;p=7574"},"modified":"2026-04-10T16:46:49","modified_gmt":"2026-04-10T16:46:49","slug":"herbe-romarin","status":"publish","type":"product","link":"https:\/\/allbiomorocco.com\/en\/product\/herbe-romarin\/","title":{"rendered":"Herbe Romarin"},"content":{"rendered":"<p data-start=\"313\" data-end=\"507\">Le romarin se pr\u00e9sente sous forme de feuilles fines en aiguilles, de couleur vert fonc\u00e9, avec un parfum frais et intense. Il est utilis\u00e9 en feuilles s\u00e9ch\u00e9es, en huile essentielle ou en infusion.<\/p>\n<h2 data-section-id=\"p4bcsk\" data-start=\"514\" data-end=\"528\">\u2728 Bienfaits<\/h2>\n<h3 data-section-id=\"kqzmlo\" data-start=\"530\" data-end=\"558\">\ud83d\udc87\u200d\u2640\ufe0f Pour les cheveux<\/h3>\n<ul data-start=\"559\" data-end=\"785\">\n<li data-section-id=\"1qfuh13\" data-start=\"559\" data-end=\"596\">Stimule la <strong data-start=\"572\" data-end=\"594\">pousse des cheveux<\/strong><\/li>\n<li data-section-id=\"1xd55a5\" data-start=\"597\" data-end=\"620\">R\u00e9duit la <strong data-start=\"609\" data-end=\"618\">chute<\/strong><\/li>\n<li data-section-id=\"ev972\" data-start=\"621\" data-end=\"662\">Active la circulation du cuir chevelu<\/li>\n<li data-section-id=\"1tpqwrj\" data-start=\"663\" data-end=\"698\">Lutte contre les <strong data-start=\"682\" data-end=\"696\">pellicules<\/strong><\/li>\n<li data-section-id=\"m5pntl\" data-start=\"699\" data-end=\"733\">Apporte <strong data-start=\"709\" data-end=\"731\"><strong data-start=\"709\" data-end=\"731\">force et brillance<\/strong><\/strong>\n<div class=\"wp-menu-name\">Produits<\/div>\n<\/li>\n<li data-section-id=\"1xywpur\" data-start=\"734\" data-end=\"785\">Aide \u00e0 retarder l\u2019apparition des cheveux blancs<\/li>\n<\/ul>\n<h3 data-section-id=\"1v3xqwm\" data-start=\"787\" data-end=\"808\">\ud83c\udf38 Pour la peau<\/h3>\n<ul data-start=\"809\" data-end=\"950\">\n<li data-section-id=\"1j58wfm\" data-start=\"809\" data-end=\"848\">Purifie les peaux grasses et mixtes<\/li>\n<li data-section-id=\"1c1qeu1\" data-start=\"849\" data-end=\"880\">R\u00e9gule l\u2019exc\u00e8s de <strong data-start=\"869\" data-end=\"878\">s\u00e9bum<\/strong><\/li>\n<li data-section-id=\"wgdzkn\" data-start=\"881\" data-end=\"913\">Tonifie et raffermit la peau<\/li>\n<li data-section-id=\"1bqyt8j\" data-start=\"914\" data-end=\"950\">Aide \u00e0 r\u00e9duire les imperfections<\/li>\n<\/ul>\n<h3 data-section-id=\"1dngq9c\" data-start=\"952\" data-end=\"995\">\ud83d\udcaa Pour la sant\u00e9 (usage traditionnel)<\/h3>\n<ul data-start=\"996\" data-end=\"1164\">\n<li data-section-id=\"1b72fct\" data-start=\"996\" data-end=\"1025\">Am\u00e9liore la <strong data-start=\"1010\" data-end=\"1023\">digestion<\/strong><\/li>\n<li data-section-id=\"1m8ukxb\" data-start=\"1026\" data-end=\"1072\">Stimule la <strong data-start=\"1039\" data-end=\"1070\">m\u00e9moire et la concentration<\/strong><\/li>\n<li data-section-id=\"aqxdem\" data-start=\"1073\" data-end=\"1114\">Effet <strong data-start=\"1081\" data-end=\"1096\">antioxydant<\/strong> et revitalisant<\/li>\n<li data-section-id=\"cnjedr\" data-start=\"1115\" data-end=\"1164\">Soulage les douleurs musculaires (en massage)<\/li>\n<\/ul>","protected":false},"excerpt":{"rendered":"<p>Le romarin se pr\u00e9sente sous forme de feuilles fines en aiguilles, de couleur vert fonc\u00e9, avec un parfum frais et intense. Il est utilis\u00e9 en feuilles s\u00e9ch\u00e9es, en huile essentielle ou en infusion. \u2728 Bienfaits \ud83d\udc87\u200d\u2640\ufe0f Pour les cheveux Stimule la pousse des cheveux R\u00e9duit la chute Active la circulation du cuir chevelu Lutte contre [&hellip;]<\/p>\n","protected":false},"featured_media":8074,"comment_status":"closed","ping_status":"closed","template":"","meta":{"_uag_custom_page_level_css":"","site-sidebar-layout":"default","site-content-layout":"","ast-site-content-layout":"default","site-content-style":"default","site-sidebar-style":"default","ast-global-header-display":"","ast-banner-title-visibility":"","ast-main-header-display":"","ast-hfb-above-header-display":"","ast-hfb-below-header-display":"","ast-hfb-mobile-header-display":"","site-post-title":"","ast-breadcrumbs-content":"","ast-featured-img":"","footer-sml-layout":"","ast-disable-related-posts":"","theme-transparent-header-meta":"default","adv-header-id-meta":"","stick-header-meta":"","header-above-stick-meta":"","header-main-stick-meta":"","header-below-stick-meta":"","astra-migrate-meta-layouts":"set","ast-page-background-enabled":"default","ast-page-background-meta":{"desktop":{"background-color":"","background-image":"","background-repeat":"repeat","background-position":"center center","background-size":"auto","background-attachment":"scroll","background-type":"","background-media":"","overlay-type":"","overlay-color":"","overlay-opacity":"","overlay-gradient":""},"tablet":{"background-color":"","background-image":"","background-repeat":"repeat","background-position":"center center","background-size":"auto","background-attachment":"scroll","background-type":"","background-media":"","overlay-type":"","overlay-color":"","overlay-opacity":"","overlay-gradient":""},"mobile":{"background-color":"","background-image":"","background-repeat":"repeat","background-position":"center center","background-size":"auto","background-attachment":"scroll","background-type":"","background-media":"","overlay-type":"","overlay-color":"","overlay-opacity":"","overlay-gradient":""}},"ast-content-background-meta":{"desktop":{"background-color":"var(--ast-global-color-5)","background-image":"","background-repeat":"repeat","background-position":"center center","background-size":"auto","background-attachment":"scroll","background-type":"","background-media":"","overlay-type":"","overlay-color":"","overlay-opacity":"","overlay-gradient":""},"tablet":{"background-color":"var(--ast-global-color-5)","background-image":"","background-repeat":"repeat","background-position":"center center","background-size":"auto","background-attachment":"scroll","background-type":"","background-media":"","overlay-type":"","overlay-color":"","overlay-opacity":"","overlay-gradient":""},"mobile":{"background-color":"var(--ast-global-color-5)","background-image":"","background-repeat":"repeat","background-position":"center center","background-size":"auto","background-attachment":"scroll","background-type":"","background-media":"","overlay-type":"","overlay-color":"","overlay-opacity":"","overlay-gradient":""}}},"product_brand":[],"product_cat":[17],"product_tag":[],"class_list":{"0":"post-7574","1":"product","2":"type-product","3":"status-publish","4":"has-post-thumbnail","6":"product_cat-alimentaires","7":"desktop-align-center","8":"tablet-align-center","9":"mobile-align-center","11":"first","12":"instock","13":"shipping-taxable","14":"purchasable","15":"product-type-simple"},"aioseo_notices":[],"uagb_featured_image_src":{"full":["https:\/\/allbiomorocco.com\/wp-content\/uploads\/2026\/01\/Gemini_Generated_Image_37ei9a37ei9a37ei-204x204-1.png",204,204,false],"thumbnail":["https:\/\/allbiomorocco.com\/wp-content\/uploads\/2026\/01\/Gemini_Generated_Image_37ei9a37ei9a37ei-204x204-1-150x150.png",150,150,true],"medium":["https:\/\/allbiomorocco.com\/wp-content\/uploads\/2026\/01\/Gemini_Generated_Image_37ei9a37ei9a37ei-204x204-1.png",204,204,false],"medium_large":["https:\/\/allbiomorocco.com\/wp-content\/uploads\/2026\/01\/Gemini_Generated_Image_37ei9a37ei9a37ei-204x204-1.png",204,204,false],"large":["https:\/\/allbiomorocco.com\/wp-content\/uploads\/2026\/01\/Gemini_Generated_Image_37ei9a37ei9a37ei-204x204-1.png",204,204,false],"1536x1536":["https:\/\/allbiomorocco.com\/wp-content\/uploads\/2026\/01\/Gemini_Generated_Image_37ei9a37ei9a37ei-204x204-1.png",204,204,false],"2048x2048":["https:\/\/allbiomorocco.com\/wp-content\/uploads\/2026\/01\/Gemini_Generated_Image_37ei9a37ei9a37ei-204x204-1.png",204,204,false],"trp-custom-language-flag":["https:\/\/allbiomorocco.com\/wp-content\/uploads\/2026\/01\/Gemini_Generated_Image_37ei9a37ei9a37ei-204x204-1-12x12.png",12,12,true],"woocommerce_thumbnail":["https:\/\/allbiomorocco.com\/wp-content\/uploads\/2026\/01\/Gemini_Generated_Image_37ei9a37ei9a37ei-204x204-1.png",204,204,false],"woocommerce_single":["https:\/\/allbiomorocco.com\/wp-content\/uploads\/2026\/01\/Gemini_Generated_Image_37ei9a37ei9a37ei-204x204-1.png",204,204,false],"woocommerce_gallery_thumbnail":["https:\/\/allbiomorocco.com\/wp-content\/uploads\/2026\/01\/Gemini_Generated_Image_37ei9a37ei9a37ei-204x204-1-100x100.png",100,100,true]},"uagb_author_info":{"display_name":"NOUZHA ABARDAQ","author_link":"https:\/\/allbiomorocco.com\/en\/author\/"},"uagb_comment_info":0,"uagb_excerpt":"Le romarin se pr\u00e9sente sous forme de feuilles fines en aiguilles, de couleur vert fonc\u00e9, avec un parfum frais et intense. Il est utilis\u00e9 en feuilles s\u00e9ch\u00e9es, en huile essentielle ou en infusion. \u2728 Bienfaits \ud83d\udc87\u200d\u2640\ufe0f Pour les cheveux Stimule la pousse des cheveux R\u00e9duit la chute Active la circulation du cuir chevelu Lutte contre&hellip;","_links":{"self":[{"href":"https:\/\/allbiomorocco.com\/en\/wp-json\/wp\/v2\/product\/7574","targetHints":{"allow":["GET"]}}],"collection":[{"href":"https:\/\/allbiomorocco.com\/en\/wp-json\/wp\/v2\/product"}],"about":[{"href":"https:\/\/allbiomorocco.com\/en\/wp-json\/wp\/v2\/types\/product"}],"replies":[{"embeddable":true,"href":"https:\/\/allbiomorocco.com\/en\/wp-json\/wp\/v2\/comments?post=7574"}],"wp:featuredmedia":[{"embeddable":true,"href":"https:\/\/allbiomorocco.com\/en\/wp-json\/wp\/v2\/media\/8074"}],"wp:attachment":[{"href":"https:\/\/allbiomorocco.com\/en\/wp-json\/wp\/v2\/media?parent=7574"}],"wp:term":[{"taxonomy":"product_brand","embeddable":true,"href":"https:\/\/allbiomorocco.com\/en\/wp-json\/wp\/v2\/product_brand?post=7574"},{"taxonomy":"product_cat","embeddable":true,"href":"https:\/\/allbiomorocco.com\/en\/wp-json\/wp\/v2\/product_cat?post=7574"},{"taxonomy":"product_tag","embeddable":true,"href":"https:\/\/allbiomorocco.com\/en\/wp-json\/wp\/v2\/product_tag?post=7574"}],"curies":[{"name":"wp","href":"https:\/\/api.w.org\/{rel}","templated":true}]}}