{"id":7575,"date":"2026-01-21T13:49:30","date_gmt":"2026-01-21T13:49:30","guid":{"rendered":"https:\/\/allbiomorocco.com\/?post_type=product&#038;p=7575"},"modified":"2026-04-10T17:27:35","modified_gmt":"2026-04-10T17:27:35","slug":"herbe-verveine","status":"publish","type":"product","link":"https:\/\/allbiomorocco.com\/en\/product\/herbe-verveine\/","title":{"rendered":"Herbe Verveine"},"content":{"rendered":"<p>La verveine se pr\u00e9sente sous forme de feuilles fines, allong\u00e9es, de couleur vert clair, avec une odeur fra\u00eeche et citronn\u00e9e. Elle est utilis\u00e9e en feuilles s\u00e9ch\u00e9es, en infusion ou en huile essentielle.<\/p>\n<h2 data-section-id=\"p4bcsk\" data-start=\"459\" data-end=\"473\">\u2728 Bienfaits<\/h2>\n<h3 data-section-id=\"kqzmlo\" data-start=\"475\" data-end=\"503\">\ud83d\udc87\u200d\u2640\ufe0f Pour les cheveux<\/h3>\n<ul data-start=\"504\" data-end=\"655\">\n<li data-section-id=\"3uz39q\" data-start=\"504\" data-end=\"539\">Apaise le cuir chevelu sensible<\/li>\n<li data-section-id=\"16q6rej\" data-start=\"540\" data-end=\"576\">Apporte <strong data-start=\"550\" data-end=\"574\">douceur et brillance<\/strong><\/li>\n<li data-section-id=\"ld4wob\" data-start=\"577\" data-end=\"613\">Aide \u00e0 r\u00e9duire les d\u00e9mangeaisons<\/li>\n<li data-section-id=\"rj4k8j\" data-start=\"614\" data-end=\"655\">Rafra\u00eechit et purifie le cuir chevelu<\/li>\n<\/ul>\n<h3 data-section-id=\"1v3xqwm\" data-start=\"657\" data-end=\"678\">\ud83c\udf38 Pour la peau<\/h3>\n<ul data-start=\"679\" data-end=\"823\">\n<li data-section-id=\"1noqzs4\" data-start=\"679\" data-end=\"721\">Apaise les peaux sensibles et irrit\u00e9es<\/li>\n<li data-section-id=\"1uz0lx9\" data-start=\"722\" data-end=\"755\">Tonifie et rafra\u00eechit la peau<\/li>\n<li data-section-id=\"qm3gcv\" data-start=\"756\" data-end=\"792\">Donne un effet <strong data-start=\"773\" data-end=\"790\">\u00e9clat naturel<\/strong><\/li>\n<li data-section-id=\"p2se4x\" data-start=\"793\" data-end=\"823\">Aide \u00e0 calmer les rougeurs<\/li>\n<\/ul>\n<h3 data-section-id=\"1v5w009\" data-start=\"825\" data-end=\"875\">\ud83d\udc86\u200d\u2640\ufe0f Bien-\u00eatre &amp; sant\u00e9 (usage traditionnel)<\/h3>\n<ul data-start=\"876\" data-end=\"1010\">\n<li data-section-id=\"s8eyy0\" data-start=\"876\" data-end=\"913\">R\u00e9duit le <strong data-start=\"888\" data-end=\"898\">stress<\/strong> et l\u2019anxi\u00e9t\u00e9<\/li>\n<li data-section-id=\"qwx56b\" data-start=\"914\" data-end=\"952\">Favorise un <strong data-start=\"928\" data-end=\"950\">sommeil r\u00e9parateur<\/strong><\/li>\n<li data-section-id=\"15bj8ss\" data-start=\"953\" data-end=\"980\">Aide \u00e0 la <strong data-start=\"965\" data-end=\"978\">digestion<\/strong><\/li>\n<li data-section-id=\"hchw70\" data-start=\"981\" data-end=\"1010\">Soulage les ballonnements<\/li>\n<\/ul>","protected":false},"excerpt":{"rendered":"<p>La verveine se pr\u00e9sente sous forme de feuilles fines, allong\u00e9es, de couleur vert clair, avec une odeur fra\u00eeche et citronn\u00e9e. Elle est utilis\u00e9e en feuilles s\u00e9ch\u00e9es, en infusion ou en huile essentielle. \u2728 Bienfaits \ud83d\udc87\u200d\u2640\ufe0f Pour les cheveux Apaise le cuir chevelu sensible Apporte douceur et brillance Aide \u00e0 r\u00e9duire les d\u00e9mangeaisons Rafra\u00eechit et purifie [&hellip;]<\/p>\n","protected":false},"featured_media":8075,"comment_status":"closed","ping_status":"closed","template":"","meta":{"_uag_custom_page_level_css":"","site-sidebar-layout":"default","site-content-layout":"","ast-site-content-layout":"default","site-content-style":"default","site-sidebar-style":"default","ast-global-header-display":"","ast-banner-title-visibility":"","ast-main-header-display":"","ast-hfb-above-header-display":"","ast-hfb-below-header-display":"","ast-hfb-mobile-header-display":"","site-post-title":"","ast-breadcrumbs-content":"","ast-featured-img":"","footer-sml-layout":"","ast-disable-related-posts":"","theme-transparent-header-meta":"default","adv-header-id-meta":"","stick-header-meta":"","header-above-stick-meta":"","header-main-stick-meta":"","header-below-stick-meta":"","astra-migrate-meta-layouts":"set","ast-page-background-enabled":"default","ast-page-background-meta":{"desktop":{"background-color":"","background-image":"","background-repeat":"repeat","background-position":"center center","background-size":"auto","background-attachment":"scroll","background-type":"","background-media":"","overlay-type":"","overlay-color":"","overlay-opacity":"","overlay-gradient":""},"tablet":{"background-color":"","background-image":"","background-repeat":"repeat","background-position":"center center","background-size":"auto","background-attachment":"scroll","background-type":"","background-media":"","overlay-type":"","overlay-color":"","overlay-opacity":"","overlay-gradient":""},"mobile":{"background-color":"","background-image":"","background-repeat":"repeat","background-position":"center center","background-size":"auto","background-attachment":"scroll","background-type":"","background-media":"","overlay-type":"","overlay-color":"","overlay-opacity":"","overlay-gradient":""}},"ast-content-background-meta":{"desktop":{"background-color":"var(--ast-global-color-5)","background-image":"","background-repeat":"repeat","background-position":"center center","background-size":"auto","background-attachment":"scroll","background-type":"","background-media":"","overlay-type":"","overlay-color":"","overlay-opacity":"","overlay-gradient":""},"tablet":{"background-color":"var(--ast-global-color-5)","background-image":"","background-repeat":"repeat","background-position":"center center","background-size":"auto","background-attachment":"scroll","background-type":"","background-media":"","overlay-type":"","overlay-color":"","overlay-opacity":"","overlay-gradient":""},"mobile":{"background-color":"var(--ast-global-color-5)","background-image":"","background-repeat":"repeat","background-position":"center center","background-size":"auto","background-attachment":"scroll","background-type":"","background-media":"","overlay-type":"","overlay-color":"","overlay-opacity":"","overlay-gradient":""}}},"product_brand":[],"product_cat":[17],"product_tag":[],"class_list":{"0":"post-7575","1":"product","2":"type-product","3":"status-publish","4":"has-post-thumbnail","6":"product_cat-alimentaires","7":"desktop-align-center","8":"tablet-align-center","9":"mobile-align-center","11":"first","12":"instock","13":"shipping-taxable","14":"purchasable","15":"product-type-simple"},"aioseo_notices":[],"uagb_featured_image_src":{"full":["https:\/\/allbiomorocco.com\/wp-content\/uploads\/2026\/01\/Gemini_Generated_Image_5lb3ww5lb3ww5lb3.png",1024,1024,false],"thumbnail":["https:\/\/allbiomorocco.com\/wp-content\/uploads\/2026\/01\/Gemini_Generated_Image_5lb3ww5lb3ww5lb3-150x150.png",150,150,true],"medium":["https:\/\/allbiomorocco.com\/wp-content\/uploads\/2026\/01\/Gemini_Generated_Image_5lb3ww5lb3ww5lb3-300x300.png",300,300,true],"medium_large":["https:\/\/allbiomorocco.com\/wp-content\/uploads\/2026\/01\/Gemini_Generated_Image_5lb3ww5lb3ww5lb3-768x768.png",768,768,true],"large":["https:\/\/allbiomorocco.com\/wp-content\/uploads\/2026\/01\/Gemini_Generated_Image_5lb3ww5lb3ww5lb3.png",1024,1024,false],"1536x1536":["https:\/\/allbiomorocco.com\/wp-content\/uploads\/2026\/01\/Gemini_Generated_Image_5lb3ww5lb3ww5lb3.png",1024,1024,false],"2048x2048":["https:\/\/allbiomorocco.com\/wp-content\/uploads\/2026\/01\/Gemini_Generated_Image_5lb3ww5lb3ww5lb3.png",1024,1024,false],"trp-custom-language-flag":["https:\/\/allbiomorocco.com\/wp-content\/uploads\/2026\/01\/Gemini_Generated_Image_5lb3ww5lb3ww5lb3-12x12.png",12,12,true],"woocommerce_thumbnail":["https:\/\/allbiomorocco.com\/wp-content\/uploads\/2026\/01\/Gemini_Generated_Image_5lb3ww5lb3ww5lb3-300x300.png",300,300,true],"woocommerce_single":["https:\/\/allbiomorocco.com\/wp-content\/uploads\/2026\/01\/Gemini_Generated_Image_5lb3ww5lb3ww5lb3-600x600.png",600,600,true],"woocommerce_gallery_thumbnail":["https:\/\/allbiomorocco.com\/wp-content\/uploads\/2026\/01\/Gemini_Generated_Image_5lb3ww5lb3ww5lb3-100x100.png",100,100,true]},"uagb_author_info":{"display_name":"NOUZHA ABARDAQ","author_link":"https:\/\/allbiomorocco.com\/en\/author\/"},"uagb_comment_info":0,"uagb_excerpt":"La verveine se pr\u00e9sente sous forme de feuilles fines, allong\u00e9es, de couleur vert clair, avec une odeur fra\u00eeche et citronn\u00e9e. Elle est utilis\u00e9e en feuilles s\u00e9ch\u00e9es, en infusion ou en huile essentielle. \u2728 Bienfaits \ud83d\udc87\u200d\u2640\ufe0f Pour les cheveux Apaise le cuir chevelu sensible Apporte douceur et brillance Aide \u00e0 r\u00e9duire les d\u00e9mangeaisons Rafra\u00eechit et purifie&hellip;","_links":{"self":[{"href":"https:\/\/allbiomorocco.com\/en\/wp-json\/wp\/v2\/product\/7575","targetHints":{"allow":["GET"]}}],"collection":[{"href":"https:\/\/allbiomorocco.com\/en\/wp-json\/wp\/v2\/product"}],"about":[{"href":"https:\/\/allbiomorocco.com\/en\/wp-json\/wp\/v2\/types\/product"}],"replies":[{"embeddable":true,"href":"https:\/\/allbiomorocco.com\/en\/wp-json\/wp\/v2\/comments?post=7575"}],"wp:featuredmedia":[{"embeddable":true,"href":"https:\/\/allbiomorocco.com\/en\/wp-json\/wp\/v2\/media\/8075"}],"wp:attachment":[{"href":"https:\/\/allbiomorocco.com\/en\/wp-json\/wp\/v2\/media?parent=7575"}],"wp:term":[{"taxonomy":"product_brand","embeddable":true,"href":"https:\/\/allbiomorocco.com\/en\/wp-json\/wp\/v2\/product_brand?post=7575"},{"taxonomy":"product_cat","embeddable":true,"href":"https:\/\/allbiomorocco.com\/en\/wp-json\/wp\/v2\/product_cat?post=7575"},{"taxonomy":"product_tag","embeddable":true,"href":"https:\/\/allbiomorocco.com\/en\/wp-json\/wp\/v2\/product_tag?post=7575"}],"curies":[{"name":"wp","href":"https:\/\/api.w.org\/{rel}","templated":true}]}}