{"id":7576,"date":"2026-01-21T13:49:30","date_gmt":"2026-01-21T13:49:30","guid":{"rendered":"https:\/\/allbiomorocco.com\/?post_type=product&#038;p=7576"},"modified":"2026-04-10T17:26:28","modified_gmt":"2026-04-10T17:26:28","slug":"herbe-cedre","status":"publish","type":"product","link":"https:\/\/allbiomorocco.com\/en\/product\/herbe-cedre\/","title":{"rendered":"Herbe C\u00e8dre"},"content":{"rendered":"<p>Le c\u00e8dre vert se pr\u00e9sente sous forme d\u2019aiguilles fines de couleur verte avec un parfum bois\u00e9, frais et apaisant. Il est utilis\u00e9 en poudre, en infusion ou en huile (notamment huile essentielle).<\/p>\n<h2 data-section-id=\"p4bcsk\" data-start=\"477\" data-end=\"491\">\u2728 Bienfaits<\/h2>\n<h3 data-section-id=\"kqzmlo\" data-start=\"493\" data-end=\"521\">\ud83d\udc87\u200d\u2640\ufe0f Pour les cheveux<\/h3>\n<ul data-start=\"522\" data-end=\"717\">\n<li data-section-id=\"a59e7z\" data-start=\"522\" data-end=\"557\">R\u00e9duit la <strong data-start=\"534\" data-end=\"555\">chute des cheveux<\/strong><\/li>\n<li data-section-id=\"far1x1\" data-start=\"558\" data-end=\"583\">Stimule la <strong data-start=\"571\" data-end=\"581\">pousse<\/strong><\/li>\n<li data-section-id=\"mlz3jw\" data-start=\"584\" data-end=\"611\">Purifie le cuir chevelu<\/li>\n<li data-section-id=\"1tpqwrj\" data-start=\"612\" data-end=\"647\">Lutte contre les <strong data-start=\"631\" data-end=\"645\">pellicules<\/strong><\/li>\n<li data-section-id=\"h8v1mq\" data-start=\"648\" data-end=\"683\">Aide \u00e0 r\u00e9guler l\u2019exc\u00e8s de s\u00e9bum<\/li>\n<li data-section-id=\"11s7bgn\" data-start=\"684\" data-end=\"717\">Renforce les cheveux fragiles<\/li>\n<\/ul>\n<h3 data-section-id=\"1v3xqwm\" data-start=\"719\" data-end=\"740\">\ud83c\udf38 Pour la peau<\/h3>\n<ul data-start=\"741\" data-end=\"896\">\n<li data-section-id=\"1xwpf99\" data-start=\"741\" data-end=\"770\">Purifie les peaux grasses<\/li>\n<li data-section-id=\"1y2g714\" data-start=\"771\" data-end=\"817\">Aide \u00e0 lutter contre les <strong data-start=\"798\" data-end=\"815\">imperfections<\/strong><\/li>\n<li data-section-id=\"hy3rj4\" data-start=\"818\" data-end=\"863\">Effet <strong data-start=\"826\" data-end=\"840\">astringent<\/strong> (resserre les pores)<\/li>\n<li data-section-id=\"wgdzkn\" data-start=\"864\" data-end=\"896\">Tonifie et raffermit la peau<\/li>\n<\/ul>\n<h3 data-section-id=\"w2u1mj\" data-start=\"898\" data-end=\"919\">\ud83d\udc86\u200d\u2640\ufe0f Bien-\u00eatre<\/h3>\n<ul data-start=\"920\" data-end=\"1064\">\n<li data-section-id=\"70x01x\" data-start=\"920\" data-end=\"954\">Effet <strong data-start=\"928\" data-end=\"952\">relaxant et apaisant<\/strong><\/li>\n<li data-section-id=\"1s1g1xo\" data-start=\"955\" data-end=\"983\">Aide \u00e0 r\u00e9duire le stress<\/li>\n<li data-section-id=\"12zseu5\" data-start=\"984\" data-end=\"1025\">Parfum bois\u00e9 utilis\u00e9 en aromath\u00e9rapie<\/li>\n<li data-section-id=\"1qvclio\" data-start=\"1026\" data-end=\"1064\">Peut aider \u00e0 \u00e9loigner les insectes<\/li>\n<\/ul>","protected":false},"excerpt":{"rendered":"<p>Le c\u00e8dre vert se pr\u00e9sente sous forme d\u2019aiguilles fines de couleur verte avec un parfum bois\u00e9, frais et apaisant. Il est utilis\u00e9 en poudre, en infusion ou en huile (notamment huile essentielle). \u2728 Bienfaits \ud83d\udc87\u200d\u2640\ufe0f Pour les cheveux R\u00e9duit la chute des cheveux Stimule la pousse Purifie le cuir chevelu Lutte contre les pellicules Aide [&hellip;]<\/p>\n","protected":false},"featured_media":8082,"comment_status":"closed","ping_status":"closed","template":"","meta":{"_uag_custom_page_level_css":"","site-sidebar-layout":"default","site-content-layout":"","ast-site-content-layout":"default","site-content-style":"default","site-sidebar-style":"default","ast-global-header-display":"","ast-banner-title-visibility":"","ast-main-header-display":"","ast-hfb-above-header-display":"","ast-hfb-below-header-display":"","ast-hfb-mobile-header-display":"","site-post-title":"","ast-breadcrumbs-content":"","ast-featured-img":"","footer-sml-layout":"","ast-disable-related-posts":"","theme-transparent-header-meta":"default","adv-header-id-meta":"","stick-header-meta":"","header-above-stick-meta":"","header-main-stick-meta":"","header-below-stick-meta":"","astra-migrate-meta-layouts":"set","ast-page-background-enabled":"default","ast-page-background-meta":{"desktop":{"background-color":"","background-image":"","background-repeat":"repeat","background-position":"center center","background-size":"auto","background-attachment":"scroll","background-type":"","background-media":"","overlay-type":"","overlay-color":"","overlay-opacity":"","overlay-gradient":""},"tablet":{"background-color":"","background-image":"","background-repeat":"repeat","background-position":"center center","background-size":"auto","background-attachment":"scroll","background-type":"","background-media":"","overlay-type":"","overlay-color":"","overlay-opacity":"","overlay-gradient":""},"mobile":{"background-color":"","background-image":"","background-repeat":"repeat","background-position":"center center","background-size":"auto","background-attachment":"scroll","background-type":"","background-media":"","overlay-type":"","overlay-color":"","overlay-opacity":"","overlay-gradient":""}},"ast-content-background-meta":{"desktop":{"background-color":"var(--ast-global-color-5)","background-image":"","background-repeat":"repeat","background-position":"center center","background-size":"auto","background-attachment":"scroll","background-type":"","background-media":"","overlay-type":"","overlay-color":"","overlay-opacity":"","overlay-gradient":""},"tablet":{"background-color":"var(--ast-global-color-5)","background-image":"","background-repeat":"repeat","background-position":"center center","background-size":"auto","background-attachment":"scroll","background-type":"","background-media":"","overlay-type":"","overlay-color":"","overlay-opacity":"","overlay-gradient":""},"mobile":{"background-color":"var(--ast-global-color-5)","background-image":"","background-repeat":"repeat","background-position":"center center","background-size":"auto","background-attachment":"scroll","background-type":"","background-media":"","overlay-type":"","overlay-color":"","overlay-opacity":"","overlay-gradient":""}}},"product_brand":[],"product_cat":[17,16],"product_tag":[],"class_list":{"0":"post-7576","1":"product","2":"type-product","3":"status-publish","4":"has-post-thumbnail","6":"product_cat-alimentaires","7":"product_cat-cosmetique","8":"desktop-align-center","9":"tablet-align-center","10":"mobile-align-center","12":"first","13":"instock","14":"shipping-taxable","15":"purchasable","16":"product-type-simple"},"aioseo_notices":[],"uagb_featured_image_src":{"full":["https:\/\/allbiomorocco.com\/wp-content\/uploads\/2026\/01\/Gemini_Generated_Image_t9l26dt9l26dt9l2-1.png",1024,1024,false],"thumbnail":["https:\/\/allbiomorocco.com\/wp-content\/uploads\/2026\/01\/Gemini_Generated_Image_t9l26dt9l26dt9l2-1-150x150.png",150,150,true],"medium":["https:\/\/allbiomorocco.com\/wp-content\/uploads\/2026\/01\/Gemini_Generated_Image_t9l26dt9l26dt9l2-1-300x300.png",300,300,true],"medium_large":["https:\/\/allbiomorocco.com\/wp-content\/uploads\/2026\/01\/Gemini_Generated_Image_t9l26dt9l26dt9l2-1-768x768.png",768,768,true],"large":["https:\/\/allbiomorocco.com\/wp-content\/uploads\/2026\/01\/Gemini_Generated_Image_t9l26dt9l26dt9l2-1.png",1024,1024,false],"1536x1536":["https:\/\/allbiomorocco.com\/wp-content\/uploads\/2026\/01\/Gemini_Generated_Image_t9l26dt9l26dt9l2-1.png",1024,1024,false],"2048x2048":["https:\/\/allbiomorocco.com\/wp-content\/uploads\/2026\/01\/Gemini_Generated_Image_t9l26dt9l26dt9l2-1.png",1024,1024,false],"trp-custom-language-flag":["https:\/\/allbiomorocco.com\/wp-content\/uploads\/2026\/01\/Gemini_Generated_Image_t9l26dt9l26dt9l2-1-12x12.png",12,12,true],"woocommerce_thumbnail":["https:\/\/allbiomorocco.com\/wp-content\/uploads\/2026\/01\/Gemini_Generated_Image_t9l26dt9l26dt9l2-1-300x300.png",300,300,true],"woocommerce_single":["https:\/\/allbiomorocco.com\/wp-content\/uploads\/2026\/01\/Gemini_Generated_Image_t9l26dt9l26dt9l2-1-600x600.png",600,600,true],"woocommerce_gallery_thumbnail":["https:\/\/allbiomorocco.com\/wp-content\/uploads\/2026\/01\/Gemini_Generated_Image_t9l26dt9l26dt9l2-1-100x100.png",100,100,true]},"uagb_author_info":{"display_name":"NOUZHA ABARDAQ","author_link":"https:\/\/allbiomorocco.com\/en\/author\/"},"uagb_comment_info":0,"uagb_excerpt":"Le c\u00e8dre vert se pr\u00e9sente sous forme d\u2019aiguilles fines de couleur verte avec un parfum bois\u00e9, frais et apaisant. Il est utilis\u00e9 en poudre, en infusion ou en huile (notamment huile essentielle). \u2728 Bienfaits \ud83d\udc87\u200d\u2640\ufe0f Pour les cheveux R\u00e9duit la chute des cheveux Stimule la pousse Purifie le cuir chevelu Lutte contre les pellicules Aide&hellip;","_links":{"self":[{"href":"https:\/\/allbiomorocco.com\/en\/wp-json\/wp\/v2\/product\/7576","targetHints":{"allow":["GET"]}}],"collection":[{"href":"https:\/\/allbiomorocco.com\/en\/wp-json\/wp\/v2\/product"}],"about":[{"href":"https:\/\/allbiomorocco.com\/en\/wp-json\/wp\/v2\/types\/product"}],"replies":[{"embeddable":true,"href":"https:\/\/allbiomorocco.com\/en\/wp-json\/wp\/v2\/comments?post=7576"}],"wp:featuredmedia":[{"embeddable":true,"href":"https:\/\/allbiomorocco.com\/en\/wp-json\/wp\/v2\/media\/8082"}],"wp:attachment":[{"href":"https:\/\/allbiomorocco.com\/en\/wp-json\/wp\/v2\/media?parent=7576"}],"wp:term":[{"taxonomy":"product_brand","embeddable":true,"href":"https:\/\/allbiomorocco.com\/en\/wp-json\/wp\/v2\/product_brand?post=7576"},{"taxonomy":"product_cat","embeddable":true,"href":"https:\/\/allbiomorocco.com\/en\/wp-json\/wp\/v2\/product_cat?post=7576"},{"taxonomy":"product_tag","embeddable":true,"href":"https:\/\/allbiomorocco.com\/en\/wp-json\/wp\/v2\/product_tag?post=7576"}],"curies":[{"name":"wp","href":"https:\/\/api.w.org\/{rel}","templated":true}]}}