{"id":7577,"date":"2026-01-21T13:49:32","date_gmt":"2026-01-21T13:49:32","guid":{"rendered":"https:\/\/allbiomorocco.com\/?post_type=product&#038;p=7577"},"modified":"2026-04-06T17:53:54","modified_gmt":"2026-04-06T17:53:54","slug":"herbe-karouia","status":"publish","type":"product","link":"https:\/\/allbiomorocco.com\/en\/product\/herbe-karouia\/","title":{"rendered":"herbe karouia"},"content":{"rendered":"<h3 data-section-id=\"jknknu\" data-start=\"68\" data-end=\"91\"><span role=\"text\"><strong data-start=\"72\" data-end=\"89\">Description :<\/strong><\/span><\/h3>\n<p data-start=\"92\" data-end=\"468\">La <strong data-start=\"95\" data-end=\"106\">Karouia<\/strong>, aussi appel\u00e9e parfois <strong data-start=\"130\" data-end=\"141\">Corouia<\/strong> ou <strong data-start=\"145\" data-end=\"172\">Herbe Karouia marocaine<\/strong>, est une plante m\u00e9dicinale traditionnelle du Maroc. Elle se reconna\u00eet par ses <strong data-start=\"251\" data-end=\"279\">feuilles fines et vertes<\/strong>, l\u00e9g\u00e8rement rugueuses, et ses <strong data-start=\"310\" data-end=\"327\">tiges souples<\/strong>. Cette plante est surtout utilis\u00e9e en <strong data-start=\"366\" data-end=\"391\">infusion ou d\u00e9coction<\/strong> et est pris\u00e9e pour ses vertus m\u00e9dicinales dans la phytoth\u00e9rapie marocaine.<\/p>\n<p data-start=\"470\" data-end=\"598\">Elle a un go\u00fbt <strong data-start=\"485\" data-end=\"522\">l\u00e9ger, l\u00e9g\u00e8rement amer et herbac\u00e9<\/strong>, et est souvent m\u00e9lang\u00e9e avec d\u2019autres herbes pour les tisanes bien-\u00eatre.<\/p>\n<h3 data-section-id=\"dmslhx\" data-start=\"605\" data-end=\"626\"><span role=\"text\"><strong data-start=\"609\" data-end=\"624\">Bienfaits :<\/strong><\/span><\/h3>\n<ol data-start=\"627\" data-end=\"1115\">\n<li data-section-id=\"fj0l4a\" data-start=\"627\" data-end=\"713\"><strong data-start=\"630\" data-end=\"645\">Digestive :<\/strong> Facilite la digestion et soulage les troubles gastro-intestinaux.<\/li>\n<li data-section-id=\"1mmjucb\" data-start=\"714\" data-end=\"773\"><strong data-start=\"717\" data-end=\"735\">D\u00e9toxifiante :<\/strong> Aide \u00e0 purifier le foie et le sang.<\/li>\n<li data-section-id=\"9n6q0u\" data-start=\"774\" data-end=\"856\"><strong data-start=\"777\" data-end=\"801\">Anti-inflammatoire :<\/strong> Contribue \u00e0 calmer certaines inflammations internes.<\/li>\n<li data-section-id=\"1paqptl\" data-start=\"857\" data-end=\"932\"><strong data-start=\"860\" data-end=\"875\">Relaxante :<\/strong> Favorise la d\u00e9tente et peut aider \u00e0 r\u00e9duire le stress.<\/li>\n<li data-section-id=\"t0xqh1\" data-start=\"933\" data-end=\"1005\"><strong data-start=\"936\" data-end=\"954\">Antioxydante :<\/strong> Prot\u00e8ge les cellules contre les radicaux libres.<\/li>\n<li data-section-id=\"s52jig\" data-start=\"1006\" data-end=\"1115\"><strong data-start=\"1009\" data-end=\"1033\">Usage traditionnel :<\/strong> Parfois utilis\u00e9e pour soutenir la sant\u00e9 respiratoire et le syst\u00e8me immunitaire.<\/li>\n<\/ol>","protected":false},"excerpt":{"rendered":"<p>Description : La Karouia, aussi appel\u00e9e parfois Corouia ou Herbe Karouia marocaine, est une plante m\u00e9dicinale traditionnelle du Maroc. Elle se reconna\u00eet par ses feuilles fines et vertes, l\u00e9g\u00e8rement rugueuses, et ses tiges souples. Cette plante est surtout utilis\u00e9e en infusion ou d\u00e9coction et est pris\u00e9e pour ses vertus m\u00e9dicinales dans la phytoth\u00e9rapie marocaine. Elle [&hellip;]<\/p>\n","protected":false},"featured_media":8038,"comment_status":"closed","ping_status":"closed","template":"","meta":{"_uag_custom_page_level_css":"","site-sidebar-layout":"default","site-content-layout":"","ast-site-content-layout":"default","site-content-style":"default","site-sidebar-style":"default","ast-global-header-display":"","ast-banner-title-visibility":"","ast-main-header-display":"","ast-hfb-above-header-display":"","ast-hfb-below-header-display":"","ast-hfb-mobile-header-display":"","site-post-title":"","ast-breadcrumbs-content":"","ast-featured-img":"","footer-sml-layout":"","ast-disable-related-posts":"","theme-transparent-header-meta":"default","adv-header-id-meta":"","stick-header-meta":"","header-above-stick-meta":"","header-main-stick-meta":"","header-below-stick-meta":"","astra-migrate-meta-layouts":"set","ast-page-background-enabled":"default","ast-page-background-meta":{"desktop":{"background-color":"","background-image":"","background-repeat":"repeat","background-position":"center center","background-size":"auto","background-attachment":"scroll","background-type":"","background-media":"","overlay-type":"","overlay-color":"","overlay-opacity":"","overlay-gradient":""},"tablet":{"background-color":"","background-image":"","background-repeat":"repeat","background-position":"center center","background-size":"auto","background-attachment":"scroll","background-type":"","background-media":"","overlay-type":"","overlay-color":"","overlay-opacity":"","overlay-gradient":""},"mobile":{"background-color":"","background-image":"","background-repeat":"repeat","background-position":"center center","background-size":"auto","background-attachment":"scroll","background-type":"","background-media":"","overlay-type":"","overlay-color":"","overlay-opacity":"","overlay-gradient":""}},"ast-content-background-meta":{"desktop":{"background-color":"var(--ast-global-color-5)","background-image":"","background-repeat":"repeat","background-position":"center center","background-size":"auto","background-attachment":"scroll","background-type":"","background-media":"","overlay-type":"","overlay-color":"","overlay-opacity":"","overlay-gradient":""},"tablet":{"background-color":"var(--ast-global-color-5)","background-image":"","background-repeat":"repeat","background-position":"center center","background-size":"auto","background-attachment":"scroll","background-type":"","background-media":"","overlay-type":"","overlay-color":"","overlay-opacity":"","overlay-gradient":""},"mobile":{"background-color":"var(--ast-global-color-5)","background-image":"","background-repeat":"repeat","background-position":"center center","background-size":"auto","background-attachment":"scroll","background-type":"","background-media":"","overlay-type":"","overlay-color":"","overlay-opacity":"","overlay-gradient":""}}},"product_brand":[],"product_cat":[17],"product_tag":[],"class_list":{"0":"post-7577","1":"product","2":"type-product","3":"status-publish","4":"has-post-thumbnail","6":"product_cat-alimentaires","7":"desktop-align-center","8":"tablet-align-center","9":"mobile-align-center","11":"first","12":"instock","13":"shipping-taxable","14":"purchasable","15":"product-type-simple"},"aioseo_notices":[],"uagb_featured_image_src":{"full":["https:\/\/allbiomorocco.com\/wp-content\/uploads\/2026\/01\/Gemini_Generated_Image_wh7rqwh7rqwh7rqw.png",1024,1024,false],"thumbnail":["https:\/\/allbiomorocco.com\/wp-content\/uploads\/2026\/01\/Gemini_Generated_Image_wh7rqwh7rqwh7rqw-150x150.png",150,150,true],"medium":["https:\/\/allbiomorocco.com\/wp-content\/uploads\/2026\/01\/Gemini_Generated_Image_wh7rqwh7rqwh7rqw-300x300.png",300,300,true],"medium_large":["https:\/\/allbiomorocco.com\/wp-content\/uploads\/2026\/01\/Gemini_Generated_Image_wh7rqwh7rqwh7rqw-768x768.png",768,768,true],"large":["https:\/\/allbiomorocco.com\/wp-content\/uploads\/2026\/01\/Gemini_Generated_Image_wh7rqwh7rqwh7rqw.png",1024,1024,false],"1536x1536":["https:\/\/allbiomorocco.com\/wp-content\/uploads\/2026\/01\/Gemini_Generated_Image_wh7rqwh7rqwh7rqw.png",1024,1024,false],"2048x2048":["https:\/\/allbiomorocco.com\/wp-content\/uploads\/2026\/01\/Gemini_Generated_Image_wh7rqwh7rqwh7rqw.png",1024,1024,false],"trp-custom-language-flag":["https:\/\/allbiomorocco.com\/wp-content\/uploads\/2026\/01\/Gemini_Generated_Image_wh7rqwh7rqwh7rqw-12x12.png",12,12,true],"woocommerce_thumbnail":["https:\/\/allbiomorocco.com\/wp-content\/uploads\/2026\/01\/Gemini_Generated_Image_wh7rqwh7rqwh7rqw-300x300.png",300,300,true],"woocommerce_single":["https:\/\/allbiomorocco.com\/wp-content\/uploads\/2026\/01\/Gemini_Generated_Image_wh7rqwh7rqwh7rqw-600x600.png",600,600,true],"woocommerce_gallery_thumbnail":["https:\/\/allbiomorocco.com\/wp-content\/uploads\/2026\/01\/Gemini_Generated_Image_wh7rqwh7rqwh7rqw-100x100.png",100,100,true]},"uagb_author_info":{"display_name":"NOUZHA ABARDAQ","author_link":"https:\/\/allbiomorocco.com\/en\/author\/"},"uagb_comment_info":0,"uagb_excerpt":"Description : La Karouia, aussi appel\u00e9e parfois Corouia ou Herbe Karouia marocaine, est une plante m\u00e9dicinale traditionnelle du Maroc. Elle se reconna\u00eet par ses feuilles fines et vertes, l\u00e9g\u00e8rement rugueuses, et ses tiges souples. Cette plante est surtout utilis\u00e9e en infusion ou d\u00e9coction et est pris\u00e9e pour ses vertus m\u00e9dicinales dans la phytoth\u00e9rapie marocaine. Elle&hellip;","_links":{"self":[{"href":"https:\/\/allbiomorocco.com\/en\/wp-json\/wp\/v2\/product\/7577","targetHints":{"allow":["GET"]}}],"collection":[{"href":"https:\/\/allbiomorocco.com\/en\/wp-json\/wp\/v2\/product"}],"about":[{"href":"https:\/\/allbiomorocco.com\/en\/wp-json\/wp\/v2\/types\/product"}],"replies":[{"embeddable":true,"href":"https:\/\/allbiomorocco.com\/en\/wp-json\/wp\/v2\/comments?post=7577"}],"wp:featuredmedia":[{"embeddable":true,"href":"https:\/\/allbiomorocco.com\/en\/wp-json\/wp\/v2\/media\/8038"}],"wp:attachment":[{"href":"https:\/\/allbiomorocco.com\/en\/wp-json\/wp\/v2\/media?parent=7577"}],"wp:term":[{"taxonomy":"product_brand","embeddable":true,"href":"https:\/\/allbiomorocco.com\/en\/wp-json\/wp\/v2\/product_brand?post=7577"},{"taxonomy":"product_cat","embeddable":true,"href":"https:\/\/allbiomorocco.com\/en\/wp-json\/wp\/v2\/product_cat?post=7577"},{"taxonomy":"product_tag","embeddable":true,"href":"https:\/\/allbiomorocco.com\/en\/wp-json\/wp\/v2\/product_tag?post=7577"}],"curies":[{"name":"wp","href":"https:\/\/api.w.org\/{rel}","templated":true}]}}