{"id":7578,"date":"2026-01-21T13:49:32","date_gmt":"2026-01-21T13:49:32","guid":{"rendered":"https:\/\/allbiomorocco.com\/?post_type=product&#038;p=7578"},"modified":"2026-04-10T15:36:32","modified_gmt":"2026-04-10T15:36:32","slug":"herbe-akpi","status":"publish","type":"product","link":"https:\/\/allbiomorocco.com\/en\/product\/herbe-akpi\/","title":{"rendered":"Herbe Akpi"},"content":{"rendered":"<p>Les graines d\u2019Akpi sont petites, de couleur brun fonc\u00e9, avec une texture l\u00e9g\u00e8rement huileuse. Elles sont souvent r\u00e9duites en poudre ou transform\u00e9es en huile.<\/p>\n<h2 data-section-id=\"p4bcsk\" data-start=\"468\" data-end=\"482\">\u2728 Bienfaits<\/h2>\n<h3 data-section-id=\"o0spik\" data-start=\"484\" data-end=\"510\">\ud83d\udc87\u200d\u2640\ufe0f Pour les cheveux<\/h3>\n<ul data-start=\"511\" data-end=\"685\">\n<li data-section-id=\"10l8b80\" data-start=\"511\" data-end=\"556\">Favorise la <strong data-start=\"525\" data-end=\"542\">pousse rapide<\/strong> des cheveux<\/li>\n<li data-section-id=\"79r7tx\" data-start=\"557\" data-end=\"604\">Renforce les cheveux et limite la <strong data-start=\"593\" data-end=\"602\">chute<\/strong><\/li>\n<li data-section-id=\"ha5s5t\" data-start=\"605\" data-end=\"643\">Apporte <strong data-start=\"615\" data-end=\"628\">brillance<\/strong> et souplesse<\/li>\n<li data-section-id=\"1e9qhd2\" data-start=\"644\" data-end=\"685\">Nourrit en profondeur le cuir chevelu<\/li>\n<\/ul>\n<h3 data-section-id=\"7d7it2\" data-start=\"687\" data-end=\"706\">\ud83c\udf38 Pour la peau<\/h3>\n<ul data-start=\"707\" data-end=\"871\">\n<li data-section-id=\"17cytcn\" data-start=\"707\" data-end=\"741\">Hydrate et nourrit intens\u00e9ment<\/li>\n<li data-section-id=\"wxeaph\" data-start=\"742\" data-end=\"782\">Am\u00e9liore l\u2019<strong data-start=\"755\" data-end=\"769\">\u00e9lasticit\u00e9<\/strong> de la peau<\/li>\n<li data-section-id=\"1a0gz7m\" data-start=\"783\" data-end=\"828\">Aide \u00e0 raffermir certaines zones du corps<\/li>\n<li data-section-id=\"18wfi6m\" data-start=\"829\" data-end=\"871\">Donne un aspect plus lisse et \u00e9clatant<\/li>\n<\/ul>\n<h3 data-section-id=\"t2skus\" data-start=\"873\" data-end=\"896\">\ud83c\udf43 Autres bienfaits<\/h3>\n<ul data-start=\"897\" data-end=\"1029\">\n<li data-section-id=\"jbpdlt\" data-start=\"897\" data-end=\"936\">Riche en <strong data-start=\"908\" data-end=\"934\">acides gras essentiels<\/strong><\/li>\n<li data-section-id=\"wfi7mz\" data-start=\"937\" data-end=\"974\">Source de <strong data-start=\"949\" data-end=\"972\">prot\u00e9ines v\u00e9g\u00e9tales<\/strong><\/li>\n<li data-section-id=\"h10lp4\" data-start=\"975\" data-end=\"1029\">Utilis\u00e9e traditionnellement pour tonifier le corps<\/li>\n<\/ul>","protected":false},"excerpt":{"rendered":"<p>Les graines d\u2019Akpi sont petites, de couleur brun fonc\u00e9, avec une texture l\u00e9g\u00e8rement huileuse. Elles sont souvent r\u00e9duites en poudre ou transform\u00e9es en huile. \u2728 Bienfaits \ud83d\udc87\u200d\u2640\ufe0f Pour les cheveux Favorise la pousse rapide des cheveux Renforce les cheveux et limite la chute Apporte brillance et souplesse Nourrit en profondeur le cuir chevelu \ud83c\udf38 Pour [&hellip;]<\/p>\n","protected":false},"featured_media":8065,"comment_status":"closed","ping_status":"closed","template":"","meta":{"_uag_custom_page_level_css":"","site-sidebar-layout":"default","site-content-layout":"","ast-site-content-layout":"default","site-content-style":"default","site-sidebar-style":"default","ast-global-header-display":"","ast-banner-title-visibility":"","ast-main-header-display":"","ast-hfb-above-header-display":"","ast-hfb-below-header-display":"","ast-hfb-mobile-header-display":"","site-post-title":"","ast-breadcrumbs-content":"","ast-featured-img":"","footer-sml-layout":"","ast-disable-related-posts":"","theme-transparent-header-meta":"default","adv-header-id-meta":"","stick-header-meta":"","header-above-stick-meta":"","header-main-stick-meta":"","header-below-stick-meta":"","astra-migrate-meta-layouts":"set","ast-page-background-enabled":"default","ast-page-background-meta":{"desktop":{"background-color":"","background-image":"","background-repeat":"repeat","background-position":"center center","background-size":"auto","background-attachment":"scroll","background-type":"","background-media":"","overlay-type":"","overlay-color":"","overlay-opacity":"","overlay-gradient":""},"tablet":{"background-color":"","background-image":"","background-repeat":"repeat","background-position":"center center","background-size":"auto","background-attachment":"scroll","background-type":"","background-media":"","overlay-type":"","overlay-color":"","overlay-opacity":"","overlay-gradient":""},"mobile":{"background-color":"","background-image":"","background-repeat":"repeat","background-position":"center center","background-size":"auto","background-attachment":"scroll","background-type":"","background-media":"","overlay-type":"","overlay-color":"","overlay-opacity":"","overlay-gradient":""}},"ast-content-background-meta":{"desktop":{"background-color":"var(--ast-global-color-5)","background-image":"","background-repeat":"repeat","background-position":"center center","background-size":"auto","background-attachment":"scroll","background-type":"","background-media":"","overlay-type":"","overlay-color":"","overlay-opacity":"","overlay-gradient":""},"tablet":{"background-color":"var(--ast-global-color-5)","background-image":"","background-repeat":"repeat","background-position":"center center","background-size":"auto","background-attachment":"scroll","background-type":"","background-media":"","overlay-type":"","overlay-color":"","overlay-opacity":"","overlay-gradient":""},"mobile":{"background-color":"var(--ast-global-color-5)","background-image":"","background-repeat":"repeat","background-position":"center center","background-size":"auto","background-attachment":"scroll","background-type":"","background-media":"","overlay-type":"","overlay-color":"","overlay-opacity":"","overlay-gradient":""}}},"product_brand":[],"product_cat":[17],"product_tag":[],"class_list":{"0":"post-7578","1":"product","2":"type-product","3":"status-publish","4":"has-post-thumbnail","6":"product_cat-alimentaires","7":"desktop-align-center","8":"tablet-align-center","9":"mobile-align-center","11":"first","12":"instock","13":"shipping-taxable","14":"purchasable","15":"product-type-simple"},"aioseo_notices":[],"uagb_featured_image_src":{"full":["https:\/\/allbiomorocco.com\/wp-content\/uploads\/2026\/01\/Gemini_Generated_Image_iks4ktiks4ktiks4-614x614-1.png",614,614,false],"thumbnail":["https:\/\/allbiomorocco.com\/wp-content\/uploads\/2026\/01\/Gemini_Generated_Image_iks4ktiks4ktiks4-614x614-1-150x150.png",150,150,true],"medium":["https:\/\/allbiomorocco.com\/wp-content\/uploads\/2026\/01\/Gemini_Generated_Image_iks4ktiks4ktiks4-614x614-1-300x300.png",300,300,true],"medium_large":["https:\/\/allbiomorocco.com\/wp-content\/uploads\/2026\/01\/Gemini_Generated_Image_iks4ktiks4ktiks4-614x614-1.png",614,614,false],"large":["https:\/\/allbiomorocco.com\/wp-content\/uploads\/2026\/01\/Gemini_Generated_Image_iks4ktiks4ktiks4-614x614-1.png",614,614,false],"1536x1536":["https:\/\/allbiomorocco.com\/wp-content\/uploads\/2026\/01\/Gemini_Generated_Image_iks4ktiks4ktiks4-614x614-1.png",614,614,false],"2048x2048":["https:\/\/allbiomorocco.com\/wp-content\/uploads\/2026\/01\/Gemini_Generated_Image_iks4ktiks4ktiks4-614x614-1.png",614,614,false],"trp-custom-language-flag":["https:\/\/allbiomorocco.com\/wp-content\/uploads\/2026\/01\/Gemini_Generated_Image_iks4ktiks4ktiks4-614x614-1-12x12.png",12,12,true],"woocommerce_thumbnail":["https:\/\/allbiomorocco.com\/wp-content\/uploads\/2026\/01\/Gemini_Generated_Image_iks4ktiks4ktiks4-614x614-1-300x300.png",300,300,true],"woocommerce_single":["https:\/\/allbiomorocco.com\/wp-content\/uploads\/2026\/01\/Gemini_Generated_Image_iks4ktiks4ktiks4-614x614-1-600x600.png",600,600,true],"woocommerce_gallery_thumbnail":["https:\/\/allbiomorocco.com\/wp-content\/uploads\/2026\/01\/Gemini_Generated_Image_iks4ktiks4ktiks4-614x614-1-100x100.png",100,100,true]},"uagb_author_info":{"display_name":"NOUZHA ABARDAQ","author_link":"https:\/\/allbiomorocco.com\/en\/author\/"},"uagb_comment_info":0,"uagb_excerpt":"Les graines d\u2019Akpi sont petites, de couleur brun fonc\u00e9, avec une texture l\u00e9g\u00e8rement huileuse. Elles sont souvent r\u00e9duites en poudre ou transform\u00e9es en huile. \u2728 Bienfaits \ud83d\udc87\u200d\u2640\ufe0f Pour les cheveux Favorise la pousse rapide des cheveux Renforce les cheveux et limite la chute Apporte brillance et souplesse Nourrit en profondeur le cuir chevelu \ud83c\udf38 Pour&hellip;","_links":{"self":[{"href":"https:\/\/allbiomorocco.com\/en\/wp-json\/wp\/v2\/product\/7578","targetHints":{"allow":["GET"]}}],"collection":[{"href":"https:\/\/allbiomorocco.com\/en\/wp-json\/wp\/v2\/product"}],"about":[{"href":"https:\/\/allbiomorocco.com\/en\/wp-json\/wp\/v2\/types\/product"}],"replies":[{"embeddable":true,"href":"https:\/\/allbiomorocco.com\/en\/wp-json\/wp\/v2\/comments?post=7578"}],"wp:featuredmedia":[{"embeddable":true,"href":"https:\/\/allbiomorocco.com\/en\/wp-json\/wp\/v2\/media\/8065"}],"wp:attachment":[{"href":"https:\/\/allbiomorocco.com\/en\/wp-json\/wp\/v2\/media?parent=7578"}],"wp:term":[{"taxonomy":"product_brand","embeddable":true,"href":"https:\/\/allbiomorocco.com\/en\/wp-json\/wp\/v2\/product_brand?post=7578"},{"taxonomy":"product_cat","embeddable":true,"href":"https:\/\/allbiomorocco.com\/en\/wp-json\/wp\/v2\/product_cat?post=7578"},{"taxonomy":"product_tag","embeddable":true,"href":"https:\/\/allbiomorocco.com\/en\/wp-json\/wp\/v2\/product_tag?post=7578"}],"curies":[{"name":"wp","href":"https:\/\/api.w.org\/{rel}","templated":true}]}}