{"id":7579,"date":"2026-01-21T13:49:33","date_gmt":"2026-01-21T13:49:33","guid":{"rendered":"https:\/\/allbiomorocco.com\/?post_type=product&#038;p=7579"},"modified":"2026-04-06T17:21:20","modified_gmt":"2026-04-06T17:21:20","slug":"herbe-fennel-nafii","status":"publish","type":"product","link":"https:\/\/allbiomorocco.com\/en\/product\/herbe-fennel-nafii\/","title":{"rendered":"Herbe Fennel \u0627\u0644\u0646\u0627\u0641\u0639 \/ \u0627\u0644\u0634\u0645\u0631"},"content":{"rendered":"<p data-start=\"149\" data-end=\"486\"><strong data-start=\"149\" data-end=\"166\">Description :<\/strong><br data-start=\"166\" data-end=\"169\" \/>Le fenouil est une plante aromatique et m\u00e9dicinale originaire de la r\u00e9gion m\u00e9diterran\u00e9enne. Ses feuilles fines et plumeuses, ainsi que ses graines parfum\u00e9es, sont utilis\u00e9es en cuisine et en phytoth\u00e9rapie. Le fenouil a un go\u00fbt l\u00e9g\u00e8rement sucr\u00e9 et anis\u00e9, et se consomme en infusion, en d\u00e9coction ou en assaisonnement.<\/p>\n<p data-start=\"488\" data-end=\"505\"><strong data-start=\"488\" data-end=\"503\">Bienfaits :<\/strong><\/p>\n<ol data-start=\"506\" data-end=\"1318\">\n<li data-section-id=\"chvfzw\" data-start=\"506\" data-end=\"662\"><strong data-start=\"509\" data-end=\"534\">Digestion facilit\u00e9e :<\/strong> Le fenouil aide \u00e0 r\u00e9duire les ballonnements, les gaz et les troubles digestifs. Il favorise la s\u00e9cr\u00e9tion des sucs gastriques.<\/li>\n<li data-section-id=\"1f0esz8\" data-start=\"663\" data-end=\"774\"><strong data-start=\"666\" data-end=\"694\">Propri\u00e9t\u00e9s diur\u00e9tiques :<\/strong> Il aide \u00e0 \u00e9liminer l\u2019exc\u00e8s d\u2019eau dans le corps et favorise la d\u00e9toxification.<\/li>\n<li data-section-id=\"1tjf1q7\" data-start=\"775\" data-end=\"898\"><strong data-start=\"778\" data-end=\"804\">Soutien respiratoire :<\/strong> Les infusions de fenouil peuvent aider \u00e0 soulager la toux et les congestions respiratoires.<\/li>\n<li data-section-id=\"1jg7g0d\" data-start=\"899\" data-end=\"1029\"><strong data-start=\"902\" data-end=\"925\">Effet antioxydant :<\/strong> Riche en flavono\u00efdes et en vitamines, il contribue \u00e0 prot\u00e9ger les cellules contre le stress oxydatif.<\/li>\n<li data-section-id=\"osrwr\" data-start=\"1030\" data-end=\"1193\"><strong data-start=\"1033\" data-end=\"1057\">\u00c9quilibre hormonal :<\/strong> Le fenouil peut aider \u00e0 r\u00e9guler les sympt\u00f4mes li\u00e9s aux d\u00e9s\u00e9quilibres hormonaux, notamment chez les femmes (m\u00e9nopause, menstruations).<\/li>\n<li data-section-id=\"uy7ylk\" data-start=\"1194\" data-end=\"1318\"><strong data-start=\"1197\" data-end=\"1225\">Sant\u00e9 cardiovasculaire :<\/strong> Ses compos\u00e9s aident \u00e0 r\u00e9duire le cholest\u00e9rol et favorisent une bonne circulation sanguine.<\/li>\n<\/ol>","protected":false},"excerpt":{"rendered":"<p>Description :Le fenouil est une plante aromatique et m\u00e9dicinale originaire de la r\u00e9gion m\u00e9diterran\u00e9enne. Ses feuilles fines et plumeuses, ainsi que ses graines parfum\u00e9es, sont utilis\u00e9es en cuisine et en phytoth\u00e9rapie. Le fenouil a un go\u00fbt l\u00e9g\u00e8rement sucr\u00e9 et anis\u00e9, et se consomme en infusion, en d\u00e9coction ou en assaisonnement. Bienfaits : Digestion facilit\u00e9e : [&hellip;]<\/p>\n","protected":false},"featured_media":8032,"comment_status":"closed","ping_status":"closed","template":"","meta":{"_uag_custom_page_level_css":"","site-sidebar-layout":"default","site-content-layout":"","ast-site-content-layout":"default","site-content-style":"default","site-sidebar-style":"default","ast-global-header-display":"","ast-banner-title-visibility":"","ast-main-header-display":"","ast-hfb-above-header-display":"","ast-hfb-below-header-display":"","ast-hfb-mobile-header-display":"","site-post-title":"","ast-breadcrumbs-content":"","ast-featured-img":"","footer-sml-layout":"","ast-disable-related-posts":"","theme-transparent-header-meta":"default","adv-header-id-meta":"","stick-header-meta":"","header-above-stick-meta":"","header-main-stick-meta":"","header-below-stick-meta":"","astra-migrate-meta-layouts":"set","ast-page-background-enabled":"default","ast-page-background-meta":{"desktop":{"background-color":"","background-image":"","background-repeat":"repeat","background-position":"center center","background-size":"auto","background-attachment":"scroll","background-type":"","background-media":"","overlay-type":"","overlay-color":"","overlay-opacity":"","overlay-gradient":""},"tablet":{"background-color":"","background-image":"","background-repeat":"repeat","background-position":"center center","background-size":"auto","background-attachment":"scroll","background-type":"","background-media":"","overlay-type":"","overlay-color":"","overlay-opacity":"","overlay-gradient":""},"mobile":{"background-color":"","background-image":"","background-repeat":"repeat","background-position":"center center","background-size":"auto","background-attachment":"scroll","background-type":"","background-media":"","overlay-type":"","overlay-color":"","overlay-opacity":"","overlay-gradient":""}},"ast-content-background-meta":{"desktop":{"background-color":"var(--ast-global-color-5)","background-image":"","background-repeat":"repeat","background-position":"center center","background-size":"auto","background-attachment":"scroll","background-type":"","background-media":"","overlay-type":"","overlay-color":"","overlay-opacity":"","overlay-gradient":""},"tablet":{"background-color":"var(--ast-global-color-5)","background-image":"","background-repeat":"repeat","background-position":"center center","background-size":"auto","background-attachment":"scroll","background-type":"","background-media":"","overlay-type":"","overlay-color":"","overlay-opacity":"","overlay-gradient":""},"mobile":{"background-color":"var(--ast-global-color-5)","background-image":"","background-repeat":"repeat","background-position":"center center","background-size":"auto","background-attachment":"scroll","background-type":"","background-media":"","overlay-type":"","overlay-color":"","overlay-opacity":"","overlay-gradient":""}}},"product_brand":[],"product_cat":[17],"product_tag":[],"class_list":{"0":"post-7579","1":"product","2":"type-product","3":"status-publish","4":"has-post-thumbnail","6":"product_cat-alimentaires","7":"desktop-align-center","8":"tablet-align-center","9":"mobile-align-center","11":"first","12":"instock","13":"shipping-taxable","14":"purchasable","15":"product-type-simple"},"aioseo_notices":[],"uagb_featured_image_src":{"full":["https:\/\/allbiomorocco.com\/wp-content\/uploads\/2026\/01\/Pochon-de-graines-de-fenouil.png",1024,1536,false],"thumbnail":["https:\/\/allbiomorocco.com\/wp-content\/uploads\/2026\/01\/Pochon-de-graines-de-fenouil-150x150.png",150,150,true],"medium":["https:\/\/allbiomorocco.com\/wp-content\/uploads\/2026\/01\/Pochon-de-graines-de-fenouil-200x300.png",200,300,true],"medium_large":["https:\/\/allbiomorocco.com\/wp-content\/uploads\/2026\/01\/Pochon-de-graines-de-fenouil-768x1152.png",768,1152,true],"large":["https:\/\/allbiomorocco.com\/wp-content\/uploads\/2026\/01\/Pochon-de-graines-de-fenouil-683x1024.png",683,1024,true],"1536x1536":["https:\/\/allbiomorocco.com\/wp-content\/uploads\/2026\/01\/Pochon-de-graines-de-fenouil.png",1024,1536,false],"2048x2048":["https:\/\/allbiomorocco.com\/wp-content\/uploads\/2026\/01\/Pochon-de-graines-de-fenouil.png",1024,1536,false],"trp-custom-language-flag":["https:\/\/allbiomorocco.com\/wp-content\/uploads\/2026\/01\/Pochon-de-graines-de-fenouil-8x12.png",8,12,true],"woocommerce_thumbnail":["https:\/\/allbiomorocco.com\/wp-content\/uploads\/2026\/01\/Pochon-de-graines-de-fenouil-300x300.png",300,300,true],"woocommerce_single":["https:\/\/allbiomorocco.com\/wp-content\/uploads\/2026\/01\/Pochon-de-graines-de-fenouil-600x900.png",600,900,true],"woocommerce_gallery_thumbnail":["https:\/\/allbiomorocco.com\/wp-content\/uploads\/2026\/01\/Pochon-de-graines-de-fenouil-100x100.png",100,100,true]},"uagb_author_info":{"display_name":"NOUZHA ABARDAQ","author_link":"https:\/\/allbiomorocco.com\/en\/author\/"},"uagb_comment_info":0,"uagb_excerpt":"Description :Le fenouil est une plante aromatique et m\u00e9dicinale originaire de la r\u00e9gion m\u00e9diterran\u00e9enne. Ses feuilles fines et plumeuses, ainsi que ses graines parfum\u00e9es, sont utilis\u00e9es en cuisine et en phytoth\u00e9rapie. Le fenouil a un go\u00fbt l\u00e9g\u00e8rement sucr\u00e9 et anis\u00e9, et se consomme en infusion, en d\u00e9coction ou en assaisonnement. Bienfaits : Digestion facilit\u00e9e :&hellip;","_links":{"self":[{"href":"https:\/\/allbiomorocco.com\/en\/wp-json\/wp\/v2\/product\/7579","targetHints":{"allow":["GET"]}}],"collection":[{"href":"https:\/\/allbiomorocco.com\/en\/wp-json\/wp\/v2\/product"}],"about":[{"href":"https:\/\/allbiomorocco.com\/en\/wp-json\/wp\/v2\/types\/product"}],"replies":[{"embeddable":true,"href":"https:\/\/allbiomorocco.com\/en\/wp-json\/wp\/v2\/comments?post=7579"}],"wp:featuredmedia":[{"embeddable":true,"href":"https:\/\/allbiomorocco.com\/en\/wp-json\/wp\/v2\/media\/8032"}],"wp:attachment":[{"href":"https:\/\/allbiomorocco.com\/en\/wp-json\/wp\/v2\/media?parent=7579"}],"wp:term":[{"taxonomy":"product_brand","embeddable":true,"href":"https:\/\/allbiomorocco.com\/en\/wp-json\/wp\/v2\/product_brand?post=7579"},{"taxonomy":"product_cat","embeddable":true,"href":"https:\/\/allbiomorocco.com\/en\/wp-json\/wp\/v2\/product_cat?post=7579"},{"taxonomy":"product_tag","embeddable":true,"href":"https:\/\/allbiomorocco.com\/en\/wp-json\/wp\/v2\/product_tag?post=7579"}],"curies":[{"name":"wp","href":"https:\/\/api.w.org\/{rel}","templated":true}]}}