{"id":7580,"date":"2026-01-21T13:49:33","date_gmt":"2026-01-21T13:49:33","guid":{"rendered":"https:\/\/allbiomorocco.com\/?post_type=product&#038;p=7580"},"modified":"2026-04-06T17:43:06","modified_gmt":"2026-04-06T17:43:06","slug":"herbe-menthe-calamintha","status":"publish","type":"product","link":"https:\/\/allbiomorocco.com\/en\/product\/herbe-menthe-calamintha\/","title":{"rendered":"herbe menthe calamintha"},"content":{"rendered":"<h3 data-section-id=\"1jun8pm\" data-start=\"77\" data-end=\"98\"><span role=\"text\"><strong data-start=\"81\" data-end=\"98\">Description :<\/strong><\/span><\/h3>\n<p data-start=\"99\" data-end=\"552\">La <strong data-start=\"102\" data-end=\"123\">Menthe Calamintha<\/strong>, \u00e9galement connue sous le nom de <strong data-start=\"157\" data-end=\"169\">Calament<\/strong> ou <strong data-start=\"173\" data-end=\"189\">Menthe d\u2019eau<\/strong>, est une plante aromatique vivace appartenant \u00e0 la famille des Lamiac\u00e9es. Elle pousse principalement dans les zones m\u00e9diterran\u00e9ennes et est reconnaissable \u00e0 ses <strong data-start=\"351\" data-end=\"396\">feuilles vertes ovales l\u00e9g\u00e8rement poilues<\/strong> et \u00e0 ses <strong data-start=\"406\" data-end=\"445\">petites fleurs lilas \u00e0 violet clair<\/strong> qui apparaissent en \u00e9t\u00e9. Elle d\u00e9gage un parfum <strong data-start=\"493\" data-end=\"514\">frais et menthol\u00e9<\/strong>, plus doux que la menthe classique.<\/p>\n<p data-start=\"554\" data-end=\"701\">Cette plante est souvent utilis\u00e9e en <strong data-start=\"591\" data-end=\"639\">infusion, en tisane, ou en huile essentielle<\/strong>, ainsi qu\u2019en <strong data-start=\"653\" data-end=\"698\">cuisine pour aromatiser plats et desserts<\/strong>.<\/p>\n<h3 data-section-id=\"pwnoph\" data-start=\"708\" data-end=\"727\"><span role=\"text\"><strong data-start=\"712\" data-end=\"727\">Bienfaits :<\/strong><\/span><\/h3>\n<ol data-start=\"728\" data-end=\"1300\">\n<li data-section-id=\"o9falg\" data-start=\"728\" data-end=\"823\"><strong data-start=\"731\" data-end=\"746\">Digestive :<\/strong> Aide \u00e0 soulager les ballonnements, les maux d\u2019estomac et les indigestions.<\/li>\n<li data-section-id=\"19xos31\" data-start=\"824\" data-end=\"917\"><strong data-start=\"827\" data-end=\"848\">Antispasmodique :<\/strong> Peut r\u00e9duire les crampes intestinales et les tensions musculaires.<\/li>\n<li data-section-id=\"z6nrtq\" data-start=\"918\" data-end=\"1004\"><strong data-start=\"921\" data-end=\"936\">Relaxante :<\/strong> Son parfum doux favorise la d\u00e9tente et peut am\u00e9liorer le sommeil.<\/li>\n<li data-section-id=\"su2vyg\" data-start=\"1005\" data-end=\"1088\"><strong data-start=\"1008\" data-end=\"1026\">Respiratoire :<\/strong> Aide \u00e0 d\u00e9gager les voies respiratoires et \u00e0 calmer la toux.<\/li>\n<li data-section-id=\"2dht1d\" data-start=\"1089\" data-end=\"1192\"><strong data-start=\"1092\" data-end=\"1110\">Antioxydante :<\/strong> Prot\u00e8ge l\u2019organisme contre le stress oxydatif gr\u00e2ce \u00e0 ses compos\u00e9s ph\u00e9noliques.<\/li>\n<li data-section-id=\"1flfxys\" data-start=\"1193\" data-end=\"1300\"><strong data-start=\"1196\" data-end=\"1225\">Culinaire et aromatique :<\/strong> Id\u00e9ale pour parfumer les tisanes, les desserts, et certains plats sal\u00e9s.<\/li>\n<\/ol>","protected":false},"excerpt":{"rendered":"<p>Description : La Menthe Calamintha, \u00e9galement connue sous le nom de Calament ou Menthe d\u2019eau, est une plante aromatique vivace appartenant \u00e0 la famille des Lamiac\u00e9es. Elle pousse principalement dans les zones m\u00e9diterran\u00e9ennes et est reconnaissable \u00e0 ses feuilles vertes ovales l\u00e9g\u00e8rement poilues et \u00e0 ses petites fleurs lilas \u00e0 violet clair qui apparaissent en [&hellip;]<\/p>\n","protected":false},"featured_media":8036,"comment_status":"closed","ping_status":"closed","template":"","meta":{"_uag_custom_page_level_css":"","site-sidebar-layout":"default","site-content-layout":"","ast-site-content-layout":"default","site-content-style":"default","site-sidebar-style":"default","ast-global-header-display":"","ast-banner-title-visibility":"","ast-main-header-display":"","ast-hfb-above-header-display":"","ast-hfb-below-header-display":"","ast-hfb-mobile-header-display":"","site-post-title":"","ast-breadcrumbs-content":"","ast-featured-img":"","footer-sml-layout":"","ast-disable-related-posts":"","theme-transparent-header-meta":"default","adv-header-id-meta":"","stick-header-meta":"","header-above-stick-meta":"","header-main-stick-meta":"","header-below-stick-meta":"","astra-migrate-meta-layouts":"set","ast-page-background-enabled":"default","ast-page-background-meta":{"desktop":{"background-color":"","background-image":"","background-repeat":"repeat","background-position":"center center","background-size":"auto","background-attachment":"scroll","background-type":"","background-media":"","overlay-type":"","overlay-color":"","overlay-opacity":"","overlay-gradient":""},"tablet":{"background-color":"","background-image":"","background-repeat":"repeat","background-position":"center center","background-size":"auto","background-attachment":"scroll","background-type":"","background-media":"","overlay-type":"","overlay-color":"","overlay-opacity":"","overlay-gradient":""},"mobile":{"background-color":"","background-image":"","background-repeat":"repeat","background-position":"center center","background-size":"auto","background-attachment":"scroll","background-type":"","background-media":"","overlay-type":"","overlay-color":"","overlay-opacity":"","overlay-gradient":""}},"ast-content-background-meta":{"desktop":{"background-color":"var(--ast-global-color-5)","background-image":"","background-repeat":"repeat","background-position":"center center","background-size":"auto","background-attachment":"scroll","background-type":"","background-media":"","overlay-type":"","overlay-color":"","overlay-opacity":"","overlay-gradient":""},"tablet":{"background-color":"var(--ast-global-color-5)","background-image":"","background-repeat":"repeat","background-position":"center center","background-size":"auto","background-attachment":"scroll","background-type":"","background-media":"","overlay-type":"","overlay-color":"","overlay-opacity":"","overlay-gradient":""},"mobile":{"background-color":"var(--ast-global-color-5)","background-image":"","background-repeat":"repeat","background-position":"center center","background-size":"auto","background-attachment":"scroll","background-type":"","background-media":"","overlay-type":"","overlay-color":"","overlay-opacity":"","overlay-gradient":""}}},"product_brand":[],"product_cat":[17],"product_tag":[],"class_list":{"0":"post-7580","1":"product","2":"type-product","3":"status-publish","4":"has-post-thumbnail","6":"product_cat-alimentaires","7":"desktop-align-center","8":"tablet-align-center","9":"mobile-align-center","11":"first","12":"instock","13":"shipping-taxable","14":"purchasable","15":"product-type-simple"},"aioseo_notices":[],"uagb_featured_image_src":{"full":["https:\/\/allbiomorocco.com\/wp-content\/uploads\/2026\/01\/Gemini_Generated_Image_yvqmbsyvqmbsyvqm.png",1024,1024,false],"thumbnail":["https:\/\/allbiomorocco.com\/wp-content\/uploads\/2026\/01\/Gemini_Generated_Image_yvqmbsyvqmbsyvqm-150x150.png",150,150,true],"medium":["https:\/\/allbiomorocco.com\/wp-content\/uploads\/2026\/01\/Gemini_Generated_Image_yvqmbsyvqmbsyvqm-300x300.png",300,300,true],"medium_large":["https:\/\/allbiomorocco.com\/wp-content\/uploads\/2026\/01\/Gemini_Generated_Image_yvqmbsyvqmbsyvqm-768x768.png",768,768,true],"large":["https:\/\/allbiomorocco.com\/wp-content\/uploads\/2026\/01\/Gemini_Generated_Image_yvqmbsyvqmbsyvqm.png",1024,1024,false],"1536x1536":["https:\/\/allbiomorocco.com\/wp-content\/uploads\/2026\/01\/Gemini_Generated_Image_yvqmbsyvqmbsyvqm.png",1024,1024,false],"2048x2048":["https:\/\/allbiomorocco.com\/wp-content\/uploads\/2026\/01\/Gemini_Generated_Image_yvqmbsyvqmbsyvqm.png",1024,1024,false],"trp-custom-language-flag":["https:\/\/allbiomorocco.com\/wp-content\/uploads\/2026\/01\/Gemini_Generated_Image_yvqmbsyvqmbsyvqm-12x12.png",12,12,true],"woocommerce_thumbnail":["https:\/\/allbiomorocco.com\/wp-content\/uploads\/2026\/01\/Gemini_Generated_Image_yvqmbsyvqmbsyvqm-300x300.png",300,300,true],"woocommerce_single":["https:\/\/allbiomorocco.com\/wp-content\/uploads\/2026\/01\/Gemini_Generated_Image_yvqmbsyvqmbsyvqm-600x600.png",600,600,true],"woocommerce_gallery_thumbnail":["https:\/\/allbiomorocco.com\/wp-content\/uploads\/2026\/01\/Gemini_Generated_Image_yvqmbsyvqmbsyvqm-100x100.png",100,100,true]},"uagb_author_info":{"display_name":"NOUZHA ABARDAQ","author_link":"https:\/\/allbiomorocco.com\/en\/author\/"},"uagb_comment_info":0,"uagb_excerpt":"Description : La Menthe Calamintha, \u00e9galement connue sous le nom de Calament ou Menthe d\u2019eau, est une plante aromatique vivace appartenant \u00e0 la famille des Lamiac\u00e9es. Elle pousse principalement dans les zones m\u00e9diterran\u00e9ennes et est reconnaissable \u00e0 ses feuilles vertes ovales l\u00e9g\u00e8rement poilues et \u00e0 ses petites fleurs lilas \u00e0 violet clair qui apparaissent en&hellip;","_links":{"self":[{"href":"https:\/\/allbiomorocco.com\/en\/wp-json\/wp\/v2\/product\/7580","targetHints":{"allow":["GET"]}}],"collection":[{"href":"https:\/\/allbiomorocco.com\/en\/wp-json\/wp\/v2\/product"}],"about":[{"href":"https:\/\/allbiomorocco.com\/en\/wp-json\/wp\/v2\/types\/product"}],"replies":[{"embeddable":true,"href":"https:\/\/allbiomorocco.com\/en\/wp-json\/wp\/v2\/comments?post=7580"}],"wp:featuredmedia":[{"embeddable":true,"href":"https:\/\/allbiomorocco.com\/en\/wp-json\/wp\/v2\/media\/8036"}],"wp:attachment":[{"href":"https:\/\/allbiomorocco.com\/en\/wp-json\/wp\/v2\/media?parent=7580"}],"wp:term":[{"taxonomy":"product_brand","embeddable":true,"href":"https:\/\/allbiomorocco.com\/en\/wp-json\/wp\/v2\/product_brand?post=7580"},{"taxonomy":"product_cat","embeddable":true,"href":"https:\/\/allbiomorocco.com\/en\/wp-json\/wp\/v2\/product_cat?post=7580"},{"taxonomy":"product_tag","embeddable":true,"href":"https:\/\/allbiomorocco.com\/en\/wp-json\/wp\/v2\/product_tag?post=7580"}],"curies":[{"name":"wp","href":"https:\/\/api.w.org\/{rel}","templated":true}]}}