{"id":7581,"date":"2026-01-21T13:49:33","date_gmt":"2026-01-21T13:49:33","guid":{"rendered":"https:\/\/allbiomorocco.com\/?post_type=product&#038;p=7581"},"modified":"2026-04-06T18:20:55","modified_gmt":"2026-04-06T18:20:55","slug":"herebe-indigo","status":"publish","type":"product","link":"https:\/\/allbiomorocco.com\/en\/product\/herebe-indigo\/","title":{"rendered":"Herebe Indigo 100g"},"content":{"rendered":"<h3 data-section-id=\"jb82ol\" data-start=\"95\" data-end=\"139\"><span role=\"text\"><strong data-start=\"99\" data-end=\"137\">Herbes Indigo Vert \u2013 Description :<\/strong><\/span><\/h3>\n<p data-start=\"140\" data-end=\"584\">Les herbes <strong data-start=\"151\" data-end=\"166\">Indigo vert<\/strong> sont des plantes naturelles utilis\u00e9es depuis des si\u00e8cles pour leurs propri\u00e9t\u00e9s m\u00e9dicinales et cosm\u00e9tiques. Elles se pr\u00e9sentent sous forme de feuilles s\u00e9ch\u00e9es ou en poudre fine, avec une couleur vert intense caract\u00e9ristique. Ces herbes sont particuli\u00e8rement appr\u00e9ci\u00e9es pour leurs vertus purifiantes, tonifiantes et nourrissantes, et sont souvent int\u00e9gr\u00e9es dans les tisanes, soins capillaires et masques pour la peau.<\/p>\n<h3 data-section-id=\"1n7t2z\" data-start=\"591\" data-end=\"635\"><span role=\"text\"><strong data-start=\"595\" data-end=\"633\">Bienfaits des Herbes Indigo Vert :<\/strong><\/span><\/h3>\n<ol data-start=\"637\" data-end=\"1369\">\n<li data-section-id=\"hhusrv\" data-start=\"637\" data-end=\"750\"><strong data-start=\"640\" data-end=\"674\">Purification et d\u00e9toxification<\/strong> : Aide \u00e0 nettoyer l\u2019organisme des toxines et favorise la sant\u00e9 digestive.<\/li>\n<li data-section-id=\"d69cue\" data-start=\"751\" data-end=\"871\"><strong data-start=\"754\" data-end=\"781\">Renforcement capillaire<\/strong> : Stimule la croissance des cheveux, pr\u00e9vient la chute et apporte brillance et vigueur.<\/li>\n<li data-section-id=\"vs99tt\" data-start=\"872\" data-end=\"987\"><strong data-start=\"875\" data-end=\"909\">Propri\u00e9t\u00e9s anti-inflammatoires<\/strong> : Apaise les irritations cutan\u00e9es et peut \u00eatre utilis\u00e9 en soins de la peau.<\/li>\n<li data-section-id=\"19idhj1\" data-start=\"988\" data-end=\"1094\"><strong data-start=\"991\" data-end=\"1026\">Effet tonifiant et revitalisant<\/strong> : Augmente l\u2019\u00e9nergie et la vitalit\u00e9, aidant \u00e0 r\u00e9duire la fatigue.<\/li>\n<li data-section-id=\"fehi94\" data-start=\"1095\" data-end=\"1210\"><strong data-start=\"1098\" data-end=\"1132\">Soutien du syst\u00e8me immunitaire<\/strong> : Les compos\u00e9s actifs pr\u00e9sents renforcent les d\u00e9fenses naturelles du corps.<\/li>\n<li data-section-id=\"k8kaz7\" data-start=\"1211\" data-end=\"1369\"><strong data-start=\"1214\" data-end=\"1248\">Couleur naturelle pour cheveux<\/strong> : En cosm\u00e9tique, l\u2019indigo vert est utilis\u00e9 comme colorant v\u00e9g\u00e9tal naturel, donnant des reflets subtils et protecteurs.<\/li>\n<\/ol>","protected":false},"excerpt":{"rendered":"<p>Herbes Indigo Vert \u2013 Description : Les herbes Indigo vert sont des plantes naturelles utilis\u00e9es depuis des si\u00e8cles pour leurs propri\u00e9t\u00e9s m\u00e9dicinales et cosm\u00e9tiques. Elles se pr\u00e9sentent sous forme de feuilles s\u00e9ch\u00e9es ou en poudre fine, avec une couleur vert intense caract\u00e9ristique. Ces herbes sont particuli\u00e8rement appr\u00e9ci\u00e9es pour leurs vertus purifiantes, tonifiantes et nourrissantes, et [&hellip;]<\/p>","protected":false},"featured_media":8040,"comment_status":"closed","ping_status":"closed","template":"","meta":{"_uag_custom_page_level_css":"","site-sidebar-layout":"default","site-content-layout":"","ast-site-content-layout":"default","site-content-style":"default","site-sidebar-style":"default","ast-global-header-display":"","ast-banner-title-visibility":"","ast-main-header-display":"","ast-hfb-above-header-display":"","ast-hfb-below-header-display":"","ast-hfb-mobile-header-display":"","site-post-title":"","ast-breadcrumbs-content":"","ast-featured-img":"","footer-sml-layout":"","ast-disable-related-posts":"","theme-transparent-header-meta":"default","adv-header-id-meta":"","stick-header-meta":"","header-above-stick-meta":"","header-main-stick-meta":"","header-below-stick-meta":"","astra-migrate-meta-layouts":"set","ast-page-background-enabled":"default","ast-page-background-meta":{"desktop":{"background-color":"","background-image":"","background-repeat":"repeat","background-position":"center center","background-size":"auto","background-attachment":"scroll","background-type":"","background-media":"","overlay-type":"","overlay-color":"","overlay-opacity":"","overlay-gradient":""},"tablet":{"background-color":"","background-image":"","background-repeat":"repeat","background-position":"center center","background-size":"auto","background-attachment":"scroll","background-type":"","background-media":"","overlay-type":"","overlay-color":"","overlay-opacity":"","overlay-gradient":""},"mobile":{"background-color":"","background-image":"","background-repeat":"repeat","background-position":"center center","background-size":"auto","background-attachment":"scroll","background-type":"","background-media":"","overlay-type":"","overlay-color":"","overlay-opacity":"","overlay-gradient":""}},"ast-content-background-meta":{"desktop":{"background-color":"var(--ast-global-color-5)","background-image":"","background-repeat":"repeat","background-position":"center center","background-size":"auto","background-attachment":"scroll","background-type":"","background-media":"","overlay-type":"","overlay-color":"","overlay-opacity":"","overlay-gradient":""},"tablet":{"background-color":"var(--ast-global-color-5)","background-image":"","background-repeat":"repeat","background-position":"center center","background-size":"auto","background-attachment":"scroll","background-type":"","background-media":"","overlay-type":"","overlay-color":"","overlay-opacity":"","overlay-gradient":""},"mobile":{"background-color":"var(--ast-global-color-5)","background-image":"","background-repeat":"repeat","background-position":"center center","background-size":"auto","background-attachment":"scroll","background-type":"","background-media":"","overlay-type":"","overlay-color":"","overlay-opacity":"","overlay-gradient":""}}},"product_brand":[],"product_cat":[35],"product_tag":[],"class_list":{"0":"post-7581","1":"product","2":"type-product","3":"status-publish","4":"has-post-thumbnail","6":"product_cat-divers","7":"desktop-align-center","8":"tablet-align-center","9":"mobile-align-center","11":"first","12":"instock","13":"shipping-taxable","14":"purchasable","15":"product-type-simple"},"aioseo_notices":[],"uagb_featured_image_src":{"full":["https:\/\/allbiomorocco.com\/wp-content\/uploads\/2026\/01\/Gemini_Generated_Image_p6psf4p6psf4p6ps.png",1024,1024,false],"thumbnail":["https:\/\/allbiomorocco.com\/wp-content\/uploads\/2026\/01\/Gemini_Generated_Image_p6psf4p6psf4p6ps-150x150.png",150,150,true],"medium":["https:\/\/allbiomorocco.com\/wp-content\/uploads\/2026\/01\/Gemini_Generated_Image_p6psf4p6psf4p6ps-300x300.png",300,300,true],"medium_large":["https:\/\/allbiomorocco.com\/wp-content\/uploads\/2026\/01\/Gemini_Generated_Image_p6psf4p6psf4p6ps-768x768.png",768,768,true],"large":["https:\/\/allbiomorocco.com\/wp-content\/uploads\/2026\/01\/Gemini_Generated_Image_p6psf4p6psf4p6ps.png",1024,1024,false],"1536x1536":["https:\/\/allbiomorocco.com\/wp-content\/uploads\/2026\/01\/Gemini_Generated_Image_p6psf4p6psf4p6ps.png",1024,1024,false],"2048x2048":["https:\/\/allbiomorocco.com\/wp-content\/uploads\/2026\/01\/Gemini_Generated_Image_p6psf4p6psf4p6ps.png",1024,1024,false],"trp-custom-language-flag":["https:\/\/allbiomorocco.com\/wp-content\/uploads\/2026\/01\/Gemini_Generated_Image_p6psf4p6psf4p6ps-12x12.png",12,12,true],"woocommerce_thumbnail":["https:\/\/allbiomorocco.com\/wp-content\/uploads\/2026\/01\/Gemini_Generated_Image_p6psf4p6psf4p6ps-300x300.png",300,300,true],"woocommerce_single":["https:\/\/allbiomorocco.com\/wp-content\/uploads\/2026\/01\/Gemini_Generated_Image_p6psf4p6psf4p6ps-600x600.png",600,600,true],"woocommerce_gallery_thumbnail":["https:\/\/allbiomorocco.com\/wp-content\/uploads\/2026\/01\/Gemini_Generated_Image_p6psf4p6psf4p6ps-100x100.png",100,100,true]},"uagb_author_info":{"display_name":"NOUZHA ABARDAQ","author_link":"https:\/\/allbiomorocco.com\/en\/author\/"},"uagb_comment_info":0,"uagb_excerpt":"Herbes Indigo Vert \u2013 Description : Les herbes Indigo vert sont des plantes naturelles utilis\u00e9es depuis des si\u00e8cles pour leurs propri\u00e9t\u00e9s m\u00e9dicinales et cosm\u00e9tiques. Elles se pr\u00e9sentent sous forme de feuilles s\u00e9ch\u00e9es ou en poudre fine, avec une couleur vert intense caract\u00e9ristique. Ces herbes sont particuli\u00e8rement appr\u00e9ci\u00e9es pour leurs vertus purifiantes, tonifiantes et nourrissantes, et&hellip;","_links":{"self":[{"href":"https:\/\/allbiomorocco.com\/en\/wp-json\/wp\/v2\/product\/7581","targetHints":{"allow":["GET"]}}],"collection":[{"href":"https:\/\/allbiomorocco.com\/en\/wp-json\/wp\/v2\/product"}],"about":[{"href":"https:\/\/allbiomorocco.com\/en\/wp-json\/wp\/v2\/types\/product"}],"replies":[{"embeddable":true,"href":"https:\/\/allbiomorocco.com\/en\/wp-json\/wp\/v2\/comments?post=7581"}],"wp:featuredmedia":[{"embeddable":true,"href":"https:\/\/allbiomorocco.com\/en\/wp-json\/wp\/v2\/media\/8040"}],"wp:attachment":[{"href":"https:\/\/allbiomorocco.com\/en\/wp-json\/wp\/v2\/media?parent=7581"}],"wp:term":[{"taxonomy":"product_brand","embeddable":true,"href":"https:\/\/allbiomorocco.com\/en\/wp-json\/wp\/v2\/product_brand?post=7581"},{"taxonomy":"product_cat","embeddable":true,"href":"https:\/\/allbiomorocco.com\/en\/wp-json\/wp\/v2\/product_cat?post=7581"},{"taxonomy":"product_tag","embeddable":true,"href":"https:\/\/allbiomorocco.com\/en\/wp-json\/wp\/v2\/product_tag?post=7581"}],"curies":[{"name":"wp","href":"https:\/\/api.w.org\/{rel}","templated":true}]}}