{"id":7582,"date":"2026-01-21T13:49:33","date_gmt":"2026-01-21T13:49:33","guid":{"rendered":"https:\/\/allbiomorocco.com\/?post_type=product&#038;p=7582"},"modified":"2026-04-06T18:31:31","modified_gmt":"2026-04-06T18:31:31","slug":"herbe-nigel","status":"publish","type":"product","link":"https:\/\/allbiomorocco.com\/en\/product\/herbe-nigel\/","title":{"rendered":"Graine de Nigelle"},"content":{"rendered":"<h3 data-section-id=\"1w2h22m\" data-start=\"91\" data-end=\"134\"><span role=\"text\"><strong data-start=\"95\" data-end=\"132\">Graine de Nigelle \u2013 Description :<\/strong><\/span><\/h3>\n<p data-start=\"135\" data-end=\"568\">La <strong data-start=\"138\" data-end=\"159\">graine de nigelle<\/strong> (ou cumin noir) est une petite graine noire aux ar\u00f4mes l\u00e9g\u00e8rement poivr\u00e9s et amers, utilis\u00e9e depuis des mill\u00e9naires dans la m\u00e9decine traditionnelle et la cuisine. Elle est reconnue pour ses propri\u00e9t\u00e9s th\u00e9rapeutiques puissantes et son go\u00fbt unique qui rel\u00e8ve les plats ou infusions. La nigelle peut \u00eatre consomm\u00e9e telle quelle, en poudre, en huile ou int\u00e9gr\u00e9e dans des pr\u00e9parations culinaires et cosm\u00e9tiques.<\/p>\n<h3 data-section-id=\"1ahslym\" data-start=\"575\" data-end=\"620\"><span role=\"text\"><strong data-start=\"579\" data-end=\"618\">Bienfaits de la Graine de Nigelle :<\/strong><\/span><\/h3>\n<ol data-start=\"622\" data-end=\"1352\">\n<li data-section-id=\"8mu9un\" data-start=\"622\" data-end=\"758\"><strong data-start=\"625\" data-end=\"653\">Renforcement immunitaire<\/strong> : Stimule les d\u00e9fenses naturelles du corps gr\u00e2ce \u00e0 ses composants antioxydants et anti-inflammatoires.<\/li>\n<li data-section-id=\"q3321u\" data-start=\"759\" data-end=\"865\"><strong data-start=\"762\" data-end=\"781\">Sant\u00e9 digestive<\/strong> : Aide \u00e0 soulager les ballonnements, les gaz et am\u00e9liore la digestion en g\u00e9n\u00e9ral.<\/li>\n<li data-section-id=\"1qcev7c\" data-start=\"866\" data-end=\"979\"><strong data-start=\"869\" data-end=\"919\">Propri\u00e9t\u00e9s anti-inflammatoires et analg\u00e9siques<\/strong> : Utile pour apaiser certaines douleurs et inflammations.<\/li>\n<li data-section-id=\"mvhsav\" data-start=\"980\" data-end=\"1097\"><strong data-start=\"983\" data-end=\"1007\">Soutien respiratoire<\/strong> : Tradionnellement utilis\u00e9e pour soulager la toux, l\u2019asthme et les voies respiratoires.<\/li>\n<li data-section-id=\"1rwrlyz\" data-start=\"1098\" data-end=\"1230\"><strong data-start=\"1101\" data-end=\"1137\">Beaut\u00e9 de la peau et des cheveux<\/strong> : L\u2019huile de nigelle nourrit la peau, aide \u00e0 lutter contre l\u2019acn\u00e9 et fortifie les cheveux.<\/li>\n<li data-section-id=\"fj9od4\" data-start=\"1231\" data-end=\"1352\"><strong data-start=\"1234\" data-end=\"1255\">Effet antioxydant<\/strong> : Prot\u00e8ge les cellules contre le stress oxydatif et favorise la sant\u00e9 g\u00e9n\u00e9rale de l\u2019organisme.<\/li>\n<\/ol>","protected":false},"excerpt":{"rendered":"<p>Graine de Nigelle \u2013 Description : La graine de nigelle (ou cumin noir) est une petite graine noire aux ar\u00f4mes l\u00e9g\u00e8rement poivr\u00e9s et amers, utilis\u00e9e depuis des mill\u00e9naires dans la m\u00e9decine traditionnelle et la cuisine. Elle est reconnue pour ses propri\u00e9t\u00e9s th\u00e9rapeutiques puissantes et son go\u00fbt unique qui rel\u00e8ve les plats ou infusions. La nigelle [&hellip;]<\/p>","protected":false},"featured_media":8043,"comment_status":"closed","ping_status":"closed","template":"","meta":{"_uag_custom_page_level_css":"","site-sidebar-layout":"default","site-content-layout":"","ast-site-content-layout":"default","site-content-style":"default","site-sidebar-style":"default","ast-global-header-display":"","ast-banner-title-visibility":"","ast-main-header-display":"","ast-hfb-above-header-display":"","ast-hfb-below-header-display":"","ast-hfb-mobile-header-display":"","site-post-title":"","ast-breadcrumbs-content":"","ast-featured-img":"","footer-sml-layout":"","ast-disable-related-posts":"","theme-transparent-header-meta":"default","adv-header-id-meta":"","stick-header-meta":"","header-above-stick-meta":"","header-main-stick-meta":"","header-below-stick-meta":"","astra-migrate-meta-layouts":"set","ast-page-background-enabled":"default","ast-page-background-meta":{"desktop":{"background-color":"","background-image":"","background-repeat":"repeat","background-position":"center center","background-size":"auto","background-attachment":"scroll","background-type":"","background-media":"","overlay-type":"","overlay-color":"","overlay-opacity":"","overlay-gradient":""},"tablet":{"background-color":"","background-image":"","background-repeat":"repeat","background-position":"center center","background-size":"auto","background-attachment":"scroll","background-type":"","background-media":"","overlay-type":"","overlay-color":"","overlay-opacity":"","overlay-gradient":""},"mobile":{"background-color":"","background-image":"","background-repeat":"repeat","background-position":"center center","background-size":"auto","background-attachment":"scroll","background-type":"","background-media":"","overlay-type":"","overlay-color":"","overlay-opacity":"","overlay-gradient":""}},"ast-content-background-meta":{"desktop":{"background-color":"var(--ast-global-color-5)","background-image":"","background-repeat":"repeat","background-position":"center center","background-size":"auto","background-attachment":"scroll","background-type":"","background-media":"","overlay-type":"","overlay-color":"","overlay-opacity":"","overlay-gradient":""},"tablet":{"background-color":"var(--ast-global-color-5)","background-image":"","background-repeat":"repeat","background-position":"center center","background-size":"auto","background-attachment":"scroll","background-type":"","background-media":"","overlay-type":"","overlay-color":"","overlay-opacity":"","overlay-gradient":""},"mobile":{"background-color":"var(--ast-global-color-5)","background-image":"","background-repeat":"repeat","background-position":"center center","background-size":"auto","background-attachment":"scroll","background-type":"","background-media":"","overlay-type":"","overlay-color":"","overlay-opacity":"","overlay-gradient":""}}},"product_brand":[],"product_cat":[35],"product_tag":[],"class_list":{"0":"post-7582","1":"product","2":"type-product","3":"status-publish","4":"has-post-thumbnail","6":"product_cat-divers","7":"desktop-align-center","8":"tablet-align-center","9":"mobile-align-center","11":"first","12":"instock","13":"shipping-taxable","14":"purchasable","15":"product-type-simple"},"aioseo_notices":[],"uagb_featured_image_src":{"full":["https:\/\/allbiomorocco.com\/wp-content\/uploads\/2026\/01\/5088a2c4-5817-4c29-83fd-74dba94286b9-204x204-1.jpg",204,204,false],"thumbnail":["https:\/\/allbiomorocco.com\/wp-content\/uploads\/2026\/01\/5088a2c4-5817-4c29-83fd-74dba94286b9-204x204-1-150x150.jpg",150,150,true],"medium":["https:\/\/allbiomorocco.com\/wp-content\/uploads\/2026\/01\/5088a2c4-5817-4c29-83fd-74dba94286b9-204x204-1.jpg",204,204,false],"medium_large":["https:\/\/allbiomorocco.com\/wp-content\/uploads\/2026\/01\/5088a2c4-5817-4c29-83fd-74dba94286b9-204x204-1.jpg",204,204,false],"large":["https:\/\/allbiomorocco.com\/wp-content\/uploads\/2026\/01\/5088a2c4-5817-4c29-83fd-74dba94286b9-204x204-1.jpg",204,204,false],"1536x1536":["https:\/\/allbiomorocco.com\/wp-content\/uploads\/2026\/01\/5088a2c4-5817-4c29-83fd-74dba94286b9-204x204-1.jpg",204,204,false],"2048x2048":["https:\/\/allbiomorocco.com\/wp-content\/uploads\/2026\/01\/5088a2c4-5817-4c29-83fd-74dba94286b9-204x204-1.jpg",204,204,false],"trp-custom-language-flag":["https:\/\/allbiomorocco.com\/wp-content\/uploads\/2026\/01\/5088a2c4-5817-4c29-83fd-74dba94286b9-204x204-1-12x12.jpg",12,12,true],"woocommerce_thumbnail":["https:\/\/allbiomorocco.com\/wp-content\/uploads\/2026\/01\/5088a2c4-5817-4c29-83fd-74dba94286b9-204x204-1.jpg",204,204,false],"woocommerce_single":["https:\/\/allbiomorocco.com\/wp-content\/uploads\/2026\/01\/5088a2c4-5817-4c29-83fd-74dba94286b9-204x204-1.jpg",204,204,false],"woocommerce_gallery_thumbnail":["https:\/\/allbiomorocco.com\/wp-content\/uploads\/2026\/01\/5088a2c4-5817-4c29-83fd-74dba94286b9-204x204-1-100x100.jpg",100,100,true]},"uagb_author_info":{"display_name":"NOUZHA ABARDAQ","author_link":"https:\/\/allbiomorocco.com\/en\/author\/"},"uagb_comment_info":0,"uagb_excerpt":"Graine de Nigelle \u2013 Description : La graine de nigelle (ou cumin noir) est une petite graine noire aux ar\u00f4mes l\u00e9g\u00e8rement poivr\u00e9s et amers, utilis\u00e9e depuis des mill\u00e9naires dans la m\u00e9decine traditionnelle et la cuisine. Elle est reconnue pour ses propri\u00e9t\u00e9s th\u00e9rapeutiques puissantes et son go\u00fbt unique qui rel\u00e8ve les plats ou infusions. La nigelle&hellip;","_links":{"self":[{"href":"https:\/\/allbiomorocco.com\/en\/wp-json\/wp\/v2\/product\/7582","targetHints":{"allow":["GET"]}}],"collection":[{"href":"https:\/\/allbiomorocco.com\/en\/wp-json\/wp\/v2\/product"}],"about":[{"href":"https:\/\/allbiomorocco.com\/en\/wp-json\/wp\/v2\/types\/product"}],"replies":[{"embeddable":true,"href":"https:\/\/allbiomorocco.com\/en\/wp-json\/wp\/v2\/comments?post=7582"}],"wp:featuredmedia":[{"embeddable":true,"href":"https:\/\/allbiomorocco.com\/en\/wp-json\/wp\/v2\/media\/8043"}],"wp:attachment":[{"href":"https:\/\/allbiomorocco.com\/en\/wp-json\/wp\/v2\/media?parent=7582"}],"wp:term":[{"taxonomy":"product_brand","embeddable":true,"href":"https:\/\/allbiomorocco.com\/en\/wp-json\/wp\/v2\/product_brand?post=7582"},{"taxonomy":"product_cat","embeddable":true,"href":"https:\/\/allbiomorocco.com\/en\/wp-json\/wp\/v2\/product_cat?post=7582"},{"taxonomy":"product_tag","embeddable":true,"href":"https:\/\/allbiomorocco.com\/en\/wp-json\/wp\/v2\/product_tag?post=7582"}],"curies":[{"name":"wp","href":"https:\/\/api.w.org\/{rel}","templated":true}]}}