{"id":7583,"date":"2026-01-21T13:49:33","date_gmt":"2026-01-21T13:49:33","guid":{"rendered":"https:\/\/allbiomorocco.com\/?post_type=product&#038;p=7583"},"modified":"2026-04-06T18:38:30","modified_gmt":"2026-04-06T18:38:30","slug":"clou-de-girofle","status":"publish","type":"product","link":"https:\/\/allbiomorocco.com\/en\/product\/clou-de-girofle\/","title":{"rendered":"Clou de Girofle"},"content":{"rendered":"<h3 data-section-id=\"itpwgp\" data-start=\"84\" data-end=\"124\"><span role=\"text\"><strong data-start=\"88\" data-end=\"122\">Description du clou de girofle<\/strong><\/span><\/h3>\n<p data-start=\"125\" data-end=\"470\">Le <strong data-start=\"128\" data-end=\"147\">clou de girofle<\/strong> est une \u00e9pice issue des boutons floraux s\u00e9ch\u00e9s de l\u2019arbre <strong data-start=\"206\" data-end=\"231\">Eugenia caryophyllata<\/strong>, originaire des \u00eeles Maluku en Indon\u00e9sie. Il se pr\u00e9sente sous forme de petites tiges brunes avec une t\u00eate arrondie et poss\u00e8de un ar\u00f4me tr\u00e8s puissant, chaud et l\u00e9g\u00e8rement amer, souvent utilis\u00e9 en cuisine, en infusion ou en aromath\u00e9rapie.<\/p>\n<h3 data-section-id=\"1ieg41i\" data-start=\"477\" data-end=\"515\"><span role=\"text\"><strong data-start=\"481\" data-end=\"513\">Bienfaits du clou de girofle<\/strong><\/span><\/h3>\n<ol data-start=\"517\" data-end=\"1524\">\n<li data-section-id=\"18illms\" data-start=\"517\" data-end=\"775\"><strong data-start=\"520\" data-end=\"568\">Propri\u00e9t\u00e9s antiseptiques et antibact\u00e9riennes<\/strong>\n<ul data-start=\"574\" data-end=\"775\">\n<li data-section-id=\"iufrut\" data-start=\"574\" data-end=\"679\">L\u2019eug\u00e9nol, principal composant du clou de girofle, aide \u00e0 lutter contre les bact\u00e9ries et champignons.<\/li>\n<li data-section-id=\"2cvtzr\" data-start=\"683\" data-end=\"775\">Il est utilis\u00e9 pour soulager les infections buccales, les gencives et les maux de dents.<\/li>\n<\/ul>\n<\/li>\n<li data-section-id=\"1f26rhu\" data-start=\"777\" data-end=\"988\"><strong data-start=\"780\" data-end=\"818\">Soulagement des douleurs dentaires<\/strong>\n<ul data-start=\"824\" data-end=\"988\">\n<li data-section-id=\"1aznrx2\" data-start=\"824\" data-end=\"988\">Traditionnellement, un clou de girofle m\u00e2ch\u00e9 ou quelques gouttes d\u2019huile essentielle appliqu\u00e9es sur une dent douloureuse r\u00e9duisent la douleur et l\u2019inflammation.<\/li>\n<\/ul>\n<\/li>\n<li data-section-id=\"kmdr3d\" data-start=\"990\" data-end=\"1136\"><strong data-start=\"993\" data-end=\"1025\">Am\u00e9lioration de la digestion<\/strong>\n<ul data-start=\"1031\" data-end=\"1136\">\n<li data-section-id=\"1nk6nug\" data-start=\"1031\" data-end=\"1078\">Stimule la production d\u2019enzymes digestives.<\/li>\n<li data-section-id=\"dxmklh\" data-start=\"1082\" data-end=\"1136\">Soulage les ballonnements, les gaz et les naus\u00e9es.<\/li>\n<\/ul>\n<\/li>\n<li data-section-id=\"1lr5j8e\" data-start=\"1138\" data-end=\"1259\"><strong data-start=\"1141\" data-end=\"1175\">Propri\u00e9t\u00e9s anti-inflammatoires<\/strong>\n<ul data-start=\"1181\" data-end=\"1259\">\n<li data-section-id=\"15ik2gb\" data-start=\"1181\" data-end=\"1259\">R\u00e9duit les inflammations internes et externes gr\u00e2ce \u00e0 ses compos\u00e9s actifs.<\/li>\n<\/ul>\n<\/li>\n<li data-section-id=\"1b4xbst\" data-start=\"1261\" data-end=\"1419\"><strong data-start=\"1264\" data-end=\"1303\">Renforcement du syst\u00e8me immunitaire<\/strong>\n<ul data-start=\"1309\" data-end=\"1419\">\n<li data-section-id=\"af5fli\" data-start=\"1309\" data-end=\"1419\">Contient des antioxydants qui prot\u00e8gent les cellules contre les radicaux libres et soutiennent l\u2019immunit\u00e9.<\/li>\n<\/ul>\n<\/li>\n<li data-section-id=\"1yt0h6d\" data-start=\"1421\" data-end=\"1524\"><strong data-start=\"1424\" data-end=\"1454\">Effet stimulant et tonique<\/strong>\n<ul data-start=\"1460\" data-end=\"1524\">\n<li data-section-id=\"1jm474u\" data-start=\"1460\" data-end=\"1524\">Peut aider \u00e0 augmenter l\u2019\u00e9nergie et la circulation sanguine.<\/li>\n<\/ul>\n<\/li>\n<\/ol>","protected":false},"excerpt":{"rendered":"<p>Description du clou de girofle Le clou de girofle est une \u00e9pice issue des boutons floraux s\u00e9ch\u00e9s de l\u2019arbre Eugenia caryophyllata, originaire des \u00eeles Maluku en Indon\u00e9sie. Il se pr\u00e9sente sous forme de petites tiges brunes avec une t\u00eate arrondie et poss\u00e8de un ar\u00f4me tr\u00e8s puissant, chaud et l\u00e9g\u00e8rement amer, souvent utilis\u00e9 en cuisine, en [&hellip;]<\/p>","protected":false},"featured_media":8045,"comment_status":"closed","ping_status":"closed","template":"","meta":{"_uag_custom_page_level_css":"","site-sidebar-layout":"default","site-content-layout":"","ast-site-content-layout":"default","site-content-style":"default","site-sidebar-style":"default","ast-global-header-display":"","ast-banner-title-visibility":"","ast-main-header-display":"","ast-hfb-above-header-display":"","ast-hfb-below-header-display":"","ast-hfb-mobile-header-display":"","site-post-title":"","ast-breadcrumbs-content":"","ast-featured-img":"","footer-sml-layout":"","ast-disable-related-posts":"","theme-transparent-header-meta":"default","adv-header-id-meta":"","stick-header-meta":"","header-above-stick-meta":"","header-main-stick-meta":"","header-below-stick-meta":"","astra-migrate-meta-layouts":"set","ast-page-background-enabled":"default","ast-page-background-meta":{"desktop":{"background-color":"","background-image":"","background-repeat":"repeat","background-position":"center center","background-size":"auto","background-attachment":"scroll","background-type":"","background-media":"","overlay-type":"","overlay-color":"","overlay-opacity":"","overlay-gradient":""},"tablet":{"background-color":"","background-image":"","background-repeat":"repeat","background-position":"center center","background-size":"auto","background-attachment":"scroll","background-type":"","background-media":"","overlay-type":"","overlay-color":"","overlay-opacity":"","overlay-gradient":""},"mobile":{"background-color":"","background-image":"","background-repeat":"repeat","background-position":"center center","background-size":"auto","background-attachment":"scroll","background-type":"","background-media":"","overlay-type":"","overlay-color":"","overlay-opacity":"","overlay-gradient":""}},"ast-content-background-meta":{"desktop":{"background-color":"var(--ast-global-color-5)","background-image":"","background-repeat":"repeat","background-position":"center center","background-size":"auto","background-attachment":"scroll","background-type":"","background-media":"","overlay-type":"","overlay-color":"","overlay-opacity":"","overlay-gradient":""},"tablet":{"background-color":"var(--ast-global-color-5)","background-image":"","background-repeat":"repeat","background-position":"center center","background-size":"auto","background-attachment":"scroll","background-type":"","background-media":"","overlay-type":"","overlay-color":"","overlay-opacity":"","overlay-gradient":""},"mobile":{"background-color":"var(--ast-global-color-5)","background-image":"","background-repeat":"repeat","background-position":"center center","background-size":"auto","background-attachment":"scroll","background-type":"","background-media":"","overlay-type":"","overlay-color":"","overlay-opacity":"","overlay-gradient":""}}},"product_brand":[],"product_cat":[35],"product_tag":[],"class_list":{"0":"post-7583","1":"product","2":"type-product","3":"status-publish","4":"has-post-thumbnail","6":"product_cat-divers","7":"desktop-align-center","8":"tablet-align-center","9":"mobile-align-center","11":"first","12":"instock","13":"shipping-taxable","14":"purchasable","15":"product-type-simple"},"aioseo_notices":[],"uagb_featured_image_src":{"full":["https:\/\/allbiomorocco.com\/wp-content\/uploads\/2026\/01\/Gemini_Generated_Image_sthvg8sthvg8sthv.png",1024,1024,false],"thumbnail":["https:\/\/allbiomorocco.com\/wp-content\/uploads\/2026\/01\/Gemini_Generated_Image_sthvg8sthvg8sthv-150x150.png",150,150,true],"medium":["https:\/\/allbiomorocco.com\/wp-content\/uploads\/2026\/01\/Gemini_Generated_Image_sthvg8sthvg8sthv-300x300.png",300,300,true],"medium_large":["https:\/\/allbiomorocco.com\/wp-content\/uploads\/2026\/01\/Gemini_Generated_Image_sthvg8sthvg8sthv-768x768.png",768,768,true],"large":["https:\/\/allbiomorocco.com\/wp-content\/uploads\/2026\/01\/Gemini_Generated_Image_sthvg8sthvg8sthv.png",1024,1024,false],"1536x1536":["https:\/\/allbiomorocco.com\/wp-content\/uploads\/2026\/01\/Gemini_Generated_Image_sthvg8sthvg8sthv.png",1024,1024,false],"2048x2048":["https:\/\/allbiomorocco.com\/wp-content\/uploads\/2026\/01\/Gemini_Generated_Image_sthvg8sthvg8sthv.png",1024,1024,false],"trp-custom-language-flag":["https:\/\/allbiomorocco.com\/wp-content\/uploads\/2026\/01\/Gemini_Generated_Image_sthvg8sthvg8sthv-12x12.png",12,12,true],"woocommerce_thumbnail":["https:\/\/allbiomorocco.com\/wp-content\/uploads\/2026\/01\/Gemini_Generated_Image_sthvg8sthvg8sthv-300x300.png",300,300,true],"woocommerce_single":["https:\/\/allbiomorocco.com\/wp-content\/uploads\/2026\/01\/Gemini_Generated_Image_sthvg8sthvg8sthv-600x600.png",600,600,true],"woocommerce_gallery_thumbnail":["https:\/\/allbiomorocco.com\/wp-content\/uploads\/2026\/01\/Gemini_Generated_Image_sthvg8sthvg8sthv-100x100.png",100,100,true]},"uagb_author_info":{"display_name":"NOUZHA ABARDAQ","author_link":"https:\/\/allbiomorocco.com\/en\/author\/"},"uagb_comment_info":0,"uagb_excerpt":"Description du clou de girofle Le clou de girofle est une \u00e9pice issue des boutons floraux s\u00e9ch\u00e9s de l\u2019arbre Eugenia caryophyllata, originaire des \u00eeles Maluku en Indon\u00e9sie. Il se pr\u00e9sente sous forme de petites tiges brunes avec une t\u00eate arrondie et poss\u00e8de un ar\u00f4me tr\u00e8s puissant, chaud et l\u00e9g\u00e8rement amer, souvent utilis\u00e9 en cuisine, en&hellip;","_links":{"self":[{"href":"https:\/\/allbiomorocco.com\/en\/wp-json\/wp\/v2\/product\/7583","targetHints":{"allow":["GET"]}}],"collection":[{"href":"https:\/\/allbiomorocco.com\/en\/wp-json\/wp\/v2\/product"}],"about":[{"href":"https:\/\/allbiomorocco.com\/en\/wp-json\/wp\/v2\/types\/product"}],"replies":[{"embeddable":true,"href":"https:\/\/allbiomorocco.com\/en\/wp-json\/wp\/v2\/comments?post=7583"}],"wp:featuredmedia":[{"embeddable":true,"href":"https:\/\/allbiomorocco.com\/en\/wp-json\/wp\/v2\/media\/8045"}],"wp:attachment":[{"href":"https:\/\/allbiomorocco.com\/en\/wp-json\/wp\/v2\/media?parent=7583"}],"wp:term":[{"taxonomy":"product_brand","embeddable":true,"href":"https:\/\/allbiomorocco.com\/en\/wp-json\/wp\/v2\/product_brand?post=7583"},{"taxonomy":"product_cat","embeddable":true,"href":"https:\/\/allbiomorocco.com\/en\/wp-json\/wp\/v2\/product_cat?post=7583"},{"taxonomy":"product_tag","embeddable":true,"href":"https:\/\/allbiomorocco.com\/en\/wp-json\/wp\/v2\/product_tag?post=7583"}],"curies":[{"name":"wp","href":"https:\/\/api.w.org\/{rel}","templated":true}]}}