{"id":7585,"date":"2026-01-21T13:49:33","date_gmt":"2026-01-21T13:49:33","guid":{"rendered":"https:\/\/allbiomorocco.com\/?post_type=product&#038;p=7585"},"modified":"2026-04-06T15:06:59","modified_gmt":"2026-04-06T15:06:59","slug":"kohl_khol_itmed","status":"publish","type":"product","link":"https:\/\/allbiomorocco.com\/en\/product\/kohl_khol_itmed\/","title":{"rendered":"Kohl Ithmed"},"content":{"rendered":"<h2 data-section-id=\"1blvnbe\" data-start=\"128\" data-end=\"163\"><span role=\"text\">\ud83c\udf3f <strong data-start=\"134\" data-end=\"163\">Kohl Ithmed \u2013 Description<\/strong><\/span><\/h2>\n<p data-start=\"164\" data-end=\"483\">Le <strong data-start=\"167\" data-end=\"192\">Kohl Ithmed (ou \u0625\u062b\u0645\u062f)<\/strong> est une poudre naturelle traditionnelle utilis\u00e9e comme eyeliner depuis des si\u00e8cles dans les cultures arabes et orientales.<br data-start=\"315\" data-end=\"318\" \/>Il est obtenu \u00e0 partir d\u2019une pierre min\u00e9rale appel\u00e9e antimoine, finement broy\u00e9e pour \u00eatre appliqu\u00e9e sur les yeux et les cils.<\/p>\n<p data-start=\"485\" data-end=\"648\">Ce type de kh\u00f4l est reconnu pour \u00eatre <strong data-start=\"523\" data-end=\"566\">pur, naturel et sans produits chimiques<\/strong>, contrairement \u00e0 certains kh\u00f4ls modernes.<\/p>\n<p data-start=\"650\" data-end=\"755\">Utilis\u00e9 aussi bien par les femmes que par les hommes, il combine <strong data-start=\"715\" data-end=\"754\">soin, protection et beaut\u00e9 des yeux<\/strong>.<\/p>\n<h2 data-section-id=\"1b5vjbg\" data-start=\"762\" data-end=\"795\"><span role=\"text\">\u2728 <strong data-start=\"767\" data-end=\"795\">Bienfaits du Kohl Ithmed<\/strong><\/span><\/h2>\n<h3 data-section-id=\"1o0riij\" data-start=\"797\" data-end=\"826\">\ud83d\udc41\ufe0f 1. Am\u00e9liore la vision<\/h3>\n<ul data-start=\"827\" data-end=\"945\">\n<li data-section-id=\"rv84ff\" data-start=\"827\" data-end=\"876\">Aide \u00e0 clarifier la vue et renforcer les yeux<\/li>\n<li data-section-id=\"62k4tk\" data-start=\"877\" data-end=\"945\">R\u00e9duit la fatigue oculaire<\/li>\n<\/ul>\n<h3 data-section-id=\"jxpvcx\" data-start=\"947\" data-end=\"984\">\ud83c\udf31 2. Favorise la pousse des cils<\/h3>\n<ul data-start=\"985\" data-end=\"1100\">\n<li data-section-id=\"12w7b37\" data-start=\"985\" data-end=\"1019\">Stimule la croissance des cils<\/li>\n<li data-section-id=\"1uca2yw\" data-start=\"1020\" data-end=\"1100\">Rend les cils plus \u00e9pais et plus forts<\/li>\n<\/ul>\n<h3 data-section-id=\"njszyw\" data-start=\"1102\" data-end=\"1139\">\ud83e\uddfc 3. Nettoie et prot\u00e8ge les yeux<\/h3>\n<ul data-start=\"1140\" data-end=\"1253\">\n<li data-section-id=\"humkkt\" data-start=\"1140\" data-end=\"1175\">\u00c9limine poussi\u00e8res et impuret\u00e9s<\/li>\n<li data-section-id=\"28h13z\" data-start=\"1176\" data-end=\"1253\">Prot\u00e8ge contre certaines infections<\/li>\n<\/ul>\n<h3 data-section-id=\"647rcb\" data-start=\"1255\" data-end=\"1303\">\ud83e\udda0 4. Propri\u00e9t\u00e9s antibact\u00e9riennes naturelles<\/h3>\n<ul data-start=\"1304\" data-end=\"1419\">\n<li data-section-id=\"77vjn9\" data-start=\"1304\" data-end=\"1349\">Aide \u00e0 pr\u00e9venir les irritations oculaires<\/li>\n<li data-section-id=\"2m5jtf\" data-start=\"1350\" data-end=\"1419\">Prot\u00e8ge contre les microbes<\/li>\n<\/ul>\n<h3 data-section-id=\"cqoeyl\" data-start=\"1421\" data-end=\"1460\">\u2744\ufe0f 5. Apaise et rafra\u00eechit les yeux<\/h3>\n<ul data-start=\"1461\" data-end=\"1539\">\n<li data-section-id=\"nhuglh\" data-start=\"1461\" data-end=\"1501\">Effet calmant pour les yeux fatigu\u00e9s<\/li>\n<li data-section-id=\"17rj9th\" data-start=\"1502\" data-end=\"1539\">Id\u00e9al apr\u00e8s exposition aux \u00e9crans<\/li>\n<\/ul>\n<h3 data-section-id=\"3sj4x\" data-start=\"1541\" data-end=\"1592\">\ud83c\udf1e 6. Prot\u00e8ge contre la lumi\u00e8re et la poussi\u00e8re<\/h3>\n<ul data-start=\"1593\" data-end=\"1717\">\n<li data-section-id=\"5ci7d4\" data-start=\"1593\" data-end=\"1629\">R\u00e9duit l\u2019\u00e9blouissement du soleil<\/li>\n<li data-section-id=\"hzmm04\" data-start=\"1630\" data-end=\"1717\">Prot\u00e8ge les yeux dans les environnements secs<\/li>\n<\/ul>\n<h3 data-section-id=\"gqspo4\" data-start=\"1719\" data-end=\"1761\">\ud83d\udc84 7. Embellit naturellement le regard<\/h3>\n<ul data-start=\"1762\" data-end=\"1834\">\n<li data-section-id=\"mallf2\" data-start=\"1762\" data-end=\"1786\">Intensifie le regard<\/li>\n<li data-section-id=\"bn06rp\" data-start=\"1787\" data-end=\"1834\">Donne un effet yeux plus grands et lumineux<\/li>\n<\/ul>","protected":false},"excerpt":{"rendered":"<p>\ud83c\udf3f Kohl Ithmed \u2013 Description Le Kohl Ithmed (ou \u0625\u062b\u0645\u062f) est une poudre naturelle traditionnelle utilis\u00e9e comme eyeliner depuis des si\u00e8cles dans les cultures arabes et orientales.Il est obtenu \u00e0 partir d\u2019une pierre min\u00e9rale appel\u00e9e antimoine, finement broy\u00e9e pour \u00eatre appliqu\u00e9e sur les yeux et les cils. Ce type de kh\u00f4l est reconnu pour \u00eatre [&hellip;]<\/p>\n","protected":false},"featured_media":8017,"comment_status":"closed","ping_status":"closed","template":"","meta":{"_uag_custom_page_level_css":"","site-sidebar-layout":"default","site-content-layout":"","ast-site-content-layout":"default","site-content-style":"default","site-sidebar-style":"default","ast-global-header-display":"","ast-banner-title-visibility":"","ast-main-header-display":"","ast-hfb-above-header-display":"","ast-hfb-below-header-display":"","ast-hfb-mobile-header-display":"","site-post-title":"","ast-breadcrumbs-content":"","ast-featured-img":"","footer-sml-layout":"","ast-disable-related-posts":"","theme-transparent-header-meta":"default","adv-header-id-meta":"","stick-header-meta":"","header-above-stick-meta":"","header-main-stick-meta":"","header-below-stick-meta":"","astra-migrate-meta-layouts":"set","ast-page-background-enabled":"default","ast-page-background-meta":{"desktop":{"background-color":"","background-image":"","background-repeat":"repeat","background-position":"center center","background-size":"auto","background-attachment":"scroll","background-type":"","background-media":"","overlay-type":"","overlay-color":"","overlay-opacity":"","overlay-gradient":""},"tablet":{"background-color":"","background-image":"","background-repeat":"repeat","background-position":"center center","background-size":"auto","background-attachment":"scroll","background-type":"","background-media":"","overlay-type":"","overlay-color":"","overlay-opacity":"","overlay-gradient":""},"mobile":{"background-color":"","background-image":"","background-repeat":"repeat","background-position":"center center","background-size":"auto","background-attachment":"scroll","background-type":"","background-media":"","overlay-type":"","overlay-color":"","overlay-opacity":"","overlay-gradient":""}},"ast-content-background-meta":{"desktop":{"background-color":"var(--ast-global-color-5)","background-image":"","background-repeat":"repeat","background-position":"center center","background-size":"auto","background-attachment":"scroll","background-type":"","background-media":"","overlay-type":"","overlay-color":"","overlay-opacity":"","overlay-gradient":""},"tablet":{"background-color":"var(--ast-global-color-5)","background-image":"","background-repeat":"repeat","background-position":"center center","background-size":"auto","background-attachment":"scroll","background-type":"","background-media":"","overlay-type":"","overlay-color":"","overlay-opacity":"","overlay-gradient":""},"mobile":{"background-color":"var(--ast-global-color-5)","background-image":"","background-repeat":"repeat","background-position":"center center","background-size":"auto","background-attachment":"scroll","background-type":"","background-media":"","overlay-type":"","overlay-color":"","overlay-opacity":"","overlay-gradient":""}}},"product_brand":[],"product_cat":[16],"product_tag":[],"class_list":{"0":"post-7585","1":"product","2":"type-product","3":"status-publish","4":"has-post-thumbnail","6":"product_cat-cosmetique","7":"desktop-align-center","8":"tablet-align-center","9":"mobile-align-center","11":"first","12":"instock","13":"shipping-taxable","14":"purchasable","15":"product-type-simple"},"aioseo_notices":[],"uagb_featured_image_src":{"full":["https:\/\/allbiomorocco.com\/wp-content\/uploads\/2026\/01\/Gemini_Generated_Image_3cj51u3cj51u3cj5-307x547-1.png",307,547,false],"thumbnail":["https:\/\/allbiomorocco.com\/wp-content\/uploads\/2026\/01\/Gemini_Generated_Image_3cj51u3cj51u3cj5-307x547-1-150x150.png",150,150,true],"medium":["https:\/\/allbiomorocco.com\/wp-content\/uploads\/2026\/01\/Gemini_Generated_Image_3cj51u3cj51u3cj5-307x547-1-168x300.png",168,300,true],"medium_large":["https:\/\/allbiomorocco.com\/wp-content\/uploads\/2026\/01\/Gemini_Generated_Image_3cj51u3cj51u3cj5-307x547-1.png",307,547,false],"large":["https:\/\/allbiomorocco.com\/wp-content\/uploads\/2026\/01\/Gemini_Generated_Image_3cj51u3cj51u3cj5-307x547-1.png",307,547,false],"1536x1536":["https:\/\/allbiomorocco.com\/wp-content\/uploads\/2026\/01\/Gemini_Generated_Image_3cj51u3cj51u3cj5-307x547-1.png",307,547,false],"2048x2048":["https:\/\/allbiomorocco.com\/wp-content\/uploads\/2026\/01\/Gemini_Generated_Image_3cj51u3cj51u3cj5-307x547-1.png",307,547,false],"trp-custom-language-flag":["https:\/\/allbiomorocco.com\/wp-content\/uploads\/2026\/01\/Gemini_Generated_Image_3cj51u3cj51u3cj5-307x547-1-7x12.png",7,12,true],"woocommerce_thumbnail":["https:\/\/allbiomorocco.com\/wp-content\/uploads\/2026\/01\/Gemini_Generated_Image_3cj51u3cj51u3cj5-307x547-1-300x300.png",300,300,true],"woocommerce_single":["https:\/\/allbiomorocco.com\/wp-content\/uploads\/2026\/01\/Gemini_Generated_Image_3cj51u3cj51u3cj5-307x547-1.png",307,547,false],"woocommerce_gallery_thumbnail":["https:\/\/allbiomorocco.com\/wp-content\/uploads\/2026\/01\/Gemini_Generated_Image_3cj51u3cj51u3cj5-307x547-1-100x100.png",100,100,true]},"uagb_author_info":{"display_name":"NOUZHA ABARDAQ","author_link":"https:\/\/allbiomorocco.com\/en\/author\/"},"uagb_comment_info":0,"uagb_excerpt":"\ud83c\udf3f Kohl Ithmed \u2013 Description Le Kohl Ithmed (ou \u0625\u062b\u0645\u062f) est une poudre naturelle traditionnelle utilis\u00e9e comme eyeliner depuis des si\u00e8cles dans les cultures arabes et orientales.Il est obtenu \u00e0 partir d\u2019une pierre min\u00e9rale appel\u00e9e antimoine, finement broy\u00e9e pour \u00eatre appliqu\u00e9e sur les yeux et les cils. Ce type de kh\u00f4l est reconnu pour \u00eatre&hellip;","_links":{"self":[{"href":"https:\/\/allbiomorocco.com\/en\/wp-json\/wp\/v2\/product\/7585","targetHints":{"allow":["GET"]}}],"collection":[{"href":"https:\/\/allbiomorocco.com\/en\/wp-json\/wp\/v2\/product"}],"about":[{"href":"https:\/\/allbiomorocco.com\/en\/wp-json\/wp\/v2\/types\/product"}],"replies":[{"embeddable":true,"href":"https:\/\/allbiomorocco.com\/en\/wp-json\/wp\/v2\/comments?post=7585"}],"wp:featuredmedia":[{"embeddable":true,"href":"https:\/\/allbiomorocco.com\/en\/wp-json\/wp\/v2\/media\/8017"}],"wp:attachment":[{"href":"https:\/\/allbiomorocco.com\/en\/wp-json\/wp\/v2\/media?parent=7585"}],"wp:term":[{"taxonomy":"product_brand","embeddable":true,"href":"https:\/\/allbiomorocco.com\/en\/wp-json\/wp\/v2\/product_brand?post=7585"},{"taxonomy":"product_cat","embeddable":true,"href":"https:\/\/allbiomorocco.com\/en\/wp-json\/wp\/v2\/product_cat?post=7585"},{"taxonomy":"product_tag","embeddable":true,"href":"https:\/\/allbiomorocco.com\/en\/wp-json\/wp\/v2\/product_tag?post=7585"}],"curies":[{"name":"wp","href":"https:\/\/api.w.org\/{rel}","templated":true}]}}