{"id":7586,"date":"2026-01-21T13:49:33","date_gmt":"2026-01-21T13:49:33","guid":{"rendered":"https:\/\/allbiomorocco.com\/?post_type=product&#038;p=7586"},"modified":"2026-04-06T18:49:50","modified_gmt":"2026-04-06T18:49:50","slug":"zaafrane-chaara","status":"publish","type":"product","link":"https:\/\/allbiomorocco.com\/en\/product\/zaafrane-chaara\/","title":{"rendered":"Zaafrane Chaara"},"content":{"rendered":"<h3 data-section-id=\"18xmbil\" data-start=\"88\" data-end=\"128\"><span role=\"text\"><strong data-start=\"92\" data-end=\"126\">Description du Zaafrane Chaara<\/strong><\/span><\/h3>\n<p data-start=\"129\" data-end=\"552\">Le <strong data-start=\"132\" data-end=\"151\">zaafrane chaara<\/strong> est une plante aromatique et m\u00e9dicinale utilis\u00e9e traditionnellement au Maroc et dans plusieurs pays du Moyen-Orient. Il s\u2019agit g\u00e9n\u00e9ralement des stigmates s\u00e9ch\u00e9s de la fleur de <strong data-start=\"328\" data-end=\"346\">Crocus sativus<\/strong> ou d\u2019une variante locale, r\u00e9colt\u00e9s pour leur ar\u00f4me intense, leur couleur rouge\/orange et leur go\u00fbt l\u00e9g\u00e8rement amer et parfum\u00e9.<br data-start=\"473\" data-end=\"476\" \/>Il est r\u00e9put\u00e9 pour ses propri\u00e9t\u00e9s stimulantes, digestives et \u00e9nergisantes.<\/p>\n<h3 data-section-id=\"14sptya\" data-start=\"559\" data-end=\"597\"><span role=\"text\"><strong data-start=\"563\" data-end=\"595\">Bienfaits du Zaafrane Chaara<\/strong><\/span><\/h3>\n<ol data-start=\"599\" data-end=\"1311\">\n<li data-section-id=\"1d6gz6h\" data-start=\"599\" data-end=\"745\"><strong data-start=\"602\" data-end=\"633\">Stimulation de la digestion<\/strong>\n<ul data-start=\"639\" data-end=\"745\">\n<li data-section-id=\"aswtd3\" data-start=\"639\" data-end=\"745\">Favorise la s\u00e9cr\u00e9tion des enzymes digestives et aide \u00e0 soulager les ballonnements et les indigestions.<\/li>\n<\/ul>\n<\/li>\n<li data-section-id=\"pfn65x\" data-start=\"747\" data-end=\"876\"><strong data-start=\"750\" data-end=\"789\">Propri\u00e9t\u00e9s relaxantes et antistress<\/strong>\n<ul data-start=\"795\" data-end=\"876\">\n<li data-section-id=\"z8wswu\" data-start=\"795\" data-end=\"876\">Utilis\u00e9 en infusion pour calmer l\u2019anxi\u00e9t\u00e9 et favoriser un sommeil r\u00e9parateur.<\/li>\n<\/ul>\n<\/li>\n<li data-section-id=\"172ocat\" data-start=\"878\" data-end=\"1002\"><strong data-start=\"881\" data-end=\"920\">Renforcement du syst\u00e8me immunitaire<\/strong>\n<ul data-start=\"926\" data-end=\"1002\">\n<li data-section-id=\"l85pag\" data-start=\"926\" data-end=\"1002\">Riche en antioxydants, il prot\u00e8ge l\u2019organisme contre le stress oxydatif.<\/li>\n<\/ul>\n<\/li>\n<li data-section-id=\"24gbjo\" data-start=\"1004\" data-end=\"1138\"><strong data-start=\"1007\" data-end=\"1039\">Effet tonique et \u00e9nerg\u00e9tique<\/strong>\n<ul data-start=\"1045\" data-end=\"1138\">\n<li data-section-id=\"1qp83by\" data-start=\"1045\" data-end=\"1138\">Aide \u00e0 lutter contre la fatigue physique et mentale gr\u00e2ce \u00e0 ses compos\u00e9s actifs naturels.<\/li>\n<\/ul>\n<\/li>\n<li data-section-id=\"1av2jzo\" data-start=\"1140\" data-end=\"1311\"><strong data-start=\"1143\" data-end=\"1169\">Bienfaits pour la peau<\/strong>\n<ul data-start=\"1175\" data-end=\"1311\">\n<li data-section-id=\"dh8a48\" data-start=\"1175\" data-end=\"1311\">Antioxydant et stimulant de la circulation, il peut \u00eatre utilis\u00e9 dans des soins traditionnels pour \u00e9claircir et revitaliser la peau.<\/li>\n<\/ul>\n<\/li>\n<\/ol>","protected":false},"excerpt":{"rendered":"<p>Description du Zaafrane Chaara Le zaafrane chaara est une plante aromatique et m\u00e9dicinale utilis\u00e9e traditionnellement au Maroc et dans plusieurs pays du Moyen-Orient. Il s\u2019agit g\u00e9n\u00e9ralement des stigmates s\u00e9ch\u00e9s de la fleur de Crocus sativus ou d\u2019une variante locale, r\u00e9colt\u00e9s pour leur ar\u00f4me intense, leur couleur rouge\/orange et leur go\u00fbt l\u00e9g\u00e8rement amer et parfum\u00e9.Il est [&hellip;]<\/p>\n","protected":false},"featured_media":8047,"comment_status":"closed","ping_status":"closed","template":"","meta":{"_uag_custom_page_level_css":"","site-sidebar-layout":"default","site-content-layout":"","ast-site-content-layout":"default","site-content-style":"default","site-sidebar-style":"default","ast-global-header-display":"","ast-banner-title-visibility":"","ast-main-header-display":"","ast-hfb-above-header-display":"","ast-hfb-below-header-display":"","ast-hfb-mobile-header-display":"","site-post-title":"","ast-breadcrumbs-content":"","ast-featured-img":"","footer-sml-layout":"","ast-disable-related-posts":"","theme-transparent-header-meta":"default","adv-header-id-meta":"","stick-header-meta":"","header-above-stick-meta":"","header-main-stick-meta":"","header-below-stick-meta":"","astra-migrate-meta-layouts":"set","ast-page-background-enabled":"default","ast-page-background-meta":{"desktop":{"background-color":"","background-image":"","background-repeat":"repeat","background-position":"center center","background-size":"auto","background-attachment":"scroll","background-type":"","background-media":"","overlay-type":"","overlay-color":"","overlay-opacity":"","overlay-gradient":""},"tablet":{"background-color":"","background-image":"","background-repeat":"repeat","background-position":"center center","background-size":"auto","background-attachment":"scroll","background-type":"","background-media":"","overlay-type":"","overlay-color":"","overlay-opacity":"","overlay-gradient":""},"mobile":{"background-color":"","background-image":"","background-repeat":"repeat","background-position":"center center","background-size":"auto","background-attachment":"scroll","background-type":"","background-media":"","overlay-type":"","overlay-color":"","overlay-opacity":"","overlay-gradient":""}},"ast-content-background-meta":{"desktop":{"background-color":"var(--ast-global-color-5)","background-image":"","background-repeat":"repeat","background-position":"center center","background-size":"auto","background-attachment":"scroll","background-type":"","background-media":"","overlay-type":"","overlay-color":"","overlay-opacity":"","overlay-gradient":""},"tablet":{"background-color":"var(--ast-global-color-5)","background-image":"","background-repeat":"repeat","background-position":"center center","background-size":"auto","background-attachment":"scroll","background-type":"","background-media":"","overlay-type":"","overlay-color":"","overlay-opacity":"","overlay-gradient":""},"mobile":{"background-color":"var(--ast-global-color-5)","background-image":"","background-repeat":"repeat","background-position":"center center","background-size":"auto","background-attachment":"scroll","background-type":"","background-media":"","overlay-type":"","overlay-color":"","overlay-opacity":"","overlay-gradient":""}}},"product_brand":[],"product_cat":[17],"product_tag":[],"class_list":{"0":"post-7586","1":"product","2":"type-product","3":"status-publish","4":"has-post-thumbnail","6":"product_cat-alimentaires","7":"desktop-align-center","8":"tablet-align-center","9":"mobile-align-center","11":"first","12":"instock","13":"shipping-taxable","14":"purchasable","15":"product-type-simple"},"aioseo_notices":[],"uagb_featured_image_src":{"full":["https:\/\/allbiomorocco.com\/wp-content\/uploads\/2026\/01\/Gemini_Generated_Image_7k9pk37k9pk37k9p.png",1024,1024,false],"thumbnail":["https:\/\/allbiomorocco.com\/wp-content\/uploads\/2026\/01\/Gemini_Generated_Image_7k9pk37k9pk37k9p-150x150.png",150,150,true],"medium":["https:\/\/allbiomorocco.com\/wp-content\/uploads\/2026\/01\/Gemini_Generated_Image_7k9pk37k9pk37k9p-300x300.png",300,300,true],"medium_large":["https:\/\/allbiomorocco.com\/wp-content\/uploads\/2026\/01\/Gemini_Generated_Image_7k9pk37k9pk37k9p-768x768.png",768,768,true],"large":["https:\/\/allbiomorocco.com\/wp-content\/uploads\/2026\/01\/Gemini_Generated_Image_7k9pk37k9pk37k9p.png",1024,1024,false],"1536x1536":["https:\/\/allbiomorocco.com\/wp-content\/uploads\/2026\/01\/Gemini_Generated_Image_7k9pk37k9pk37k9p.png",1024,1024,false],"2048x2048":["https:\/\/allbiomorocco.com\/wp-content\/uploads\/2026\/01\/Gemini_Generated_Image_7k9pk37k9pk37k9p.png",1024,1024,false],"trp-custom-language-flag":["https:\/\/allbiomorocco.com\/wp-content\/uploads\/2026\/01\/Gemini_Generated_Image_7k9pk37k9pk37k9p-12x12.png",12,12,true],"woocommerce_thumbnail":["https:\/\/allbiomorocco.com\/wp-content\/uploads\/2026\/01\/Gemini_Generated_Image_7k9pk37k9pk37k9p-300x300.png",300,300,true],"woocommerce_single":["https:\/\/allbiomorocco.com\/wp-content\/uploads\/2026\/01\/Gemini_Generated_Image_7k9pk37k9pk37k9p-600x600.png",600,600,true],"woocommerce_gallery_thumbnail":["https:\/\/allbiomorocco.com\/wp-content\/uploads\/2026\/01\/Gemini_Generated_Image_7k9pk37k9pk37k9p-100x100.png",100,100,true]},"uagb_author_info":{"display_name":"NOUZHA ABARDAQ","author_link":"https:\/\/allbiomorocco.com\/en\/author\/"},"uagb_comment_info":0,"uagb_excerpt":"Description du Zaafrane Chaara Le zaafrane chaara est une plante aromatique et m\u00e9dicinale utilis\u00e9e traditionnellement au Maroc et dans plusieurs pays du Moyen-Orient. Il s\u2019agit g\u00e9n\u00e9ralement des stigmates s\u00e9ch\u00e9s de la fleur de Crocus sativus ou d\u2019une variante locale, r\u00e9colt\u00e9s pour leur ar\u00f4me intense, leur couleur rouge\/orange et leur go\u00fbt l\u00e9g\u00e8rement amer et parfum\u00e9.Il est&hellip;","_links":{"self":[{"href":"https:\/\/allbiomorocco.com\/en\/wp-json\/wp\/v2\/product\/7586","targetHints":{"allow":["GET"]}}],"collection":[{"href":"https:\/\/allbiomorocco.com\/en\/wp-json\/wp\/v2\/product"}],"about":[{"href":"https:\/\/allbiomorocco.com\/en\/wp-json\/wp\/v2\/types\/product"}],"replies":[{"embeddable":true,"href":"https:\/\/allbiomorocco.com\/en\/wp-json\/wp\/v2\/comments?post=7586"}],"wp:featuredmedia":[{"embeddable":true,"href":"https:\/\/allbiomorocco.com\/en\/wp-json\/wp\/v2\/media\/8047"}],"wp:attachment":[{"href":"https:\/\/allbiomorocco.com\/en\/wp-json\/wp\/v2\/media?parent=7586"}],"wp:term":[{"taxonomy":"product_brand","embeddable":true,"href":"https:\/\/allbiomorocco.com\/en\/wp-json\/wp\/v2\/product_brand?post=7586"},{"taxonomy":"product_cat","embeddable":true,"href":"https:\/\/allbiomorocco.com\/en\/wp-json\/wp\/v2\/product_cat?post=7586"},{"taxonomy":"product_tag","embeddable":true,"href":"https:\/\/allbiomorocco.com\/en\/wp-json\/wp\/v2\/product_tag?post=7586"}],"curies":[{"name":"wp","href":"https:\/\/api.w.org\/{rel}","templated":true}]}}