{"id":7606,"date":"2026-01-21T13:49:34","date_gmt":"2026-01-21T13:49:34","guid":{"rendered":"https:\/\/allbiomorocco.com\/?post_type=product&#038;p=7606"},"modified":"2026-04-06T17:36:09","modified_gmt":"2026-04-06T17:36:09","slug":"vinaigre-pommes-250-ml","status":"publish","type":"product","link":"https:\/\/allbiomorocco.com\/en\/product\/vinaigre-pommes-250-ml\/","title":{"rendered":"Vinaigre Pommes 250 ml"},"content":{"rendered":"<h3 data-section-id=\"sm3xrm\" data-start=\"114\" data-end=\"154\"><span role=\"text\"><strong data-start=\"118\" data-end=\"154\">Vinaigre de pommes\u00a0<\/strong><\/span><\/h3>\n<p data-start=\"155\" data-end=\"528\">Le vinaigre de pommes est un liquide obtenu par la fermentation du jus de pommes. Riche en acide ac\u00e9tique, enzymes et probiotiques naturels, il est utilis\u00e9 depuis des si\u00e8cles \u00e0 la fois pour ses vertus culinaires, m\u00e9dicinales et cosm\u00e9tiques. Son parfum est l\u00e9g\u00e8rement acidul\u00e9 et fruit\u00e9, et sa couleur varie du jaune clair \u00e0 l\u2019ambre selon la qualit\u00e9 et le mode de production.<\/p>\n<h3 data-section-id=\"1o01ce7\" data-start=\"535\" data-end=\"574\"><span role=\"text\"><strong data-start=\"539\" data-end=\"574\">Bienfaits du vinaigre de pommes<\/strong><\/span><\/h3>\n<p data-start=\"576\" data-end=\"594\"><strong data-start=\"576\" data-end=\"594\">Pour la peau :<\/strong><\/p>\n<ul data-start=\"595\" data-end=\"833\">\n<li data-section-id=\"6rch5s\" data-start=\"595\" data-end=\"657\">Aide \u00e0 \u00e9quilibrer le pH de la peau et \u00e0 resserrer les pores.<\/li>\n<li data-section-id=\"1q98hgr\" data-start=\"658\" data-end=\"766\">Poss\u00e8de des propri\u00e9t\u00e9s antibact\u00e9riennes et anti-inflammatoires, utiles pour les peaux \u00e0 tendance acn\u00e9ique.<\/li>\n<li data-section-id=\"fhsapr\" data-start=\"767\" data-end=\"833\">Peut \u00eatre utilis\u00e9 comme tonique naturel pour illuminer le teint.<\/li>\n<\/ul>\n<p data-start=\"835\" data-end=\"857\"><strong data-start=\"835\" data-end=\"857\">Pour les cheveux :<\/strong><\/p>\n<ul data-start=\"858\" data-end=\"975\">\n<li data-section-id=\"przdjo\" data-start=\"858\" data-end=\"916\">Stimule la brillance naturelle et r\u00e9duit les pellicules.<\/li>\n<li data-section-id=\"1aa6yv8\" data-start=\"917\" data-end=\"975\">\u00c9quilibre le pH du cuir chevelu et renforce les cheveux.<\/li>\n<\/ul>\n<p data-start=\"977\" data-end=\"996\"><strong data-start=\"977\" data-end=\"996\">Pour la sant\u00e9 :<\/strong><\/p>\n<ul data-start=\"997\" data-end=\"1181\">\n<li data-section-id=\"ypr2f0\" data-start=\"997\" data-end=\"1053\">Favorise la digestion et r\u00e9gule le transit intestinal.<\/li>\n<li data-section-id=\"1elqseb\" data-start=\"1054\" data-end=\"1121\">Aide \u00e0 maintenir un taux de sucre sanguin stable apr\u00e8s les repas.<\/li>\n<li data-section-id=\"1uix097\" data-start=\"1122\" data-end=\"1181\">Peut soutenir la d\u00e9toxification naturelle de l\u2019organisme.<\/li>\n<\/ul>","protected":false},"excerpt":{"rendered":"<p>Vinaigre de pommes\u00a0 Le vinaigre de pommes est un liquide obtenu par la fermentation du jus de pommes. Riche en acide ac\u00e9tique, enzymes et probiotiques naturels, il est utilis\u00e9 depuis des si\u00e8cles \u00e0 la fois pour ses vertus culinaires, m\u00e9dicinales et cosm\u00e9tiques. Son parfum est l\u00e9g\u00e8rement acidul\u00e9 et fruit\u00e9, et sa couleur varie du jaune [&hellip;]<\/p>\n","protected":false},"featured_media":8034,"comment_status":"closed","ping_status":"closed","template":"","meta":{"_uag_custom_page_level_css":"","site-sidebar-layout":"default","site-content-layout":"","ast-site-content-layout":"default","site-content-style":"default","site-sidebar-style":"default","ast-global-header-display":"","ast-banner-title-visibility":"","ast-main-header-display":"","ast-hfb-above-header-display":"","ast-hfb-below-header-display":"","ast-hfb-mobile-header-display":"","site-post-title":"","ast-breadcrumbs-content":"","ast-featured-img":"","footer-sml-layout":"","ast-disable-related-posts":"","theme-transparent-header-meta":"default","adv-header-id-meta":"","stick-header-meta":"","header-above-stick-meta":"","header-main-stick-meta":"","header-below-stick-meta":"","astra-migrate-meta-layouts":"set","ast-page-background-enabled":"default","ast-page-background-meta":{"desktop":{"background-color":"","background-image":"","background-repeat":"repeat","background-position":"center center","background-size":"auto","background-attachment":"scroll","background-type":"","background-media":"","overlay-type":"","overlay-color":"","overlay-opacity":"","overlay-gradient":""},"tablet":{"background-color":"","background-image":"","background-repeat":"repeat","background-position":"center center","background-size":"auto","background-attachment":"scroll","background-type":"","background-media":"","overlay-type":"","overlay-color":"","overlay-opacity":"","overlay-gradient":""},"mobile":{"background-color":"","background-image":"","background-repeat":"repeat","background-position":"center center","background-size":"auto","background-attachment":"scroll","background-type":"","background-media":"","overlay-type":"","overlay-color":"","overlay-opacity":"","overlay-gradient":""}},"ast-content-background-meta":{"desktop":{"background-color":"var(--ast-global-color-5)","background-image":"","background-repeat":"repeat","background-position":"center center","background-size":"auto","background-attachment":"scroll","background-type":"","background-media":"","overlay-type":"","overlay-color":"","overlay-opacity":"","overlay-gradient":""},"tablet":{"background-color":"var(--ast-global-color-5)","background-image":"","background-repeat":"repeat","background-position":"center center","background-size":"auto","background-attachment":"scroll","background-type":"","background-media":"","overlay-type":"","overlay-color":"","overlay-opacity":"","overlay-gradient":""},"mobile":{"background-color":"var(--ast-global-color-5)","background-image":"","background-repeat":"repeat","background-position":"center center","background-size":"auto","background-attachment":"scroll","background-type":"","background-media":"","overlay-type":"","overlay-color":"","overlay-opacity":"","overlay-gradient":""}}},"product_brand":[],"product_cat":[17],"product_tag":[],"class_list":{"0":"post-7606","1":"product","2":"type-product","3":"status-publish","4":"has-post-thumbnail","6":"product_cat-alimentaires","7":"desktop-align-center","8":"tablet-align-center","9":"mobile-align-center","11":"first","12":"instock","13":"shipping-taxable","14":"purchasable","15":"product-type-simple"},"aioseo_notices":[],"uagb_featured_image_src":{"full":["https:\/\/allbiomorocco.com\/wp-content\/uploads\/2026\/01\/Gemini_Generated_Image_kr12e0kr12e0kr12.png",1024,1024,false],"thumbnail":["https:\/\/allbiomorocco.com\/wp-content\/uploads\/2026\/01\/Gemini_Generated_Image_kr12e0kr12e0kr12-150x150.png",150,150,true],"medium":["https:\/\/allbiomorocco.com\/wp-content\/uploads\/2026\/01\/Gemini_Generated_Image_kr12e0kr12e0kr12-300x300.png",300,300,true],"medium_large":["https:\/\/allbiomorocco.com\/wp-content\/uploads\/2026\/01\/Gemini_Generated_Image_kr12e0kr12e0kr12-768x768.png",768,768,true],"large":["https:\/\/allbiomorocco.com\/wp-content\/uploads\/2026\/01\/Gemini_Generated_Image_kr12e0kr12e0kr12.png",1024,1024,false],"1536x1536":["https:\/\/allbiomorocco.com\/wp-content\/uploads\/2026\/01\/Gemini_Generated_Image_kr12e0kr12e0kr12.png",1024,1024,false],"2048x2048":["https:\/\/allbiomorocco.com\/wp-content\/uploads\/2026\/01\/Gemini_Generated_Image_kr12e0kr12e0kr12.png",1024,1024,false],"trp-custom-language-flag":["https:\/\/allbiomorocco.com\/wp-content\/uploads\/2026\/01\/Gemini_Generated_Image_kr12e0kr12e0kr12-12x12.png",12,12,true],"woocommerce_thumbnail":["https:\/\/allbiomorocco.com\/wp-content\/uploads\/2026\/01\/Gemini_Generated_Image_kr12e0kr12e0kr12-300x300.png",300,300,true],"woocommerce_single":["https:\/\/allbiomorocco.com\/wp-content\/uploads\/2026\/01\/Gemini_Generated_Image_kr12e0kr12e0kr12-600x600.png",600,600,true],"woocommerce_gallery_thumbnail":["https:\/\/allbiomorocco.com\/wp-content\/uploads\/2026\/01\/Gemini_Generated_Image_kr12e0kr12e0kr12-100x100.png",100,100,true]},"uagb_author_info":{"display_name":"NOUZHA ABARDAQ","author_link":"https:\/\/allbiomorocco.com\/en\/author\/"},"uagb_comment_info":0,"uagb_excerpt":"Vinaigre de pommes\u00a0 Le vinaigre de pommes est un liquide obtenu par la fermentation du jus de pommes. Riche en acide ac\u00e9tique, enzymes et probiotiques naturels, il est utilis\u00e9 depuis des si\u00e8cles \u00e0 la fois pour ses vertus culinaires, m\u00e9dicinales et cosm\u00e9tiques. Son parfum est l\u00e9g\u00e8rement acidul\u00e9 et fruit\u00e9, et sa couleur varie du jaune&hellip;","_links":{"self":[{"href":"https:\/\/allbiomorocco.com\/en\/wp-json\/wp\/v2\/product\/7606","targetHints":{"allow":["GET"]}}],"collection":[{"href":"https:\/\/allbiomorocco.com\/en\/wp-json\/wp\/v2\/product"}],"about":[{"href":"https:\/\/allbiomorocco.com\/en\/wp-json\/wp\/v2\/types\/product"}],"replies":[{"embeddable":true,"href":"https:\/\/allbiomorocco.com\/en\/wp-json\/wp\/v2\/comments?post=7606"}],"wp:featuredmedia":[{"embeddable":true,"href":"https:\/\/allbiomorocco.com\/en\/wp-json\/wp\/v2\/media\/8034"}],"wp:attachment":[{"href":"https:\/\/allbiomorocco.com\/en\/wp-json\/wp\/v2\/media?parent=7606"}],"wp:term":[{"taxonomy":"product_brand","embeddable":true,"href":"https:\/\/allbiomorocco.com\/en\/wp-json\/wp\/v2\/product_brand?post=7606"},{"taxonomy":"product_cat","embeddable":true,"href":"https:\/\/allbiomorocco.com\/en\/wp-json\/wp\/v2\/product_cat?post=7606"},{"taxonomy":"product_tag","embeddable":true,"href":"https:\/\/allbiomorocco.com\/en\/wp-json\/wp\/v2\/product_tag?post=7606"}],"curies":[{"name":"wp","href":"https:\/\/api.w.org\/{rel}","templated":true}]}}