{"id":7610,"date":"2026-01-21T13:49:37","date_gmt":"2026-01-21T13:49:37","guid":{"rendered":"https:\/\/allbiomorocco.com\/?post_type=product&#038;p=7610"},"modified":"2026-04-04T17:31:16","modified_gmt":"2026-04-04T17:31:16","slug":"pierre-gommage-pied","status":"publish","type":"product","link":"https:\/\/allbiomorocco.com\/en\/product\/pierre-gommage-pied\/","title":{"rendered":"Pierre Gommage Pied"},"content":{"rendered":"<p data-start=\"100\" data-end=\"516\">La pierre de gommage pour les pieds est un accessoire naturel et efficace, utilis\u00e9 pour exfolier en profondeur les zones rugueuses telles que les talons, les plantes des pieds et les coudes. Inspir\u00e9e des rituels traditionnels du hammam marocain, elle permet d\u2019\u00e9liminer les cellules mortes, les callosit\u00e9s et les peaux \u00e9paisses pour retrouver des pieds doux, lisses et soign\u00e9s.<\/p>\n<p data-start=\"518\" data-end=\"853\">Gr\u00e2ce \u00e0 sa texture l\u00e9g\u00e8rement abrasive (pierre ponce ou argile naturelle), elle agit m\u00e9caniquement pour lisser la peau sans l\u2019agresser. Elle contribue \u00e9galement \u00e0 am\u00e9liorer la circulation cutan\u00e9e et \u00e0 pr\u00e9parer la peau \u00e0 recevoir des soins hydratants comme l\u2019huile d\u2019argan ou le beurre de karit\u00e9.<\/p>\n<h3 data-section-id=\"4psz19\" data-start=\"860\" data-end=\"877\">\u2728 Bienfaits :<\/h3>\n<ul data-start=\"878\" data-end=\"1131\">\n<li data-section-id=\"1a8z9jc\" data-start=\"878\" data-end=\"933\">\u00c9limine efficacement les peaux mortes et callosit\u00e9s<\/li>\n<li data-section-id=\"hem7is\" data-start=\"934\" data-end=\"973\">Lisse et adoucit les talons rugueux<\/li>\n<li data-section-id=\"esvyuw\" data-start=\"974\" data-end=\"1015\">Favorise le renouvellement de la peau<\/li>\n<li data-section-id=\"jy3c0y\" data-start=\"1016\" data-end=\"1089\">Am\u00e9liore la douceur et l\u2019aspect des pieds d\u00e8s la premi\u00e8re utilisation<\/li>\n<li data-section-id=\"1a2nwhp\" data-start=\"1090\" data-end=\"1131\">100% naturelle, \u00e9cologique et durable<\/li>\n<\/ul>","protected":false},"excerpt":{"rendered":"<p>La pierre de gommage pour les pieds est un accessoire naturel et efficace, utilis\u00e9 pour exfolier en profondeur les zones rugueuses telles que les talons, les plantes des pieds et les coudes. Inspir\u00e9e des rituels traditionnels du hammam marocain, elle permet d\u2019\u00e9liminer les cellules mortes, les callosit\u00e9s et les peaux \u00e9paisses pour retrouver des pieds [&hellip;]<\/p>\n","protected":false},"featured_media":8005,"comment_status":"closed","ping_status":"closed","template":"","meta":{"_uag_custom_page_level_css":"","site-sidebar-layout":"default","site-content-layout":"","ast-site-content-layout":"default","site-content-style":"default","site-sidebar-style":"default","ast-global-header-display":"","ast-banner-title-visibility":"","ast-main-header-display":"","ast-hfb-above-header-display":"","ast-hfb-below-header-display":"","ast-hfb-mobile-header-display":"","site-post-title":"","ast-breadcrumbs-content":"","ast-featured-img":"","footer-sml-layout":"","ast-disable-related-posts":"","theme-transparent-header-meta":"default","adv-header-id-meta":"","stick-header-meta":"","header-above-stick-meta":"","header-main-stick-meta":"","header-below-stick-meta":"","astra-migrate-meta-layouts":"set","ast-page-background-enabled":"default","ast-page-background-meta":{"desktop":{"background-color":"","background-image":"","background-repeat":"repeat","background-position":"center center","background-size":"auto","background-attachment":"scroll","background-type":"","background-media":"","overlay-type":"","overlay-color":"","overlay-opacity":"","overlay-gradient":""},"tablet":{"background-color":"","background-image":"","background-repeat":"repeat","background-position":"center center","background-size":"auto","background-attachment":"scroll","background-type":"","background-media":"","overlay-type":"","overlay-color":"","overlay-opacity":"","overlay-gradient":""},"mobile":{"background-color":"","background-image":"","background-repeat":"repeat","background-position":"center center","background-size":"auto","background-attachment":"scroll","background-type":"","background-media":"","overlay-type":"","overlay-color":"","overlay-opacity":"","overlay-gradient":""}},"ast-content-background-meta":{"desktop":{"background-color":"var(--ast-global-color-5)","background-image":"","background-repeat":"repeat","background-position":"center center","background-size":"auto","background-attachment":"scroll","background-type":"","background-media":"","overlay-type":"","overlay-color":"","overlay-opacity":"","overlay-gradient":""},"tablet":{"background-color":"var(--ast-global-color-5)","background-image":"","background-repeat":"repeat","background-position":"center center","background-size":"auto","background-attachment":"scroll","background-type":"","background-media":"","overlay-type":"","overlay-color":"","overlay-opacity":"","overlay-gradient":""},"mobile":{"background-color":"var(--ast-global-color-5)","background-image":"","background-repeat":"repeat","background-position":"center center","background-size":"auto","background-attachment":"scroll","background-type":"","background-media":"","overlay-type":"","overlay-color":"","overlay-opacity":"","overlay-gradient":""}}},"product_brand":[],"product_cat":[16],"product_tag":[],"class_list":{"0":"post-7610","1":"product","2":"type-product","3":"status-publish","4":"has-post-thumbnail","6":"product_cat-cosmetique","7":"desktop-align-center","8":"tablet-align-center","9":"mobile-align-center","11":"first","12":"instock","13":"shipping-taxable","14":"purchasable","15":"product-type-simple"},"aioseo_notices":[],"uagb_featured_image_src":{"full":["https:\/\/allbiomorocco.com\/wp-content\/uploads\/2026\/01\/Gemini_Generated_Image_tsg5ootsg5ootsg5.png",2048,2048,false],"thumbnail":["https:\/\/allbiomorocco.com\/wp-content\/uploads\/2026\/01\/Gemini_Generated_Image_tsg5ootsg5ootsg5-150x150.png",150,150,true],"medium":["https:\/\/allbiomorocco.com\/wp-content\/uploads\/2026\/01\/Gemini_Generated_Image_tsg5ootsg5ootsg5-300x300.png",300,300,true],"medium_large":["https:\/\/allbiomorocco.com\/wp-content\/uploads\/2026\/01\/Gemini_Generated_Image_tsg5ootsg5ootsg5-768x768.png",768,768,true],"large":["https:\/\/allbiomorocco.com\/wp-content\/uploads\/2026\/01\/Gemini_Generated_Image_tsg5ootsg5ootsg5-1024x1024.png",1024,1024,true],"1536x1536":["https:\/\/allbiomorocco.com\/wp-content\/uploads\/2026\/01\/Gemini_Generated_Image_tsg5ootsg5ootsg5-1536x1536.png",1536,1536,true],"2048x2048":["https:\/\/allbiomorocco.com\/wp-content\/uploads\/2026\/01\/Gemini_Generated_Image_tsg5ootsg5ootsg5.png",2048,2048,false],"trp-custom-language-flag":["https:\/\/allbiomorocco.com\/wp-content\/uploads\/2026\/01\/Gemini_Generated_Image_tsg5ootsg5ootsg5-12x12.png",12,12,true],"woocommerce_thumbnail":["https:\/\/allbiomorocco.com\/wp-content\/uploads\/2026\/01\/Gemini_Generated_Image_tsg5ootsg5ootsg5-300x300.png",300,300,true],"woocommerce_single":["https:\/\/allbiomorocco.com\/wp-content\/uploads\/2026\/01\/Gemini_Generated_Image_tsg5ootsg5ootsg5-600x600.png",600,600,true],"woocommerce_gallery_thumbnail":["https:\/\/allbiomorocco.com\/wp-content\/uploads\/2026\/01\/Gemini_Generated_Image_tsg5ootsg5ootsg5-100x100.png",100,100,true]},"uagb_author_info":{"display_name":"NOUZHA ABARDAQ","author_link":"https:\/\/allbiomorocco.com\/en\/author\/"},"uagb_comment_info":0,"uagb_excerpt":"La pierre de gommage pour les pieds est un accessoire naturel et efficace, utilis\u00e9 pour exfolier en profondeur les zones rugueuses telles que les talons, les plantes des pieds et les coudes. Inspir\u00e9e des rituels traditionnels du hammam marocain, elle permet d\u2019\u00e9liminer les cellules mortes, les callosit\u00e9s et les peaux \u00e9paisses pour retrouver des pieds&hellip;","_links":{"self":[{"href":"https:\/\/allbiomorocco.com\/en\/wp-json\/wp\/v2\/product\/7610","targetHints":{"allow":["GET"]}}],"collection":[{"href":"https:\/\/allbiomorocco.com\/en\/wp-json\/wp\/v2\/product"}],"about":[{"href":"https:\/\/allbiomorocco.com\/en\/wp-json\/wp\/v2\/types\/product"}],"replies":[{"embeddable":true,"href":"https:\/\/allbiomorocco.com\/en\/wp-json\/wp\/v2\/comments?post=7610"}],"wp:featuredmedia":[{"embeddable":true,"href":"https:\/\/allbiomorocco.com\/en\/wp-json\/wp\/v2\/media\/8005"}],"wp:attachment":[{"href":"https:\/\/allbiomorocco.com\/en\/wp-json\/wp\/v2\/media?parent=7610"}],"wp:term":[{"taxonomy":"product_brand","embeddable":true,"href":"https:\/\/allbiomorocco.com\/en\/wp-json\/wp\/v2\/product_brand?post=7610"},{"taxonomy":"product_cat","embeddable":true,"href":"https:\/\/allbiomorocco.com\/en\/wp-json\/wp\/v2\/product_cat?post=7610"},{"taxonomy":"product_tag","embeddable":true,"href":"https:\/\/allbiomorocco.com\/en\/wp-json\/wp\/v2\/product_tag?post=7610"}],"curies":[{"name":"wp","href":"https:\/\/api.w.org\/{rel}","templated":true}]}}