{"id":7619,"date":"2026-01-21T13:49:37","date_gmt":"2026-01-21T13:49:37","guid":{"rendered":"https:\/\/allbiomorocco.com\/?post_type=product&#038;p=7619"},"modified":"2026-04-06T19:07:45","modified_gmt":"2026-04-06T19:07:45","slug":"essence-jaoui-blanc","status":"publish","type":"product","link":"https:\/\/allbiomorocco.com\/en\/product\/essence-jaoui-blanc\/","title":{"rendered":"Essence Jaoui Blanc"},"content":{"rendered":"<h3 data-section-id=\"1jun8pm\" data-start=\"77\" data-end=\"98\"><span role=\"text\"><strong data-start=\"81\" data-end=\"98\">Description :<\/strong><\/span><\/h3>\n<p data-start=\"99\" data-end=\"525\">L\u2019<strong data-start=\"101\" data-end=\"124\">Essence Jaoui Blanc<\/strong> est une huile essentielle extraite de la plante <strong data-start=\"173\" data-end=\"188\">Jaoui blanc<\/strong> (souvent utilis\u00e9e dans les traditions maghr\u00e9bines et orientales). Elle se distingue par son parfum doux, floral et l\u00e9g\u00e8rement bois\u00e9. G\u00e9n\u00e9ralement utilis\u00e9e en aromath\u00e9rapie, elle peut \u00eatre appliqu\u00e9e en diffusion, en massage dilu\u00e9e dans une huile v\u00e9g\u00e9tale, ou dans les soins cosm\u00e9tiques pour ses propri\u00e9t\u00e9s aromatiques et bienfaisantes.<\/p>\n<ul data-start=\"527\" data-end=\"737\">\n<li data-section-id=\"1qwaklj\" data-start=\"527\" data-end=\"572\"><strong data-start=\"529\" data-end=\"542\">Couleur :<\/strong> Claire, l\u00e9g\u00e8rement jaun\u00e2tre<\/li>\n<li data-section-id=\"d5y0q9\" data-start=\"573\" data-end=\"604\"><strong data-start=\"575\" data-end=\"588\">Texture :<\/strong> Liquide l\u00e9ger<\/li>\n<li data-section-id=\"a7zkem\" data-start=\"605\" data-end=\"660\"><strong data-start=\"607\" data-end=\"619\">Parfum :<\/strong> Floral, apaisant et d\u00e9licatement sucr\u00e9<\/li>\n<li data-section-id=\"f6ousm\" data-start=\"661\" data-end=\"737\"><strong data-start=\"663\" data-end=\"676\">Origine :<\/strong> Plantes cultiv\u00e9es ou sauvages selon les r\u00e9gions du Maghreb<\/li>\n<\/ul>\n<h3 data-section-id=\"pwnoph\" data-start=\"744\" data-end=\"763\"><span role=\"text\"><strong data-start=\"748\" data-end=\"763\">Bienfaits :<\/strong><\/span><\/h3>\n<ol data-start=\"765\" data-end=\"1467\">\n<li data-section-id=\"1nhkea9\" data-start=\"765\" data-end=\"930\"><strong data-start=\"768\" data-end=\"806\">Relaxation et \u00e9quilibre \u00e9motionnel<\/strong>\n<ul data-start=\"812\" data-end=\"930\">\n<li data-section-id=\"tgno2m\" data-start=\"812\" data-end=\"846\">Apaise le stress et l\u2019anxi\u00e9t\u00e9.<\/li>\n<li data-section-id=\"lkl4jj\" data-start=\"850\" data-end=\"930\">Favorise un sommeil r\u00e9parateur lorsqu\u2019utilis\u00e9e en diffusion dans la chambre.<\/li>\n<\/ul>\n<\/li>\n<li data-section-id=\"1f0obfe\" data-start=\"932\" data-end=\"1110\"><strong data-start=\"935\" data-end=\"955\">Soins de la peau<\/strong>\n<ul data-start=\"961\" data-end=\"1110\">\n<li data-section-id=\"mhji9j\" data-start=\"961\" data-end=\"1028\">Aide \u00e0 r\u00e9guler les peaux sensibles ou sujettes aux irritations.<\/li>\n<li data-section-id=\"1qeeukx\" data-start=\"1032\" data-end=\"1110\">Peut contribuer \u00e0 illuminer le teint et \u00e0 am\u00e9liorer la texture de la peau.<\/li>\n<\/ul>\n<\/li>\n<li data-section-id=\"1jbl1r5\" data-start=\"1112\" data-end=\"1309\"><strong data-start=\"1115\" data-end=\"1141\">Propri\u00e9t\u00e9s purifiantes<\/strong>\n<ul data-start=\"1147\" data-end=\"1309\">\n<li data-section-id=\"16n9qfx\" data-start=\"1147\" data-end=\"1206\">Purifie l\u2019air et l\u2019espace lorsqu\u2019utilis\u00e9e en diffusion.<\/li>\n<li data-section-id=\"p7k0jd\" data-start=\"1210\" data-end=\"1309\">Aide \u00e0 r\u00e9duire certaines inflammations cutan\u00e9es lorsqu\u2019elle est dilu\u00e9e et appliqu\u00e9e localement.<\/li>\n<\/ul>\n<\/li>\n<li data-section-id=\"eyr8t7\" data-start=\"1311\" data-end=\"1467\"><strong data-start=\"1314\" data-end=\"1344\">Aromath\u00e9rapie et bien-\u00eatre<\/strong>\n<ul data-start=\"1350\" data-end=\"1467\">\n<li data-section-id=\"1e3bdbp\" data-start=\"1350\" data-end=\"1380\">Stimule l\u2019humeur positive.<\/li>\n<li data-section-id=\"1dxoj3i\" data-start=\"1384\" data-end=\"1467\">Utile dans les rituels de relaxation ou m\u00e9ditation gr\u00e2ce \u00e0 son parfum apaisant.<\/li>\n<\/ul>\n<\/li>\n<\/ol>","protected":false},"excerpt":{"rendered":"<p>Description : L\u2019Essence Jaoui Blanc est une huile essentielle extraite de la plante Jaoui blanc (souvent utilis\u00e9e dans les traditions maghr\u00e9bines et orientales). Elle se distingue par son parfum doux, floral et l\u00e9g\u00e8rement bois\u00e9. G\u00e9n\u00e9ralement utilis\u00e9e en aromath\u00e9rapie, elle peut \u00eatre appliqu\u00e9e en diffusion, en massage dilu\u00e9e dans une huile v\u00e9g\u00e9tale, ou dans les soins [&hellip;]<\/p>","protected":false},"featured_media":8049,"comment_status":"closed","ping_status":"closed","template":"","meta":{"_uag_custom_page_level_css":"","site-sidebar-layout":"default","site-content-layout":"","ast-site-content-layout":"default","site-content-style":"default","site-sidebar-style":"default","ast-global-header-display":"","ast-banner-title-visibility":"","ast-main-header-display":"","ast-hfb-above-header-display":"","ast-hfb-below-header-display":"","ast-hfb-mobile-header-display":"","site-post-title":"","ast-breadcrumbs-content":"","ast-featured-img":"","footer-sml-layout":"","ast-disable-related-posts":"","theme-transparent-header-meta":"default","adv-header-id-meta":"","stick-header-meta":"","header-above-stick-meta":"","header-main-stick-meta":"","header-below-stick-meta":"","astra-migrate-meta-layouts":"set","ast-page-background-enabled":"default","ast-page-background-meta":{"desktop":{"background-color":"","background-image":"","background-repeat":"repeat","background-position":"center center","background-size":"auto","background-attachment":"scroll","background-type":"","background-media":"","overlay-type":"","overlay-color":"","overlay-opacity":"","overlay-gradient":""},"tablet":{"background-color":"","background-image":"","background-repeat":"repeat","background-position":"center center","background-size":"auto","background-attachment":"scroll","background-type":"","background-media":"","overlay-type":"","overlay-color":"","overlay-opacity":"","overlay-gradient":""},"mobile":{"background-color":"","background-image":"","background-repeat":"repeat","background-position":"center center","background-size":"auto","background-attachment":"scroll","background-type":"","background-media":"","overlay-type":"","overlay-color":"","overlay-opacity":"","overlay-gradient":""}},"ast-content-background-meta":{"desktop":{"background-color":"var(--ast-global-color-5)","background-image":"","background-repeat":"repeat","background-position":"center center","background-size":"auto","background-attachment":"scroll","background-type":"","background-media":"","overlay-type":"","overlay-color":"","overlay-opacity":"","overlay-gradient":""},"tablet":{"background-color":"var(--ast-global-color-5)","background-image":"","background-repeat":"repeat","background-position":"center center","background-size":"auto","background-attachment":"scroll","background-type":"","background-media":"","overlay-type":"","overlay-color":"","overlay-opacity":"","overlay-gradient":""},"mobile":{"background-color":"var(--ast-global-color-5)","background-image":"","background-repeat":"repeat","background-position":"center center","background-size":"auto","background-attachment":"scroll","background-type":"","background-media":"","overlay-type":"","overlay-color":"","overlay-opacity":"","overlay-gradient":""}}},"product_brand":[],"product_cat":[35],"product_tag":[],"class_list":{"0":"post-7619","1":"product","2":"type-product","3":"status-publish","4":"has-post-thumbnail","6":"product_cat-divers","7":"desktop-align-center","8":"tablet-align-center","9":"mobile-align-center","11":"first","12":"instock","13":"shipping-taxable","14":"purchasable","15":"product-type-simple"},"aioseo_notices":[],"uagb_featured_image_src":{"full":["https:\/\/allbiomorocco.com\/wp-content\/uploads\/2026\/01\/Gemini_Generated_Image_4b70ko4b70ko4b70.png",768,1368,false],"thumbnail":["https:\/\/allbiomorocco.com\/wp-content\/uploads\/2026\/01\/Gemini_Generated_Image_4b70ko4b70ko4b70-150x150.png",150,150,true],"medium":["https:\/\/allbiomorocco.com\/wp-content\/uploads\/2026\/01\/Gemini_Generated_Image_4b70ko4b70ko4b70-168x300.png",168,300,true],"medium_large":["https:\/\/allbiomorocco.com\/wp-content\/uploads\/2026\/01\/Gemini_Generated_Image_4b70ko4b70ko4b70.png",768,1368,false],"large":["https:\/\/allbiomorocco.com\/wp-content\/uploads\/2026\/01\/Gemini_Generated_Image_4b70ko4b70ko4b70-575x1024.png",575,1024,true],"1536x1536":["https:\/\/allbiomorocco.com\/wp-content\/uploads\/2026\/01\/Gemini_Generated_Image_4b70ko4b70ko4b70.png",768,1368,false],"2048x2048":["https:\/\/allbiomorocco.com\/wp-content\/uploads\/2026\/01\/Gemini_Generated_Image_4b70ko4b70ko4b70.png",768,1368,false],"trp-custom-language-flag":["https:\/\/allbiomorocco.com\/wp-content\/uploads\/2026\/01\/Gemini_Generated_Image_4b70ko4b70ko4b70-7x12.png",7,12,true],"woocommerce_thumbnail":["https:\/\/allbiomorocco.com\/wp-content\/uploads\/2026\/01\/Gemini_Generated_Image_4b70ko4b70ko4b70-300x300.png",300,300,true],"woocommerce_single":["https:\/\/allbiomorocco.com\/wp-content\/uploads\/2026\/01\/Gemini_Generated_Image_4b70ko4b70ko4b70-600x1069.png",600,1069,true],"woocommerce_gallery_thumbnail":["https:\/\/allbiomorocco.com\/wp-content\/uploads\/2026\/01\/Gemini_Generated_Image_4b70ko4b70ko4b70-100x100.png",100,100,true]},"uagb_author_info":{"display_name":"NOUZHA ABARDAQ","author_link":"https:\/\/allbiomorocco.com\/en\/author\/"},"uagb_comment_info":0,"uagb_excerpt":"Description : L\u2019Essence Jaoui Blanc est une huile essentielle extraite de la plante Jaoui blanc (souvent utilis\u00e9e dans les traditions maghr\u00e9bines et orientales). Elle se distingue par son parfum doux, floral et l\u00e9g\u00e8rement bois\u00e9. G\u00e9n\u00e9ralement utilis\u00e9e en aromath\u00e9rapie, elle peut \u00eatre appliqu\u00e9e en diffusion, en massage dilu\u00e9e dans une huile v\u00e9g\u00e9tale, ou dans les soins&hellip;","_links":{"self":[{"href":"https:\/\/allbiomorocco.com\/en\/wp-json\/wp\/v2\/product\/7619","targetHints":{"allow":["GET"]}}],"collection":[{"href":"https:\/\/allbiomorocco.com\/en\/wp-json\/wp\/v2\/product"}],"about":[{"href":"https:\/\/allbiomorocco.com\/en\/wp-json\/wp\/v2\/types\/product"}],"replies":[{"embeddable":true,"href":"https:\/\/allbiomorocco.com\/en\/wp-json\/wp\/v2\/comments?post=7619"}],"wp:featuredmedia":[{"embeddable":true,"href":"https:\/\/allbiomorocco.com\/en\/wp-json\/wp\/v2\/media\/8049"}],"wp:attachment":[{"href":"https:\/\/allbiomorocco.com\/en\/wp-json\/wp\/v2\/media?parent=7619"}],"wp:term":[{"taxonomy":"product_brand","embeddable":true,"href":"https:\/\/allbiomorocco.com\/en\/wp-json\/wp\/v2\/product_brand?post=7619"},{"taxonomy":"product_cat","embeddable":true,"href":"https:\/\/allbiomorocco.com\/en\/wp-json\/wp\/v2\/product_cat?post=7619"},{"taxonomy":"product_tag","embeddable":true,"href":"https:\/\/allbiomorocco.com\/en\/wp-json\/wp\/v2\/product_tag?post=7619"}],"curies":[{"name":"wp","href":"https:\/\/api.w.org\/{rel}","templated":true}]}}