{"id":7620,"date":"2026-01-21T13:49:37","date_gmt":"2026-01-21T13:49:37","guid":{"rendered":"https:\/\/allbiomorocco.com\/?post_type=product&#038;p=7620"},"modified":"2026-04-06T19:12:48","modified_gmt":"2026-04-06T19:12:48","slug":"essence-jaoui-noir","status":"publish","type":"product","link":"https:\/\/allbiomorocco.com\/en\/product\/essence-jaoui-noir\/","title":{"rendered":"Essence Jaoui Rouge"},"content":{"rendered":"<ul data-start=\"593\" data-end=\"1040\">\n<li data-section-id=\"y1uv48\" data-start=\"593\" data-end=\"674\">Il se pr\u00e9sente souvent sous forme de <strong data-start=\"632\" data-end=\"671\">petits morceaux ou cristaux solides<\/strong>.<\/li>\n<li data-section-id=\"17i0xfs\" data-start=\"675\" data-end=\"858\">Lorsqu\u2019on le br\u00fble (sur charbon ou dans un br\u00fbleur \u00e0 encens), il lib\u00e8re une <strong data-start=\"753\" data-end=\"810\">fum\u00e9e aromatique chaude, douce et l\u00e9g\u00e8rement vanill\u00e9e<\/strong>, parfois avec des nuances bois\u00e9es ou \u00e9pic\u00e9es.<\/li>\n<li data-section-id=\"duc0n3\" data-start=\"859\" data-end=\"1040\">Cette fum\u00e9e cr\u00e9e une <strong data-start=\"882\" data-end=\"947\">ambiance odorante riche, enveloppante et tr\u00e8s caract\u00e9ristique<\/strong>, souvent d\u00e9crite comme <strong data-start=\"971\" data-end=\"1001\">orientale et r\u00e9confortante<\/strong>.<\/li>\n<\/ul>\n<h3 data-section-id=\"93u7hi\" data-start=\"1042\" data-end=\"1075\">\u2728 Bienfaits et utilisations<\/h3>\n<p data-start=\"1076\" data-end=\"1128\">Le Jaoui rouge est traditionnellement utilis\u00e9 pour\u202f:<\/p>\n<ol data-start=\"1130\" data-end=\"1929\">\n<li data-section-id=\"eqo493\" data-start=\"1130\" data-end=\"1293\"><strong data-start=\"1133\" data-end=\"1151\">Purifier l\u2019air<\/strong> et assainir l\u2019espace \u2014 il aide \u00e0 \u00e9liminer les mauvaises odeurs et \u00e0 renouveler l\u2019atmosph\u00e8re ambiante.<\/li>\n<li data-section-id=\"nhuey\" data-start=\"1294\" data-end=\"1430\"><strong data-start=\"1297\" data-end=\"1329\">Cr\u00e9er une ambiance apaisante<\/strong> propice \u00e0 la d\u00e9tente, \u00e0 la m\u00e9ditation ou \u00e0 la concentration.<\/li>\n<li data-section-id=\"1w5es3s\" data-start=\"1431\" data-end=\"1570\"><strong data-start=\"1434\" data-end=\"1469\">Favoriser la relaxation mentale<\/strong>, r\u00e9duire le stress ou les tensions apr\u00e8s une longue journ\u00e9e.<\/li>\n<li data-section-id=\"1654kjb\" data-start=\"1571\" data-end=\"1763\"><strong data-start=\"1574\" data-end=\"1609\">\u00c9loigner les \u00e9nergies n\u00e9gatives<\/strong> ou instaurer un sentiment de paix int\u00e9rieure et de bien\u2011\u00eatre spirituel (usage courant dans certaines traditions).<\/li>\n<li data-section-id=\"f2b2se\" data-start=\"1764\" data-end=\"1929\">Dans certaines croyances culturelles, il est aussi utilis\u00e9 dans les rituels pour <strong data-start=\"1848\" data-end=\"1890\">attirer la prosp\u00e9rit\u00e9 et la positivit\u00e9<\/strong>.<\/li>\n<\/ol>\n<h3 data-section-id=\"kr885w\" data-start=\"1931\" data-end=\"1959\">\ud83d\udd6f\ufe0f Comment l\u2019utiliser<\/h3>\n<ul data-start=\"1960\" data-end=\"2222\">\n<li data-section-id=\"pzg8pz\" data-start=\"1960\" data-end=\"2072\">Placez une petite quantit\u00e9 de Jaoui rouge sur un <strong data-start=\"2011\" data-end=\"2029\">charbon ardent<\/strong> ou dans un diffuseur d\u2019encens appropri\u00e9.<\/li>\n<li data-section-id=\"8dpnri\" data-start=\"2073\" data-end=\"2134\">Laissez la <strong data-start=\"2086\" data-end=\"2117\">fum\u00e9e se diffuser lentement<\/strong> dans la pi\u00e8ce.<\/li>\n<li data-section-id=\"dygdu\" data-start=\"2135\" data-end=\"2222\">Assurez une bonne ventilation si possible (ne pas inhaler directement trop de fum\u00e9e).<\/li>\n<\/ul>\n<p data-start=\"2224\" data-end=\"2402\">\ud83d\udc49 Il n\u2019est g\u00e9n\u00e9ralement <strong data-start=\"2249\" data-end=\"2289\">pas appliqu\u00e9 directement sur la peau<\/strong> comme une huile essentielle, mais plut\u00f4t <strong data-start=\"2331\" data-end=\"2356\">utilis\u00e9 en fumigation<\/strong> pour son parfum et ses effets atmosph\u00e9riques.<\/p>","protected":false},"excerpt":{"rendered":"<p>Il se pr\u00e9sente souvent sous forme de petits morceaux ou cristaux solides. Lorsqu\u2019on le br\u00fble (sur charbon ou dans un br\u00fbleur \u00e0 encens), il lib\u00e8re une fum\u00e9e aromatique chaude, douce et l\u00e9g\u00e8rement vanill\u00e9e, parfois avec des nuances bois\u00e9es ou \u00e9pic\u00e9es. Cette fum\u00e9e cr\u00e9e une ambiance odorante riche, enveloppante et tr\u00e8s caract\u00e9ristique, souvent d\u00e9crite comme orientale [&hellip;]<\/p>","protected":false},"featured_media":8051,"comment_status":"closed","ping_status":"closed","template":"","meta":{"_uag_custom_page_level_css":"","site-sidebar-layout":"default","site-content-layout":"","ast-site-content-layout":"default","site-content-style":"default","site-sidebar-style":"default","ast-global-header-display":"","ast-banner-title-visibility":"","ast-main-header-display":"","ast-hfb-above-header-display":"","ast-hfb-below-header-display":"","ast-hfb-mobile-header-display":"","site-post-title":"","ast-breadcrumbs-content":"","ast-featured-img":"","footer-sml-layout":"","ast-disable-related-posts":"","theme-transparent-header-meta":"default","adv-header-id-meta":"","stick-header-meta":"","header-above-stick-meta":"","header-main-stick-meta":"","header-below-stick-meta":"","astra-migrate-meta-layouts":"set","ast-page-background-enabled":"default","ast-page-background-meta":{"desktop":{"background-color":"","background-image":"","background-repeat":"repeat","background-position":"center center","background-size":"auto","background-attachment":"scroll","background-type":"","background-media":"","overlay-type":"","overlay-color":"","overlay-opacity":"","overlay-gradient":""},"tablet":{"background-color":"","background-image":"","background-repeat":"repeat","background-position":"center center","background-size":"auto","background-attachment":"scroll","background-type":"","background-media":"","overlay-type":"","overlay-color":"","overlay-opacity":"","overlay-gradient":""},"mobile":{"background-color":"","background-image":"","background-repeat":"repeat","background-position":"center center","background-size":"auto","background-attachment":"scroll","background-type":"","background-media":"","overlay-type":"","overlay-color":"","overlay-opacity":"","overlay-gradient":""}},"ast-content-background-meta":{"desktop":{"background-color":"var(--ast-global-color-5)","background-image":"","background-repeat":"repeat","background-position":"center center","background-size":"auto","background-attachment":"scroll","background-type":"","background-media":"","overlay-type":"","overlay-color":"","overlay-opacity":"","overlay-gradient":""},"tablet":{"background-color":"var(--ast-global-color-5)","background-image":"","background-repeat":"repeat","background-position":"center center","background-size":"auto","background-attachment":"scroll","background-type":"","background-media":"","overlay-type":"","overlay-color":"","overlay-opacity":"","overlay-gradient":""},"mobile":{"background-color":"var(--ast-global-color-5)","background-image":"","background-repeat":"repeat","background-position":"center center","background-size":"auto","background-attachment":"scroll","background-type":"","background-media":"","overlay-type":"","overlay-color":"","overlay-opacity":"","overlay-gradient":""}}},"product_brand":[],"product_cat":[35],"product_tag":[],"class_list":{"0":"post-7620","1":"product","2":"type-product","3":"status-publish","4":"has-post-thumbnail","6":"product_cat-divers","7":"desktop-align-center","8":"tablet-align-center","9":"mobile-align-center","11":"first","12":"instock","13":"shipping-taxable","14":"purchasable","15":"product-type-simple"},"aioseo_notices":[],"uagb_featured_image_src":{"full":["https:\/\/allbiomorocco.com\/wp-content\/uploads\/2026\/01\/Gemini_Generated_Image_ng2h4png2h4png2h-153x273-1.png",153,273,false],"thumbnail":["https:\/\/allbiomorocco.com\/wp-content\/uploads\/2026\/01\/Gemini_Generated_Image_ng2h4png2h4png2h-153x273-1-150x150.png",150,150,true],"medium":["https:\/\/allbiomorocco.com\/wp-content\/uploads\/2026\/01\/Gemini_Generated_Image_ng2h4png2h4png2h-153x273-1.png",153,273,false],"medium_large":["https:\/\/allbiomorocco.com\/wp-content\/uploads\/2026\/01\/Gemini_Generated_Image_ng2h4png2h4png2h-153x273-1.png",153,273,false],"large":["https:\/\/allbiomorocco.com\/wp-content\/uploads\/2026\/01\/Gemini_Generated_Image_ng2h4png2h4png2h-153x273-1.png",153,273,false],"1536x1536":["https:\/\/allbiomorocco.com\/wp-content\/uploads\/2026\/01\/Gemini_Generated_Image_ng2h4png2h4png2h-153x273-1.png",153,273,false],"2048x2048":["https:\/\/allbiomorocco.com\/wp-content\/uploads\/2026\/01\/Gemini_Generated_Image_ng2h4png2h4png2h-153x273-1.png",153,273,false],"trp-custom-language-flag":["https:\/\/allbiomorocco.com\/wp-content\/uploads\/2026\/01\/Gemini_Generated_Image_ng2h4png2h4png2h-153x273-1-7x12.png",7,12,true],"woocommerce_thumbnail":["https:\/\/allbiomorocco.com\/wp-content\/uploads\/2026\/01\/Gemini_Generated_Image_ng2h4png2h4png2h-153x273-1.png",153,273,false],"woocommerce_single":["https:\/\/allbiomorocco.com\/wp-content\/uploads\/2026\/01\/Gemini_Generated_Image_ng2h4png2h4png2h-153x273-1.png",153,273,false],"woocommerce_gallery_thumbnail":["https:\/\/allbiomorocco.com\/wp-content\/uploads\/2026\/01\/Gemini_Generated_Image_ng2h4png2h4png2h-153x273-1-100x100.png",100,100,true]},"uagb_author_info":{"display_name":"NOUZHA ABARDAQ","author_link":"https:\/\/allbiomorocco.com\/en\/author\/"},"uagb_comment_info":0,"uagb_excerpt":"Il se pr\u00e9sente souvent sous forme de petits morceaux ou cristaux solides. Lorsqu\u2019on le br\u00fble (sur charbon ou dans un br\u00fbleur \u00e0 encens), il lib\u00e8re une fum\u00e9e aromatique chaude, douce et l\u00e9g\u00e8rement vanill\u00e9e, parfois avec des nuances bois\u00e9es ou \u00e9pic\u00e9es. Cette fum\u00e9e cr\u00e9e une ambiance odorante riche, enveloppante et tr\u00e8s caract\u00e9ristique, souvent d\u00e9crite comme orientale&hellip;","_links":{"self":[{"href":"https:\/\/allbiomorocco.com\/en\/wp-json\/wp\/v2\/product\/7620","targetHints":{"allow":["GET"]}}],"collection":[{"href":"https:\/\/allbiomorocco.com\/en\/wp-json\/wp\/v2\/product"}],"about":[{"href":"https:\/\/allbiomorocco.com\/en\/wp-json\/wp\/v2\/types\/product"}],"replies":[{"embeddable":true,"href":"https:\/\/allbiomorocco.com\/en\/wp-json\/wp\/v2\/comments?post=7620"}],"wp:featuredmedia":[{"embeddable":true,"href":"https:\/\/allbiomorocco.com\/en\/wp-json\/wp\/v2\/media\/8051"}],"wp:attachment":[{"href":"https:\/\/allbiomorocco.com\/en\/wp-json\/wp\/v2\/media?parent=7620"}],"wp:term":[{"taxonomy":"product_brand","embeddable":true,"href":"https:\/\/allbiomorocco.com\/en\/wp-json\/wp\/v2\/product_brand?post=7620"},{"taxonomy":"product_cat","embeddable":true,"href":"https:\/\/allbiomorocco.com\/en\/wp-json\/wp\/v2\/product_cat?post=7620"},{"taxonomy":"product_tag","embeddable":true,"href":"https:\/\/allbiomorocco.com\/en\/wp-json\/wp\/v2\/product_tag?post=7620"}],"curies":[{"name":"wp","href":"https:\/\/api.w.org\/{rel}","templated":true}]}}