{"id":7621,"date":"2026-01-21T13:49:37","date_gmt":"2026-01-21T13:49:37","guid":{"rendered":"https:\/\/allbiomorocco.com\/?post_type=product&#038;p=7621"},"modified":"2026-04-06T19:18:24","modified_gmt":"2026-04-06T19:18:24","slug":"essence-jaoui-rouge","status":"publish","type":"product","link":"https:\/\/allbiomorocco.com\/en\/product\/essence-jaoui-rouge\/","title":{"rendered":"Essence Jaoui Noir"},"content":{"rendered":"<h3 data-section-id=\"kttotp\" data-start=\"679\" data-end=\"728\"><span role=\"text\"> <strong data-start=\"686\" data-end=\"726\">Description olfactive et sensorielle<\/strong><\/span><\/h3>\n<ul data-start=\"729\" data-end=\"1098\">\n<li data-section-id=\"1gyyr0k\" data-start=\"729\" data-end=\"848\"><strong data-start=\"731\" data-end=\"763\">Parfum puissant et envo\u00fbtant<\/strong>\u2009: plus riche et cors\u00e9 que le jaoui standard.<\/li>\n<li data-section-id=\"12477ky\" data-start=\"849\" data-end=\"976\"><strong data-start=\"851\" data-end=\"871\">Fum\u00e9e aromatique<\/strong> qui remplit l\u2019espace d\u2019une <strong data-start=\"899\" data-end=\"935\">ambiance chaleureuse et mystique<\/strong>.<\/li>\n<li data-section-id=\"1douyoj\" data-start=\"977\" data-end=\"1098\">Souvent utilis\u00e9 dans les rituels, la m\u00e9ditation ou juste pour parfumer une pi\u00e8ce.<\/li>\n<\/ul>\n<h3 data-section-id=\"hkmed3\" data-start=\"1100\" data-end=\"1147\"><span role=\"text\">\u2728 <strong data-start=\"1106\" data-end=\"1145\">Bienfaits traditionnels et utilit\u00e9s<\/strong><\/span><\/h3>\n<p data-start=\"1148\" data-end=\"1370\">Bien que ces propri\u00e9t\u00e9s soient bas\u00e9es sur des usages traditionnels et non des preuves scientifiques rigoureuses, voici les avantages les plus souvent attribu\u00e9s \u00e0 l\u2019essence jaoui noir\u202f:<\/p>\n<h4 data-start=\"1372\" data-end=\"1426\"><span role=\"text\">\ud83c\udf2c\ufe0f <strong data-start=\"1381\" data-end=\"1424\">1. Purification de l\u2019air et de l\u2019espace<\/strong><\/span><\/h4>\n<p data-start=\"1427\" data-end=\"1595\">La fum\u00e9e du jaoui noir est utilis\u00e9e pour <strong data-start=\"1468\" data-end=\"1493\">nettoyer l\u2019atmosph\u00e8re<\/strong>, \u00e9liminer les mauvaises odeurs et rafra\u00eechir l\u2019air d\u2019une pi\u00e8ce.<\/p>\n<h4 data-start=\"1597\" data-end=\"1637\"><span role=\"text\">\ud83d\udee1\ufe0f <strong data-start=\"1606\" data-end=\"1635\">2. Protection \u00e9nerg\u00e9tique<\/strong><\/span><\/h4>\n<p data-start=\"1638\" data-end=\"1796\">Traditionnellement, on le br\u00fble pour <strong data-start=\"1675\" data-end=\"1710\">\u00e9loigner les \u00e9nergies n\u00e9gatives<\/strong> et cr\u00e9er une ambiance spirituelle plus sereine.<\/p>\n<h4 data-start=\"1798\" data-end=\"1853\"><span role=\"text\">\ud83e\uddd8\u200d\u2642\ufe0f <strong data-start=\"1809\" data-end=\"1851\">3. Apaisement de l\u2019esprit &amp; relaxation<\/strong><\/span><\/h4>\n<p data-start=\"1854\" data-end=\"2012\">Son parfum est r\u00e9put\u00e9 aider \u00e0 <strong data-start=\"1884\" data-end=\"1947\">r\u00e9duire le stress, calmer le mental et favoriser la d\u00e9tente<\/strong> apr\u00e8s une journ\u00e9e charg\u00e9e.<\/p>\n<h4 data-start=\"2014\" data-end=\"2076\"><span role=\"text\">\ud83e\udde0 <strong data-start=\"2022\" data-end=\"2074\">4. Soutien \u00e0 la m\u00e9ditation et \u00e0 la concentration<\/strong><\/span><\/h4>\n<p data-start=\"2077\" data-end=\"2252\">Il est souvent utilis\u00e9 pendant les s\u00e9ances de m\u00e9ditation, de yoga ou de pri\u00e8re pour <strong data-start=\"2161\" data-end=\"2213\">favoriser un \u00e9tat de calme int\u00e9rieur et de focus<\/strong>.<\/p>\n<h4 data-start=\"2254\" data-end=\"2304\"><span role=\"text\">\ud83c\udf40 <strong data-start=\"2262\" data-end=\"2302\">5. Symbolisme de prosp\u00e9rit\u00e9 &amp; chance<\/strong><\/span><\/h4>\n<p data-start=\"2305\" data-end=\"2504\">Dans certaines traditions, le jaoui noir est associ\u00e9 \u00e0 la <strong data-start=\"2363\" data-end=\"2463\">chance, \u00e0 la prosp\u00e9rit\u00e9 ou m\u00eame \u00e0 l\u2019am\u00e9lioration des r\u00e9sultats dans certains jeux ou entreprises<\/strong>.<\/p>\n<h3 data-section-id=\"7e7ej8\" data-start=\"2506\" data-end=\"2538\"><span role=\"text\">\ud83d\udd6f\ufe0f <strong data-start=\"2514\" data-end=\"2536\">Comment l\u2019utiliser<\/strong><\/span><\/h3>\n<ol data-start=\"2539\" data-end=\"2832\">\n<li data-section-id=\"1qpdady\" data-start=\"2539\" data-end=\"2598\">Placez un <strong data-start=\"2552\" data-end=\"2570\">charbon ardent<\/strong> dans un br\u00fbleur d\u2019encens.<\/li>\n<li data-section-id=\"1tf4vf4\" data-start=\"2599\" data-end=\"2699\">Lorsque le charbon est chaud, laissez tomber un petit morceau de jaoui noir directement dessus.<\/li>\n<li data-section-id=\"klsxd5\" data-start=\"2700\" data-end=\"2832\">Laissez la <strong data-start=\"2714\" data-end=\"2745\">fum\u00e9e se diffuser lentement<\/strong> dans la pi\u00e8ce\u202f; assurez une bonne ventilation.<\/li>\n<\/ol>","protected":false},"excerpt":{"rendered":"<p>Description olfactive et sensorielle Parfum puissant et envo\u00fbtant\u2009: plus riche et cors\u00e9 que le jaoui standard. Fum\u00e9e aromatique qui remplit l\u2019espace d\u2019une ambiance chaleureuse et mystique. Souvent utilis\u00e9 dans les rituels, la m\u00e9ditation ou juste pour parfumer une pi\u00e8ce. \u2728 Bienfaits traditionnels et utilit\u00e9s Bien que ces propri\u00e9t\u00e9s soient bas\u00e9es sur des usages traditionnels et [&hellip;]<\/p>","protected":false},"featured_media":8053,"comment_status":"closed","ping_status":"closed","template":"","meta":{"_uag_custom_page_level_css":"","site-sidebar-layout":"default","site-content-layout":"","ast-site-content-layout":"default","site-content-style":"default","site-sidebar-style":"default","ast-global-header-display":"","ast-banner-title-visibility":"","ast-main-header-display":"","ast-hfb-above-header-display":"","ast-hfb-below-header-display":"","ast-hfb-mobile-header-display":"","site-post-title":"","ast-breadcrumbs-content":"","ast-featured-img":"","footer-sml-layout":"","ast-disable-related-posts":"","theme-transparent-header-meta":"default","adv-header-id-meta":"","stick-header-meta":"","header-above-stick-meta":"","header-main-stick-meta":"","header-below-stick-meta":"","astra-migrate-meta-layouts":"set","ast-page-background-enabled":"default","ast-page-background-meta":{"desktop":{"background-color":"","background-image":"","background-repeat":"repeat","background-position":"center center","background-size":"auto","background-attachment":"scroll","background-type":"","background-media":"","overlay-type":"","overlay-color":"","overlay-opacity":"","overlay-gradient":""},"tablet":{"background-color":"","background-image":"","background-repeat":"repeat","background-position":"center center","background-size":"auto","background-attachment":"scroll","background-type":"","background-media":"","overlay-type":"","overlay-color":"","overlay-opacity":"","overlay-gradient":""},"mobile":{"background-color":"","background-image":"","background-repeat":"repeat","background-position":"center center","background-size":"auto","background-attachment":"scroll","background-type":"","background-media":"","overlay-type":"","overlay-color":"","overlay-opacity":"","overlay-gradient":""}},"ast-content-background-meta":{"desktop":{"background-color":"var(--ast-global-color-5)","background-image":"","background-repeat":"repeat","background-position":"center center","background-size":"auto","background-attachment":"scroll","background-type":"","background-media":"","overlay-type":"","overlay-color":"","overlay-opacity":"","overlay-gradient":""},"tablet":{"background-color":"var(--ast-global-color-5)","background-image":"","background-repeat":"repeat","background-position":"center center","background-size":"auto","background-attachment":"scroll","background-type":"","background-media":"","overlay-type":"","overlay-color":"","overlay-opacity":"","overlay-gradient":""},"mobile":{"background-color":"var(--ast-global-color-5)","background-image":"","background-repeat":"repeat","background-position":"center center","background-size":"auto","background-attachment":"scroll","background-type":"","background-media":"","overlay-type":"","overlay-color":"","overlay-opacity":"","overlay-gradient":""}}},"product_brand":[],"product_cat":[35],"product_tag":[],"class_list":{"0":"post-7621","1":"product","2":"type-product","3":"status-publish","4":"has-post-thumbnail","6":"product_cat-divers","7":"desktop-align-center","8":"tablet-align-center","9":"mobile-align-center","11":"first","12":"instock","13":"shipping-taxable","14":"purchasable","15":"product-type-simple"},"aioseo_notices":[],"uagb_featured_image_src":{"full":["https:\/\/allbiomorocco.com\/wp-content\/uploads\/2026\/01\/Gemini_Generated_Image_5a3yc15a3yc15a3y.png",768,1368,false],"thumbnail":["https:\/\/allbiomorocco.com\/wp-content\/uploads\/2026\/01\/Gemini_Generated_Image_5a3yc15a3yc15a3y-150x150.png",150,150,true],"medium":["https:\/\/allbiomorocco.com\/wp-content\/uploads\/2026\/01\/Gemini_Generated_Image_5a3yc15a3yc15a3y-168x300.png",168,300,true],"medium_large":["https:\/\/allbiomorocco.com\/wp-content\/uploads\/2026\/01\/Gemini_Generated_Image_5a3yc15a3yc15a3y.png",768,1368,false],"large":["https:\/\/allbiomorocco.com\/wp-content\/uploads\/2026\/01\/Gemini_Generated_Image_5a3yc15a3yc15a3y-575x1024.png",575,1024,true],"1536x1536":["https:\/\/allbiomorocco.com\/wp-content\/uploads\/2026\/01\/Gemini_Generated_Image_5a3yc15a3yc15a3y.png",768,1368,false],"2048x2048":["https:\/\/allbiomorocco.com\/wp-content\/uploads\/2026\/01\/Gemini_Generated_Image_5a3yc15a3yc15a3y.png",768,1368,false],"trp-custom-language-flag":["https:\/\/allbiomorocco.com\/wp-content\/uploads\/2026\/01\/Gemini_Generated_Image_5a3yc15a3yc15a3y-7x12.png",7,12,true],"woocommerce_thumbnail":["https:\/\/allbiomorocco.com\/wp-content\/uploads\/2026\/01\/Gemini_Generated_Image_5a3yc15a3yc15a3y-300x300.png",300,300,true],"woocommerce_single":["https:\/\/allbiomorocco.com\/wp-content\/uploads\/2026\/01\/Gemini_Generated_Image_5a3yc15a3yc15a3y-600x1069.png",600,1069,true],"woocommerce_gallery_thumbnail":["https:\/\/allbiomorocco.com\/wp-content\/uploads\/2026\/01\/Gemini_Generated_Image_5a3yc15a3yc15a3y-100x100.png",100,100,true]},"uagb_author_info":{"display_name":"NOUZHA ABARDAQ","author_link":"https:\/\/allbiomorocco.com\/en\/author\/"},"uagb_comment_info":0,"uagb_excerpt":"Description olfactive et sensorielle Parfum puissant et envo\u00fbtant\u2009: plus riche et cors\u00e9 que le jaoui standard. Fum\u00e9e aromatique qui remplit l\u2019espace d\u2019une ambiance chaleureuse et mystique. Souvent utilis\u00e9 dans les rituels, la m\u00e9ditation ou juste pour parfumer une pi\u00e8ce. \u2728 Bienfaits traditionnels et utilit\u00e9s Bien que ces propri\u00e9t\u00e9s soient bas\u00e9es sur des usages traditionnels et&hellip;","_links":{"self":[{"href":"https:\/\/allbiomorocco.com\/en\/wp-json\/wp\/v2\/product\/7621","targetHints":{"allow":["GET"]}}],"collection":[{"href":"https:\/\/allbiomorocco.com\/en\/wp-json\/wp\/v2\/product"}],"about":[{"href":"https:\/\/allbiomorocco.com\/en\/wp-json\/wp\/v2\/types\/product"}],"replies":[{"embeddable":true,"href":"https:\/\/allbiomorocco.com\/en\/wp-json\/wp\/v2\/comments?post=7621"}],"wp:featuredmedia":[{"embeddable":true,"href":"https:\/\/allbiomorocco.com\/en\/wp-json\/wp\/v2\/media\/8053"}],"wp:attachment":[{"href":"https:\/\/allbiomorocco.com\/en\/wp-json\/wp\/v2\/media?parent=7621"}],"wp:term":[{"taxonomy":"product_brand","embeddable":true,"href":"https:\/\/allbiomorocco.com\/en\/wp-json\/wp\/v2\/product_brand?post=7621"},{"taxonomy":"product_cat","embeddable":true,"href":"https:\/\/allbiomorocco.com\/en\/wp-json\/wp\/v2\/product_cat?post=7621"},{"taxonomy":"product_tag","embeddable":true,"href":"https:\/\/allbiomorocco.com\/en\/wp-json\/wp\/v2\/product_tag?post=7621"}],"curies":[{"name":"wp","href":"https:\/\/api.w.org\/{rel}","templated":true}]}}