{"id":7623,"date":"2026-01-21T13:49:38","date_gmt":"2026-01-21T13:49:38","guid":{"rendered":"https:\/\/allbiomorocco.com\/?post_type=product&#038;p=7623"},"modified":"2026-04-23T12:23:38","modified_gmt":"2026-04-23T12:23:38","slug":"charbon-bois","status":"publish","type":"product","link":"https:\/\/allbiomorocco.com\/en\/product\/charbon-bois\/","title":{"rendered":"L&rsquo;eau de Rose  Oliban"},"content":{"rendered":"<p data-path-to-node=\"4\">Cette synergie pr\u00e9cieuse est une v\u00e9ritable cure de jouvence pour la peau. Tandis que la rose apaise et rafra\u00eechit, l&rsquo;oliban agit comme un \u00ab botox naturel \u00bb pour raffermir les tissus. Un tonique royal qui purifie l&rsquo;esprit autant que l&rsquo;\u00e9piderme.<\/p>\n<h3 data-path-to-node=\"5\"><b data-path-to-node=\"5\" data-index-in-node=\"0\">Les Bienfaits Majeurs :<\/b><\/h3>\n<ul data-path-to-node=\"6\">\n<li>\n<p data-path-to-node=\"6,0,0\"><b data-path-to-node=\"6,0,0\" data-index-in-node=\"0\">Anti-\u00c2ge &amp; Tenseur :<\/b> L&rsquo;oliban aide \u00e0 r\u00e9duire l&rsquo;apparence des rides et raffermit les contours du visage.<\/p>\n<\/li>\n<li>\n<p data-path-to-node=\"6,1,0\"><b data-path-to-node=\"6,1,0\" data-index-in-node=\"0\">R\u00e9g\u00e9n\u00e9rant Cellulaire :<\/b> Stimule la r\u00e9paration de la peau et am\u00e9liore son \u00e9lasticit\u00e9.<\/p>\n<\/li>\n<li>\n<p data-path-to-node=\"6,2,0\"><b data-path-to-node=\"6,2,0\" data-index-in-node=\"0\">Apaisant &amp; Anti-Rougeurs :<\/b> La rose calme les irritations et resserre les pores dilat\u00e9s.<\/p>\n<\/li>\n<li>\n<p data-path-to-node=\"6,3,0\"><b data-path-to-node=\"6,3,0\" data-index-in-node=\"0\">\u00c9clat Imm\u00e9diat :<\/b> Ravive les teints fatigu\u00e9s et apporte un fini lumineux et frais.<\/p>\n<\/li>\n<li>\n<p data-path-to-node=\"6,4,0\">\n<\/li>\n<\/ul>","protected":false},"excerpt":{"rendered":"<p>Cette synergie pr\u00e9cieuse est une v\u00e9ritable cure de jouvence pour la peau. Tandis que la rose apaise et rafra\u00eechit, l&rsquo;oliban agit comme un \u00ab botox naturel \u00bb pour raffermir les tissus. Un tonique royal qui purifie l&rsquo;esprit autant que l&rsquo;\u00e9piderme. Les Bienfaits Majeurs : Anti-\u00c2ge &amp; Tenseur : L&rsquo;oliban aide \u00e0 r\u00e9duire l&rsquo;apparence des rides [&hellip;]<\/p>","protected":false},"featured_media":8225,"comment_status":"closed","ping_status":"closed","template":"","meta":{"_uag_custom_page_level_css":"","site-sidebar-layout":"default","site-content-layout":"","ast-site-content-layout":"default","site-content-style":"default","site-sidebar-style":"default","ast-global-header-display":"","ast-banner-title-visibility":"","ast-main-header-display":"","ast-hfb-above-header-display":"","ast-hfb-below-header-display":"","ast-hfb-mobile-header-display":"","site-post-title":"","ast-breadcrumbs-content":"","ast-featured-img":"","footer-sml-layout":"","ast-disable-related-posts":"","theme-transparent-header-meta":"default","adv-header-id-meta":"","stick-header-meta":"","header-above-stick-meta":"","header-main-stick-meta":"","header-below-stick-meta":"","astra-migrate-meta-layouts":"set","ast-page-background-enabled":"default","ast-page-background-meta":{"desktop":{"background-color":"","background-image":"","background-repeat":"repeat","background-position":"center center","background-size":"auto","background-attachment":"scroll","background-type":"","background-media":"","overlay-type":"","overlay-color":"","overlay-opacity":"","overlay-gradient":""},"tablet":{"background-color":"","background-image":"","background-repeat":"repeat","background-position":"center center","background-size":"auto","background-attachment":"scroll","background-type":"","background-media":"","overlay-type":"","overlay-color":"","overlay-opacity":"","overlay-gradient":""},"mobile":{"background-color":"","background-image":"","background-repeat":"repeat","background-position":"center center","background-size":"auto","background-attachment":"scroll","background-type":"","background-media":"","overlay-type":"","overlay-color":"","overlay-opacity":"","overlay-gradient":""}},"ast-content-background-meta":{"desktop":{"background-color":"var(--ast-global-color-5)","background-image":"","background-repeat":"repeat","background-position":"center center","background-size":"auto","background-attachment":"scroll","background-type":"","background-media":"","overlay-type":"","overlay-color":"","overlay-opacity":"","overlay-gradient":""},"tablet":{"background-color":"var(--ast-global-color-5)","background-image":"","background-repeat":"repeat","background-position":"center center","background-size":"auto","background-attachment":"scroll","background-type":"","background-media":"","overlay-type":"","overlay-color":"","overlay-opacity":"","overlay-gradient":""},"mobile":{"background-color":"var(--ast-global-color-5)","background-image":"","background-repeat":"repeat","background-position":"center center","background-size":"auto","background-attachment":"scroll","background-type":"","background-media":"","overlay-type":"","overlay-color":"","overlay-opacity":"","overlay-gradient":""}}},"product_brand":[],"product_cat":[35],"product_tag":[],"class_list":{"0":"post-7623","1":"product","2":"type-product","3":"status-publish","4":"has-post-thumbnail","6":"product_cat-divers","7":"desktop-align-center","8":"tablet-align-center","9":"mobile-align-center","11":"first","12":"instock","13":"shipping-taxable","14":"purchasable","15":"product-type-simple"},"aioseo_notices":[],"uagb_featured_image_src":{"full":["https:\/\/allbiomorocco.com\/wp-content\/uploads\/2026\/01\/Gemini_Generated_Image_79htgr79htgr79ht-2-460x819-1.png",460,819,false],"thumbnail":["https:\/\/allbiomorocco.com\/wp-content\/uploads\/2026\/01\/Gemini_Generated_Image_79htgr79htgr79ht-2-460x819-1-150x150.png",150,150,true],"medium":["https:\/\/allbiomorocco.com\/wp-content\/uploads\/2026\/01\/Gemini_Generated_Image_79htgr79htgr79ht-2-460x819-1-168x300.png",168,300,true],"medium_large":["https:\/\/allbiomorocco.com\/wp-content\/uploads\/2026\/01\/Gemini_Generated_Image_79htgr79htgr79ht-2-460x819-1.png",460,819,false],"large":["https:\/\/allbiomorocco.com\/wp-content\/uploads\/2026\/01\/Gemini_Generated_Image_79htgr79htgr79ht-2-460x819-1.png",460,819,false],"1536x1536":["https:\/\/allbiomorocco.com\/wp-content\/uploads\/2026\/01\/Gemini_Generated_Image_79htgr79htgr79ht-2-460x819-1.png",460,819,false],"2048x2048":["https:\/\/allbiomorocco.com\/wp-content\/uploads\/2026\/01\/Gemini_Generated_Image_79htgr79htgr79ht-2-460x819-1.png",460,819,false],"trp-custom-language-flag":["https:\/\/allbiomorocco.com\/wp-content\/uploads\/2026\/01\/Gemini_Generated_Image_79htgr79htgr79ht-2-460x819-1-7x12.png",7,12,true],"woocommerce_thumbnail":["https:\/\/allbiomorocco.com\/wp-content\/uploads\/2026\/01\/Gemini_Generated_Image_79htgr79htgr79ht-2-460x819-1-300x300.png",300,300,true],"woocommerce_single":["https:\/\/allbiomorocco.com\/wp-content\/uploads\/2026\/01\/Gemini_Generated_Image_79htgr79htgr79ht-2-460x819-1.png",460,819,false],"woocommerce_gallery_thumbnail":["https:\/\/allbiomorocco.com\/wp-content\/uploads\/2026\/01\/Gemini_Generated_Image_79htgr79htgr79ht-2-460x819-1-100x100.png",100,100,true]},"uagb_author_info":{"display_name":"NOUZHA ABARDAQ","author_link":"https:\/\/allbiomorocco.com\/en\/author\/"},"uagb_comment_info":0,"uagb_excerpt":"Cette synergie pr\u00e9cieuse est une v\u00e9ritable cure de jouvence pour la peau. Tandis que la rose apaise et rafra\u00eechit, l&rsquo;oliban agit comme un \u00ab botox naturel \u00bb pour raffermir les tissus. Un tonique royal qui purifie l&rsquo;esprit autant que l&rsquo;\u00e9piderme. Les Bienfaits Majeurs : Anti-\u00c2ge &amp; Tenseur : L&rsquo;oliban aide \u00e0 r\u00e9duire l&rsquo;apparence des rides&hellip;","_links":{"self":[{"href":"https:\/\/allbiomorocco.com\/en\/wp-json\/wp\/v2\/product\/7623","targetHints":{"allow":["GET"]}}],"collection":[{"href":"https:\/\/allbiomorocco.com\/en\/wp-json\/wp\/v2\/product"}],"about":[{"href":"https:\/\/allbiomorocco.com\/en\/wp-json\/wp\/v2\/types\/product"}],"replies":[{"embeddable":true,"href":"https:\/\/allbiomorocco.com\/en\/wp-json\/wp\/v2\/comments?post=7623"}],"wp:featuredmedia":[{"embeddable":true,"href":"https:\/\/allbiomorocco.com\/en\/wp-json\/wp\/v2\/media\/8225"}],"wp:attachment":[{"href":"https:\/\/allbiomorocco.com\/en\/wp-json\/wp\/v2\/media?parent=7623"}],"wp:term":[{"taxonomy":"product_brand","embeddable":true,"href":"https:\/\/allbiomorocco.com\/en\/wp-json\/wp\/v2\/product_brand?post=7623"},{"taxonomy":"product_cat","embeddable":true,"href":"https:\/\/allbiomorocco.com\/en\/wp-json\/wp\/v2\/product_cat?post=7623"},{"taxonomy":"product_tag","embeddable":true,"href":"https:\/\/allbiomorocco.com\/en\/wp-json\/wp\/v2\/product_tag?post=7623"}],"curies":[{"name":"wp","href":"https:\/\/api.w.org\/{rel}","templated":true}]}}