{"id":7629,"date":"2026-01-21T13:49:38","date_gmt":"2026-01-21T13:49:38","guid":{"rendered":"https:\/\/allbiomorocco.com\/?post_type=product&#038;p=7629"},"modified":"2026-04-06T16:07:25","modified_gmt":"2026-04-06T16:07:25","slug":"feuille-dolivier","status":"publish","type":"product","link":"https:\/\/allbiomorocco.com\/en\/product\/feuille-dolivier\/","title":{"rendered":"feuille d&rsquo;olivier"},"content":{"rendered":"<section class=\"text-token-text-primary w-full focus:outline-none [--shadow-height:45px] has-data-writing-block:pointer-events-none has-data-writing-block:-mt-(--shadow-height) has-data-writing-block:pt-(--shadow-height) [&amp;:has([data-writing-block])&gt;*]:pointer-events-auto scroll-mt-(--header-height)\" dir=\"auto\" data-turn-id=\"7f4d943e-aa36-4906-b9df-c7748624857c\" data-testid=\"conversation-turn-1\" data-scroll-anchor=\"false\" data-turn=\"user\"><\/section>\n<section class=\"text-token-text-primary w-full focus:outline-none [--shadow-height:45px] has-data-writing-block:pointer-events-none has-data-writing-block:-mt-(--shadow-height) has-data-writing-block:pt-(--shadow-height) [&amp;:has([data-writing-block])&gt;*]:pointer-events-auto scroll-mt-[calc(var(--header-height)+min(200px,max(70px,20svh)))]\" dir=\"auto\" data-turn-id=\"request-WEB:28683651-817c-42d3-bb43-8a05fc4801d3-4\" data-testid=\"conversation-turn-2\" data-scroll-anchor=\"true\" data-turn=\"assistant\">\n<div class=\"text-base my-auto mx-auto pb-10 [--thread-content-margin:var(--thread-content-margin-xs,calc(var(--spacing)*4))] @w-sm\/main:[--thread-content-margin:var(--thread-content-margin-sm,calc(var(--spacing)*6))] @w-lg\/main:[--thread-content-margin:var(--thread-content-margin-lg,calc(var(--spacing)*16))] px-(--thread-content-margin)\">\n<div class=\"[--thread-content-max-width:40rem] @w-lg\/main:[--thread-content-max-width:48rem] mx-auto max-w-(--thread-content-max-width) flex-1 group\/turn-messages focus-visible:outline-hidden relative flex w-full min-w-0 flex-col agent-turn\">\n<div class=\"flex max-w-full flex-col gap-4 grow\">\n<div class=\"min-h-8 text-message relative flex w-full flex-col items-end gap-2 text-start break-words whitespace-normal outline-none keyboard-focused:focus-ring [.text-message+&amp;]:mt-1\" dir=\"auto\" tabindex=\"0\" data-message-author-role=\"assistant\" data-message-id=\"c2008e75-860c-45b3-8ce7-106ffd5c64fa\" data-message-model-slug=\"gpt-5-3\" data-turn-start-message=\"true\">\n<div class=\"flex w-full flex-col gap-1 empty:hidden\">\n<div class=\"markdown prose dark:prose-invert w-full wrap-break-word dark markdown-new-styling\">\n<h3 data-section-id=\"4w9e0q\" data-start=\"0\" data-end=\"50\">\ud83c\udf3f Feuille d\u2019olivier<\/h3>\n<h4 data-start=\"52\" data-end=\"73\">\ud83d\udccc Description<\/h4>\n<p data-start=\"74\" data-end=\"320\">La feuille d\u2019olivier provient de l\u2019arbre <strong data-start=\"115\" data-end=\"156\"><span class=\"hover:entity-accent entity-underline inline cursor-pointer align-baseline\"><span class=\"whitespace-normal\">Olea europaea<\/span><\/span><\/strong>, embl\u00e9matique du bassin m\u00e9diterran\u00e9en, notamment du Maroc. Elle est utilis\u00e9e depuis l\u2019Antiquit\u00e9 en phytoth\u00e9rapie pour ses propri\u00e9t\u00e9s m\u00e9dicinales exceptionnelles.<\/p>\n<p data-start=\"322\" data-end=\"485\">Riche en compos\u00e9s actifs comme l\u2019ol\u00e9urop\u00e9ine, les flavono\u00efdes et les polyph\u00e9nols, la feuille d\u2019olivier est consomm\u00e9e sous forme d\u2019infusion, d\u2019extrait ou de poudre.<\/p>\n<h4 data-start=\"492\" data-end=\"522\">\ud83c\udf3f Bienfaits principaux<\/h4>\n<p data-start=\"524\" data-end=\"633\">\u2714\ufe0f <strong data-start=\"527\" data-end=\"551\">Puissant antioxydant<\/strong><br data-start=\"551\" data-end=\"554\" \/>Prot\u00e8ge les cellules contre le vieillissement pr\u00e9matur\u00e9 et les radicaux libres.<\/p>\n<p data-start=\"635\" data-end=\"744\">\u2714\ufe0f <strong data-start=\"638\" data-end=\"673\">Renforce le syst\u00e8me immunitaire<\/strong><br data-start=\"673\" data-end=\"676\" \/>Aide l\u2019organisme \u00e0 mieux r\u00e9sister aux infections (virus, bact\u00e9ries).<\/p>\n<p data-start=\"746\" data-end=\"834\">\u2714\ufe0f <strong data-start=\"749\" data-end=\"781\">R\u00e9gule la tension art\u00e9rielle<\/strong><br data-start=\"781\" data-end=\"784\" \/>Contribue \u00e0 diminuer l\u2019hypertension naturellement.<\/p>\n<p data-start=\"836\" data-end=\"940\">\u2714\ufe0f <strong data-start=\"839\" data-end=\"863\">Contr\u00f4le la glyc\u00e9mie<\/strong><br data-start=\"863\" data-end=\"866\" \/>Utile pour les personnes souffrant de d\u00e9s\u00e9quilibres du sucre dans le sang.<\/p>\n<p data-start=\"942\" data-end=\"1021\">\u2714\ufe0f <strong data-start=\"945\" data-end=\"966\">Effet d\u00e9toxifiant<\/strong><br data-start=\"966\" data-end=\"969\" \/>Aide \u00e0 purifier l\u2019organisme et \u00e9liminer les toxines.<\/p>\n<p data-start=\"1023\" data-end=\"1135\">\u2714\ufe0f <strong data-start=\"1026\" data-end=\"1074\">Propri\u00e9t\u00e9s antibact\u00e9riennes et antifongiques<\/strong><br data-start=\"1074\" data-end=\"1077\" \/>Efficace contre certaines infections internes et externes.<\/p>\n<p data-start=\"1137\" data-end=\"1240\">\u2714\ufe0f <strong data-start=\"1140\" data-end=\"1178\">Am\u00e9liore la sant\u00e9 cardiovasculaire<\/strong><br data-start=\"1178\" data-end=\"1181\" \/>Favorise une bonne circulation sanguine et prot\u00e8ge le c\u0153ur.<\/p>\n<\/div>\n<\/div>\n<\/div>\n<\/div>\n<\/div>\n<\/div>\n<\/section>\n","protected":false},"excerpt":{"rendered":"<p>\ud83c\udf3f Feuille d\u2019olivier \ud83d\udccc Description La feuille d\u2019olivier provient de l\u2019arbre Olea europaea, embl\u00e9matique du bassin m\u00e9diterran\u00e9en, notamment du Maroc. Elle est utilis\u00e9e depuis l\u2019Antiquit\u00e9 en phytoth\u00e9rapie pour ses propri\u00e9t\u00e9s m\u00e9dicinales exceptionnelles. Riche en compos\u00e9s actifs comme l\u2019ol\u00e9urop\u00e9ine, les flavono\u00efdes et les polyph\u00e9nols, la feuille d\u2019olivier est consomm\u00e9e sous forme d\u2019infusion, d\u2019extrait ou de poudre. [&hellip;]<\/p>\n","protected":false},"featured_media":8025,"comment_status":"closed","ping_status":"closed","template":"","meta":{"_uag_custom_page_level_css":"","site-sidebar-layout":"default","site-content-layout":"","ast-site-content-layout":"default","site-content-style":"default","site-sidebar-style":"default","ast-global-header-display":"","ast-banner-title-visibility":"","ast-main-header-display":"","ast-hfb-above-header-display":"","ast-hfb-below-header-display":"","ast-hfb-mobile-header-display":"","site-post-title":"","ast-breadcrumbs-content":"","ast-featured-img":"","footer-sml-layout":"","ast-disable-related-posts":"","theme-transparent-header-meta":"default","adv-header-id-meta":"","stick-header-meta":"","header-above-stick-meta":"","header-main-stick-meta":"","header-below-stick-meta":"","astra-migrate-meta-layouts":"set","ast-page-background-enabled":"default","ast-page-background-meta":{"desktop":{"background-color":"","background-image":"","background-repeat":"repeat","background-position":"center center","background-size":"auto","background-attachment":"scroll","background-type":"","background-media":"","overlay-type":"","overlay-color":"","overlay-opacity":"","overlay-gradient":""},"tablet":{"background-color":"","background-image":"","background-repeat":"repeat","background-position":"center center","background-size":"auto","background-attachment":"scroll","background-type":"","background-media":"","overlay-type":"","overlay-color":"","overlay-opacity":"","overlay-gradient":""},"mobile":{"background-color":"","background-image":"","background-repeat":"repeat","background-position":"center center","background-size":"auto","background-attachment":"scroll","background-type":"","background-media":"","overlay-type":"","overlay-color":"","overlay-opacity":"","overlay-gradient":""}},"ast-content-background-meta":{"desktop":{"background-color":"var(--ast-global-color-5)","background-image":"","background-repeat":"repeat","background-position":"center center","background-size":"auto","background-attachment":"scroll","background-type":"","background-media":"","overlay-type":"","overlay-color":"","overlay-opacity":"","overlay-gradient":""},"tablet":{"background-color":"var(--ast-global-color-5)","background-image":"","background-repeat":"repeat","background-position":"center center","background-size":"auto","background-attachment":"scroll","background-type":"","background-media":"","overlay-type":"","overlay-color":"","overlay-opacity":"","overlay-gradient":""},"mobile":{"background-color":"var(--ast-global-color-5)","background-image":"","background-repeat":"repeat","background-position":"center center","background-size":"auto","background-attachment":"scroll","background-type":"","background-media":"","overlay-type":"","overlay-color":"","overlay-opacity":"","overlay-gradient":""}}},"product_brand":[],"product_cat":[17],"product_tag":[],"class_list":{"0":"post-7629","1":"product","2":"type-product","3":"status-publish","4":"has-post-thumbnail","6":"product_cat-alimentaires","7":"desktop-align-center","8":"tablet-align-center","9":"mobile-align-center","11":"first","12":"instock","13":"shipping-taxable","14":"purchasable","15":"product-type-simple"},"aioseo_notices":[],"uagb_featured_image_src":{"full":["https:\/\/allbiomorocco.com\/wp-content\/uploads\/2026\/01\/Gemini_Generated_Image_wqkjfcwqkjfcwqkj-409x409-1.png",409,409,false],"thumbnail":["https:\/\/allbiomorocco.com\/wp-content\/uploads\/2026\/01\/Gemini_Generated_Image_wqkjfcwqkjfcwqkj-409x409-1-150x150.png",150,150,true],"medium":["https:\/\/allbiomorocco.com\/wp-content\/uploads\/2026\/01\/Gemini_Generated_Image_wqkjfcwqkjfcwqkj-409x409-1-300x300.png",300,300,true],"medium_large":["https:\/\/allbiomorocco.com\/wp-content\/uploads\/2026\/01\/Gemini_Generated_Image_wqkjfcwqkjfcwqkj-409x409-1.png",409,409,false],"large":["https:\/\/allbiomorocco.com\/wp-content\/uploads\/2026\/01\/Gemini_Generated_Image_wqkjfcwqkjfcwqkj-409x409-1.png",409,409,false],"1536x1536":["https:\/\/allbiomorocco.com\/wp-content\/uploads\/2026\/01\/Gemini_Generated_Image_wqkjfcwqkjfcwqkj-409x409-1.png",409,409,false],"2048x2048":["https:\/\/allbiomorocco.com\/wp-content\/uploads\/2026\/01\/Gemini_Generated_Image_wqkjfcwqkjfcwqkj-409x409-1.png",409,409,false],"trp-custom-language-flag":["https:\/\/allbiomorocco.com\/wp-content\/uploads\/2026\/01\/Gemini_Generated_Image_wqkjfcwqkjfcwqkj-409x409-1-12x12.png",12,12,true],"woocommerce_thumbnail":["https:\/\/allbiomorocco.com\/wp-content\/uploads\/2026\/01\/Gemini_Generated_Image_wqkjfcwqkjfcwqkj-409x409-1-300x300.png",300,300,true],"woocommerce_single":["https:\/\/allbiomorocco.com\/wp-content\/uploads\/2026\/01\/Gemini_Generated_Image_wqkjfcwqkjfcwqkj-409x409-1.png",409,409,false],"woocommerce_gallery_thumbnail":["https:\/\/allbiomorocco.com\/wp-content\/uploads\/2026\/01\/Gemini_Generated_Image_wqkjfcwqkjfcwqkj-409x409-1-100x100.png",100,100,true]},"uagb_author_info":{"display_name":"NOUZHA ABARDAQ","author_link":"https:\/\/allbiomorocco.com\/en\/author\/"},"uagb_comment_info":0,"uagb_excerpt":"\ud83c\udf3f Feuille d\u2019olivier \ud83d\udccc Description La feuille d\u2019olivier provient de l\u2019arbre Olea europaea, embl\u00e9matique du bassin m\u00e9diterran\u00e9en, notamment du Maroc. Elle est utilis\u00e9e depuis l\u2019Antiquit\u00e9 en phytoth\u00e9rapie pour ses propri\u00e9t\u00e9s m\u00e9dicinales exceptionnelles. Riche en compos\u00e9s actifs comme l\u2019ol\u00e9urop\u00e9ine, les flavono\u00efdes et les polyph\u00e9nols, la feuille d\u2019olivier est consomm\u00e9e sous forme d\u2019infusion, d\u2019extrait ou de poudre.&hellip;","_links":{"self":[{"href":"https:\/\/allbiomorocco.com\/en\/wp-json\/wp\/v2\/product\/7629","targetHints":{"allow":["GET"]}}],"collection":[{"href":"https:\/\/allbiomorocco.com\/en\/wp-json\/wp\/v2\/product"}],"about":[{"href":"https:\/\/allbiomorocco.com\/en\/wp-json\/wp\/v2\/types\/product"}],"replies":[{"embeddable":true,"href":"https:\/\/allbiomorocco.com\/en\/wp-json\/wp\/v2\/comments?post=7629"}],"wp:featuredmedia":[{"embeddable":true,"href":"https:\/\/allbiomorocco.com\/en\/wp-json\/wp\/v2\/media\/8025"}],"wp:attachment":[{"href":"https:\/\/allbiomorocco.com\/en\/wp-json\/wp\/v2\/media?parent=7629"}],"wp:term":[{"taxonomy":"product_brand","embeddable":true,"href":"https:\/\/allbiomorocco.com\/en\/wp-json\/wp\/v2\/product_brand?post=7629"},{"taxonomy":"product_cat","embeddable":true,"href":"https:\/\/allbiomorocco.com\/en\/wp-json\/wp\/v2\/product_cat?post=7629"},{"taxonomy":"product_tag","embeddable":true,"href":"https:\/\/allbiomorocco.com\/en\/wp-json\/wp\/v2\/product_tag?post=7629"}],"curies":[{"name":"wp","href":"https:\/\/api.w.org\/{rel}","templated":true}]}}