{"id":7630,"date":"2026-01-21T13:49:38","date_gmt":"2026-01-21T13:49:38","guid":{"rendered":"https:\/\/allbiomorocco.com\/?post_type=product&#038;p=7630"},"modified":"2026-04-06T16:40:04","modified_gmt":"2026-04-06T16:40:04","slug":"ecorce-de-grenadine","status":"publish","type":"product","link":"https:\/\/allbiomorocco.com\/en\/product\/ecorce-de-grenadine\/","title":{"rendered":"\u00e9corce de grenadine"},"content":{"rendered":"<h3 data-section-id=\"nv31ut\" data-start=\"0\" data-end=\"72\">\ud83c\udf43 \u00c9corce de grenadine (\u00e9corce de grenade)<\/h3>\n<h4 data-start=\"74\" data-end=\"95\">\ud83d\udccc Description<\/h4>\n<p data-start=\"96\" data-end=\"311\">L\u2019\u00e9corce de grenadine provient du fruit du <strong data-start=\"139\" data-end=\"180\"><span class=\"hover:entity-accent entity-underline inline cursor-pointer align-baseline\"><span class=\"whitespace-normal\">Punica granatum<\/span><\/span><\/strong>, connu sous le nom de grenade. Il s\u2019agit de la peau s\u00e8che du fruit, tr\u00e8s riche en tanins, polyph\u00e9nols et antioxydants puissants.<\/p>\n<p data-start=\"313\" data-end=\"458\">Utilis\u00e9e depuis longtemps en m\u00e9decine traditionnelle marocaine et orientale, elle est reconnue pour ses propri\u00e9t\u00e9s th\u00e9rapeutiques et cosm\u00e9tiques.<\/p>\n<h4 data-start=\"465\" data-end=\"495\">\ud83c\udf3f Bienfaits principaux<\/h4>\n<p data-start=\"497\" data-end=\"592\">\u2714\ufe0f <strong data-start=\"500\" data-end=\"534\">Puissant antibact\u00e9rien naturel<\/strong><br data-start=\"534\" data-end=\"537\" \/>Aide \u00e0 combattre les infections digestives et buccales.<\/p>\n<p data-start=\"594\" data-end=\"698\">\u2714\ufe0f <strong data-start=\"597\" data-end=\"628\">Excellent pour la digestion<\/strong><br data-start=\"628\" data-end=\"631\" \/>Soulage la diarrh\u00e9e, les troubles intestinaux et les ballonnements.<\/p>\n<p data-start=\"700\" data-end=\"734\">\u2714\ufe0f <strong data-start=\"703\" data-end=\"732\">Soin naturel pour la peau<\/strong><\/p>\n<ul data-start=\"735\" data-end=\"795\">\n<li data-section-id=\"yv8k28\" data-start=\"735\" data-end=\"754\">Purifie la peau<\/li>\n<li data-section-id=\"1ltxtv3\" data-start=\"755\" data-end=\"772\">R\u00e9duit l\u2019acn\u00e9<\/li>\n<li data-section-id=\"6qokce\" data-start=\"773\" data-end=\"795\">Resserre les pores<\/li>\n<\/ul>\n<p data-start=\"797\" data-end=\"895\">\u2714\ufe0f <strong data-start=\"800\" data-end=\"818\">Effet anti-\u00e2ge<\/strong><br data-start=\"818\" data-end=\"821\" \/>Riche en antioxydants, elle aide \u00e0 lutter contre le vieillissement cutan\u00e9.<\/p>\n<p data-start=\"897\" data-end=\"995\">\u2714\ufe0f <strong data-start=\"900\" data-end=\"933\">Blanchiment des dents naturel<\/strong><br data-start=\"933\" data-end=\"936\" \/>Utilis\u00e9e en poudre pour nettoyer et renforcer les gencives.<\/p>\n<p data-start=\"997\" data-end=\"1091\">\u2714\ufe0f <strong data-start=\"1000\" data-end=\"1024\">Renforce les cheveux<\/strong><br data-start=\"1024\" data-end=\"1027\" \/>Aide \u00e0 lutter contre les pellicules et fortifie le cuir chevelu.<\/p>\n<p data-start=\"1093\" data-end=\"1187\">\u2714\ufe0f <strong data-start=\"1096\" data-end=\"1116\">Action vermifuge<\/strong><br data-start=\"1116\" data-end=\"1119\" \/>Traditionnellement utilis\u00e9e pour \u00e9liminer les parasites intestinaux.<\/p>","protected":false},"excerpt":{"rendered":"<p>\ud83c\udf43 \u00c9corce de grenadine (\u00e9corce de grenade) \ud83d\udccc Description L\u2019\u00e9corce de grenadine provient du fruit du Punica granatum, connu sous le nom de grenade. Il s\u2019agit de la peau s\u00e8che du fruit, tr\u00e8s riche en tanins, polyph\u00e9nols et antioxydants puissants. Utilis\u00e9e depuis longtemps en m\u00e9decine traditionnelle marocaine et orientale, elle est reconnue pour ses propri\u00e9t\u00e9s [&hellip;]<\/p>\n","protected":false},"featured_media":8028,"comment_status":"closed","ping_status":"closed","template":"","meta":{"_uag_custom_page_level_css":"","site-sidebar-layout":"default","site-content-layout":"","ast-site-content-layout":"default","site-content-style":"default","site-sidebar-style":"default","ast-global-header-display":"","ast-banner-title-visibility":"","ast-main-header-display":"","ast-hfb-above-header-display":"","ast-hfb-below-header-display":"","ast-hfb-mobile-header-display":"","site-post-title":"","ast-breadcrumbs-content":"","ast-featured-img":"","footer-sml-layout":"","ast-disable-related-posts":"","theme-transparent-header-meta":"default","adv-header-id-meta":"","stick-header-meta":"","header-above-stick-meta":"","header-main-stick-meta":"","header-below-stick-meta":"","astra-migrate-meta-layouts":"set","ast-page-background-enabled":"default","ast-page-background-meta":{"desktop":{"background-color":"","background-image":"","background-repeat":"repeat","background-position":"center center","background-size":"auto","background-attachment":"scroll","background-type":"","background-media":"","overlay-type":"","overlay-color":"","overlay-opacity":"","overlay-gradient":""},"tablet":{"background-color":"","background-image":"","background-repeat":"repeat","background-position":"center center","background-size":"auto","background-attachment":"scroll","background-type":"","background-media":"","overlay-type":"","overlay-color":"","overlay-opacity":"","overlay-gradient":""},"mobile":{"background-color":"","background-image":"","background-repeat":"repeat","background-position":"center center","background-size":"auto","background-attachment":"scroll","background-type":"","background-media":"","overlay-type":"","overlay-color":"","overlay-opacity":"","overlay-gradient":""}},"ast-content-background-meta":{"desktop":{"background-color":"var(--ast-global-color-5)","background-image":"","background-repeat":"repeat","background-position":"center center","background-size":"auto","background-attachment":"scroll","background-type":"","background-media":"","overlay-type":"","overlay-color":"","overlay-opacity":"","overlay-gradient":""},"tablet":{"background-color":"var(--ast-global-color-5)","background-image":"","background-repeat":"repeat","background-position":"center center","background-size":"auto","background-attachment":"scroll","background-type":"","background-media":"","overlay-type":"","overlay-color":"","overlay-opacity":"","overlay-gradient":""},"mobile":{"background-color":"var(--ast-global-color-5)","background-image":"","background-repeat":"repeat","background-position":"center center","background-size":"auto","background-attachment":"scroll","background-type":"","background-media":"","overlay-type":"","overlay-color":"","overlay-opacity":"","overlay-gradient":""}}},"product_brand":[],"product_cat":[17],"product_tag":[],"class_list":{"0":"post-7630","1":"product","2":"type-product","3":"status-publish","4":"has-post-thumbnail","6":"product_cat-alimentaires","7":"desktop-align-center","8":"tablet-align-center","9":"mobile-align-center","11":"first","12":"instock","13":"shipping-taxable","14":"purchasable","15":"product-type-simple"},"aioseo_notices":[],"uagb_featured_image_src":{"full":["https:\/\/allbiomorocco.com\/wp-content\/uploads\/2026\/01\/Gemini_Generated_Image_1zbpbg1zbpbg1zbp.png",2048,2048,false],"thumbnail":["https:\/\/allbiomorocco.com\/wp-content\/uploads\/2026\/01\/Gemini_Generated_Image_1zbpbg1zbpbg1zbp-150x150.png",150,150,true],"medium":["https:\/\/allbiomorocco.com\/wp-content\/uploads\/2026\/01\/Gemini_Generated_Image_1zbpbg1zbpbg1zbp-300x300.png",300,300,true],"medium_large":["https:\/\/allbiomorocco.com\/wp-content\/uploads\/2026\/01\/Gemini_Generated_Image_1zbpbg1zbpbg1zbp-768x768.png",768,768,true],"large":["https:\/\/allbiomorocco.com\/wp-content\/uploads\/2026\/01\/Gemini_Generated_Image_1zbpbg1zbpbg1zbp-1024x1024.png",1024,1024,true],"1536x1536":["https:\/\/allbiomorocco.com\/wp-content\/uploads\/2026\/01\/Gemini_Generated_Image_1zbpbg1zbpbg1zbp-1536x1536.png",1536,1536,true],"2048x2048":["https:\/\/allbiomorocco.com\/wp-content\/uploads\/2026\/01\/Gemini_Generated_Image_1zbpbg1zbpbg1zbp.png",2048,2048,false],"trp-custom-language-flag":["https:\/\/allbiomorocco.com\/wp-content\/uploads\/2026\/01\/Gemini_Generated_Image_1zbpbg1zbpbg1zbp-12x12.png",12,12,true],"woocommerce_thumbnail":["https:\/\/allbiomorocco.com\/wp-content\/uploads\/2026\/01\/Gemini_Generated_Image_1zbpbg1zbpbg1zbp-300x300.png",300,300,true],"woocommerce_single":["https:\/\/allbiomorocco.com\/wp-content\/uploads\/2026\/01\/Gemini_Generated_Image_1zbpbg1zbpbg1zbp-600x600.png",600,600,true],"woocommerce_gallery_thumbnail":["https:\/\/allbiomorocco.com\/wp-content\/uploads\/2026\/01\/Gemini_Generated_Image_1zbpbg1zbpbg1zbp-100x100.png",100,100,true]},"uagb_author_info":{"display_name":"NOUZHA ABARDAQ","author_link":"https:\/\/allbiomorocco.com\/en\/author\/"},"uagb_comment_info":0,"uagb_excerpt":"\ud83c\udf43 \u00c9corce de grenadine (\u00e9corce de grenade) \ud83d\udccc Description L\u2019\u00e9corce de grenadine provient du fruit du Punica granatum, connu sous le nom de grenade. Il s\u2019agit de la peau s\u00e8che du fruit, tr\u00e8s riche en tanins, polyph\u00e9nols et antioxydants puissants. Utilis\u00e9e depuis longtemps en m\u00e9decine traditionnelle marocaine et orientale, elle est reconnue pour ses propri\u00e9t\u00e9s&hellip;","_links":{"self":[{"href":"https:\/\/allbiomorocco.com\/en\/wp-json\/wp\/v2\/product\/7630","targetHints":{"allow":["GET"]}}],"collection":[{"href":"https:\/\/allbiomorocco.com\/en\/wp-json\/wp\/v2\/product"}],"about":[{"href":"https:\/\/allbiomorocco.com\/en\/wp-json\/wp\/v2\/types\/product"}],"replies":[{"embeddable":true,"href":"https:\/\/allbiomorocco.com\/en\/wp-json\/wp\/v2\/comments?post=7630"}],"wp:featuredmedia":[{"embeddable":true,"href":"https:\/\/allbiomorocco.com\/en\/wp-json\/wp\/v2\/media\/8028"}],"wp:attachment":[{"href":"https:\/\/allbiomorocco.com\/en\/wp-json\/wp\/v2\/media?parent=7630"}],"wp:term":[{"taxonomy":"product_brand","embeddable":true,"href":"https:\/\/allbiomorocco.com\/en\/wp-json\/wp\/v2\/product_brand?post=7630"},{"taxonomy":"product_cat","embeddable":true,"href":"https:\/\/allbiomorocco.com\/en\/wp-json\/wp\/v2\/product_cat?post=7630"},{"taxonomy":"product_tag","embeddable":true,"href":"https:\/\/allbiomorocco.com\/en\/wp-json\/wp\/v2\/product_tag?post=7630"}],"curies":[{"name":"wp","href":"https:\/\/api.w.org\/{rel}","templated":true}]}}