{"id":7637,"date":"2026-01-21T13:49:41","date_gmt":"2026-01-21T13:49:41","guid":{"rendered":"https:\/\/allbiomorocco.com\/?post_type=product&#038;p=7637"},"modified":"2026-04-10T17:56:52","modified_gmt":"2026-04-10T17:56:52","slug":"parfum-yara-princesses","status":"publish","type":"product","link":"https:\/\/allbiomorocco.com\/en\/product\/parfum-yara-princesses\/","title":{"rendered":"Gommage Wadaa"},"content":{"rendered":"<p data-start=\"353\" data-end=\"543\">Le gommage Wadaa se pr\u00e9sente sous forme de poudre fine ou m\u00e9lang\u00e9e avec des ingr\u00e9dients naturels (savon noir, huiles, eau de rose\u2026). Il permet une exfoliation douce mais efficace de la peau.<\/p>\n<h2 data-section-id=\"p4bcsk\" data-start=\"550\" data-end=\"564\">\u2728 Bienfaits<\/h2>\n<h3 data-section-id=\"1v3xqwm\" data-start=\"566\" data-end=\"587\">\ud83c\udf38 Pour la peau<\/h3>\n<ul data-start=\"588\" data-end=\"823\">\n<li data-section-id=\"1yhtgru\" data-start=\"588\" data-end=\"623\">\u00c9limine les <strong data-start=\"602\" data-end=\"621\">cellules mortes<\/strong><\/li>\n<li data-section-id=\"smrhfv\" data-start=\"624\" data-end=\"657\">Nettoie la peau en profondeur<\/li>\n<li data-section-id=\"19dm0i0\" data-start=\"658\" data-end=\"694\">\u00c9claircit et <strong data-start=\"673\" data-end=\"692\">unifie le teint<\/strong><\/li>\n<li data-section-id=\"1d5b6b4\" data-start=\"695\" data-end=\"730\">Rend la peau <strong data-start=\"710\" data-end=\"728\">douce et lisse<\/strong><\/li>\n<li data-section-id=\"1vvbmnt\" data-start=\"731\" data-end=\"771\">Stimule le renouvellement cellulaire<\/li>\n<li data-section-id=\"1cgsakc\" data-start=\"772\" data-end=\"823\">Aide \u00e0 att\u00e9nuer les <strong data-start=\"794\" data-end=\"804\">taches<\/strong> et zones sombres<\/li>\n<\/ul>\n<h3 data-section-id=\"b2gnwd\" data-start=\"825\" data-end=\"846\">\ud83e\uddd6\u200d\u2640\ufe0f Au hammam<\/h3>\n<ul data-start=\"847\" data-end=\"1007\">\n<li data-section-id=\"67kiye\" data-start=\"847\" data-end=\"906\">Compl\u00e8te parfaitement le rituel du <strong data-start=\"884\" data-end=\"904\">gommage marocain<\/strong><\/li>\n<li data-section-id=\"1z4hc9\" data-start=\"907\" data-end=\"964\">Pr\u00e9pare la peau \u00e0 recevoir les soins (huiles, cr\u00e8mes)<\/li>\n<li data-section-id=\"cln1el\" data-start=\"965\" data-end=\"1007\">Donne un effet <strong data-start=\"982\" data-end=\"1005\">peau neuve imm\u00e9diat<\/strong><\/li>\n<\/ul>","protected":false},"excerpt":{"rendered":"<p>Le gommage Wadaa se pr\u00e9sente sous forme de poudre fine ou m\u00e9lang\u00e9e avec des ingr\u00e9dients naturels (savon noir, huiles, eau de rose\u2026). Il permet une exfoliation douce mais efficace de la peau. \u2728 Bienfaits \ud83c\udf38 Pour la peau \u00c9limine les cellules mortes Nettoie la peau en profondeur \u00c9claircit et unifie le teint Rend la peau [&hellip;]<\/p>\n","protected":false},"featured_media":8091,"comment_status":"closed","ping_status":"closed","template":"","meta":{"_uag_custom_page_level_css":"","site-sidebar-layout":"default","site-content-layout":"","ast-site-content-layout":"default","site-content-style":"default","site-sidebar-style":"default","ast-global-header-display":"","ast-banner-title-visibility":"","ast-main-header-display":"","ast-hfb-above-header-display":"","ast-hfb-below-header-display":"","ast-hfb-mobile-header-display":"","site-post-title":"","ast-breadcrumbs-content":"","ast-featured-img":"","footer-sml-layout":"","ast-disable-related-posts":"","theme-transparent-header-meta":"default","adv-header-id-meta":"","stick-header-meta":"","header-above-stick-meta":"","header-main-stick-meta":"","header-below-stick-meta":"","astra-migrate-meta-layouts":"set","ast-page-background-enabled":"default","ast-page-background-meta":{"desktop":{"background-color":"","background-image":"","background-repeat":"repeat","background-position":"center center","background-size":"auto","background-attachment":"scroll","background-type":"","background-media":"","overlay-type":"","overlay-color":"","overlay-opacity":"","overlay-gradient":""},"tablet":{"background-color":"","background-image":"","background-repeat":"repeat","background-position":"center center","background-size":"auto","background-attachment":"scroll","background-type":"","background-media":"","overlay-type":"","overlay-color":"","overlay-opacity":"","overlay-gradient":""},"mobile":{"background-color":"","background-image":"","background-repeat":"repeat","background-position":"center center","background-size":"auto","background-attachment":"scroll","background-type":"","background-media":"","overlay-type":"","overlay-color":"","overlay-opacity":"","overlay-gradient":""}},"ast-content-background-meta":{"desktop":{"background-color":"var(--ast-global-color-5)","background-image":"","background-repeat":"repeat","background-position":"center center","background-size":"auto","background-attachment":"scroll","background-type":"","background-media":"","overlay-type":"","overlay-color":"","overlay-opacity":"","overlay-gradient":""},"tablet":{"background-color":"var(--ast-global-color-5)","background-image":"","background-repeat":"repeat","background-position":"center center","background-size":"auto","background-attachment":"scroll","background-type":"","background-media":"","overlay-type":"","overlay-color":"","overlay-opacity":"","overlay-gradient":""},"mobile":{"background-color":"var(--ast-global-color-5)","background-image":"","background-repeat":"repeat","background-position":"center center","background-size":"auto","background-attachment":"scroll","background-type":"","background-media":"","overlay-type":"","overlay-color":"","overlay-opacity":"","overlay-gradient":""}}},"product_brand":[],"product_cat":[16],"product_tag":[],"class_list":{"0":"post-7637","1":"product","2":"type-product","3":"status-publish","4":"has-post-thumbnail","6":"product_cat-cosmetique","7":"desktop-align-center","8":"tablet-align-center","9":"mobile-align-center","11":"first","12":"instock","13":"shipping-taxable","14":"purchasable","15":"product-type-simple"},"aioseo_notices":[],"uagb_featured_image_src":{"full":["https:\/\/allbiomorocco.com\/wp-content\/uploads\/2026\/01\/gommage_wadaa-307x546-1.png",307,546,false],"thumbnail":["https:\/\/allbiomorocco.com\/wp-content\/uploads\/2026\/01\/gommage_wadaa-307x546-1-150x150.png",150,150,true],"medium":["https:\/\/allbiomorocco.com\/wp-content\/uploads\/2026\/01\/gommage_wadaa-307x546-1-169x300.png",169,300,true],"medium_large":["https:\/\/allbiomorocco.com\/wp-content\/uploads\/2026\/01\/gommage_wadaa-307x546-1.png",307,546,false],"large":["https:\/\/allbiomorocco.com\/wp-content\/uploads\/2026\/01\/gommage_wadaa-307x546-1.png",307,546,false],"1536x1536":["https:\/\/allbiomorocco.com\/wp-content\/uploads\/2026\/01\/gommage_wadaa-307x546-1.png",307,546,false],"2048x2048":["https:\/\/allbiomorocco.com\/wp-content\/uploads\/2026\/01\/gommage_wadaa-307x546-1.png",307,546,false],"trp-custom-language-flag":["https:\/\/allbiomorocco.com\/wp-content\/uploads\/2026\/01\/gommage_wadaa-307x546-1-7x12.png",7,12,true],"woocommerce_thumbnail":["https:\/\/allbiomorocco.com\/wp-content\/uploads\/2026\/01\/gommage_wadaa-307x546-1-300x300.png",300,300,true],"woocommerce_single":["https:\/\/allbiomorocco.com\/wp-content\/uploads\/2026\/01\/gommage_wadaa-307x546-1.png",307,546,false],"woocommerce_gallery_thumbnail":["https:\/\/allbiomorocco.com\/wp-content\/uploads\/2026\/01\/gommage_wadaa-307x546-1-100x100.png",100,100,true]},"uagb_author_info":{"display_name":"NOUZHA ABARDAQ","author_link":"https:\/\/allbiomorocco.com\/en\/author\/"},"uagb_comment_info":0,"uagb_excerpt":"Le gommage Wadaa se pr\u00e9sente sous forme de poudre fine ou m\u00e9lang\u00e9e avec des ingr\u00e9dients naturels (savon noir, huiles, eau de rose\u2026). Il permet une exfoliation douce mais efficace de la peau. \u2728 Bienfaits \ud83c\udf38 Pour la peau \u00c9limine les cellules mortes Nettoie la peau en profondeur \u00c9claircit et unifie le teint Rend la peau&hellip;","_links":{"self":[{"href":"https:\/\/allbiomorocco.com\/en\/wp-json\/wp\/v2\/product\/7637","targetHints":{"allow":["GET"]}}],"collection":[{"href":"https:\/\/allbiomorocco.com\/en\/wp-json\/wp\/v2\/product"}],"about":[{"href":"https:\/\/allbiomorocco.com\/en\/wp-json\/wp\/v2\/types\/product"}],"replies":[{"embeddable":true,"href":"https:\/\/allbiomorocco.com\/en\/wp-json\/wp\/v2\/comments?post=7637"}],"wp:featuredmedia":[{"embeddable":true,"href":"https:\/\/allbiomorocco.com\/en\/wp-json\/wp\/v2\/media\/8091"}],"wp:attachment":[{"href":"https:\/\/allbiomorocco.com\/en\/wp-json\/wp\/v2\/media?parent=7637"}],"wp:term":[{"taxonomy":"product_brand","embeddable":true,"href":"https:\/\/allbiomorocco.com\/en\/wp-json\/wp\/v2\/product_brand?post=7637"},{"taxonomy":"product_cat","embeddable":true,"href":"https:\/\/allbiomorocco.com\/en\/wp-json\/wp\/v2\/product_cat?post=7637"},{"taxonomy":"product_tag","embeddable":true,"href":"https:\/\/allbiomorocco.com\/en\/wp-json\/wp\/v2\/product_tag?post=7637"}],"curies":[{"name":"wp","href":"https:\/\/api.w.org\/{rel}","templated":true}]}}