{"id":7638,"date":"2026-01-21T13:49:41","date_gmt":"2026-01-21T13:49:41","guid":{"rendered":"https:\/\/allbiomorocco.com\/?post_type=product&#038;p=7638"},"modified":"2026-04-10T18:11:04","modified_gmt":"2026-04-10T18:11:04","slug":"parfum-anbar","status":"publish","type":"product","link":"https:\/\/allbiomorocco.com\/en\/product\/parfum-anbar\/","title":{"rendered":"Gommage Lait D&rsquo;a\u00eenesse"},"content":{"rendered":"<p data-start=\"304\" data-end=\"494\">Ce gommage associe des <strong data-start=\"327\" data-end=\"353\">grains exfoliants doux<\/strong> (sucre, sel ou poudre naturelle) au <strong data-start=\"390\" data-end=\"407\">lait d\u2019\u00e2nesse<\/strong>, riche en vitamines et nutriments. Il nettoie la peau tout en l\u2019hydratant intens\u00e9ment.<\/p>\n<h2 data-section-id=\"p4bcsk\" data-start=\"501\" data-end=\"515\">\u2728 Bienfaits<\/h2>\n<h3 data-section-id=\"1v3xqwm\" data-start=\"517\" data-end=\"538\">\ud83c\udf38 Pour la peau<\/h3>\n<ul data-start=\"539\" data-end=\"814\">\n<li data-section-id=\"v5lk4b\" data-start=\"539\" data-end=\"596\">Exfolie en douceur et \u00e9limine les <strong data-start=\"575\" data-end=\"594\">cellules mortes<\/strong><\/li>\n<li data-section-id=\"1xp2vte\" data-start=\"597\" data-end=\"632\">Hydrate et nourrit profond\u00e9ment<\/li>\n<li data-section-id=\"w0gddv\" data-start=\"633\" data-end=\"679\">Laisse la peau <strong data-start=\"650\" data-end=\"677\">douce, lisse et soyeuse<\/strong><\/li>\n<li data-section-id=\"wxeaph\" data-start=\"680\" data-end=\"720\">Am\u00e9liore l\u2019<strong data-start=\"693\" data-end=\"707\">\u00e9lasticit\u00e9<\/strong> de la peau<\/li>\n<li data-section-id=\"8h45ft\" data-start=\"721\" data-end=\"761\">Apaise les peaux sensibles et s\u00e8ches<\/li>\n<li data-section-id=\"1o5w0ng\" data-start=\"762\" data-end=\"814\">Aide \u00e0 r\u00e9duire les <strong data-start=\"783\" data-end=\"800\">imperfections<\/strong> et rougeurs<\/li>\n<\/ul>\n<h3 data-section-id=\"6y4uyt\" data-start=\"816\" data-end=\"840\">\ud83d\udc86\u200d\u2640\ufe0f Effet beaut\u00e9<\/h3>\n<ul data-start=\"841\" data-end=\"971\">\n<li data-section-id=\"vsdzgj\" data-start=\"841\" data-end=\"880\">Donne un <strong data-start=\"852\" data-end=\"878\">\u00e9clat naturel imm\u00e9diat<\/strong><\/li>\n<li data-section-id=\"x4b8va\" data-start=\"881\" data-end=\"924\">Rend la peau plus lumineuse et uniforme<\/li>\n<li data-section-id=\"2i3eus\" data-start=\"925\" data-end=\"971\">Sensation de confort et de douceur durable<\/li>\n<\/ul>","protected":false},"excerpt":{"rendered":"<p>Ce gommage associe des grains exfoliants doux (sucre, sel ou poudre naturelle) au lait d\u2019\u00e2nesse, riche en vitamines et nutriments. Il nettoie la peau tout en l\u2019hydratant intens\u00e9ment. \u2728 Bienfaits \ud83c\udf38 Pour la peau Exfolie en douceur et \u00e9limine les cellules mortes Hydrate et nourrit profond\u00e9ment Laisse la peau douce, lisse et soyeuse Am\u00e9liore l\u2019\u00e9lasticit\u00e9 [&hellip;]<\/p>\n","protected":false},"featured_media":8093,"comment_status":"closed","ping_status":"closed","template":"","meta":{"_uag_custom_page_level_css":"","site-sidebar-layout":"default","site-content-layout":"","ast-site-content-layout":"default","site-content-style":"default","site-sidebar-style":"default","ast-global-header-display":"","ast-banner-title-visibility":"","ast-main-header-display":"","ast-hfb-above-header-display":"","ast-hfb-below-header-display":"","ast-hfb-mobile-header-display":"","site-post-title":"","ast-breadcrumbs-content":"","ast-featured-img":"","footer-sml-layout":"","ast-disable-related-posts":"","theme-transparent-header-meta":"default","adv-header-id-meta":"","stick-header-meta":"","header-above-stick-meta":"","header-main-stick-meta":"","header-below-stick-meta":"","astra-migrate-meta-layouts":"set","ast-page-background-enabled":"default","ast-page-background-meta":{"desktop":{"background-color":"","background-image":"","background-repeat":"repeat","background-position":"center center","background-size":"auto","background-attachment":"scroll","background-type":"","background-media":"","overlay-type":"","overlay-color":"","overlay-opacity":"","overlay-gradient":""},"tablet":{"background-color":"","background-image":"","background-repeat":"repeat","background-position":"center center","background-size":"auto","background-attachment":"scroll","background-type":"","background-media":"","overlay-type":"","overlay-color":"","overlay-opacity":"","overlay-gradient":""},"mobile":{"background-color":"","background-image":"","background-repeat":"repeat","background-position":"center center","background-size":"auto","background-attachment":"scroll","background-type":"","background-media":"","overlay-type":"","overlay-color":"","overlay-opacity":"","overlay-gradient":""}},"ast-content-background-meta":{"desktop":{"background-color":"var(--ast-global-color-5)","background-image":"","background-repeat":"repeat","background-position":"center center","background-size":"auto","background-attachment":"scroll","background-type":"","background-media":"","overlay-type":"","overlay-color":"","overlay-opacity":"","overlay-gradient":""},"tablet":{"background-color":"var(--ast-global-color-5)","background-image":"","background-repeat":"repeat","background-position":"center center","background-size":"auto","background-attachment":"scroll","background-type":"","background-media":"","overlay-type":"","overlay-color":"","overlay-opacity":"","overlay-gradient":""},"mobile":{"background-color":"var(--ast-global-color-5)","background-image":"","background-repeat":"repeat","background-position":"center center","background-size":"auto","background-attachment":"scroll","background-type":"","background-media":"","overlay-type":"","overlay-color":"","overlay-opacity":"","overlay-gradient":""}}},"product_brand":[],"product_cat":[16],"product_tag":[],"class_list":{"0":"post-7638","1":"product","2":"type-product","3":"status-publish","4":"has-post-thumbnail","6":"product_cat-cosmetique","7":"desktop-align-center","8":"tablet-align-center","9":"mobile-align-center","11":"first","12":"instock","13":"shipping-taxable","14":"purchasable","15":"product-type-simple"},"aioseo_notices":[],"uagb_featured_image_src":{"full":["https:\/\/allbiomorocco.com\/wp-content\/uploads\/2026\/01\/gommage_lait_dannesse-307x546-1.png",307,546,false],"thumbnail":["https:\/\/allbiomorocco.com\/wp-content\/uploads\/2026\/01\/gommage_lait_dannesse-307x546-1-150x150.png",150,150,true],"medium":["https:\/\/allbiomorocco.com\/wp-content\/uploads\/2026\/01\/gommage_lait_dannesse-307x546-1-169x300.png",169,300,true],"medium_large":["https:\/\/allbiomorocco.com\/wp-content\/uploads\/2026\/01\/gommage_lait_dannesse-307x546-1.png",307,546,false],"large":["https:\/\/allbiomorocco.com\/wp-content\/uploads\/2026\/01\/gommage_lait_dannesse-307x546-1.png",307,546,false],"1536x1536":["https:\/\/allbiomorocco.com\/wp-content\/uploads\/2026\/01\/gommage_lait_dannesse-307x546-1.png",307,546,false],"2048x2048":["https:\/\/allbiomorocco.com\/wp-content\/uploads\/2026\/01\/gommage_lait_dannesse-307x546-1.png",307,546,false],"trp-custom-language-flag":["https:\/\/allbiomorocco.com\/wp-content\/uploads\/2026\/01\/gommage_lait_dannesse-307x546-1-7x12.png",7,12,true],"woocommerce_thumbnail":["https:\/\/allbiomorocco.com\/wp-content\/uploads\/2026\/01\/gommage_lait_dannesse-307x546-1-300x300.png",300,300,true],"woocommerce_single":["https:\/\/allbiomorocco.com\/wp-content\/uploads\/2026\/01\/gommage_lait_dannesse-307x546-1.png",307,546,false],"woocommerce_gallery_thumbnail":["https:\/\/allbiomorocco.com\/wp-content\/uploads\/2026\/01\/gommage_lait_dannesse-307x546-1-100x100.png",100,100,true]},"uagb_author_info":{"display_name":"NOUZHA ABARDAQ","author_link":"https:\/\/allbiomorocco.com\/en\/author\/"},"uagb_comment_info":0,"uagb_excerpt":"Ce gommage associe des grains exfoliants doux (sucre, sel ou poudre naturelle) au lait d\u2019\u00e2nesse, riche en vitamines et nutriments. Il nettoie la peau tout en l\u2019hydratant intens\u00e9ment. \u2728 Bienfaits \ud83c\udf38 Pour la peau Exfolie en douceur et \u00e9limine les cellules mortes Hydrate et nourrit profond\u00e9ment Laisse la peau douce, lisse et soyeuse Am\u00e9liore l\u2019\u00e9lasticit\u00e9&hellip;","_links":{"self":[{"href":"https:\/\/allbiomorocco.com\/en\/wp-json\/wp\/v2\/product\/7638","targetHints":{"allow":["GET"]}}],"collection":[{"href":"https:\/\/allbiomorocco.com\/en\/wp-json\/wp\/v2\/product"}],"about":[{"href":"https:\/\/allbiomorocco.com\/en\/wp-json\/wp\/v2\/types\/product"}],"replies":[{"embeddable":true,"href":"https:\/\/allbiomorocco.com\/en\/wp-json\/wp\/v2\/comments?post=7638"}],"wp:featuredmedia":[{"embeddable":true,"href":"https:\/\/allbiomorocco.com\/en\/wp-json\/wp\/v2\/media\/8093"}],"wp:attachment":[{"href":"https:\/\/allbiomorocco.com\/en\/wp-json\/wp\/v2\/media?parent=7638"}],"wp:term":[{"taxonomy":"product_brand","embeddable":true,"href":"https:\/\/allbiomorocco.com\/en\/wp-json\/wp\/v2\/product_brand?post=7638"},{"taxonomy":"product_cat","embeddable":true,"href":"https:\/\/allbiomorocco.com\/en\/wp-json\/wp\/v2\/product_cat?post=7638"},{"taxonomy":"product_tag","embeddable":true,"href":"https:\/\/allbiomorocco.com\/en\/wp-json\/wp\/v2\/product_tag?post=7638"}],"curies":[{"name":"wp","href":"https:\/\/api.w.org\/{rel}","templated":true}]}}