{"id":7639,"date":"2026-01-21T13:49:41","date_gmt":"2026-01-21T13:49:41","guid":{"rendered":"https:\/\/allbiomorocco.com\/?post_type=product&#038;p=7639"},"modified":"2026-04-10T18:39:18","modified_gmt":"2026-04-10T18:39:18","slug":"parfum-musk-musc-noir","status":"publish","type":"product","link":"https:\/\/allbiomorocco.com\/en\/product\/parfum-musk-musc-noir\/","title":{"rendered":"Blush"},"content":{"rendered":"<h3 data-section-id=\"1u353rd\" data-start=\"0\" data-end=\"27\">\ud83d\udc84 Blush (Fard \u00e0 joues)<\/h3>\n<p data-start=\"29\" data-end=\"201\">Le <strong data-start=\"32\" data-end=\"41\">blush<\/strong> est un produit de maquillage utilis\u00e9 pour colorer les joues et donner un effet de fra\u00eecheur et de bonne mine. Il existe sous forme de poudre, cr\u00e8me ou liquide.<\/p>\n<h2 data-section-id=\"2lniyr\" data-start=\"208\" data-end=\"227\">\ud83e\uddfe Description<\/h2>\n<p data-start=\"228\" data-end=\"400\">Le blush est appliqu\u00e9 sur les pommettes pour apporter une touche de couleur naturelle au visage. Il peut \u00eatre rose, p\u00eache, rouge ou bronze selon le teint et l\u2019effet d\u00e9sir\u00e9.<\/p>\n<h2 data-section-id=\"1h8s3rg\" data-start=\"407\" data-end=\"430\">\u2728 Bienfaits \/ Effets<\/h2>\n<h3 data-section-id=\"1t2uwf0\" data-start=\"432\" data-end=\"455\">\ud83c\udf38 Pour le visage<\/h3>\n<ul data-start=\"456\" data-end=\"671\">\n<li data-section-id=\"jwfgvq\" data-start=\"456\" data-end=\"498\">Donne un effet <strong data-start=\"473\" data-end=\"496\">bonne mine imm\u00e9diat<\/strong><\/li>\n<li data-section-id=\"1lizq8f\" data-start=\"499\" data-end=\"526\">R\u00e9veille le teint terne<\/li>\n<li data-section-id=\"1pv5tk2\" data-start=\"527\" data-end=\"561\">Structure et sculpte le visage<\/li>\n<li data-section-id=\"1hgvrw5\" data-start=\"562\" data-end=\"606\">Apporte un effet <strong data-start=\"581\" data-end=\"604\">naturel et lumineux<\/strong><\/li>\n<li data-section-id=\"tvemtv\" data-start=\"607\" data-end=\"671\">Peut donner un look frais ou sophistiqu\u00e9 selon l\u2019application<\/li>\n<\/ul>","protected":false},"excerpt":{"rendered":"<p>\ud83d\udc84 Blush (Fard \u00e0 joues) Le blush est un produit de maquillage utilis\u00e9 pour colorer les joues et donner un effet de fra\u00eecheur et de bonne mine. Il existe sous forme de poudre, cr\u00e8me ou liquide. \ud83e\uddfe Description Le blush est appliqu\u00e9 sur les pommettes pour apporter une touche de couleur naturelle au visage. Il [&hellip;]<\/p>\n","protected":false},"featured_media":8103,"comment_status":"closed","ping_status":"closed","template":"","meta":{"_uag_custom_page_level_css":"","site-sidebar-layout":"default","site-content-layout":"","ast-site-content-layout":"default","site-content-style":"default","site-sidebar-style":"default","ast-global-header-display":"","ast-banner-title-visibility":"","ast-main-header-display":"","ast-hfb-above-header-display":"","ast-hfb-below-header-display":"","ast-hfb-mobile-header-display":"","site-post-title":"","ast-breadcrumbs-content":"","ast-featured-img":"","footer-sml-layout":"","ast-disable-related-posts":"","theme-transparent-header-meta":"default","adv-header-id-meta":"","stick-header-meta":"","header-above-stick-meta":"","header-main-stick-meta":"","header-below-stick-meta":"","astra-migrate-meta-layouts":"set","ast-page-background-enabled":"default","ast-page-background-meta":{"desktop":{"background-color":"","background-image":"","background-repeat":"repeat","background-position":"center center","background-size":"auto","background-attachment":"scroll","background-type":"","background-media":"","overlay-type":"","overlay-color":"","overlay-opacity":"","overlay-gradient":""},"tablet":{"background-color":"","background-image":"","background-repeat":"repeat","background-position":"center center","background-size":"auto","background-attachment":"scroll","background-type":"","background-media":"","overlay-type":"","overlay-color":"","overlay-opacity":"","overlay-gradient":""},"mobile":{"background-color":"","background-image":"","background-repeat":"repeat","background-position":"center center","background-size":"auto","background-attachment":"scroll","background-type":"","background-media":"","overlay-type":"","overlay-color":"","overlay-opacity":"","overlay-gradient":""}},"ast-content-background-meta":{"desktop":{"background-color":"var(--ast-global-color-5)","background-image":"","background-repeat":"repeat","background-position":"center center","background-size":"auto","background-attachment":"scroll","background-type":"","background-media":"","overlay-type":"","overlay-color":"","overlay-opacity":"","overlay-gradient":""},"tablet":{"background-color":"var(--ast-global-color-5)","background-image":"","background-repeat":"repeat","background-position":"center center","background-size":"auto","background-attachment":"scroll","background-type":"","background-media":"","overlay-type":"","overlay-color":"","overlay-opacity":"","overlay-gradient":""},"mobile":{"background-color":"var(--ast-global-color-5)","background-image":"","background-repeat":"repeat","background-position":"center center","background-size":"auto","background-attachment":"scroll","background-type":"","background-media":"","overlay-type":"","overlay-color":"","overlay-opacity":"","overlay-gradient":""}}},"product_brand":[],"product_cat":[16],"product_tag":[],"class_list":{"0":"post-7639","1":"product","2":"type-product","3":"status-publish","4":"has-post-thumbnail","6":"product_cat-cosmetique","7":"desktop-align-center","8":"tablet-align-center","9":"mobile-align-center","11":"first","12":"instock","13":"shipping-taxable","14":"purchasable","15":"product-type-simple"},"aioseo_notices":[],"uagb_featured_image_src":{"full":["https:\/\/allbiomorocco.com\/wp-content\/uploads\/2026\/01\/blush.jpg",575,1024,false],"thumbnail":["https:\/\/allbiomorocco.com\/wp-content\/uploads\/2026\/01\/blush-150x150.jpg",150,150,true],"medium":["https:\/\/allbiomorocco.com\/wp-content\/uploads\/2026\/01\/blush-168x300.jpg",168,300,true],"medium_large":["https:\/\/allbiomorocco.com\/wp-content\/uploads\/2026\/01\/blush.jpg",575,1024,false],"large":["https:\/\/allbiomorocco.com\/wp-content\/uploads\/2026\/01\/blush.jpg",575,1024,false],"1536x1536":["https:\/\/allbiomorocco.com\/wp-content\/uploads\/2026\/01\/blush.jpg",575,1024,false],"2048x2048":["https:\/\/allbiomorocco.com\/wp-content\/uploads\/2026\/01\/blush.jpg",575,1024,false],"trp-custom-language-flag":["https:\/\/allbiomorocco.com\/wp-content\/uploads\/2026\/01\/blush-7x12.jpg",7,12,true],"woocommerce_thumbnail":["https:\/\/allbiomorocco.com\/wp-content\/uploads\/2026\/01\/blush-300x300.jpg",300,300,true],"woocommerce_single":["https:\/\/allbiomorocco.com\/wp-content\/uploads\/2026\/01\/blush.jpg",575,1024,false],"woocommerce_gallery_thumbnail":["https:\/\/allbiomorocco.com\/wp-content\/uploads\/2026\/01\/blush-100x100.jpg",100,100,true]},"uagb_author_info":{"display_name":"NOUZHA ABARDAQ","author_link":"https:\/\/allbiomorocco.com\/en\/author\/"},"uagb_comment_info":0,"uagb_excerpt":"\ud83d\udc84 Blush (Fard \u00e0 joues) Le blush est un produit de maquillage utilis\u00e9 pour colorer les joues et donner un effet de fra\u00eecheur et de bonne mine. Il existe sous forme de poudre, cr\u00e8me ou liquide. \ud83e\uddfe Description Le blush est appliqu\u00e9 sur les pommettes pour apporter une touche de couleur naturelle au visage. Il&hellip;","_links":{"self":[{"href":"https:\/\/allbiomorocco.com\/en\/wp-json\/wp\/v2\/product\/7639","targetHints":{"allow":["GET"]}}],"collection":[{"href":"https:\/\/allbiomorocco.com\/en\/wp-json\/wp\/v2\/product"}],"about":[{"href":"https:\/\/allbiomorocco.com\/en\/wp-json\/wp\/v2\/types\/product"}],"replies":[{"embeddable":true,"href":"https:\/\/allbiomorocco.com\/en\/wp-json\/wp\/v2\/comments?post=7639"}],"wp:featuredmedia":[{"embeddable":true,"href":"https:\/\/allbiomorocco.com\/en\/wp-json\/wp\/v2\/media\/8103"}],"wp:attachment":[{"href":"https:\/\/allbiomorocco.com\/en\/wp-json\/wp\/v2\/media?parent=7639"}],"wp:term":[{"taxonomy":"product_brand","embeddable":true,"href":"https:\/\/allbiomorocco.com\/en\/wp-json\/wp\/v2\/product_brand?post=7639"},{"taxonomy":"product_cat","embeddable":true,"href":"https:\/\/allbiomorocco.com\/en\/wp-json\/wp\/v2\/product_cat?post=7639"},{"taxonomy":"product_tag","embeddable":true,"href":"https:\/\/allbiomorocco.com\/en\/wp-json\/wp\/v2\/product_tag?post=7639"}],"curies":[{"name":"wp","href":"https:\/\/api.w.org\/{rel}","templated":true}]}}