{"id":7640,"date":"2026-01-21T13:49:41","date_gmt":"2026-01-21T13:49:41","guid":{"rendered":"https:\/\/allbiomorocco.com\/?post_type=product&#038;p=7640"},"modified":"2026-04-10T18:17:22","modified_gmt":"2026-04-10T18:17:22","slug":"parfum-shehrazade","status":"publish","type":"product","link":"https:\/\/allbiomorocco.com\/en\/product\/parfum-shehrazade\/","title":{"rendered":"Savon Lait D&rsquo;a\u00eenesse"},"content":{"rendered":"<p data-start=\"298\" data-end=\"526\">Ce savon associe le <strong data-start=\"318\" data-end=\"341\">lait d\u2019\u00e2nesse frais<\/strong> \u00e0 des huiles v\u00e9g\u00e9tales naturelles (huile d\u2019olive, coco, argan\u2026). Il mousse l\u00e9g\u00e8rement et nettoie la peau sans l\u2019agresser. Il est adapt\u00e9 \u00e0 un usage quotidien pour le visage et le corps.<\/p>\n<h2 data-section-id=\"p4bcsk\" data-start=\"533\" data-end=\"547\">\u2728 Bienfaits<\/h2>\n<h3 data-section-id=\"1v3xqwm\" data-start=\"549\" data-end=\"570\">\ud83c\udf38 Pour la peau<\/h3>\n<ul data-start=\"571\" data-end=\"831\">\n<li data-section-id=\"74fspb\" data-start=\"571\" data-end=\"608\">Nettoie en douceur sans dess\u00e9cher<\/li>\n<li data-section-id=\"mqgrl7\" data-start=\"609\" data-end=\"639\">Hydrate et nourrit la peau<\/li>\n<li data-section-id=\"1noqzs4\" data-start=\"640\" data-end=\"682\">Apaise les peaux sensibles et irrit\u00e9es<\/li>\n<li data-section-id=\"1oxtear\" data-start=\"683\" data-end=\"731\">Aide \u00e0 r\u00e9duire les rougeurs et tiraillements<\/li>\n<li data-section-id=\"1ydvypo\" data-start=\"732\" data-end=\"788\">Am\u00e9liore l\u2019<strong data-start=\"745\" data-end=\"759\">\u00e9lasticit\u00e9<\/strong> et la souplesse de la peau<\/li>\n<li data-section-id=\"1nuc641\" data-start=\"789\" data-end=\"831\">Donne un <strong data-start=\"800\" data-end=\"829\">\u00e9clat naturel et lumineux<\/strong><\/li>\n<\/ul>\n<h3 data-section-id=\"6y4uyt\" data-start=\"833\" data-end=\"857\">\ud83d\udc86\u200d\u2640\ufe0f Effet beaut\u00e9<\/h3>\n<ul data-start=\"858\" data-end=\"1027\">\n<li data-section-id=\"wi18fb\" data-start=\"858\" data-end=\"901\">Laisse la peau douce, propre et satin\u00e9e<\/li>\n<li data-section-id=\"kgoto1\" data-start=\"902\" data-end=\"968\">Convient \u00e0 tous les types de peau (m\u00eame b\u00e9b\u00e9 et peau sensible)<\/li>\n<li data-section-id=\"beviin\" data-start=\"969\" data-end=\"1027\">Aide \u00e0 unifier le teint avec une utilisation r\u00e9guli\u00e8re<\/li>\n<\/ul>","protected":false},"excerpt":{"rendered":"<p>Ce savon associe le lait d\u2019\u00e2nesse frais \u00e0 des huiles v\u00e9g\u00e9tales naturelles (huile d\u2019olive, coco, argan\u2026). Il mousse l\u00e9g\u00e8rement et nettoie la peau sans l\u2019agresser. Il est adapt\u00e9 \u00e0 un usage quotidien pour le visage et le corps. \u2728 Bienfaits \ud83c\udf38 Pour la peau Nettoie en douceur sans dess\u00e9cher Hydrate et nourrit la peau Apaise [&hellip;]<\/p>\n","protected":false},"featured_media":8097,"comment_status":"closed","ping_status":"closed","template":"","meta":{"_uag_custom_page_level_css":"","site-sidebar-layout":"default","site-content-layout":"","ast-site-content-layout":"default","site-content-style":"default","site-sidebar-style":"default","ast-global-header-display":"","ast-banner-title-visibility":"","ast-main-header-display":"","ast-hfb-above-header-display":"","ast-hfb-below-header-display":"","ast-hfb-mobile-header-display":"","site-post-title":"","ast-breadcrumbs-content":"","ast-featured-img":"","footer-sml-layout":"","ast-disable-related-posts":"","theme-transparent-header-meta":"default","adv-header-id-meta":"","stick-header-meta":"","header-above-stick-meta":"","header-main-stick-meta":"","header-below-stick-meta":"","astra-migrate-meta-layouts":"set","ast-page-background-enabled":"default","ast-page-background-meta":{"desktop":{"background-color":"","background-image":"","background-repeat":"repeat","background-position":"center center","background-size":"auto","background-attachment":"scroll","background-type":"","background-media":"","overlay-type":"","overlay-color":"","overlay-opacity":"","overlay-gradient":""},"tablet":{"background-color":"","background-image":"","background-repeat":"repeat","background-position":"center center","background-size":"auto","background-attachment":"scroll","background-type":"","background-media":"","overlay-type":"","overlay-color":"","overlay-opacity":"","overlay-gradient":""},"mobile":{"background-color":"","background-image":"","background-repeat":"repeat","background-position":"center center","background-size":"auto","background-attachment":"scroll","background-type":"","background-media":"","overlay-type":"","overlay-color":"","overlay-opacity":"","overlay-gradient":""}},"ast-content-background-meta":{"desktop":{"background-color":"var(--ast-global-color-5)","background-image":"","background-repeat":"repeat","background-position":"center center","background-size":"auto","background-attachment":"scroll","background-type":"","background-media":"","overlay-type":"","overlay-color":"","overlay-opacity":"","overlay-gradient":""},"tablet":{"background-color":"var(--ast-global-color-5)","background-image":"","background-repeat":"repeat","background-position":"center center","background-size":"auto","background-attachment":"scroll","background-type":"","background-media":"","overlay-type":"","overlay-color":"","overlay-opacity":"","overlay-gradient":""},"mobile":{"background-color":"var(--ast-global-color-5)","background-image":"","background-repeat":"repeat","background-position":"center center","background-size":"auto","background-attachment":"scroll","background-type":"","background-media":"","overlay-type":"","overlay-color":"","overlay-opacity":"","overlay-gradient":""}}},"product_brand":[],"product_cat":[16],"product_tag":[],"class_list":{"0":"post-7640","1":"product","2":"type-product","3":"status-publish","4":"has-post-thumbnail","6":"product_cat-cosmetique","7":"desktop-align-center","8":"tablet-align-center","9":"mobile-align-center","11":"first","12":"instock","13":"shipping-taxable","14":"purchasable","15":"product-type-simple"},"aioseo_notices":[],"uagb_featured_image_src":{"full":["https:\/\/allbiomorocco.com\/wp-content\/uploads\/2026\/01\/savan_lait_dannesse.jpg",1024,575,false],"thumbnail":["https:\/\/allbiomorocco.com\/wp-content\/uploads\/2026\/01\/savan_lait_dannesse-150x150.jpg",150,150,true],"medium":["https:\/\/allbiomorocco.com\/wp-content\/uploads\/2026\/01\/savan_lait_dannesse-300x168.jpg",300,168,true],"medium_large":["https:\/\/allbiomorocco.com\/wp-content\/uploads\/2026\/01\/savan_lait_dannesse-768x431.jpg",768,431,true],"large":["https:\/\/allbiomorocco.com\/wp-content\/uploads\/2026\/01\/savan_lait_dannesse.jpg",1024,575,false],"1536x1536":["https:\/\/allbiomorocco.com\/wp-content\/uploads\/2026\/01\/savan_lait_dannesse.jpg",1024,575,false],"2048x2048":["https:\/\/allbiomorocco.com\/wp-content\/uploads\/2026\/01\/savan_lait_dannesse.jpg",1024,575,false],"trp-custom-language-flag":["https:\/\/allbiomorocco.com\/wp-content\/uploads\/2026\/01\/savan_lait_dannesse-18x10.jpg",18,10,true],"woocommerce_thumbnail":["https:\/\/allbiomorocco.com\/wp-content\/uploads\/2026\/01\/savan_lait_dannesse-300x300.jpg",300,300,true],"woocommerce_single":["https:\/\/allbiomorocco.com\/wp-content\/uploads\/2026\/01\/savan_lait_dannesse-600x337.jpg",600,337,true],"woocommerce_gallery_thumbnail":["https:\/\/allbiomorocco.com\/wp-content\/uploads\/2026\/01\/savan_lait_dannesse-100x100.jpg",100,100,true]},"uagb_author_info":{"display_name":"NOUZHA ABARDAQ","author_link":"https:\/\/allbiomorocco.com\/en\/author\/"},"uagb_comment_info":0,"uagb_excerpt":"Ce savon associe le lait d\u2019\u00e2nesse frais \u00e0 des huiles v\u00e9g\u00e9tales naturelles (huile d\u2019olive, coco, argan\u2026). Il mousse l\u00e9g\u00e8rement et nettoie la peau sans l\u2019agresser. Il est adapt\u00e9 \u00e0 un usage quotidien pour le visage et le corps. \u2728 Bienfaits \ud83c\udf38 Pour la peau Nettoie en douceur sans dess\u00e9cher Hydrate et nourrit la peau Apaise&hellip;","_links":{"self":[{"href":"https:\/\/allbiomorocco.com\/en\/wp-json\/wp\/v2\/product\/7640","targetHints":{"allow":["GET"]}}],"collection":[{"href":"https:\/\/allbiomorocco.com\/en\/wp-json\/wp\/v2\/product"}],"about":[{"href":"https:\/\/allbiomorocco.com\/en\/wp-json\/wp\/v2\/types\/product"}],"replies":[{"embeddable":true,"href":"https:\/\/allbiomorocco.com\/en\/wp-json\/wp\/v2\/comments?post=7640"}],"wp:featuredmedia":[{"embeddable":true,"href":"https:\/\/allbiomorocco.com\/en\/wp-json\/wp\/v2\/media\/8097"}],"wp:attachment":[{"href":"https:\/\/allbiomorocco.com\/en\/wp-json\/wp\/v2\/media?parent=7640"}],"wp:term":[{"taxonomy":"product_brand","embeddable":true,"href":"https:\/\/allbiomorocco.com\/en\/wp-json\/wp\/v2\/product_brand?post=7640"},{"taxonomy":"product_cat","embeddable":true,"href":"https:\/\/allbiomorocco.com\/en\/wp-json\/wp\/v2\/product_cat?post=7640"},{"taxonomy":"product_tag","embeddable":true,"href":"https:\/\/allbiomorocco.com\/en\/wp-json\/wp\/v2\/product_tag?post=7640"}],"curies":[{"name":"wp","href":"https:\/\/api.w.org\/{rel}","templated":true}]}}