{"id":7641,"date":"2026-01-21T13:49:41","date_gmt":"2026-01-21T13:49:41","guid":{"rendered":"https:\/\/allbiomorocco.com\/?post_type=product&#038;p=7641"},"modified":"2026-04-10T18:12:12","modified_gmt":"2026-04-10T18:12:12","slug":"mikhmaria","status":"publish","type":"product","link":"https:\/\/allbiomorocco.com\/en\/product\/mikhmaria\/","title":{"rendered":"Lait  D&rsquo;a\u00eenesse"},"content":{"rendered":"<p data-start=\"256\" data-end=\"502\">Le lait d\u2019\u00e2nesse est un lait blanc tr\u00e8s proche du lait maternel humain. Il est riche en vitamines (A, B, C, E), min\u00e9raux et acides gras essentiels. Il est largement utilis\u00e9 dans les soins de la peau, surtout sous forme de savon, cr\u00e8me et gommage.<\/p>\n<h2 data-section-id=\"p4bcsk\" data-start=\"509\" data-end=\"523\">\u2728 Bienfaits<\/h2>\n<h3 data-section-id=\"1v3xqwm\" data-start=\"525\" data-end=\"546\">\ud83c\udf38 Pour la peau<\/h3>\n<ul data-start=\"547\" data-end=\"815\">\n<li data-section-id=\"17b0ks0\" data-start=\"547\" data-end=\"595\">Hydrate intens\u00e9ment et nourrit en profondeur<\/li>\n<li data-section-id=\"1noqzs4\" data-start=\"596\" data-end=\"638\">Apaise les peaux sensibles et irrit\u00e9es<\/li>\n<li data-section-id=\"cpchhz\" data-start=\"639\" data-end=\"675\">Aide \u00e0 <strong data-start=\"648\" data-end=\"673\">r\u00e9parer la peau s\u00e8che<\/strong><\/li>\n<li data-section-id=\"11jycgi\" data-start=\"676\" data-end=\"728\">Ralentit les signes du <strong data-start=\"701\" data-end=\"726\">vieillissement cutan\u00e9<\/strong><\/li>\n<li data-section-id=\"1rnl9c0\" data-start=\"729\" data-end=\"772\">Am\u00e9liore l\u2019<strong data-start=\"742\" data-end=\"770\">\u00e9lasticit\u00e9 et la fermet\u00e9<\/strong><\/li>\n<li data-section-id=\"1nuc641\" data-start=\"773\" data-end=\"815\">Donne un <strong data-start=\"784\" data-end=\"813\">\u00e9clat naturel et lumineux<\/strong><\/li>\n<\/ul>\n<h3 data-section-id=\"6y4uyt\" data-start=\"817\" data-end=\"841\">\ud83d\udc86\u200d\u2640\ufe0f Effet beaut\u00e9<\/h3>\n<ul data-start=\"842\" data-end=\"958\">\n<li data-section-id=\"oqjxjh\" data-start=\"842\" data-end=\"884\">Laisse la peau douce, lisse et satin\u00e9e<\/li>\n<li data-section-id=\"1sueefs\" data-start=\"885\" data-end=\"908\">Uniformise le teint<\/li>\n<li data-section-id=\"dwkv51\" data-start=\"909\" data-end=\"958\">Convient \u00e0 tous types de peau, m\u00eame sensibles<\/li>\n<\/ul>","protected":false},"excerpt":{"rendered":"<p>Le lait d\u2019\u00e2nesse est un lait blanc tr\u00e8s proche du lait maternel humain. Il est riche en vitamines (A, B, C, E), min\u00e9raux et acides gras essentiels. Il est largement utilis\u00e9 dans les soins de la peau, surtout sous forme de savon, cr\u00e8me et gommage. \u2728 Bienfaits \ud83c\udf38 Pour la peau Hydrate intens\u00e9ment et nourrit [&hellip;]<\/p>\n","protected":false},"featured_media":8095,"comment_status":"closed","ping_status":"closed","template":"","meta":{"_uag_custom_page_level_css":"","site-sidebar-layout":"default","site-content-layout":"","ast-site-content-layout":"default","site-content-style":"default","site-sidebar-style":"default","ast-global-header-display":"","ast-banner-title-visibility":"","ast-main-header-display":"","ast-hfb-above-header-display":"","ast-hfb-below-header-display":"","ast-hfb-mobile-header-display":"","site-post-title":"","ast-breadcrumbs-content":"","ast-featured-img":"","footer-sml-layout":"","ast-disable-related-posts":"","theme-transparent-header-meta":"default","adv-header-id-meta":"","stick-header-meta":"","header-above-stick-meta":"","header-main-stick-meta":"","header-below-stick-meta":"","astra-migrate-meta-layouts":"set","ast-page-background-enabled":"default","ast-page-background-meta":{"desktop":{"background-color":"","background-image":"","background-repeat":"repeat","background-position":"center center","background-size":"auto","background-attachment":"scroll","background-type":"","background-media":"","overlay-type":"","overlay-color":"","overlay-opacity":"","overlay-gradient":""},"tablet":{"background-color":"","background-image":"","background-repeat":"repeat","background-position":"center center","background-size":"auto","background-attachment":"scroll","background-type":"","background-media":"","overlay-type":"","overlay-color":"","overlay-opacity":"","overlay-gradient":""},"mobile":{"background-color":"","background-image":"","background-repeat":"repeat","background-position":"center center","background-size":"auto","background-attachment":"scroll","background-type":"","background-media":"","overlay-type":"","overlay-color":"","overlay-opacity":"","overlay-gradient":""}},"ast-content-background-meta":{"desktop":{"background-color":"var(--ast-global-color-5)","background-image":"","background-repeat":"repeat","background-position":"center center","background-size":"auto","background-attachment":"scroll","background-type":"","background-media":"","overlay-type":"","overlay-color":"","overlay-opacity":"","overlay-gradient":""},"tablet":{"background-color":"var(--ast-global-color-5)","background-image":"","background-repeat":"repeat","background-position":"center center","background-size":"auto","background-attachment":"scroll","background-type":"","background-media":"","overlay-type":"","overlay-color":"","overlay-opacity":"","overlay-gradient":""},"mobile":{"background-color":"var(--ast-global-color-5)","background-image":"","background-repeat":"repeat","background-position":"center center","background-size":"auto","background-attachment":"scroll","background-type":"","background-media":"","overlay-type":"","overlay-color":"","overlay-opacity":"","overlay-gradient":""}}},"product_brand":[],"product_cat":[16],"product_tag":[],"class_list":{"0":"post-7641","1":"product","2":"type-product","3":"status-publish","4":"has-post-thumbnail","6":"product_cat-cosmetique","7":"desktop-align-center","8":"tablet-align-center","9":"mobile-align-center","11":"first","12":"instock","13":"shipping-taxable","14":"purchasable","15":"product-type-simple"},"aioseo_notices":[],"uagb_featured_image_src":{"full":["https:\/\/allbiomorocco.com\/wp-content\/uploads\/2026\/01\/lait_dannesse.jpg",575,1024,false],"thumbnail":["https:\/\/allbiomorocco.com\/wp-content\/uploads\/2026\/01\/lait_dannesse-150x150.jpg",150,150,true],"medium":["https:\/\/allbiomorocco.com\/wp-content\/uploads\/2026\/01\/lait_dannesse-168x300.jpg",168,300,true],"medium_large":["https:\/\/allbiomorocco.com\/wp-content\/uploads\/2026\/01\/lait_dannesse.jpg",575,1024,false],"large":["https:\/\/allbiomorocco.com\/wp-content\/uploads\/2026\/01\/lait_dannesse.jpg",575,1024,false],"1536x1536":["https:\/\/allbiomorocco.com\/wp-content\/uploads\/2026\/01\/lait_dannesse.jpg",575,1024,false],"2048x2048":["https:\/\/allbiomorocco.com\/wp-content\/uploads\/2026\/01\/lait_dannesse.jpg",575,1024,false],"trp-custom-language-flag":["https:\/\/allbiomorocco.com\/wp-content\/uploads\/2026\/01\/lait_dannesse-7x12.jpg",7,12,true],"woocommerce_thumbnail":["https:\/\/allbiomorocco.com\/wp-content\/uploads\/2026\/01\/lait_dannesse-300x300.jpg",300,300,true],"woocommerce_single":["https:\/\/allbiomorocco.com\/wp-content\/uploads\/2026\/01\/lait_dannesse.jpg",575,1024,false],"woocommerce_gallery_thumbnail":["https:\/\/allbiomorocco.com\/wp-content\/uploads\/2026\/01\/lait_dannesse-100x100.jpg",100,100,true]},"uagb_author_info":{"display_name":"NOUZHA ABARDAQ","author_link":"https:\/\/allbiomorocco.com\/en\/author\/"},"uagb_comment_info":0,"uagb_excerpt":"Le lait d\u2019\u00e2nesse est un lait blanc tr\u00e8s proche du lait maternel humain. Il est riche en vitamines (A, B, C, E), min\u00e9raux et acides gras essentiels. Il est largement utilis\u00e9 dans les soins de la peau, surtout sous forme de savon, cr\u00e8me et gommage. \u2728 Bienfaits \ud83c\udf38 Pour la peau Hydrate intens\u00e9ment et nourrit&hellip;","_links":{"self":[{"href":"https:\/\/allbiomorocco.com\/en\/wp-json\/wp\/v2\/product\/7641","targetHints":{"allow":["GET"]}}],"collection":[{"href":"https:\/\/allbiomorocco.com\/en\/wp-json\/wp\/v2\/product"}],"about":[{"href":"https:\/\/allbiomorocco.com\/en\/wp-json\/wp\/v2\/types\/product"}],"replies":[{"embeddable":true,"href":"https:\/\/allbiomorocco.com\/en\/wp-json\/wp\/v2\/comments?post=7641"}],"wp:featuredmedia":[{"embeddable":true,"href":"https:\/\/allbiomorocco.com\/en\/wp-json\/wp\/v2\/media\/8095"}],"wp:attachment":[{"href":"https:\/\/allbiomorocco.com\/en\/wp-json\/wp\/v2\/media?parent=7641"}],"wp:term":[{"taxonomy":"product_brand","embeddable":true,"href":"https:\/\/allbiomorocco.com\/en\/wp-json\/wp\/v2\/product_brand?post=7641"},{"taxonomy":"product_cat","embeddable":true,"href":"https:\/\/allbiomorocco.com\/en\/wp-json\/wp\/v2\/product_cat?post=7641"},{"taxonomy":"product_tag","embeddable":true,"href":"https:\/\/allbiomorocco.com\/en\/wp-json\/wp\/v2\/product_tag?post=7641"}],"curies":[{"name":"wp","href":"https:\/\/api.w.org\/{rel}","templated":true}]}}