{"id":7644,"date":"2026-01-21T13:49:41","date_gmt":"2026-01-21T13:49:41","guid":{"rendered":"https:\/\/allbiomorocco.com\/?post_type=product&#038;p=7644"},"modified":"2026-04-06T15:24:36","modified_gmt":"2026-04-06T15:24:36","slug":"epilation-halawa-nila-bleue-150g","status":"publish","type":"product","link":"https:\/\/allbiomorocco.com\/en\/product\/epilation-halawa-nila-bleue-150g\/","title":{"rendered":"\u00c9pilation Halawa au Nila Bleu"},"content":{"rendered":"<h2 data-section-id=\"1jkqly8\" data-start=\"145\" data-end=\"198\"><span role=\"text\">\ud83c\udf3f <strong data-start=\"151\" data-end=\"198\">\u00c9pilation Halawa au Nila Bleu\u00a0<\/strong><\/span><\/h2>\n<p data-start=\"199\" data-end=\"322\">L\u2019<strong data-start=\"201\" data-end=\"234\">\u00e9pilation Halawa au Nila bleu<\/strong> est une m\u00e9thode traditionnelle marocaine inspir\u00e9e du rituel du hammam.<br data-start=\"305\" data-end=\"308\" \/>Elle combine :<\/p>\n<ul data-start=\"324\" data-end=\"515\">\n<li data-section-id=\"vlfbtu\" data-start=\"324\" data-end=\"419\">\ud83c\udf6f <strong data-start=\"329\" data-end=\"356\">Halawa (sucre + citron)<\/strong> : cire naturelle utilis\u00e9e pour enlever les poils \u00e0 la racine<\/li>\n<li data-section-id=\"1fn9m5j\" data-start=\"420\" data-end=\"515\">\ud83d\udc99 <strong data-start=\"425\" data-end=\"438\">Nila bleu<\/strong> : poudre naturelle saharienne aux propri\u00e9t\u00e9s \u00e9claircissantes et apaisantes<\/li>\n<\/ul>\n<p data-start=\"517\" data-end=\"633\">Cette technique permet une <strong data-start=\"544\" data-end=\"586\">\u00e9pilation douce, naturelle et efficace<\/strong>, tout en offrant un soin complet pour la peau.<\/p>\n<p data-start=\"635\" data-end=\"792\">Le Nila bleu est une poudre naturelle utilis\u00e9e depuis des g\u00e9n\u00e9rations pour <strong data-start=\"710\" data-end=\"752\">\u00e9claircir, purifier et adoucir la peau<\/strong><\/p>\n<h2 data-section-id=\"1rxklfb\" data-start=\"799\" data-end=\"849\"><span role=\"text\">\u2728 <strong data-start=\"804\" data-end=\"849\">Bienfaits de l\u2019\u00e9pilation Halawa Nila Bleu<\/strong><\/span><\/h2>\n<h3 data-section-id=\"pq9pjk\" data-start=\"851\" data-end=\"891\">\ud83e\ude92 1. \u00c9pilation naturelle et durable<\/h3>\n<ul data-start=\"892\" data-end=\"1012\">\n<li data-section-id=\"5nu2go\" data-start=\"892\" data-end=\"924\">Enl\u00e8ve les poils \u00e0 la racine<\/li>\n<li data-section-id=\"lrf8b7\" data-start=\"925\" data-end=\"961\">Repousse plus lente et plus fine<\/li>\n<li data-section-id=\"182wxlr\" data-start=\"962\" data-end=\"1012\">M\u00e9thode 100% naturelle sans produits chimiques<\/li>\n<\/ul>\n<h3 data-section-id=\"hmf8v0\" data-start=\"1019\" data-end=\"1056\">\ud83d\udc99 2. \u00c9claircit les zones sombres<\/h3>\n<ul data-start=\"1057\" data-end=\"1215\">\n<li data-section-id=\"j5foez\" data-start=\"1057\" data-end=\"1099\">R\u00e9duit les taches et hyperpigmentation<\/li>\n<li data-section-id=\"36czoo\" data-start=\"1100\" data-end=\"1143\">Id\u00e9al pour : aisselles, maillot, genoux<\/li>\n<li data-section-id=\"1qrrwjs\" data-start=\"1144\" data-end=\"1215\">Unifie le teint naturellement<\/li>\n<\/ul>\n<h3 data-section-id=\"lcwucw\" data-start=\"1222\" data-end=\"1251\">\ud83c\udf3f 3. Peau douce et lisse<\/h3>\n<ul data-start=\"1252\" data-end=\"1344\">\n<li data-section-id=\"1k0d68r\" data-start=\"1252\" data-end=\"1301\">Effet gommage l\u00e9ger (\u00e9limine cellules mortes)<\/li>\n<li data-section-id=\"4e2ijj\" data-start=\"1302\" data-end=\"1344\">Laisse la peau soyeuse apr\u00e8s \u00e9pilation<\/li>\n<\/ul>\n<h3 data-section-id=\"15l4mdb\" data-start=\"1351\" data-end=\"1387\">\ud83e\uddfc 4. Purifie et nettoie la peau<\/h3>\n<ul data-start=\"1388\" data-end=\"1493\">\n<li data-section-id=\"19pga7a\" data-start=\"1388\" data-end=\"1423\">Nettoie les pores en profondeur<\/li>\n<li data-section-id=\"o6ur79\" data-start=\"1424\" data-end=\"1493\">R\u00e9duit boutons et impuret\u00e9s<\/li>\n<\/ul>\n<h3 data-section-id=\"1dktbvd\" data-start=\"1500\" data-end=\"1532\">\u2744\ufe0f 5. Apaise les irritations<\/h3>\n<ul data-start=\"1533\" data-end=\"1604\">\n<li data-section-id=\"12a9our\" data-start=\"1533\" data-end=\"1571\">Calme les rougeurs apr\u00e8s \u00e9pilation<\/li>\n<li data-section-id=\"1itohj9\" data-start=\"1572\" data-end=\"1604\">Convient aux peaux sensibles<\/li>\n<\/ul>\n<h3 data-section-id=\"15gzemx\" data-start=\"1611\" data-end=\"1647\">\ud83c\udf38 6. Hydrate et nourrit la peau<\/h3>\n<ul data-start=\"1648\" data-end=\"1720\">\n<li data-section-id=\"2v80kq\" data-start=\"1648\" data-end=\"1689\">\u00c9vite le dess\u00e8chement apr\u00e8s \u00e9pilation<\/li>\n<li data-section-id=\"chuenp\" data-start=\"1690\" data-end=\"1720\">Apporte \u00e9clat et fra\u00eecheur<\/li>\n<\/ul>\n<h3 data-section-id=\"1vn08th\" data-start=\"1727\" data-end=\"1755\">\ud83c\udf1f 7. Effet \u201cpeau neuve\u201d<\/h3>\n<ul data-start=\"1756\" data-end=\"1866\">\n<li data-section-id=\"15b24ob\" data-start=\"1756\" data-end=\"1779\">Teint plus lumineux<\/li>\n<li data-section-id=\"1m2zyen\" data-start=\"1780\" data-end=\"1866\">Peau uniforme d\u00e8s les premi\u00e8res utilisations<\/li>\n<\/ul>","protected":false},"excerpt":{"rendered":"<p>\ud83c\udf3f \u00c9pilation Halawa au Nila Bleu\u00a0 L\u2019\u00e9pilation Halawa au Nila bleu est une m\u00e9thode traditionnelle marocaine inspir\u00e9e du rituel du hammam.Elle combine : \ud83c\udf6f Halawa (sucre + citron) : cire naturelle utilis\u00e9e pour enlever les poils \u00e0 la racine \ud83d\udc99 Nila bleu : poudre naturelle saharienne aux propri\u00e9t\u00e9s \u00e9claircissantes et apaisantes Cette technique permet une [&hellip;]<\/p>\n","protected":false},"featured_media":8019,"comment_status":"closed","ping_status":"closed","template":"","meta":{"_uag_custom_page_level_css":"","site-sidebar-layout":"default","site-content-layout":"","ast-site-content-layout":"default","site-content-style":"default","site-sidebar-style":"default","ast-global-header-display":"","ast-banner-title-visibility":"","ast-main-header-display":"","ast-hfb-above-header-display":"","ast-hfb-below-header-display":"","ast-hfb-mobile-header-display":"","site-post-title":"","ast-breadcrumbs-content":"","ast-featured-img":"","footer-sml-layout":"","ast-disable-related-posts":"","theme-transparent-header-meta":"default","adv-header-id-meta":"","stick-header-meta":"","header-above-stick-meta":"","header-main-stick-meta":"","header-below-stick-meta":"","astra-migrate-meta-layouts":"set","ast-page-background-enabled":"default","ast-page-background-meta":{"desktop":{"background-color":"","background-image":"","background-repeat":"repeat","background-position":"center center","background-size":"auto","background-attachment":"scroll","background-type":"","background-media":"","overlay-type":"","overlay-color":"","overlay-opacity":"","overlay-gradient":""},"tablet":{"background-color":"","background-image":"","background-repeat":"repeat","background-position":"center center","background-size":"auto","background-attachment":"scroll","background-type":"","background-media":"","overlay-type":"","overlay-color":"","overlay-opacity":"","overlay-gradient":""},"mobile":{"background-color":"","background-image":"","background-repeat":"repeat","background-position":"center center","background-size":"auto","background-attachment":"scroll","background-type":"","background-media":"","overlay-type":"","overlay-color":"","overlay-opacity":"","overlay-gradient":""}},"ast-content-background-meta":{"desktop":{"background-color":"var(--ast-global-color-5)","background-image":"","background-repeat":"repeat","background-position":"center center","background-size":"auto","background-attachment":"scroll","background-type":"","background-media":"","overlay-type":"","overlay-color":"","overlay-opacity":"","overlay-gradient":""},"tablet":{"background-color":"var(--ast-global-color-5)","background-image":"","background-repeat":"repeat","background-position":"center center","background-size":"auto","background-attachment":"scroll","background-type":"","background-media":"","overlay-type":"","overlay-color":"","overlay-opacity":"","overlay-gradient":""},"mobile":{"background-color":"var(--ast-global-color-5)","background-image":"","background-repeat":"repeat","background-position":"center center","background-size":"auto","background-attachment":"scroll","background-type":"","background-media":"","overlay-type":"","overlay-color":"","overlay-opacity":"","overlay-gradient":""}}},"product_brand":[],"product_cat":[16],"product_tag":[],"class_list":{"0":"post-7644","1":"product","2":"type-product","3":"status-publish","4":"has-post-thumbnail","6":"product_cat-cosmetique","7":"desktop-align-center","8":"tablet-align-center","9":"mobile-align-center","11":"first","12":"instock","13":"shipping-taxable","14":"purchasable","15":"product-type-simple"},"aioseo_notices":[],"uagb_featured_image_src":{"full":["https:\/\/allbiomorocco.com\/wp-content\/uploads\/2026\/01\/Gemini_Generated_Image_4d5em94d5em94d5e.png",768,1368,false],"thumbnail":["https:\/\/allbiomorocco.com\/wp-content\/uploads\/2026\/01\/Gemini_Generated_Image_4d5em94d5em94d5e-150x150.png",150,150,true],"medium":["https:\/\/allbiomorocco.com\/wp-content\/uploads\/2026\/01\/Gemini_Generated_Image_4d5em94d5em94d5e-168x300.png",168,300,true],"medium_large":["https:\/\/allbiomorocco.com\/wp-content\/uploads\/2026\/01\/Gemini_Generated_Image_4d5em94d5em94d5e.png",768,1368,false],"large":["https:\/\/allbiomorocco.com\/wp-content\/uploads\/2026\/01\/Gemini_Generated_Image_4d5em94d5em94d5e-575x1024.png",575,1024,true],"1536x1536":["https:\/\/allbiomorocco.com\/wp-content\/uploads\/2026\/01\/Gemini_Generated_Image_4d5em94d5em94d5e.png",768,1368,false],"2048x2048":["https:\/\/allbiomorocco.com\/wp-content\/uploads\/2026\/01\/Gemini_Generated_Image_4d5em94d5em94d5e.png",768,1368,false],"trp-custom-language-flag":["https:\/\/allbiomorocco.com\/wp-content\/uploads\/2026\/01\/Gemini_Generated_Image_4d5em94d5em94d5e-7x12.png",7,12,true],"woocommerce_thumbnail":["https:\/\/allbiomorocco.com\/wp-content\/uploads\/2026\/01\/Gemini_Generated_Image_4d5em94d5em94d5e-300x300.png",300,300,true],"woocommerce_single":["https:\/\/allbiomorocco.com\/wp-content\/uploads\/2026\/01\/Gemini_Generated_Image_4d5em94d5em94d5e-600x1069.png",600,1069,true],"woocommerce_gallery_thumbnail":["https:\/\/allbiomorocco.com\/wp-content\/uploads\/2026\/01\/Gemini_Generated_Image_4d5em94d5em94d5e-100x100.png",100,100,true]},"uagb_author_info":{"display_name":"NOUZHA ABARDAQ","author_link":"https:\/\/allbiomorocco.com\/en\/author\/"},"uagb_comment_info":0,"uagb_excerpt":"\ud83c\udf3f \u00c9pilation Halawa au Nila Bleu\u00a0 L\u2019\u00e9pilation Halawa au Nila bleu est une m\u00e9thode traditionnelle marocaine inspir\u00e9e du rituel du hammam.Elle combine : \ud83c\udf6f Halawa (sucre + citron) : cire naturelle utilis\u00e9e pour enlever les poils \u00e0 la racine \ud83d\udc99 Nila bleu : poudre naturelle saharienne aux propri\u00e9t\u00e9s \u00e9claircissantes et apaisantes Cette technique permet une&hellip;","_links":{"self":[{"href":"https:\/\/allbiomorocco.com\/en\/wp-json\/wp\/v2\/product\/7644","targetHints":{"allow":["GET"]}}],"collection":[{"href":"https:\/\/allbiomorocco.com\/en\/wp-json\/wp\/v2\/product"}],"about":[{"href":"https:\/\/allbiomorocco.com\/en\/wp-json\/wp\/v2\/types\/product"}],"replies":[{"embeddable":true,"href":"https:\/\/allbiomorocco.com\/en\/wp-json\/wp\/v2\/comments?post=7644"}],"wp:featuredmedia":[{"embeddable":true,"href":"https:\/\/allbiomorocco.com\/en\/wp-json\/wp\/v2\/media\/8019"}],"wp:attachment":[{"href":"https:\/\/allbiomorocco.com\/en\/wp-json\/wp\/v2\/media?parent=7644"}],"wp:term":[{"taxonomy":"product_brand","embeddable":true,"href":"https:\/\/allbiomorocco.com\/en\/wp-json\/wp\/v2\/product_brand?post=7644"},{"taxonomy":"product_cat","embeddable":true,"href":"https:\/\/allbiomorocco.com\/en\/wp-json\/wp\/v2\/product_cat?post=7644"},{"taxonomy":"product_tag","embeddable":true,"href":"https:\/\/allbiomorocco.com\/en\/wp-json\/wp\/v2\/product_tag?post=7644"}],"curies":[{"name":"wp","href":"https:\/\/api.w.org\/{rel}","templated":true}]}}