{"id":7645,"date":"2026-01-21T13:49:41","date_gmt":"2026-01-21T13:49:41","guid":{"rendered":"https:\/\/allbiomorocco.com\/?post_type=product&#038;p=7645"},"modified":"2026-04-06T15:31:38","modified_gmt":"2026-04-06T15:31:38","slug":"epilation-halawa-aker-fassi-150g","status":"publish","type":"product","link":"https:\/\/allbiomorocco.com\/en\/product\/epilation-halawa-aker-fassi-150g\/","title":{"rendered":"\u00c9pilation Halawa \u00e0 l\u2019Aker Fassi\u00a0"},"content":{"rendered":"<h2 data-section-id=\"ks6zyb\" data-start=\"145\" data-end=\"200\"><span role=\"text\">\ud83c\udf3a <strong data-start=\"151\" data-end=\"200\">\u00c9pilation Halawa \u00e0 l\u2019Aker Fassi\u00a0<\/strong><\/span><\/h2>\n<p data-start=\"201\" data-end=\"320\">L\u2019<strong data-start=\"203\" data-end=\"238\">\u00e9pilation Halawa \u00e0 l\u2019Aker Fassi<\/strong> est un rituel de beaut\u00e9 marocain traditionnel inspir\u00e9 du hammam.<br data-start=\"303\" data-end=\"306\" \/>Elle associe :<\/p>\n<ul data-start=\"322\" data-end=\"598\">\n<li data-section-id=\"1ra3v7p\" data-start=\"322\" data-end=\"407\">\ud83c\udf6f <strong data-start=\"327\" data-end=\"354\">Halawa (sucre + citron)<\/strong> : cire naturelle qui \u00e9limine les poils \u00e0 la racine<\/li>\n<li data-section-id=\"1p2e7s1\" data-start=\"408\" data-end=\"598\">\ud83c\udf3a <strong data-start=\"413\" data-end=\"427\">Aker Fassi<\/strong> : poudre v\u00e9g\u00e9tale rouge issue de <strong data-start=\"461\" data-end=\"496\">coquelicot et \u00e9corce de grenade<\/strong>, reconnue pour ses propri\u00e9t\u00e9s \u00e9claircissantes et r\u00e9paratrices<\/li>\n<\/ul>\n<p data-start=\"600\" data-end=\"705\">Ce soin offre une <strong data-start=\"618\" data-end=\"659\">\u00e9pilation naturelle + soin de la peau<\/strong>, pour un r\u00e9sultat doux, lumineux et uniforme.<\/p>\n<h2 data-section-id=\"1cxtj2o\" data-start=\"712\" data-end=\"763\"><span role=\"text\">\u2728 <strong data-start=\"717\" data-end=\"763\">Bienfaits de l\u2019\u00e9pilation Halawa Aker Fassi<\/strong><\/span><\/h2>\n<h3 data-section-id=\"334odg\" data-start=\"765\" data-end=\"804\">\ud83e\ude92 1. \u00c9pilation efficace et durable<\/h3>\n<ul data-start=\"805\" data-end=\"925\">\n<li data-section-id=\"14k5cd5\" data-start=\"805\" data-end=\"837\">Retire les poils \u00e0 la racine<\/li>\n<li data-section-id=\"lrf8b7\" data-start=\"838\" data-end=\"874\">Repousse plus lente et plus fine<\/li>\n<li data-section-id=\"182wxlr\" data-start=\"875\" data-end=\"925\">M\u00e9thode 100% naturelle sans produits chimiques<\/li>\n<\/ul>\n<h3 data-section-id=\"i73a18\" data-start=\"932\" data-end=\"971\">\ud83c\udf3a 2. Effet bonne mine &amp; teint ros\u00e9<\/h3>\n<ul data-start=\"972\" data-end=\"1114\">\n<li data-section-id=\"16fbos5\" data-start=\"972\" data-end=\"1027\">Donne une <strong data-start=\"984\" data-end=\"1015\">l\u00e9g\u00e8re coloration naturelle<\/strong> \u00e0 la peau<\/li>\n<li data-section-id=\"6pl8h2\" data-start=\"1028\" data-end=\"1114\">Apporte un effet \u201cpeau fra\u00eeche et lumineuse\u201d<\/li>\n<\/ul>\n<h3 data-section-id=\"12i5f2l\" data-start=\"1121\" data-end=\"1159\">\ud83d\udcab 3. \u00c9claircit et unifie le teint<\/h3>\n<ul data-start=\"1160\" data-end=\"1275\">\n<li data-section-id=\"1w3ujy3\" data-start=\"1160\" data-end=\"1190\">Att\u00e9nue les taches sombres<\/li>\n<li data-section-id=\"16yjpev\" data-start=\"1191\" data-end=\"1223\">Unifie la couleur de la peau<\/li>\n<li data-section-id=\"58z0cm\" data-start=\"1224\" data-end=\"1275\">Id\u00e9al pour zones sensibles (aisselles, maillot)<\/li>\n<\/ul>\n<h3 data-section-id=\"1u1ltzf\" data-start=\"1282\" data-end=\"1312\">\ud83c\udf3f 4. Puissant antioxydant<\/h3>\n<ul data-start=\"1313\" data-end=\"1441\">\n<li data-section-id=\"ltp9ua\" data-start=\"1313\" data-end=\"1357\">Prot\u00e8ge la peau contre le vieillissement<\/li>\n<li data-section-id=\"cfwul\" data-start=\"1358\" data-end=\"1441\">Riche en flavono\u00efdes et pigments naturels<\/li>\n<\/ul>\n<h3 data-section-id=\"4zrrxn\" data-start=\"1448\" data-end=\"1486\">\ud83e\uddfc 5. Gommage doux apr\u00e8s \u00e9pilation<\/h3>\n<ul data-start=\"1487\" data-end=\"1587\">\n<li data-section-id=\"1tp6ywa\" data-start=\"1487\" data-end=\"1518\">\u00c9limine les cellules mortes<\/li>\n<li data-section-id=\"1glhxq4\" data-start=\"1519\" data-end=\"1555\">Rend la peau plus lisse et nette<\/li>\n<li data-section-id=\"1rdh9ds\" data-start=\"1556\" data-end=\"1587\">Effet peeling naturel l\u00e9ger<\/li>\n<\/ul>\n<h3 data-section-id=\"zoq89m\" data-start=\"1594\" data-end=\"1626\">\u2744\ufe0f 6. Apaise les irritations<\/h3>\n<ul data-start=\"1627\" data-end=\"1717\">\n<li data-section-id=\"1klennk\" data-start=\"1627\" data-end=\"1670\">Calme rougeurs et sensations de br\u00fblure<\/li>\n<li data-section-id=\"9pcgyr\" data-start=\"1671\" data-end=\"1717\">Id\u00e9al pour peaux sensibles apr\u00e8s \u00e9pilation<\/li>\n<\/ul>\n<h3 data-section-id=\"wfdj72\" data-start=\"1724\" data-end=\"1760\">\ud83d\udca7 7. Hydrate et adoucit la peau<\/h3>\n<ul data-start=\"1761\" data-end=\"1874\">\n<li data-section-id=\"nub4ef\" data-start=\"1761\" data-end=\"1798\">Maintient l\u2019hydratation naturelle<\/li>\n<li data-section-id=\"453n8k\" data-start=\"1799\" data-end=\"1874\">Laisse la peau souple et velout\u00e9e<\/li>\n<\/ul>\n<h3 data-section-id=\"1rns8dm\" data-start=\"1881\" data-end=\"1909\">\ud83c\udf1f 8. Effet \u201cpeau neuve\u201d<\/h3>\n<ul data-start=\"1910\" data-end=\"1989\">\n<li data-section-id=\"1lb1ve3\" data-start=\"1910\" data-end=\"1961\">Peau plus lumineuse d\u00e8s la premi\u00e8re utilisation<\/li>\n<li data-section-id=\"1xuix78\" data-start=\"1962\" data-end=\"1989\">Aspect sain et \u00e9clatant<\/li>\n<\/ul>","protected":false},"excerpt":{"rendered":"<p>\ud83c\udf3a \u00c9pilation Halawa \u00e0 l\u2019Aker Fassi\u00a0 L\u2019\u00e9pilation Halawa \u00e0 l\u2019Aker Fassi est un rituel de beaut\u00e9 marocain traditionnel inspir\u00e9 du hammam.Elle associe : \ud83c\udf6f Halawa (sucre + citron) : cire naturelle qui \u00e9limine les poils \u00e0 la racine \ud83c\udf3a Aker Fassi : poudre v\u00e9g\u00e9tale rouge issue de coquelicot et \u00e9corce de grenade, reconnue pour ses [&hellip;]<\/p>\n","protected":false},"featured_media":8021,"comment_status":"closed","ping_status":"closed","template":"","meta":{"_uag_custom_page_level_css":"","site-sidebar-layout":"default","site-content-layout":"","ast-site-content-layout":"default","site-content-style":"default","site-sidebar-style":"default","ast-global-header-display":"","ast-banner-title-visibility":"","ast-main-header-display":"","ast-hfb-above-header-display":"","ast-hfb-below-header-display":"","ast-hfb-mobile-header-display":"","site-post-title":"","ast-breadcrumbs-content":"","ast-featured-img":"","footer-sml-layout":"","ast-disable-related-posts":"","theme-transparent-header-meta":"default","adv-header-id-meta":"","stick-header-meta":"","header-above-stick-meta":"","header-main-stick-meta":"","header-below-stick-meta":"","astra-migrate-meta-layouts":"set","ast-page-background-enabled":"default","ast-page-background-meta":{"desktop":{"background-color":"","background-image":"","background-repeat":"repeat","background-position":"center center","background-size":"auto","background-attachment":"scroll","background-type":"","background-media":"","overlay-type":"","overlay-color":"","overlay-opacity":"","overlay-gradient":""},"tablet":{"background-color":"","background-image":"","background-repeat":"repeat","background-position":"center center","background-size":"auto","background-attachment":"scroll","background-type":"","background-media":"","overlay-type":"","overlay-color":"","overlay-opacity":"","overlay-gradient":""},"mobile":{"background-color":"","background-image":"","background-repeat":"repeat","background-position":"center center","background-size":"auto","background-attachment":"scroll","background-type":"","background-media":"","overlay-type":"","overlay-color":"","overlay-opacity":"","overlay-gradient":""}},"ast-content-background-meta":{"desktop":{"background-color":"var(--ast-global-color-5)","background-image":"","background-repeat":"repeat","background-position":"center center","background-size":"auto","background-attachment":"scroll","background-type":"","background-media":"","overlay-type":"","overlay-color":"","overlay-opacity":"","overlay-gradient":""},"tablet":{"background-color":"var(--ast-global-color-5)","background-image":"","background-repeat":"repeat","background-position":"center center","background-size":"auto","background-attachment":"scroll","background-type":"","background-media":"","overlay-type":"","overlay-color":"","overlay-opacity":"","overlay-gradient":""},"mobile":{"background-color":"var(--ast-global-color-5)","background-image":"","background-repeat":"repeat","background-position":"center center","background-size":"auto","background-attachment":"scroll","background-type":"","background-media":"","overlay-type":"","overlay-color":"","overlay-opacity":"","overlay-gradient":""}}},"product_brand":[],"product_cat":[16],"product_tag":[],"class_list":{"0":"post-7645","1":"product","2":"type-product","3":"status-publish","4":"has-post-thumbnail","6":"product_cat-cosmetique","7":"desktop-align-center","8":"tablet-align-center","9":"mobile-align-center","11":"first","12":"instock","13":"shipping-taxable","14":"purchasable","15":"product-type-simple"},"aioseo_notices":[],"uagb_featured_image_src":{"full":["https:\/\/allbiomorocco.com\/wp-content\/uploads\/2026\/01\/Gemini_Generated_Image_uwgca3uwgca3uwgc-1-153x273-1.png",153,273,false],"thumbnail":["https:\/\/allbiomorocco.com\/wp-content\/uploads\/2026\/01\/Gemini_Generated_Image_uwgca3uwgca3uwgc-1-153x273-1-150x150.png",150,150,true],"medium":["https:\/\/allbiomorocco.com\/wp-content\/uploads\/2026\/01\/Gemini_Generated_Image_uwgca3uwgca3uwgc-1-153x273-1.png",153,273,false],"medium_large":["https:\/\/allbiomorocco.com\/wp-content\/uploads\/2026\/01\/Gemini_Generated_Image_uwgca3uwgca3uwgc-1-153x273-1.png",153,273,false],"large":["https:\/\/allbiomorocco.com\/wp-content\/uploads\/2026\/01\/Gemini_Generated_Image_uwgca3uwgca3uwgc-1-153x273-1.png",153,273,false],"1536x1536":["https:\/\/allbiomorocco.com\/wp-content\/uploads\/2026\/01\/Gemini_Generated_Image_uwgca3uwgca3uwgc-1-153x273-1.png",153,273,false],"2048x2048":["https:\/\/allbiomorocco.com\/wp-content\/uploads\/2026\/01\/Gemini_Generated_Image_uwgca3uwgca3uwgc-1-153x273-1.png",153,273,false],"trp-custom-language-flag":["https:\/\/allbiomorocco.com\/wp-content\/uploads\/2026\/01\/Gemini_Generated_Image_uwgca3uwgca3uwgc-1-153x273-1-7x12.png",7,12,true],"woocommerce_thumbnail":["https:\/\/allbiomorocco.com\/wp-content\/uploads\/2026\/01\/Gemini_Generated_Image_uwgca3uwgca3uwgc-1-153x273-1.png",153,273,false],"woocommerce_single":["https:\/\/allbiomorocco.com\/wp-content\/uploads\/2026\/01\/Gemini_Generated_Image_uwgca3uwgca3uwgc-1-153x273-1.png",153,273,false],"woocommerce_gallery_thumbnail":["https:\/\/allbiomorocco.com\/wp-content\/uploads\/2026\/01\/Gemini_Generated_Image_uwgca3uwgca3uwgc-1-153x273-1-100x100.png",100,100,true]},"uagb_author_info":{"display_name":"NOUZHA ABARDAQ","author_link":"https:\/\/allbiomorocco.com\/en\/author\/"},"uagb_comment_info":0,"uagb_excerpt":"\ud83c\udf3a \u00c9pilation Halawa \u00e0 l\u2019Aker Fassi\u00a0 L\u2019\u00e9pilation Halawa \u00e0 l\u2019Aker Fassi est un rituel de beaut\u00e9 marocain traditionnel inspir\u00e9 du hammam.Elle associe : \ud83c\udf6f Halawa (sucre + citron) : cire naturelle qui \u00e9limine les poils \u00e0 la racine \ud83c\udf3a Aker Fassi : poudre v\u00e9g\u00e9tale rouge issue de coquelicot et \u00e9corce de grenade, reconnue pour ses&hellip;","_links":{"self":[{"href":"https:\/\/allbiomorocco.com\/en\/wp-json\/wp\/v2\/product\/7645","targetHints":{"allow":["GET"]}}],"collection":[{"href":"https:\/\/allbiomorocco.com\/en\/wp-json\/wp\/v2\/product"}],"about":[{"href":"https:\/\/allbiomorocco.com\/en\/wp-json\/wp\/v2\/types\/product"}],"replies":[{"embeddable":true,"href":"https:\/\/allbiomorocco.com\/en\/wp-json\/wp\/v2\/comments?post=7645"}],"wp:featuredmedia":[{"embeddable":true,"href":"https:\/\/allbiomorocco.com\/en\/wp-json\/wp\/v2\/media\/8021"}],"wp:attachment":[{"href":"https:\/\/allbiomorocco.com\/en\/wp-json\/wp\/v2\/media?parent=7645"}],"wp:term":[{"taxonomy":"product_brand","embeddable":true,"href":"https:\/\/allbiomorocco.com\/en\/wp-json\/wp\/v2\/product_brand?post=7645"},{"taxonomy":"product_cat","embeddable":true,"href":"https:\/\/allbiomorocco.com\/en\/wp-json\/wp\/v2\/product_cat?post=7645"},{"taxonomy":"product_tag","embeddable":true,"href":"https:\/\/allbiomorocco.com\/en\/wp-json\/wp\/v2\/product_tag?post=7645"}],"curies":[{"name":"wp","href":"https:\/\/api.w.org\/{rel}","templated":true}]}}