{"id":7647,"date":"2026-01-21T13:49:41","date_gmt":"2026-01-21T13:49:41","guid":{"rendered":"https:\/\/allbiomorocco.com\/?post_type=product&#038;p=7647"},"modified":"2026-04-06T15:47:37","modified_gmt":"2026-04-06T15:47:37","slug":"epilation-halawa-miel-150g","status":"publish","type":"product","link":"https:\/\/allbiomorocco.com\/en\/product\/epilation-halawa-miel-150g\/","title":{"rendered":"\u00c9pilation Halawa au Citron"},"content":{"rendered":"<h2 data-section-id=\"87pgwd\" data-start=\"143\" data-end=\"193\"><span role=\"text\">\ud83c\udf4b <strong data-start=\"149\" data-end=\"193\">\u00c9pilation Halawa au Citron\u00a0<\/strong><\/span><\/h2>\n<p data-start=\"194\" data-end=\"316\">L\u2019<strong data-start=\"196\" data-end=\"226\">\u00e9pilation Halawa au citron<\/strong> est une m\u00e9thode traditionnelle orientale appel\u00e9e aussi <em data-start=\"282\" data-end=\"313\">\u00e9pilation au sucre (Sugaring)<\/em>.<\/p>\n<p data-start=\"318\" data-end=\"375\">Elle est compos\u00e9e de seulement 3 ingr\u00e9dients naturels :<\/p>\n<ul data-start=\"376\" data-end=\"432\">\n<li data-section-id=\"riza5l\" data-start=\"376\" data-end=\"392\">\ud83c\udf6f <strong data-start=\"381\" data-end=\"390\">Sucre<\/strong><\/li>\n<li data-section-id=\"1o4qkhr\" data-start=\"393\" data-end=\"417\">\ud83c\udf4b <strong data-start=\"398\" data-end=\"415\">Jus de citron<\/strong><\/li>\n<li data-section-id=\"t3kkjn\" data-start=\"418\" data-end=\"432\">\ud83d\udca7 <strong data-start=\"423\" data-end=\"430\">Eau<\/strong><\/li>\n<\/ul>\n<p data-start=\"434\" data-end=\"587\">Cette p\u00e2te naturelle est appliqu\u00e9e sur la peau pour enlever les poils \u00e0 la racine, tout en respectant l\u2019\u00e9piderme.<\/p>\n<p data-start=\"589\" data-end=\"625\">Le citron joue un r\u00f4le essentiel :<\/p>\n<ul data-start=\"626\" data-end=\"795\">\n<li data-section-id=\"1ict6f7\" data-start=\"626\" data-end=\"665\">emp\u00eache la cristallisation du sucre<\/li>\n<li data-section-id=\"1a8ah1k\" data-start=\"666\" data-end=\"701\">agit comme conservateur naturel<\/li>\n<li data-section-id=\"lhfesd\" data-start=\"702\" data-end=\"795\">apporte des propri\u00e9t\u00e9s purifiantes et antiseptiques<\/li>\n<\/ul>\n<p data-start=\"797\" data-end=\"903\">R\u00e9sultat : une <strong data-start=\"812\" data-end=\"854\">\u00e9pilation douce, naturelle et efficace<\/strong>, id\u00e9ale pour tous types de peau, m\u00eame sensibles.<\/p>\n<h2 data-section-id=\"ch8ii6\" data-start=\"910\" data-end=\"957\"><span role=\"text\">\u2728 <strong data-start=\"915\" data-end=\"957\">Bienfaits de l\u2019\u00e9pilation Halawa Citron<\/strong><\/span><\/h2>\n<h3 data-section-id=\"334odg\" data-start=\"959\" data-end=\"998\">\ud83e\ude92 1. \u00c9pilation efficace et durable<\/h3>\n<ul data-start=\"999\" data-end=\"1155\">\n<li data-section-id=\"5nu2go\" data-start=\"999\" data-end=\"1031\">Enl\u00e8ve les poils \u00e0 la racine<\/li>\n<li data-section-id=\"lrf8b7\" data-start=\"1032\" data-end=\"1068\">Repousse plus lente et plus fine<\/li>\n<li data-section-id=\"x7qpq2\" data-start=\"1069\" data-end=\"1155\">R\u00e9sultat longue dur\u00e9e (jusqu\u2019\u00e0 4\u20136 semaines)<\/li>\n<\/ul>\n<h3 data-section-id=\"10028r8\" data-start=\"1162\" data-end=\"1201\">\ud83c\udf3f 2. 100% naturelle et sans danger<\/h3>\n<ul data-start=\"1202\" data-end=\"1331\">\n<li data-section-id=\"g85tjg\" data-start=\"1202\" data-end=\"1239\">Sans produits chimiques ni r\u00e9sine<\/li>\n<li data-section-id=\"1c5y5g8\" data-start=\"1240\" data-end=\"1260\">Hypoallerg\u00e9nique<\/li>\n<li data-section-id=\"xowqt4\" data-start=\"1261\" data-end=\"1331\">Convient aux peaux sensibles<\/li>\n<\/ul>\n<h3 data-section-id=\"ywpm8n\" data-start=\"1338\" data-end=\"1369\">\ud83d\udc9b 3. Effet gommage naturel<\/h3>\n<ul data-start=\"1370\" data-end=\"1505\">\n<li data-section-id=\"1tp6ywa\" data-start=\"1370\" data-end=\"1401\">\u00c9limine les cellules mortes<\/li>\n<li data-section-id=\"14hq1po\" data-start=\"1402\" data-end=\"1435\">Laisse la peau douce et lisse<\/li>\n<li data-section-id=\"17p35q1\" data-start=\"1436\" data-end=\"1505\">Donne un effet \u201cpeau neuve\u201d<\/li>\n<\/ul>\n<h3 data-section-id=\"1xk8vg\" data-start=\"1512\" data-end=\"1551\">\u2744\ufe0f 4. Moins douloureuse que la cire<\/h3>\n<ul data-start=\"1552\" data-end=\"1664\">\n<li data-section-id=\"1wyoe1b\" data-start=\"1552\" data-end=\"1585\">S\u2019enl\u00e8ve dans le sens du poil<\/li>\n<li data-section-id=\"gy7b0u\" data-start=\"1586\" data-end=\"1664\">R\u00e9duit la douleur et les irritations<\/li>\n<\/ul>\n<h3 data-section-id=\"fm1rem\" data-start=\"1671\" data-end=\"1707\">\ud83e\uddfc 5. Purifie et nettoie la peau<\/h3>\n<ul data-start=\"1708\" data-end=\"1847\">\n<li data-section-id=\"1tldxt6\" data-start=\"1708\" data-end=\"1763\">Le citron a des propri\u00e9t\u00e9s antiseptiques naturelles<\/li>\n<li data-section-id=\"1n0j5qw\" data-start=\"1764\" data-end=\"1847\">Nettoie les pores et r\u00e9duit les impuret\u00e9s<\/li>\n<\/ul>\n<h3 data-section-id=\"3l1wqc\" data-start=\"1854\" data-end=\"1889\">\ud83c\udf31 6. R\u00e9duit les poils incarn\u00e9s<\/h3>\n<ul data-start=\"1890\" data-end=\"2007\">\n<li data-section-id=\"p02fur\" data-start=\"1890\" data-end=\"1933\">Technique douce qui casse moins le poil<\/li>\n<li data-section-id=\"kis0mf\" data-start=\"1934\" data-end=\"2007\">Peau plus saine apr\u00e8s \u00e9pilation<\/li>\n<\/ul>\n<h3 data-section-id=\"8bea4q\" data-start=\"2014\" data-end=\"2040\">\ud83d\udca7 7. Respecte la peau<\/h3>\n<ul data-start=\"2041\" data-end=\"2180\">\n<li data-section-id=\"1hiorqb\" data-start=\"2041\" data-end=\"2103\">N\u2019adh\u00e8re pas fortement \u00e0 la peau (contrairement \u00e0 la cire)<\/li>\n<li data-section-id=\"1vputuy\" data-start=\"2104\" data-end=\"2180\">Moins de rougeurs et d\u2019irritations<\/li>\n<\/ul>\n<h3 data-section-id=\"1yjjbq0\" data-start=\"2187\" data-end=\"2221\">\ud83c\udf0d 8. \u00c9cologique et \u00e9conomique<\/h3>\n<ul data-start=\"2222\" data-end=\"2293\">\n<li data-section-id=\"ay2uym\" data-start=\"2222\" data-end=\"2263\">Ingr\u00e9dients simples et biod\u00e9gradables<\/li>\n<li data-section-id=\"1oghode\" data-start=\"2264\" data-end=\"2293\">Facile \u00e0 nettoyer \u00e0 l\u2019eau<\/li>\n<\/ul>","protected":false},"excerpt":{"rendered":"<p>\ud83c\udf4b \u00c9pilation Halawa au Citron\u00a0 L\u2019\u00e9pilation Halawa au citron est une m\u00e9thode traditionnelle orientale appel\u00e9e aussi \u00e9pilation au sucre (Sugaring). Elle est compos\u00e9e de seulement 3 ingr\u00e9dients naturels : \ud83c\udf6f Sucre \ud83c\udf4b Jus de citron \ud83d\udca7 Eau Cette p\u00e2te naturelle est appliqu\u00e9e sur la peau pour enlever les poils \u00e0 la racine, tout en respectant [&hellip;]<\/p>\n","protected":false},"featured_media":8023,"comment_status":"closed","ping_status":"closed","template":"","meta":{"_uag_custom_page_level_css":"","site-sidebar-layout":"default","site-content-layout":"","ast-site-content-layout":"default","site-content-style":"default","site-sidebar-style":"default","ast-global-header-display":"","ast-banner-title-visibility":"","ast-main-header-display":"","ast-hfb-above-header-display":"","ast-hfb-below-header-display":"","ast-hfb-mobile-header-display":"","site-post-title":"","ast-breadcrumbs-content":"","ast-featured-img":"","footer-sml-layout":"","ast-disable-related-posts":"","theme-transparent-header-meta":"default","adv-header-id-meta":"","stick-header-meta":"","header-above-stick-meta":"","header-main-stick-meta":"","header-below-stick-meta":"","astra-migrate-meta-layouts":"set","ast-page-background-enabled":"default","ast-page-background-meta":{"desktop":{"background-color":"","background-image":"","background-repeat":"repeat","background-position":"center center","background-size":"auto","background-attachment":"scroll","background-type":"","background-media":"","overlay-type":"","overlay-color":"","overlay-opacity":"","overlay-gradient":""},"tablet":{"background-color":"","background-image":"","background-repeat":"repeat","background-position":"center center","background-size":"auto","background-attachment":"scroll","background-type":"","background-media":"","overlay-type":"","overlay-color":"","overlay-opacity":"","overlay-gradient":""},"mobile":{"background-color":"","background-image":"","background-repeat":"repeat","background-position":"center center","background-size":"auto","background-attachment":"scroll","background-type":"","background-media":"","overlay-type":"","overlay-color":"","overlay-opacity":"","overlay-gradient":""}},"ast-content-background-meta":{"desktop":{"background-color":"var(--ast-global-color-5)","background-image":"","background-repeat":"repeat","background-position":"center center","background-size":"auto","background-attachment":"scroll","background-type":"","background-media":"","overlay-type":"","overlay-color":"","overlay-opacity":"","overlay-gradient":""},"tablet":{"background-color":"var(--ast-global-color-5)","background-image":"","background-repeat":"repeat","background-position":"center center","background-size":"auto","background-attachment":"scroll","background-type":"","background-media":"","overlay-type":"","overlay-color":"","overlay-opacity":"","overlay-gradient":""},"mobile":{"background-color":"var(--ast-global-color-5)","background-image":"","background-repeat":"repeat","background-position":"center center","background-size":"auto","background-attachment":"scroll","background-type":"","background-media":"","overlay-type":"","overlay-color":"","overlay-opacity":"","overlay-gradient":""}}},"product_brand":[],"product_cat":[16],"product_tag":[],"class_list":{"0":"post-7647","1":"product","2":"type-product","3":"status-publish","4":"has-post-thumbnail","6":"product_cat-cosmetique","7":"desktop-align-center","8":"tablet-align-center","9":"mobile-align-center","11":"first","12":"instock","13":"shipping-taxable","14":"purchasable","15":"product-type-simple"},"aioseo_notices":[],"uagb_featured_image_src":{"full":["https:\/\/allbiomorocco.com\/wp-content\/uploads\/2026\/01\/Gemini_Generated_Image_x8cqqnx8cqqnx8cq.png",768,1368,false],"thumbnail":["https:\/\/allbiomorocco.com\/wp-content\/uploads\/2026\/01\/Gemini_Generated_Image_x8cqqnx8cqqnx8cq-150x150.png",150,150,true],"medium":["https:\/\/allbiomorocco.com\/wp-content\/uploads\/2026\/01\/Gemini_Generated_Image_x8cqqnx8cqqnx8cq-168x300.png",168,300,true],"medium_large":["https:\/\/allbiomorocco.com\/wp-content\/uploads\/2026\/01\/Gemini_Generated_Image_x8cqqnx8cqqnx8cq.png",768,1368,false],"large":["https:\/\/allbiomorocco.com\/wp-content\/uploads\/2026\/01\/Gemini_Generated_Image_x8cqqnx8cqqnx8cq-575x1024.png",575,1024,true],"1536x1536":["https:\/\/allbiomorocco.com\/wp-content\/uploads\/2026\/01\/Gemini_Generated_Image_x8cqqnx8cqqnx8cq.png",768,1368,false],"2048x2048":["https:\/\/allbiomorocco.com\/wp-content\/uploads\/2026\/01\/Gemini_Generated_Image_x8cqqnx8cqqnx8cq.png",768,1368,false],"trp-custom-language-flag":["https:\/\/allbiomorocco.com\/wp-content\/uploads\/2026\/01\/Gemini_Generated_Image_x8cqqnx8cqqnx8cq-7x12.png",7,12,true],"woocommerce_thumbnail":["https:\/\/allbiomorocco.com\/wp-content\/uploads\/2026\/01\/Gemini_Generated_Image_x8cqqnx8cqqnx8cq-300x300.png",300,300,true],"woocommerce_single":["https:\/\/allbiomorocco.com\/wp-content\/uploads\/2026\/01\/Gemini_Generated_Image_x8cqqnx8cqqnx8cq-600x1069.png",600,1069,true],"woocommerce_gallery_thumbnail":["https:\/\/allbiomorocco.com\/wp-content\/uploads\/2026\/01\/Gemini_Generated_Image_x8cqqnx8cqqnx8cq-100x100.png",100,100,true]},"uagb_author_info":{"display_name":"NOUZHA ABARDAQ","author_link":"https:\/\/allbiomorocco.com\/en\/author\/"},"uagb_comment_info":0,"uagb_excerpt":"\ud83c\udf4b \u00c9pilation Halawa au Citron\u00a0 L\u2019\u00e9pilation Halawa au citron est une m\u00e9thode traditionnelle orientale appel\u00e9e aussi \u00e9pilation au sucre (Sugaring). Elle est compos\u00e9e de seulement 3 ingr\u00e9dients naturels : \ud83c\udf6f Sucre \ud83c\udf4b Jus de citron \ud83d\udca7 Eau Cette p\u00e2te naturelle est appliqu\u00e9e sur la peau pour enlever les poils \u00e0 la racine, tout en respectant&hellip;","_links":{"self":[{"href":"https:\/\/allbiomorocco.com\/en\/wp-json\/wp\/v2\/product\/7647","targetHints":{"allow":["GET"]}}],"collection":[{"href":"https:\/\/allbiomorocco.com\/en\/wp-json\/wp\/v2\/product"}],"about":[{"href":"https:\/\/allbiomorocco.com\/en\/wp-json\/wp\/v2\/types\/product"}],"replies":[{"embeddable":true,"href":"https:\/\/allbiomorocco.com\/en\/wp-json\/wp\/v2\/comments?post=7647"}],"wp:featuredmedia":[{"embeddable":true,"href":"https:\/\/allbiomorocco.com\/en\/wp-json\/wp\/v2\/media\/8023"}],"wp:attachment":[{"href":"https:\/\/allbiomorocco.com\/en\/wp-json\/wp\/v2\/media?parent=7647"}],"wp:term":[{"taxonomy":"product_brand","embeddable":true,"href":"https:\/\/allbiomorocco.com\/en\/wp-json\/wp\/v2\/product_brand?post=7647"},{"taxonomy":"product_cat","embeddable":true,"href":"https:\/\/allbiomorocco.com\/en\/wp-json\/wp\/v2\/product_cat?post=7647"},{"taxonomy":"product_tag","embeddable":true,"href":"https:\/\/allbiomorocco.com\/en\/wp-json\/wp\/v2\/product_tag?post=7647"}],"curies":[{"name":"wp","href":"https:\/\/api.w.org\/{rel}","templated":true}]}}