{"id":7648,"date":"2026-01-21T13:49:41","date_gmt":"2026-01-21T13:49:41","guid":{"rendered":"https:\/\/allbiomorocco.com\/?post_type=product&#038;p=7648"},"modified":"2026-04-11T14:15:32","modified_gmt":"2026-04-11T14:15:32","slug":"epilation-serum-hair-removal","status":"publish","type":"product","link":"https:\/\/allbiomorocco.com\/en\/product\/epilation-serum-hair-removal\/","title":{"rendered":"Gel Douche fleur d&rsquo;orange"},"content":{"rendered":"<h3 data-section-id=\"1kxin7i\" data-start=\"123\" data-end=\"174\"><span role=\"text\">\ud83c\udf38 <strong data-start=\"130\" data-end=\"174\">Gel Douche Fleur d\u2019Oranger \u2013 Description<\/strong><\/span><\/h3>\n<p data-start=\"176\" data-end=\"398\">Le gel douche \u00e0 la fleur d\u2019oranger est un soin nettoyant doux enrichi en extrait naturel de <span class=\"hover:entity-accent entity-underline inline cursor-pointer align-baseline\"><span class=\"whitespace-normal\">Oranger amer (Citrus aurantium)<\/span><\/span>. Sa formule d\u00e9licate nettoie la peau en profondeur tout en respectant son \u00e9quilibre naturel.<\/p>\n<p data-start=\"400\" data-end=\"524\">Sa mousse l\u00e9g\u00e8re et son parfum floral apaisant transforment chaque douche en un v\u00e9ritable moment de d\u00e9tente et de bien-\u00eatre.<\/p>\n<h3 data-section-id=\"1hwgxkv\" data-start=\"531\" data-end=\"580\"><span role=\"text\">\u2728 <strong data-start=\"537\" data-end=\"580\">Bienfaits du Gel Douche Fleur d\u2019Oranger<\/strong><\/span><\/h3>\n<ul data-start=\"582\" data-end=\"926\">\n<li data-section-id=\"1rmhb1d\" data-start=\"582\" data-end=\"634\">\ud83e\uddfc <strong data-start=\"587\" data-end=\"609\">Nettoie en douceur<\/strong> sans dess\u00e9cher la peau<\/li>\n<li data-section-id=\"16yyayh\" data-start=\"635\" data-end=\"672\">\ud83d\udca7 <strong data-start=\"640\" data-end=\"662\">Hydrate et adoucit<\/strong> la peau<\/li>\n<li data-section-id=\"1l8h8ab\" data-start=\"673\" data-end=\"731\">\ud83c\udf38 <strong data-start=\"678\" data-end=\"697\">Parfum relaxant<\/strong> qui apaise le corps et l\u2019esprit<\/li>\n<li data-section-id=\"1sd8dgg\" data-start=\"732\" data-end=\"796\">\ud83c\udf3f <strong data-start=\"737\" data-end=\"769\">Respecte les peaux sensibles<\/strong> gr\u00e2ce \u00e0 sa formule douce<\/li>\n<li data-section-id=\"1rwd253\" data-start=\"797\" data-end=\"862\">\u2728 <strong data-start=\"801\" data-end=\"860\">Laisse la peau fra\u00eeche, propre et d\u00e9licatement parfum\u00e9e<\/strong><\/li>\n<li data-section-id=\"79e2r1\" data-start=\"863\" data-end=\"926\">\ud83e\uddd8\u200d\u2640\ufe0f <strong data-start=\"871\" data-end=\"889\">Effet apaisant<\/strong> id\u00e9al pour un moment de relaxation<\/li>\n<\/ul>","protected":false},"excerpt":{"rendered":"<p>\ud83c\udf38 Gel Douche Fleur d\u2019Oranger \u2013 Description Le gel douche \u00e0 la fleur d\u2019oranger est un soin nettoyant doux enrichi en extrait naturel de Oranger amer (Citrus aurantium). Sa formule d\u00e9licate nettoie la peau en profondeur tout en respectant son \u00e9quilibre naturel. Sa mousse l\u00e9g\u00e8re et son parfum floral apaisant transforment chaque douche en un [&hellip;]<\/p>\n","protected":false},"featured_media":8155,"comment_status":"closed","ping_status":"closed","template":"","meta":{"_uag_custom_page_level_css":"","site-sidebar-layout":"default","site-content-layout":"","ast-site-content-layout":"default","site-content-style":"default","site-sidebar-style":"default","ast-global-header-display":"","ast-banner-title-visibility":"","ast-main-header-display":"","ast-hfb-above-header-display":"","ast-hfb-below-header-display":"","ast-hfb-mobile-header-display":"","site-post-title":"","ast-breadcrumbs-content":"","ast-featured-img":"","footer-sml-layout":"","ast-disable-related-posts":"","theme-transparent-header-meta":"default","adv-header-id-meta":"","stick-header-meta":"","header-above-stick-meta":"","header-main-stick-meta":"","header-below-stick-meta":"","astra-migrate-meta-layouts":"set","ast-page-background-enabled":"default","ast-page-background-meta":{"desktop":{"background-color":"","background-image":"","background-repeat":"repeat","background-position":"center center","background-size":"auto","background-attachment":"scroll","background-type":"","background-media":"","overlay-type":"","overlay-color":"","overlay-opacity":"","overlay-gradient":""},"tablet":{"background-color":"","background-image":"","background-repeat":"repeat","background-position":"center center","background-size":"auto","background-attachment":"scroll","background-type":"","background-media":"","overlay-type":"","overlay-color":"","overlay-opacity":"","overlay-gradient":""},"mobile":{"background-color":"","background-image":"","background-repeat":"repeat","background-position":"center center","background-size":"auto","background-attachment":"scroll","background-type":"","background-media":"","overlay-type":"","overlay-color":"","overlay-opacity":"","overlay-gradient":""}},"ast-content-background-meta":{"desktop":{"background-color":"var(--ast-global-color-5)","background-image":"","background-repeat":"repeat","background-position":"center center","background-size":"auto","background-attachment":"scroll","background-type":"","background-media":"","overlay-type":"","overlay-color":"","overlay-opacity":"","overlay-gradient":""},"tablet":{"background-color":"var(--ast-global-color-5)","background-image":"","background-repeat":"repeat","background-position":"center center","background-size":"auto","background-attachment":"scroll","background-type":"","background-media":"","overlay-type":"","overlay-color":"","overlay-opacity":"","overlay-gradient":""},"mobile":{"background-color":"var(--ast-global-color-5)","background-image":"","background-repeat":"repeat","background-position":"center center","background-size":"auto","background-attachment":"scroll","background-type":"","background-media":"","overlay-type":"","overlay-color":"","overlay-opacity":"","overlay-gradient":""}}},"product_brand":[],"product_cat":[16],"product_tag":[],"class_list":{"0":"post-7648","1":"product","2":"type-product","3":"status-publish","4":"has-post-thumbnail","6":"product_cat-cosmetique","7":"desktop-align-center","8":"tablet-align-center","9":"mobile-align-center","11":"first","12":"instock","13":"shipping-taxable","14":"purchasable","15":"product-type-simple"},"aioseo_notices":[],"uagb_featured_image_src":{"full":["https:\/\/allbiomorocco.com\/wp-content\/uploads\/2026\/01\/gel_douche_fleur_dorange.jpg",1024,1024,false],"thumbnail":["https:\/\/allbiomorocco.com\/wp-content\/uploads\/2026\/01\/gel_douche_fleur_dorange-150x150.jpg",150,150,true],"medium":["https:\/\/allbiomorocco.com\/wp-content\/uploads\/2026\/01\/gel_douche_fleur_dorange-300x300.jpg",300,300,true],"medium_large":["https:\/\/allbiomorocco.com\/wp-content\/uploads\/2026\/01\/gel_douche_fleur_dorange-768x768.jpg",768,768,true],"large":["https:\/\/allbiomorocco.com\/wp-content\/uploads\/2026\/01\/gel_douche_fleur_dorange.jpg",1024,1024,false],"1536x1536":["https:\/\/allbiomorocco.com\/wp-content\/uploads\/2026\/01\/gel_douche_fleur_dorange.jpg",1024,1024,false],"2048x2048":["https:\/\/allbiomorocco.com\/wp-content\/uploads\/2026\/01\/gel_douche_fleur_dorange.jpg",1024,1024,false],"trp-custom-language-flag":["https:\/\/allbiomorocco.com\/wp-content\/uploads\/2026\/01\/gel_douche_fleur_dorange-12x12.jpg",12,12,true],"woocommerce_thumbnail":["https:\/\/allbiomorocco.com\/wp-content\/uploads\/2026\/01\/gel_douche_fleur_dorange-300x300.jpg",300,300,true],"woocommerce_single":["https:\/\/allbiomorocco.com\/wp-content\/uploads\/2026\/01\/gel_douche_fleur_dorange-600x600.jpg",600,600,true],"woocommerce_gallery_thumbnail":["https:\/\/allbiomorocco.com\/wp-content\/uploads\/2026\/01\/gel_douche_fleur_dorange-100x100.jpg",100,100,true]},"uagb_author_info":{"display_name":"NOUZHA ABARDAQ","author_link":"https:\/\/allbiomorocco.com\/en\/author\/"},"uagb_comment_info":0,"uagb_excerpt":"\ud83c\udf38 Gel Douche Fleur d\u2019Oranger \u2013 Description Le gel douche \u00e0 la fleur d\u2019oranger est un soin nettoyant doux enrichi en extrait naturel de Oranger amer (Citrus aurantium). Sa formule d\u00e9licate nettoie la peau en profondeur tout en respectant son \u00e9quilibre naturel. Sa mousse l\u00e9g\u00e8re et son parfum floral apaisant transforment chaque douche en un&hellip;","_links":{"self":[{"href":"https:\/\/allbiomorocco.com\/en\/wp-json\/wp\/v2\/product\/7648","targetHints":{"allow":["GET"]}}],"collection":[{"href":"https:\/\/allbiomorocco.com\/en\/wp-json\/wp\/v2\/product"}],"about":[{"href":"https:\/\/allbiomorocco.com\/en\/wp-json\/wp\/v2\/types\/product"}],"replies":[{"embeddable":true,"href":"https:\/\/allbiomorocco.com\/en\/wp-json\/wp\/v2\/comments?post=7648"}],"wp:featuredmedia":[{"embeddable":true,"href":"https:\/\/allbiomorocco.com\/en\/wp-json\/wp\/v2\/media\/8155"}],"wp:attachment":[{"href":"https:\/\/allbiomorocco.com\/en\/wp-json\/wp\/v2\/media?parent=7648"}],"wp:term":[{"taxonomy":"product_brand","embeddable":true,"href":"https:\/\/allbiomorocco.com\/en\/wp-json\/wp\/v2\/product_brand?post=7648"},{"taxonomy":"product_cat","embeddable":true,"href":"https:\/\/allbiomorocco.com\/en\/wp-json\/wp\/v2\/product_cat?post=7648"},{"taxonomy":"product_tag","embeddable":true,"href":"https:\/\/allbiomorocco.com\/en\/wp-json\/wp\/v2\/product_tag?post=7648"}],"curies":[{"name":"wp","href":"https:\/\/api.w.org\/{rel}","templated":true}]}}