{"id":7652,"date":"2026-01-21T13:49:41","date_gmt":"2026-01-21T13:49:41","guid":{"rendered":"https:\/\/allbiomorocco.com\/?post_type=product&#038;p=7652"},"modified":"2026-04-03T18:14:04","modified_gmt":"2026-04-03T18:14:04","slug":"shampoing-fleur-oranger-250-ml","status":"publish","type":"product","link":"https:\/\/allbiomorocco.com\/en\/product\/shampoing-fleur-oranger-250-ml\/","title":{"rendered":"Shampoing Fleur Oranger"},"content":{"rendered":"<h2 data-path-to-node=\"2\"><b data-path-to-node=\"2\" data-index-in-node=\"0\">Description du Shampoing \u00e0 la Fleur d&rsquo;Oranger<\/b><\/h2>\n<p data-path-to-node=\"3\">Ce shampoing privil\u00e9gie g\u00e9n\u00e9ralement une formulation respectueuse, souvent enrichie en hydrolat (eau florale) pour pr\u00e9server la brillance naturelle de la fibre capillaire.<\/p>\n<ul data-path-to-node=\"4\">\n<li>\n<p data-path-to-node=\"4,0,0\"><b data-path-to-node=\"4,0,0\" data-index-in-node=\"0\">Texture :<\/b> Fluide, cristalline ou nacr\u00e9e, cr\u00e9ant une mousse d\u00e9licate et onctueuse.<\/p>\n<\/li>\n<li>\n<p data-path-to-node=\"4,1,0\"><b data-path-to-node=\"4,1,0\" data-index-in-node=\"0\">Parfum :<\/b> Une fragrance florale, fra\u00eeche et printani\u00e8re. Son odeur est particuli\u00e8rement appr\u00e9ci\u00e9e pour son c\u00f4t\u00e9 \u00ab\u00a0propre\u00a0\u00bb et rassurant qui reste discr\u00e8tement sur la chevelure apr\u00e8s le s\u00e9chage.<\/p>\n<\/li>\n<li>\n<p data-path-to-node=\"4,2,0\"><b data-path-to-node=\"4,2,0\" data-index-in-node=\"0\">Composition :<\/b> Infus\u00e9 \u00e0 l&rsquo;<b data-path-to-node=\"4,2,0\" data-index-in-node=\"25\">eau de fleur d&rsquo;oranger<\/b>, il est souvent associ\u00e9 \u00e0 des actifs adoucissants comme le <b data-path-to-node=\"4,2,0\" data-index-in-node=\"107\">miel<\/b>, l&rsquo;<b data-path-to-node=\"4,2,0\" data-index-in-node=\"115\">alo\u00e9 vera<\/b> ou des prot\u00e9ines de soie pour gainer le cheveu sans l&rsquo;alourdir.<\/p>\n<\/li>\n<\/ul>\n<h2 data-path-to-node=\"6\"><b data-path-to-node=\"6\" data-index-in-node=\"0\">Principaux bienfaits<\/b><\/h2>\n<h3 data-path-to-node=\"7\"><b data-path-to-node=\"7\" data-index-in-node=\"0\">1. Apaisement du Cuir Chevelu<\/b><\/h3>\n<p data-path-to-node=\"8\">La fleur d&rsquo;oranger est l&rsquo;alli\u00e9e des cuirs chevelus sensibles ou irrit\u00e9s :<\/p>\n<ul data-path-to-node=\"9\">\n<li>\n<p data-path-to-node=\"9,0,0\"><b data-path-to-node=\"9,0,0\" data-index-in-node=\"0\">Anti-stress cutan\u00e9 :<\/b> Elle calme les d\u00e9mangeaisons et les rougeurs caus\u00e9es par la pollution ou le calcaire de l&rsquo;eau.<\/p>\n<\/li>\n<li>\n<p data-path-to-node=\"9,1,0\"><b data-path-to-node=\"9,1,0\" data-index-in-node=\"0\">Douceur extr\u00eame :<\/b> Elle respecte l&rsquo;\u00e9quilibre fragile de la peau du cr\u00e2ne, \u00e9vitant les sensations de tiraillements apr\u00e8s la douche.<\/p>\n<\/li>\n<\/ul>\n<h3 data-path-to-node=\"10\"><b data-path-to-node=\"10\" data-index-in-node=\"0\">2. Brillance et \u00c9clat Naturel<\/b><\/h3>\n<p data-path-to-node=\"11\">Gr\u00e2ce \u00e0 ses propri\u00e9t\u00e9s tonifiantes, l&rsquo;eau de fleur d&rsquo;oranger :<\/p>\n<ul data-path-to-node=\"12\">\n<li>\n<p data-path-to-node=\"12,0,0\">Resserre les \u00e9cailles du cheveu, permettant \u00e0 la lumi\u00e8re de mieux se refl\u00e9ter.<\/p>\n<\/li>\n<li>\n<p data-path-to-node=\"12,1,0\">Redonne du peps aux cheveux ternes et fatigu\u00e9s.<\/p>\n<\/li>\n<li>\n<p data-path-to-node=\"12,2,0\">Laisse la chevelure souple, a\u00e9rienne et lumineuse.<\/p>\n<\/li>\n<\/ul>\n<h3 data-path-to-node=\"13\"><b data-path-to-node=\"13\" data-index-in-node=\"0\">3. R\u00e9gulation en Douceur<\/b><\/h3>\n<p data-path-to-node=\"14\">Elle poss\u00e8de une action l\u00e9g\u00e8rement \u00e9quilibrante :<\/p>\n<ul data-path-to-node=\"15\">\n<li>\n<p data-path-to-node=\"15,0,0\">Aide \u00e0 r\u00e9guler la production de s\u00e9bum sans agresser les racines.<\/p>\n<\/li>\n<li>\n<p data-path-to-node=\"15,1,0\">Convient parfaitement \u00e0 un usage fr\u00e9quent (shampoing quotidien ou tous les deux jours).<\/p>\n<\/li>\n<\/ul>\n<h3 data-path-to-node=\"16\"><b data-path-to-node=\"16\" data-index-in-node=\"0\">4. Relaxation Holistique (Aromath\u00e9rapie)<\/b><\/h3>\n<p data-path-to-node=\"17\">Sous l&rsquo;eau chaude, les vapeurs de fleur d&rsquo;oranger agissent comme un d\u00e9contractant nerveux :<\/p>\n<ul data-path-to-node=\"18\">\n<li>\n<p data-path-to-node=\"18,0,0\">Aide \u00e0 dissiper la fatigue mentale.<\/p>\n<\/li>\n<li>\n<p data-path-to-node=\"18,1,0\">Procure une sensation de fra\u00eecheur divine et de l\u00e9g\u00e8ret\u00e9 imm\u00e9diate.<\/p>\n<\/li>\n<\/ul>","protected":false},"excerpt":{"rendered":"<p>Description du Shampoing \u00e0 la Fleur d&rsquo;Oranger Ce shampoing privil\u00e9gie g\u00e9n\u00e9ralement une formulation respectueuse, souvent enrichie en hydrolat (eau florale) pour pr\u00e9server la brillance naturelle de la fibre capillaire. Texture : Fluide, cristalline ou nacr\u00e9e, cr\u00e9ant une mousse d\u00e9licate et onctueuse. Parfum : Une fragrance florale, fra\u00eeche et printani\u00e8re. Son odeur est particuli\u00e8rement appr\u00e9ci\u00e9e pour [&hellip;]<\/p>\n","protected":false},"featured_media":7855,"comment_status":"closed","ping_status":"closed","template":"","meta":{"_uag_custom_page_level_css":"","site-sidebar-layout":"default","site-content-layout":"","ast-site-content-layout":"default","site-content-style":"default","site-sidebar-style":"default","ast-global-header-display":"","ast-banner-title-visibility":"","ast-main-header-display":"","ast-hfb-above-header-display":"","ast-hfb-below-header-display":"","ast-hfb-mobile-header-display":"","site-post-title":"","ast-breadcrumbs-content":"","ast-featured-img":"","footer-sml-layout":"","ast-disable-related-posts":"","theme-transparent-header-meta":"default","adv-header-id-meta":"","stick-header-meta":"","header-above-stick-meta":"","header-main-stick-meta":"","header-below-stick-meta":"","astra-migrate-meta-layouts":"set","ast-page-background-enabled":"default","ast-page-background-meta":{"desktop":{"background-color":"","background-image":"","background-repeat":"repeat","background-position":"center center","background-size":"auto","background-attachment":"scroll","background-type":"","background-media":"","overlay-type":"","overlay-color":"","overlay-opacity":"","overlay-gradient":""},"tablet":{"background-color":"","background-image":"","background-repeat":"repeat","background-position":"center center","background-size":"auto","background-attachment":"scroll","background-type":"","background-media":"","overlay-type":"","overlay-color":"","overlay-opacity":"","overlay-gradient":""},"mobile":{"background-color":"","background-image":"","background-repeat":"repeat","background-position":"center center","background-size":"auto","background-attachment":"scroll","background-type":"","background-media":"","overlay-type":"","overlay-color":"","overlay-opacity":"","overlay-gradient":""}},"ast-content-background-meta":{"desktop":{"background-color":"var(--ast-global-color-5)","background-image":"","background-repeat":"repeat","background-position":"center center","background-size":"auto","background-attachment":"scroll","background-type":"","background-media":"","overlay-type":"","overlay-color":"","overlay-opacity":"","overlay-gradient":""},"tablet":{"background-color":"var(--ast-global-color-5)","background-image":"","background-repeat":"repeat","background-position":"center center","background-size":"auto","background-attachment":"scroll","background-type":"","background-media":"","overlay-type":"","overlay-color":"","overlay-opacity":"","overlay-gradient":""},"mobile":{"background-color":"var(--ast-global-color-5)","background-image":"","background-repeat":"repeat","background-position":"center center","background-size":"auto","background-attachment":"scroll","background-type":"","background-media":"","overlay-type":"","overlay-color":"","overlay-opacity":"","overlay-gradient":""}}},"product_brand":[],"product_cat":[16],"product_tag":[],"class_list":{"0":"post-7652","1":"product","2":"type-product","3":"status-publish","4":"has-post-thumbnail","6":"product_cat-cosmetique","7":"desktop-align-center","8":"tablet-align-center","9":"mobile-align-center","11":"first","12":"instock","13":"shipping-taxable","14":"purchasable","15":"product-type-simple"},"aioseo_notices":[],"uagb_featured_image_src":{"full":["https:\/\/allbiomorocco.com\/wp-content\/uploads\/2026\/03\/shampoo_fleur_dorange.jpg",1024,1024,false],"thumbnail":["https:\/\/allbiomorocco.com\/wp-content\/uploads\/2026\/03\/shampoo_fleur_dorange-150x150.jpg",150,150,true],"medium":["https:\/\/allbiomorocco.com\/wp-content\/uploads\/2026\/03\/shampoo_fleur_dorange-300x300.jpg",300,300,true],"medium_large":["https:\/\/allbiomorocco.com\/wp-content\/uploads\/2026\/03\/shampoo_fleur_dorange-768x768.jpg",768,768,true],"large":["https:\/\/allbiomorocco.com\/wp-content\/uploads\/2026\/03\/shampoo_fleur_dorange.jpg",1024,1024,false],"1536x1536":["https:\/\/allbiomorocco.com\/wp-content\/uploads\/2026\/03\/shampoo_fleur_dorange.jpg",1024,1024,false],"2048x2048":["https:\/\/allbiomorocco.com\/wp-content\/uploads\/2026\/03\/shampoo_fleur_dorange.jpg",1024,1024,false],"trp-custom-language-flag":["https:\/\/allbiomorocco.com\/wp-content\/uploads\/2026\/03\/shampoo_fleur_dorange-12x12.jpg",12,12,true],"woocommerce_thumbnail":["https:\/\/allbiomorocco.com\/wp-content\/uploads\/2026\/03\/shampoo_fleur_dorange-300x300.jpg",300,300,true],"woocommerce_single":["https:\/\/allbiomorocco.com\/wp-content\/uploads\/2026\/03\/shampoo_fleur_dorange-600x600.jpg",600,600,true],"woocommerce_gallery_thumbnail":["https:\/\/allbiomorocco.com\/wp-content\/uploads\/2026\/03\/shampoo_fleur_dorange-100x100.jpg",100,100,true]},"uagb_author_info":{"display_name":"NOUZHA ABARDAQ","author_link":"https:\/\/allbiomorocco.com\/en\/author\/"},"uagb_comment_info":0,"uagb_excerpt":"Description du Shampoing \u00e0 la Fleur d&rsquo;Oranger Ce shampoing privil\u00e9gie g\u00e9n\u00e9ralement une formulation respectueuse, souvent enrichie en hydrolat (eau florale) pour pr\u00e9server la brillance naturelle de la fibre capillaire. Texture : Fluide, cristalline ou nacr\u00e9e, cr\u00e9ant une mousse d\u00e9licate et onctueuse. Parfum : Une fragrance florale, fra\u00eeche et printani\u00e8re. Son odeur est particuli\u00e8rement appr\u00e9ci\u00e9e pour&hellip;","_links":{"self":[{"href":"https:\/\/allbiomorocco.com\/en\/wp-json\/wp\/v2\/product\/7652","targetHints":{"allow":["GET"]}}],"collection":[{"href":"https:\/\/allbiomorocco.com\/en\/wp-json\/wp\/v2\/product"}],"about":[{"href":"https:\/\/allbiomorocco.com\/en\/wp-json\/wp\/v2\/types\/product"}],"replies":[{"embeddable":true,"href":"https:\/\/allbiomorocco.com\/en\/wp-json\/wp\/v2\/comments?post=7652"}],"wp:featuredmedia":[{"embeddable":true,"href":"https:\/\/allbiomorocco.com\/en\/wp-json\/wp\/v2\/media\/7855"}],"wp:attachment":[{"href":"https:\/\/allbiomorocco.com\/en\/wp-json\/wp\/v2\/media?parent=7652"}],"wp:term":[{"taxonomy":"product_brand","embeddable":true,"href":"https:\/\/allbiomorocco.com\/en\/wp-json\/wp\/v2\/product_brand?post=7652"},{"taxonomy":"product_cat","embeddable":true,"href":"https:\/\/allbiomorocco.com\/en\/wp-json\/wp\/v2\/product_cat?post=7652"},{"taxonomy":"product_tag","embeddable":true,"href":"https:\/\/allbiomorocco.com\/en\/wp-json\/wp\/v2\/product_tag?post=7652"}],"curies":[{"name":"wp","href":"https:\/\/api.w.org\/{rel}","templated":true}]}}