{"id":7660,"date":"2026-01-21T13:49:42","date_gmt":"2026-01-21T13:49:42","guid":{"rendered":"https:\/\/allbiomorocco.com\/?post_type=product&#038;p=7660"},"modified":"2026-04-04T18:29:28","modified_gmt":"2026-04-04T18:29:28","slug":"eau-floral-oliban-roses","status":"publish","type":"product","link":"https:\/\/allbiomorocco.com\/en\/product\/eau-floral-oliban-roses\/","title":{"rendered":"L&rsquo;eau Floral Oliban Roses"},"content":{"rendered":"<h3 data-section-id=\"p3beiw\" data-start=\"180\" data-end=\"197\">\u2728 Description<\/h3>\n<p data-start=\"198\" data-end=\"494\">L\u2019Eau Florale Oliban &amp; Roses est une lotion naturelle pr\u00e9cieuse obtenue par distillation douce de la r\u00e9sine d\u2019oliban (encens) et des p\u00e9tales de rose. Ce soin ancestral associe la puissance purifiante de l\u2019oliban \u00e0 la douceur apaisante de la rose pour offrir un v\u00e9ritable rituel de beaut\u00e9 naturel.<\/p>\n<p data-start=\"496\" data-end=\"752\">Sa texture l\u00e9g\u00e8re et rafra\u00eechissante p\u00e9n\u00e8tre rapidement la peau, laissant un parfum d\u00e9licat, floral et l\u00e9g\u00e8rement bois\u00e9. Adapt\u00e9e \u00e0 tous les types de peau, m\u00eame les plus sensibles, elle s\u2019utilise quotidiennement pour purifier, tonifier et sublimer le teint.<\/p>\n<h2 data-section-id=\"r66iq7\" data-start=\"759\" data-end=\"774\">\ud83c\udf3f Bienfaits<\/h2>\n<h3 data-section-id=\"7d7it2\" data-start=\"776\" data-end=\"795\">\ud83c\udf38 Pour la peau<\/h3>\n<ul data-start=\"796\" data-end=\"1503\">\n<li data-section-id=\"13uqt3k\" data-start=\"796\" data-end=\"943\"><strong data-start=\"798\" data-end=\"833\">Apaise et calme les irritations<\/strong><br data-start=\"833\" data-end=\"836\" \/>R\u00e9duit les rougeurs et procure une sensation imm\u00e9diate de confort<\/li>\n<li data-section-id=\"loeiqz\" data-start=\"944\" data-end=\"1075\"><strong data-start=\"946\" data-end=\"971\">Hydrate et rafra\u00eechit<\/strong><br data-start=\"971\" data-end=\"974\" \/>Apporte une hydratation l\u00e9g\u00e8re tout en revitalisant la peau<\/li>\n<li data-section-id=\"1r39jup\" data-start=\"1076\" data-end=\"1205\"><strong data-start=\"1078\" data-end=\"1111\">Tonifie et resserre les pores<\/strong><br data-start=\"1111\" data-end=\"1114\" \/>Am\u00e9liore la texture de la peau et affine le grain<\/li>\n<li data-section-id=\"1sfi63g\" data-start=\"1206\" data-end=\"1296\"><strong data-start=\"1208\" data-end=\"1256\">Purifie et \u00e9quilibre le s\u00e9bum (effet oliban)<\/strong><br data-start=\"1256\" data-end=\"1259\" \/>Id\u00e9al pour peaux mixtes \u00e0 grasses<\/li>\n<li data-section-id=\"8zjxyl\" data-start=\"1297\" data-end=\"1436\"><strong data-start=\"1299\" data-end=\"1325\">Effet anti-\u00e2ge naturel<\/strong><br data-start=\"1325\" data-end=\"1328\" \/>Aide \u00e0 pr\u00e9server l\u2019\u00e9lasticit\u00e9 et \u00e0 ralentir l\u2019apparition des rides<\/li>\n<li data-section-id=\"15yyelk\" data-start=\"1437\" data-end=\"1503\"><strong data-start=\"1439\" data-end=\"1460\">Illumine le teint<\/strong><br data-start=\"1460\" data-end=\"1463\" \/>Redonne \u00e9clat et fra\u00eecheur au visage<\/li>\n<\/ul>\n<h3 data-section-id=\"1b9hj8w\" data-start=\"1510\" data-end=\"1534\">\ud83c\udf3f Pour le bien-\u00eatre<\/h3>\n<ul data-start=\"1535\" data-end=\"1749\">\n<li data-section-id=\"1rqjffm\" data-start=\"1535\" data-end=\"1630\"><strong data-start=\"1537\" data-end=\"1567\">Effet relaxant et apaisant<\/strong><br data-start=\"1567\" data-end=\"1570\" \/>Le parfum de rose calme le stress et favorise la d\u00e9tente<\/li>\n<li data-section-id=\"1iaepvu\" data-start=\"1631\" data-end=\"1749\"><strong data-start=\"1633\" data-end=\"1668\">Purification naturelle (oliban)<\/strong><br data-start=\"1668\" data-end=\"1671\" \/>Traditionnellement utilis\u00e9 pour ses propri\u00e9t\u00e9s purifiantes et \u00e9nerg\u00e9tiques<\/li>\n<\/ul>","protected":false},"excerpt":{"rendered":"<p>\u2728 Description L\u2019Eau Florale Oliban &amp; Roses est une lotion naturelle pr\u00e9cieuse obtenue par distillation douce de la r\u00e9sine d\u2019oliban (encens) et des p\u00e9tales de rose. Ce soin ancestral associe la puissance purifiante de l\u2019oliban \u00e0 la douceur apaisante de la rose pour offrir un v\u00e9ritable rituel de beaut\u00e9 naturel. Sa texture l\u00e9g\u00e8re et rafra\u00eechissante [&hellip;]<\/p>\n","protected":false},"featured_media":8014,"comment_status":"closed","ping_status":"closed","template":"","meta":{"_uag_custom_page_level_css":"","site-sidebar-layout":"default","site-content-layout":"","ast-site-content-layout":"default","site-content-style":"default","site-sidebar-style":"default","ast-global-header-display":"","ast-banner-title-visibility":"","ast-main-header-display":"","ast-hfb-above-header-display":"","ast-hfb-below-header-display":"","ast-hfb-mobile-header-display":"","site-post-title":"","ast-breadcrumbs-content":"","ast-featured-img":"","footer-sml-layout":"","ast-disable-related-posts":"","theme-transparent-header-meta":"default","adv-header-id-meta":"","stick-header-meta":"","header-above-stick-meta":"","header-main-stick-meta":"","header-below-stick-meta":"","astra-migrate-meta-layouts":"set","ast-page-background-enabled":"default","ast-page-background-meta":{"desktop":{"background-color":"","background-image":"","background-repeat":"repeat","background-position":"center center","background-size":"auto","background-attachment":"scroll","background-type":"","background-media":"","overlay-type":"","overlay-color":"","overlay-opacity":"","overlay-gradient":""},"tablet":{"background-color":"","background-image":"","background-repeat":"repeat","background-position":"center center","background-size":"auto","background-attachment":"scroll","background-type":"","background-media":"","overlay-type":"","overlay-color":"","overlay-opacity":"","overlay-gradient":""},"mobile":{"background-color":"","background-image":"","background-repeat":"repeat","background-position":"center center","background-size":"auto","background-attachment":"scroll","background-type":"","background-media":"","overlay-type":"","overlay-color":"","overlay-opacity":"","overlay-gradient":""}},"ast-content-background-meta":{"desktop":{"background-color":"var(--ast-global-color-5)","background-image":"","background-repeat":"repeat","background-position":"center center","background-size":"auto","background-attachment":"scroll","background-type":"","background-media":"","overlay-type":"","overlay-color":"","overlay-opacity":"","overlay-gradient":""},"tablet":{"background-color":"var(--ast-global-color-5)","background-image":"","background-repeat":"repeat","background-position":"center center","background-size":"auto","background-attachment":"scroll","background-type":"","background-media":"","overlay-type":"","overlay-color":"","overlay-opacity":"","overlay-gradient":""},"mobile":{"background-color":"var(--ast-global-color-5)","background-image":"","background-repeat":"repeat","background-position":"center center","background-size":"auto","background-attachment":"scroll","background-type":"","background-media":"","overlay-type":"","overlay-color":"","overlay-opacity":"","overlay-gradient":""}}},"product_brand":[],"product_cat":[16],"product_tag":[],"class_list":{"0":"post-7660","1":"product","2":"type-product","3":"status-publish","4":"has-post-thumbnail","6":"product_cat-cosmetique","7":"desktop-align-center","8":"tablet-align-center","9":"mobile-align-center","11":"first","12":"instock","13":"shipping-taxable","14":"purchasable","15":"product-type-simple"},"aioseo_notices":[],"uagb_featured_image_src":{"full":["https:\/\/allbiomorocco.com\/wp-content\/uploads\/2026\/01\/Gemini_Generated_Image_79htgr79htgr79ht-1-307x546-1.png",307,546,false],"thumbnail":["https:\/\/allbiomorocco.com\/wp-content\/uploads\/2026\/01\/Gemini_Generated_Image_79htgr79htgr79ht-1-307x546-1-150x150.png",150,150,true],"medium":["https:\/\/allbiomorocco.com\/wp-content\/uploads\/2026\/01\/Gemini_Generated_Image_79htgr79htgr79ht-1-307x546-1-169x300.png",169,300,true],"medium_large":["https:\/\/allbiomorocco.com\/wp-content\/uploads\/2026\/01\/Gemini_Generated_Image_79htgr79htgr79ht-1-307x546-1.png",307,546,false],"large":["https:\/\/allbiomorocco.com\/wp-content\/uploads\/2026\/01\/Gemini_Generated_Image_79htgr79htgr79ht-1-307x546-1.png",307,546,false],"1536x1536":["https:\/\/allbiomorocco.com\/wp-content\/uploads\/2026\/01\/Gemini_Generated_Image_79htgr79htgr79ht-1-307x546-1.png",307,546,false],"2048x2048":["https:\/\/allbiomorocco.com\/wp-content\/uploads\/2026\/01\/Gemini_Generated_Image_79htgr79htgr79ht-1-307x546-1.png",307,546,false],"trp-custom-language-flag":["https:\/\/allbiomorocco.com\/wp-content\/uploads\/2026\/01\/Gemini_Generated_Image_79htgr79htgr79ht-1-307x546-1-7x12.png",7,12,true],"woocommerce_thumbnail":["https:\/\/allbiomorocco.com\/wp-content\/uploads\/2026\/01\/Gemini_Generated_Image_79htgr79htgr79ht-1-307x546-1-300x300.png",300,300,true],"woocommerce_single":["https:\/\/allbiomorocco.com\/wp-content\/uploads\/2026\/01\/Gemini_Generated_Image_79htgr79htgr79ht-1-307x546-1.png",307,546,false],"woocommerce_gallery_thumbnail":["https:\/\/allbiomorocco.com\/wp-content\/uploads\/2026\/01\/Gemini_Generated_Image_79htgr79htgr79ht-1-307x546-1-100x100.png",100,100,true]},"uagb_author_info":{"display_name":"NOUZHA ABARDAQ","author_link":"https:\/\/allbiomorocco.com\/en\/author\/"},"uagb_comment_info":0,"uagb_excerpt":"\u2728 Description L\u2019Eau Florale Oliban &amp; Roses est une lotion naturelle pr\u00e9cieuse obtenue par distillation douce de la r\u00e9sine d\u2019oliban (encens) et des p\u00e9tales de rose. Ce soin ancestral associe la puissance purifiante de l\u2019oliban \u00e0 la douceur apaisante de la rose pour offrir un v\u00e9ritable rituel de beaut\u00e9 naturel. Sa texture l\u00e9g\u00e8re et rafra\u00eechissante&hellip;","_links":{"self":[{"href":"https:\/\/allbiomorocco.com\/en\/wp-json\/wp\/v2\/product\/7660","targetHints":{"allow":["GET"]}}],"collection":[{"href":"https:\/\/allbiomorocco.com\/en\/wp-json\/wp\/v2\/product"}],"about":[{"href":"https:\/\/allbiomorocco.com\/en\/wp-json\/wp\/v2\/types\/product"}],"replies":[{"embeddable":true,"href":"https:\/\/allbiomorocco.com\/en\/wp-json\/wp\/v2\/comments?post=7660"}],"wp:featuredmedia":[{"embeddable":true,"href":"https:\/\/allbiomorocco.com\/en\/wp-json\/wp\/v2\/media\/8014"}],"wp:attachment":[{"href":"https:\/\/allbiomorocco.com\/en\/wp-json\/wp\/v2\/media?parent=7660"}],"wp:term":[{"taxonomy":"product_brand","embeddable":true,"href":"https:\/\/allbiomorocco.com\/en\/wp-json\/wp\/v2\/product_brand?post=7660"},{"taxonomy":"product_cat","embeddable":true,"href":"https:\/\/allbiomorocco.com\/en\/wp-json\/wp\/v2\/product_cat?post=7660"},{"taxonomy":"product_tag","embeddable":true,"href":"https:\/\/allbiomorocco.com\/en\/wp-json\/wp\/v2\/product_tag?post=7660"}],"curies":[{"name":"wp","href":"https:\/\/api.w.org\/{rel}","templated":true}]}}