{"id":7668,"date":"2026-01-21T13:49:45","date_gmt":"2026-01-21T13:49:45","guid":{"rendered":"https:\/\/allbiomorocco.com\/?post_type=product&#038;p=7668"},"modified":"2026-04-03T14:50:19","modified_gmt":"2026-04-03T14:50:19","slug":"huile-de-sesame","status":"publish","type":"product","link":"https:\/\/allbiomorocco.com\/en\/product\/huile-de-sesame\/","title":{"rendered":"Huile de S\u00e9same"},"content":{"rendered":"<p data-path-to-node=\"3\">Il existe g\u00e9n\u00e9ralement deux types d&rsquo;huile de s\u00e9same, selon le proc\u00e9d\u00e9 d&rsquo;extraction :<\/p>\n<ul data-path-to-node=\"4\">\n<li>\n<p data-path-to-node=\"4,0,0\"><b data-path-to-node=\"4,0,0\" data-index-in-node=\"0\">L&rsquo;huile de s\u00e9same vierge (pression \u00e0 froid) :<\/b> De couleur jaune clair, elle poss\u00e8de une odeur douce de c\u00e9r\u00e9ale. C&rsquo;est celle qu&rsquo;on privil\u00e9gie pour les soins de la peau et des cheveux.<\/p>\n<\/li>\n<li>\n<p data-path-to-node=\"4,1,0\"><b data-path-to-node=\"4,1,0\" data-index-in-node=\"0\">L&rsquo;huile de s\u00e9same grill\u00e9 :<\/b> De couleur ambr\u00e9e et \u00e0 l&rsquo;odeur intense de noisette grill\u00e9e, elle est principalement r\u00e9serv\u00e9e \u00e0 l&rsquo;usage culinaire.<\/p>\n<\/li>\n<li>\n<p data-path-to-node=\"4,2,0\"><b data-path-to-node=\"4,2,0\" data-index-in-node=\"0\">Composition :<\/b> Elle est exceptionnellement riche en <b data-path-to-node=\"4,2,0\" data-index-in-node=\"51\">antioxydants naturels<\/b> (s\u00e9samine, s\u00e9samoline, vitamine E) et contient un \u00e9quilibre parfait d&rsquo;acides gras essentiels (om\u00e9ga-6 et om\u00e9ga-9).<\/p>\n<\/li>\n<\/ul>\n<h2 data-path-to-node=\"6\"><b data-path-to-node=\"6\" data-index-in-node=\"0\">Principaux bienfaits<\/b><\/h2>\n<h3 data-path-to-node=\"7\"><b data-path-to-node=\"7\" data-index-in-node=\"0\">1. Pour la peau : R\u00e9g\u00e9n\u00e9ratrice et Protectrice<\/b><\/h3>\n<p data-path-to-node=\"8\">Gr\u00e2ce \u00e0 sa texture fluide qui p\u00e9n\u00e8tre rapidement sans laisser de film gras, elle est id\u00e9ale pour :<\/p>\n<ul data-path-to-node=\"9\">\n<li>\n<p data-path-to-node=\"9,0,0\"><b data-path-to-node=\"9,0,0\" data-index-in-node=\"0\">L&rsquo;action anti-\u00e2ge :<\/b> Sa richesse en antioxydants aide \u00e0 neutraliser les radicaux libres et \u00e0 lutter contre le vieillissement cutan\u00e9.<\/p>\n<\/li>\n<li>\n<p data-path-to-node=\"9,1,0\"><b data-path-to-node=\"9,1,0\" data-index-in-node=\"0\">Le soin des peaux irrit\u00e9es :<\/b> Ses propri\u00e9t\u00e9s anti-inflammatoires apaisent les rougeurs et les irritations (ecz\u00e9ma, psoriasis).<\/p>\n<\/li>\n<li>\n<p data-path-to-node=\"9,2,0\"><b data-path-to-node=\"9,2,0\" data-index-in-node=\"0\">La protection solaire l\u00e9g\u00e8re :<\/b> Elle contient des filtres UV naturels (environ SPF 4), ce qui en fait un excellent compl\u00e9ment pour prot\u00e9ger la peau des agressions ext\u00e9rieures.<\/p>\n<\/li>\n<\/ul>\n<h3 data-path-to-node=\"10\"><b data-path-to-node=\"10\" data-index-in-node=\"0\">2. Pour les cheveux : Fortifiante et Gainante<\/b><\/h3>\n<ul data-path-to-node=\"11\">\n<li>\n<p data-path-to-node=\"11,0,0\"><b data-path-to-node=\"11,0,0\" data-index-in-node=\"0\">Nutrition intense :<\/b> Elle nourrit la fibre capillaire en profondeur sans l&rsquo;alourdir.<\/p>\n<\/li>\n<li>\n<p data-path-to-node=\"11,1,0\"><b data-path-to-node=\"11,1,0\" data-index-in-node=\"0\">Cuir chevelu sain :<\/b> Ses propri\u00e9t\u00e9s antibact\u00e9riennes aident \u00e0 maintenir un cuir chevelu sain et peuvent pr\u00e9venir l&rsquo;apparition des pellicules.<\/p>\n<\/li>\n<li>\n<p data-path-to-node=\"11,2,0\"><b data-path-to-node=\"11,2,0\" data-index-in-node=\"0\">\u00c9clat :<\/b> Elle apporte une brillance naturelle aux cheveux ternes.<\/p>\n<\/li>\n<\/ul>\n<h3 data-path-to-node=\"12\"><b data-path-to-node=\"12\" data-index-in-node=\"0\">3. Pour le corps : L&rsquo;huile de massage par excellence<\/b><\/h3>\n<p data-path-to-node=\"13\">En raison de sa capacit\u00e9 \u00e0 p\u00e9n\u00e9trer profond\u00e9ment dans les tissus (jusqu&rsquo;aux os selon certaines traditions), elle est la base favorite pour les massages chauffants et d\u00e9toxifiants. Elle aide \u00e0 d\u00e9tendre les muscles et \u00e0 articulations.<\/p>\n<h3 data-path-to-node=\"14\"><b data-path-to-node=\"14\" data-index-in-node=\"0\">4. Sant\u00e9 bucco-dentaire (Oil Pulling)<\/b><\/h3>\n<p data-path-to-node=\"15\">Utilis\u00e9e en bain de bouche quotidien (m\u00e9thode <i data-path-to-node=\"15\" data-index-in-node=\"46\">Gandush<\/i>), elle aide \u00e0 \u00e9liminer les toxines, \u00e0 blanchir les dents naturellement et \u00e0 renforcer les gencives.<\/p>","protected":false},"excerpt":{"rendered":"<p>Il existe g\u00e9n\u00e9ralement deux types d&rsquo;huile de s\u00e9same, selon le proc\u00e9d\u00e9 d&rsquo;extraction : L&rsquo;huile de s\u00e9same vierge (pression \u00e0 froid) : De couleur jaune clair, elle poss\u00e8de une odeur douce de c\u00e9r\u00e9ale. C&rsquo;est celle qu&rsquo;on privil\u00e9gie pour les soins de la peau et des cheveux. L&rsquo;huile de s\u00e9same grill\u00e9 : De couleur ambr\u00e9e et \u00e0 [&hellip;]<\/p>\n","protected":false},"featured_media":7960,"comment_status":"closed","ping_status":"closed","template":"","meta":{"_uag_custom_page_level_css":"","site-sidebar-layout":"default","site-content-layout":"","ast-site-content-layout":"default","site-content-style":"default","site-sidebar-style":"default","ast-global-header-display":"","ast-banner-title-visibility":"","ast-main-header-display":"","ast-hfb-above-header-display":"","ast-hfb-below-header-display":"","ast-hfb-mobile-header-display":"","site-post-title":"","ast-breadcrumbs-content":"","ast-featured-img":"","footer-sml-layout":"","ast-disable-related-posts":"","theme-transparent-header-meta":"default","adv-header-id-meta":"","stick-header-meta":"","header-above-stick-meta":"","header-main-stick-meta":"","header-below-stick-meta":"","astra-migrate-meta-layouts":"set","ast-page-background-enabled":"default","ast-page-background-meta":{"desktop":{"background-color":"","background-image":"","background-repeat":"repeat","background-position":"center center","background-size":"auto","background-attachment":"scroll","background-type":"","background-media":"","overlay-type":"","overlay-color":"","overlay-opacity":"","overlay-gradient":""},"tablet":{"background-color":"","background-image":"","background-repeat":"repeat","background-position":"center center","background-size":"auto","background-attachment":"scroll","background-type":"","background-media":"","overlay-type":"","overlay-color":"","overlay-opacity":"","overlay-gradient":""},"mobile":{"background-color":"","background-image":"","background-repeat":"repeat","background-position":"center center","background-size":"auto","background-attachment":"scroll","background-type":"","background-media":"","overlay-type":"","overlay-color":"","overlay-opacity":"","overlay-gradient":""}},"ast-content-background-meta":{"desktop":{"background-color":"var(--ast-global-color-5)","background-image":"","background-repeat":"repeat","background-position":"center center","background-size":"auto","background-attachment":"scroll","background-type":"","background-media":"","overlay-type":"","overlay-color":"","overlay-opacity":"","overlay-gradient":""},"tablet":{"background-color":"var(--ast-global-color-5)","background-image":"","background-repeat":"repeat","background-position":"center center","background-size":"auto","background-attachment":"scroll","background-type":"","background-media":"","overlay-type":"","overlay-color":"","overlay-opacity":"","overlay-gradient":""},"mobile":{"background-color":"var(--ast-global-color-5)","background-image":"","background-repeat":"repeat","background-position":"center center","background-size":"auto","background-attachment":"scroll","background-type":"","background-media":"","overlay-type":"","overlay-color":"","overlay-opacity":"","overlay-gradient":""}}},"product_brand":[],"product_cat":[16],"product_tag":[],"class_list":{"0":"post-7668","1":"product","2":"type-product","3":"status-publish","4":"has-post-thumbnail","6":"product_cat-cosmetique","7":"desktop-align-center","8":"tablet-align-center","9":"mobile-align-center","11":"first","12":"instock","13":"shipping-taxable","14":"purchasable","15":"product-type-simple"},"aioseo_notices":[],"uagb_featured_image_src":{"full":["https:\/\/allbiomorocco.com\/wp-content\/uploads\/2026\/01\/huile_sesame-307x546-1.png",307,546,false],"thumbnail":["https:\/\/allbiomorocco.com\/wp-content\/uploads\/2026\/01\/huile_sesame-307x546-1-150x150.png",150,150,true],"medium":["https:\/\/allbiomorocco.com\/wp-content\/uploads\/2026\/01\/huile_sesame-307x546-1-169x300.png",169,300,true],"medium_large":["https:\/\/allbiomorocco.com\/wp-content\/uploads\/2026\/01\/huile_sesame-307x546-1.png",307,546,false],"large":["https:\/\/allbiomorocco.com\/wp-content\/uploads\/2026\/01\/huile_sesame-307x546-1.png",307,546,false],"1536x1536":["https:\/\/allbiomorocco.com\/wp-content\/uploads\/2026\/01\/huile_sesame-307x546-1.png",307,546,false],"2048x2048":["https:\/\/allbiomorocco.com\/wp-content\/uploads\/2026\/01\/huile_sesame-307x546-1.png",307,546,false],"trp-custom-language-flag":["https:\/\/allbiomorocco.com\/wp-content\/uploads\/2026\/01\/huile_sesame-307x546-1-7x12.png",7,12,true],"woocommerce_thumbnail":["https:\/\/allbiomorocco.com\/wp-content\/uploads\/2026\/01\/huile_sesame-307x546-1-300x300.png",300,300,true],"woocommerce_single":["https:\/\/allbiomorocco.com\/wp-content\/uploads\/2026\/01\/huile_sesame-307x546-1.png",307,546,false],"woocommerce_gallery_thumbnail":["https:\/\/allbiomorocco.com\/wp-content\/uploads\/2026\/01\/huile_sesame-307x546-1-100x100.png",100,100,true]},"uagb_author_info":{"display_name":"NOUZHA ABARDAQ","author_link":"https:\/\/allbiomorocco.com\/en\/author\/"},"uagb_comment_info":0,"uagb_excerpt":"Il existe g\u00e9n\u00e9ralement deux types d&rsquo;huile de s\u00e9same, selon le proc\u00e9d\u00e9 d&rsquo;extraction : L&rsquo;huile de s\u00e9same vierge (pression \u00e0 froid) : De couleur jaune clair, elle poss\u00e8de une odeur douce de c\u00e9r\u00e9ale. C&rsquo;est celle qu&rsquo;on privil\u00e9gie pour les soins de la peau et des cheveux. L&rsquo;huile de s\u00e9same grill\u00e9 : De couleur ambr\u00e9e et \u00e0&hellip;","_links":{"self":[{"href":"https:\/\/allbiomorocco.com\/en\/wp-json\/wp\/v2\/product\/7668","targetHints":{"allow":["GET"]}}],"collection":[{"href":"https:\/\/allbiomorocco.com\/en\/wp-json\/wp\/v2\/product"}],"about":[{"href":"https:\/\/allbiomorocco.com\/en\/wp-json\/wp\/v2\/types\/product"}],"replies":[{"embeddable":true,"href":"https:\/\/allbiomorocco.com\/en\/wp-json\/wp\/v2\/comments?post=7668"}],"wp:featuredmedia":[{"embeddable":true,"href":"https:\/\/allbiomorocco.com\/en\/wp-json\/wp\/v2\/media\/7960"}],"wp:attachment":[{"href":"https:\/\/allbiomorocco.com\/en\/wp-json\/wp\/v2\/media?parent=7668"}],"wp:term":[{"taxonomy":"product_brand","embeddable":true,"href":"https:\/\/allbiomorocco.com\/en\/wp-json\/wp\/v2\/product_brand?post=7668"},{"taxonomy":"product_cat","embeddable":true,"href":"https:\/\/allbiomorocco.com\/en\/wp-json\/wp\/v2\/product_cat?post=7668"},{"taxonomy":"product_tag","embeddable":true,"href":"https:\/\/allbiomorocco.com\/en\/wp-json\/wp\/v2\/product_tag?post=7668"}],"curies":[{"name":"wp","href":"https:\/\/api.w.org\/{rel}","templated":true}]}}