{"id":7672,"date":"2026-01-21T13:49:45","date_gmt":"2026-01-21T13:49:45","guid":{"rendered":"https:\/\/allbiomorocco.com\/?post_type=product&#038;p=7672"},"modified":"2026-04-03T15:12:58","modified_gmt":"2026-04-03T15:12:58","slug":"savon-fleur-oranger","status":"publish","type":"product","link":"https:\/\/allbiomorocco.com\/en\/product\/savon-fleur-oranger\/","title":{"rendered":"Savon Fleur Oranger"},"content":{"rendered":"<p data-path-to-node=\"3\">Ce savon est g\u00e9n\u00e9ralement con\u00e7u sur une base v\u00e9g\u00e9tale (huile d&rsquo;olive, de coco ou d&rsquo;argan) et enrichi soit en <b data-path-to-node=\"3\" data-index-in-node=\"109\">eau de fleur d&rsquo;oranger<\/b>, soit en <b data-path-to-node=\"3\" data-index-in-node=\"141\">huile essentielle de N\u00e9roli<\/b>.<\/p>\n<ul data-path-to-node=\"4\">\n<li>\n<p data-path-to-node=\"4,0,0\"><b data-path-to-node=\"4,0,0\" data-index-in-node=\"0\">Apparence :<\/b> Souvent pr\u00e9sent\u00e9 sous forme de pain solide artisanal, de couleur cr\u00e8me ou jaune p\u00e2le, ou en savon liquide onctueux.<\/p>\n<\/li>\n<li>\n<p data-path-to-node=\"4,1,0\"><b data-path-to-node=\"4,1,0\" data-index-in-node=\"0\">Parfum :<\/b> Son sillage est sa plus grande force : une fragrance florale, suave, l\u00e9g\u00e8rement poudr\u00e9e avec une pointe d&rsquo;amertume citronn\u00e9e. C&rsquo;est une odeur universellement appr\u00e9ci\u00e9e pour son c\u00f4t\u00e9 r\u00e9confortant.<\/p>\n<\/li>\n<li>\n<p data-path-to-node=\"4,2,0\"><b data-path-to-node=\"4,2,0\" data-index-in-node=\"0\">Composition :<\/b> Riche en principes actifs apaisants et en antioxydants naturels issus des p\u00e9tales de l&rsquo;oranger amer (<i data-path-to-node=\"4,2,0\" data-index-in-node=\"115\">Citrus aurantium<\/i>).<\/p>\n<\/li>\n<\/ul>\n<h2 data-path-to-node=\"6\"><b data-path-to-node=\"6\" data-index-in-node=\"0\">Principaux bienfaits<\/b><\/h2>\n<h3 data-path-to-node=\"7\"><b data-path-to-node=\"7\" data-index-in-node=\"0\">1. Pour la peau : Apaisement et \u00c9clat<\/b><\/h3>\n<p data-path-to-node=\"8\">La fleur d&rsquo;oranger est r\u00e9put\u00e9e pour sa douceur extr\u00eame, ce qui en fait un alli\u00e9 pour tous les types de peaux :<\/p>\n<ul data-path-to-node=\"9\">\n<li>\n<p data-path-to-node=\"9,0,0\"><b data-path-to-node=\"9,0,0\" data-index-in-node=\"0\">Action Adoucissante :<\/b> Elle calme les tiraillements et les irritations des peaux s\u00e8ches ou sensibles.<\/p>\n<\/li>\n<li>\n<p data-path-to-node=\"9,1,0\"><b data-path-to-node=\"9,1,0\" data-index-in-node=\"0\">Effet Tonifiant :<\/b> Elle aide \u00e0 raffermir les tissus et \u00e0 redonner de l&rsquo;\u00e9clat aux teints ternes.<\/p>\n<\/li>\n<li>\n<p data-path-to-node=\"9,2,0\"><b data-path-to-node=\"9,2,0\" data-index-in-node=\"0\">Propri\u00e9t\u00e9s R\u00e9g\u00e9n\u00e9rantes :<\/b> Elle favorise le renouvellement cellulaire, id\u00e9al pour pr\u00e9venir les signes du vieillissement.<\/p>\n<\/li>\n<\/ul>\n<h3 data-path-to-node=\"10\"><b data-path-to-node=\"10\" data-index-in-node=\"0\">2. Aromath\u00e9rapie : D\u00e9tente et Sommeil<\/b><\/h3>\n<p data-path-to-node=\"11\">L&rsquo;utilisation de ce savon sous la douche lib\u00e8re des mol\u00e9cules odorantes qui agissent directement sur le syst\u00e8me nerveux :<\/p>\n<ul data-path-to-node=\"12\">\n<li>\n<p data-path-to-node=\"12,0,0\"><b data-path-to-node=\"12,0,0\" data-index-in-node=\"0\">R\u00e9duction du stress :<\/b> Son parfum diminue l&rsquo;anxi\u00e9t\u00e9 et procure une sensation de bien-\u00eatre imm\u00e9diat.<\/p>\n<\/li>\n<li>\n<p data-path-to-node=\"12,1,0\"><b data-path-to-node=\"12,1,0\" data-index-in-node=\"0\">Aide au sommeil :<\/b> Utilis\u00e9 le soir, il pr\u00e9pare le corps au repos gr\u00e2ce \u00e0 ses vertus s\u00e9datives l\u00e9g\u00e8res.<\/p>\n<\/li>\n<\/ul>\n<h3 data-path-to-node=\"13\"><b data-path-to-node=\"13\" data-index-in-node=\"0\">3. Un soin universel<\/b><\/h3>\n<p data-path-to-node=\"14\">Contrairement \u00e0 certains savons plus techniques, celui-ci convient \u00e0 toute la famille, y compris les enfants, gr\u00e2ce \u00e0 sa formulation souvent tr\u00e8s douce et \u00e9quilibr\u00e9e.<\/p>","protected":false},"excerpt":{"rendered":"<p>Ce savon est g\u00e9n\u00e9ralement con\u00e7u sur une base v\u00e9g\u00e9tale (huile d&rsquo;olive, de coco ou d&rsquo;argan) et enrichi soit en eau de fleur d&rsquo;oranger, soit en huile essentielle de N\u00e9roli. Apparence : Souvent pr\u00e9sent\u00e9 sous forme de pain solide artisanal, de couleur cr\u00e8me ou jaune p\u00e2le, ou en savon liquide onctueux. Parfum : Son sillage est [&hellip;]<\/p>\n","protected":false},"featured_media":7854,"comment_status":"closed","ping_status":"closed","template":"","meta":{"_uag_custom_page_level_css":"","site-sidebar-layout":"default","site-content-layout":"","ast-site-content-layout":"default","site-content-style":"default","site-sidebar-style":"default","ast-global-header-display":"","ast-banner-title-visibility":"","ast-main-header-display":"","ast-hfb-above-header-display":"","ast-hfb-below-header-display":"","ast-hfb-mobile-header-display":"","site-post-title":"","ast-breadcrumbs-content":"","ast-featured-img":"","footer-sml-layout":"","ast-disable-related-posts":"","theme-transparent-header-meta":"default","adv-header-id-meta":"","stick-header-meta":"","header-above-stick-meta":"","header-main-stick-meta":"","header-below-stick-meta":"","astra-migrate-meta-layouts":"set","ast-page-background-enabled":"default","ast-page-background-meta":{"desktop":{"background-color":"","background-image":"","background-repeat":"repeat","background-position":"center center","background-size":"auto","background-attachment":"scroll","background-type":"","background-media":"","overlay-type":"","overlay-color":"","overlay-opacity":"","overlay-gradient":""},"tablet":{"background-color":"","background-image":"","background-repeat":"repeat","background-position":"center center","background-size":"auto","background-attachment":"scroll","background-type":"","background-media":"","overlay-type":"","overlay-color":"","overlay-opacity":"","overlay-gradient":""},"mobile":{"background-color":"","background-image":"","background-repeat":"repeat","background-position":"center center","background-size":"auto","background-attachment":"scroll","background-type":"","background-media":"","overlay-type":"","overlay-color":"","overlay-opacity":"","overlay-gradient":""}},"ast-content-background-meta":{"desktop":{"background-color":"var(--ast-global-color-5)","background-image":"","background-repeat":"repeat","background-position":"center center","background-size":"auto","background-attachment":"scroll","background-type":"","background-media":"","overlay-type":"","overlay-color":"","overlay-opacity":"","overlay-gradient":""},"tablet":{"background-color":"var(--ast-global-color-5)","background-image":"","background-repeat":"repeat","background-position":"center center","background-size":"auto","background-attachment":"scroll","background-type":"","background-media":"","overlay-type":"","overlay-color":"","overlay-opacity":"","overlay-gradient":""},"mobile":{"background-color":"var(--ast-global-color-5)","background-image":"","background-repeat":"repeat","background-position":"center center","background-size":"auto","background-attachment":"scroll","background-type":"","background-media":"","overlay-type":"","overlay-color":"","overlay-opacity":"","overlay-gradient":""}}},"product_brand":[],"product_cat":[16],"product_tag":[],"class_list":{"0":"post-7672","1":"product","2":"type-product","3":"status-publish","4":"has-post-thumbnail","6":"product_cat-cosmetique","7":"desktop-align-center","8":"tablet-align-center","9":"mobile-align-center","11":"first","12":"instock","13":"shipping-taxable","14":"purchasable","15":"product-type-simple"},"aioseo_notices":[],"uagb_featured_image_src":{"full":["https:\/\/allbiomorocco.com\/wp-content\/uploads\/2026\/03\/savan_fleur_dorange.jpg",714,1024,false],"thumbnail":["https:\/\/allbiomorocco.com\/wp-content\/uploads\/2026\/03\/savan_fleur_dorange-150x150.jpg",150,150,true],"medium":["https:\/\/allbiomorocco.com\/wp-content\/uploads\/2026\/03\/savan_fleur_dorange-209x300.jpg",209,300,true],"medium_large":["https:\/\/allbiomorocco.com\/wp-content\/uploads\/2026\/03\/savan_fleur_dorange.jpg",714,1024,false],"large":["https:\/\/allbiomorocco.com\/wp-content\/uploads\/2026\/03\/savan_fleur_dorange.jpg",714,1024,false],"1536x1536":["https:\/\/allbiomorocco.com\/wp-content\/uploads\/2026\/03\/savan_fleur_dorange.jpg",714,1024,false],"2048x2048":["https:\/\/allbiomorocco.com\/wp-content\/uploads\/2026\/03\/savan_fleur_dorange.jpg",714,1024,false],"trp-custom-language-flag":["https:\/\/allbiomorocco.com\/wp-content\/uploads\/2026\/03\/savan_fleur_dorange-8x12.jpg",8,12,true],"woocommerce_thumbnail":["https:\/\/allbiomorocco.com\/wp-content\/uploads\/2026\/03\/savan_fleur_dorange-300x300.jpg",300,300,true],"woocommerce_single":["https:\/\/allbiomorocco.com\/wp-content\/uploads\/2026\/03\/savan_fleur_dorange-600x861.jpg",600,861,true],"woocommerce_gallery_thumbnail":["https:\/\/allbiomorocco.com\/wp-content\/uploads\/2026\/03\/savan_fleur_dorange-100x100.jpg",100,100,true]},"uagb_author_info":{"display_name":"NOUZHA ABARDAQ","author_link":"https:\/\/allbiomorocco.com\/en\/author\/"},"uagb_comment_info":0,"uagb_excerpt":"Ce savon est g\u00e9n\u00e9ralement con\u00e7u sur une base v\u00e9g\u00e9tale (huile d&rsquo;olive, de coco ou d&rsquo;argan) et enrichi soit en eau de fleur d&rsquo;oranger, soit en huile essentielle de N\u00e9roli. Apparence : Souvent pr\u00e9sent\u00e9 sous forme de pain solide artisanal, de couleur cr\u00e8me ou jaune p\u00e2le, ou en savon liquide onctueux. Parfum : Son sillage est&hellip;","_links":{"self":[{"href":"https:\/\/allbiomorocco.com\/en\/wp-json\/wp\/v2\/product\/7672","targetHints":{"allow":["GET"]}}],"collection":[{"href":"https:\/\/allbiomorocco.com\/en\/wp-json\/wp\/v2\/product"}],"about":[{"href":"https:\/\/allbiomorocco.com\/en\/wp-json\/wp\/v2\/types\/product"}],"replies":[{"embeddable":true,"href":"https:\/\/allbiomorocco.com\/en\/wp-json\/wp\/v2\/comments?post=7672"}],"wp:featuredmedia":[{"embeddable":true,"href":"https:\/\/allbiomorocco.com\/en\/wp-json\/wp\/v2\/media\/7854"}],"wp:attachment":[{"href":"https:\/\/allbiomorocco.com\/en\/wp-json\/wp\/v2\/media?parent=7672"}],"wp:term":[{"taxonomy":"product_brand","embeddable":true,"href":"https:\/\/allbiomorocco.com\/en\/wp-json\/wp\/v2\/product_brand?post=7672"},{"taxonomy":"product_cat","embeddable":true,"href":"https:\/\/allbiomorocco.com\/en\/wp-json\/wp\/v2\/product_cat?post=7672"},{"taxonomy":"product_tag","embeddable":true,"href":"https:\/\/allbiomorocco.com\/en\/wp-json\/wp\/v2\/product_tag?post=7672"}],"curies":[{"name":"wp","href":"https:\/\/api.w.org\/{rel}","templated":true}]}}