{"id":7673,"date":"2026-01-21T13:49:45","date_gmt":"2026-01-21T13:49:45","guid":{"rendered":"https:\/\/allbiomorocco.com\/?post_type=product&#038;p=7673"},"modified":"2026-04-03T15:17:29","modified_gmt":"2026-04-03T15:17:29","slug":"musk-musc-tahara","status":"publish","type":"product","link":"https:\/\/allbiomorocco.com\/en\/product\/musk-musc-tahara\/","title":{"rendered":"Musk  Tahara"},"content":{"rendered":"<p data-path-to-node=\"3\">\u00ab Musc de la puret\u00e9 \u00bb, il se reconna\u00eet imm\u00e9diatement \u00e0 ses caract\u00e9ristiques physiques et olfactives :<\/p>\n<ul data-path-to-node=\"4\">\n<li>\n<p data-path-to-node=\"4,0,0\"><b data-path-to-node=\"4,0,0\" data-index-in-node=\"0\">Texture :<\/b> Sa consistance est <b data-path-to-node=\"4,0,0\" data-index-in-node=\"29\">\u00e9paisse, cr\u00e9meuse, presque sirupeuse<\/b>. Contrairement aux parfums liquides, il ne coule pas et s&rsquo;applique par petites touches.<\/p>\n<\/li>\n<li>\n<p data-path-to-node=\"4,1,0\"><b data-path-to-node=\"4,1,0\" data-index-in-node=\"0\">Couleur :<\/b> Un blanc opaque, immacul\u00e9, \u00e9voquant la propret\u00e9.<\/p>\n<\/li>\n<li>\n<p data-path-to-node=\"4,2,0\"><b data-path-to-node=\"4,2,0\" data-index-in-node=\"0\">Profil Olfactif :<\/b> Une fragrance douce, poudr\u00e9e et cotonneuse. On y retrouve souvent des notes de <b data-path-to-node=\"4,2,0\" data-index-in-node=\"97\">fleur de lotus, de musc blanc et de vanille<\/b>. C\u2019est une odeur qui rappelle le savon de luxe ou le linge propre.<\/p>\n<\/li>\n<li>\n<p data-path-to-node=\"4,3,0\"><b data-path-to-node=\"4,3,0\" data-index-in-node=\"0\">Composition :<\/b> Il est g\u00e9n\u00e9ralement formul\u00e9 sans alcool, ce qui le rend moins agressif pour la peau et permet une \u00e9vaporation beaucoup plus lente.<\/p>\n<\/li>\n<\/ul>\n<h2 data-path-to-node=\"6\"><b data-path-to-node=\"6\" data-index-in-node=\"0\">Principaux bienfaits<\/b><\/h2>\n<h3 data-path-to-node=\"7\"><b data-path-to-node=\"7\" data-index-in-node=\"0\">1. Une tenue exceptionnelle<\/b><\/h3>\n<p data-path-to-node=\"8\">Gr\u00e2ce \u00e0 sa texture visqueuse et concentr\u00e9e, le Musk Tahara accroche la peau. Une infime goutte suffit pour diffuser une odeur agr\u00e9able pendant <b data-path-to-node=\"8\" data-index-in-node=\"143\">24 \u00e0 48 heures<\/b>. Il r\u00e9siste mieux \u00e0 la transpiration que les eaux de toilette classiques.<\/p>\n<h3 data-path-to-node=\"9\"><b data-path-to-node=\"9\" data-index-in-node=\"0\">2. Fra\u00eecheur et Hygi\u00e8ne<\/b><\/h3>\n<p data-path-to-node=\"10\">Il procure une sensation imm\u00e9diate de \u00ab\u00a0sortie de douche\u00a0\u00bb. Il est traditionnellement utilis\u00e9 pour finaliser la toilette intime (usage externe uniquement), offrant une assurance de fra\u00eecheur tout au long de la journ\u00e9e.<\/p>\n<h3 data-path-to-node=\"11\"><b data-path-to-node=\"11\" data-index-in-node=\"0\">3. Douceur pour la peau<\/b><\/h3>\n<p data-path-to-node=\"12\">\u00c9tant souvent sans alcool, il est mieux tol\u00e9r\u00e9 par les peaux sensibles. Il ne pique pas et ne dess\u00e8che pas l&rsquo;\u00e9piderme, laissant au contraire un fini velout\u00e9 sur les zones d&rsquo;application.<\/p>\n<h3 data-path-to-node=\"13\"><b data-path-to-node=\"13\" data-index-in-node=\"0\">4. Effet Psychologique<\/b><\/h3>\n<p data-path-to-node=\"14\">Son parfum poudr\u00e9 a des vertus apaisantes. Il booste la confiance en soi en d\u00e9gageant une aura de propret\u00e9 irr\u00e9prochable et de discr\u00e9tion \u00e9l\u00e9gante.<\/p>","protected":false},"excerpt":{"rendered":"<p>\u00ab Musc de la puret\u00e9 \u00bb, il se reconna\u00eet imm\u00e9diatement \u00e0 ses caract\u00e9ristiques physiques et olfactives : Texture : Sa consistance est \u00e9paisse, cr\u00e9meuse, presque sirupeuse. Contrairement aux parfums liquides, il ne coule pas et s&rsquo;applique par petites touches. Couleur : Un blanc opaque, immacul\u00e9, \u00e9voquant la propret\u00e9. Profil Olfactif : Une fragrance douce, poudr\u00e9e [&hellip;]<\/p>\n","protected":false},"featured_media":7836,"comment_status":"closed","ping_status":"closed","template":"","meta":{"_uag_custom_page_level_css":"","site-sidebar-layout":"default","site-content-layout":"","ast-site-content-layout":"default","site-content-style":"default","site-sidebar-style":"default","ast-global-header-display":"","ast-banner-title-visibility":"","ast-main-header-display":"","ast-hfb-above-header-display":"","ast-hfb-below-header-display":"","ast-hfb-mobile-header-display":"","site-post-title":"","ast-breadcrumbs-content":"","ast-featured-img":"","footer-sml-layout":"","ast-disable-related-posts":"","theme-transparent-header-meta":"default","adv-header-id-meta":"","stick-header-meta":"","header-above-stick-meta":"","header-main-stick-meta":"","header-below-stick-meta":"","astra-migrate-meta-layouts":"set","ast-page-background-enabled":"default","ast-page-background-meta":{"desktop":{"background-color":"","background-image":"","background-repeat":"repeat","background-position":"center center","background-size":"auto","background-attachment":"scroll","background-type":"","background-media":"","overlay-type":"","overlay-color":"","overlay-opacity":"","overlay-gradient":""},"tablet":{"background-color":"","background-image":"","background-repeat":"repeat","background-position":"center center","background-size":"auto","background-attachment":"scroll","background-type":"","background-media":"","overlay-type":"","overlay-color":"","overlay-opacity":"","overlay-gradient":""},"mobile":{"background-color":"","background-image":"","background-repeat":"repeat","background-position":"center center","background-size":"auto","background-attachment":"scroll","background-type":"","background-media":"","overlay-type":"","overlay-color":"","overlay-opacity":"","overlay-gradient":""}},"ast-content-background-meta":{"desktop":{"background-color":"var(--ast-global-color-5)","background-image":"","background-repeat":"repeat","background-position":"center center","background-size":"auto","background-attachment":"scroll","background-type":"","background-media":"","overlay-type":"","overlay-color":"","overlay-opacity":"","overlay-gradient":""},"tablet":{"background-color":"var(--ast-global-color-5)","background-image":"","background-repeat":"repeat","background-position":"center center","background-size":"auto","background-attachment":"scroll","background-type":"","background-media":"","overlay-type":"","overlay-color":"","overlay-opacity":"","overlay-gradient":""},"mobile":{"background-color":"var(--ast-global-color-5)","background-image":"","background-repeat":"repeat","background-position":"center center","background-size":"auto","background-attachment":"scroll","background-type":"","background-media":"","overlay-type":"","overlay-color":"","overlay-opacity":"","overlay-gradient":""}}},"product_brand":[],"product_cat":[16],"product_tag":[],"class_list":{"0":"post-7673","1":"product","2":"type-product","3":"status-publish","4":"has-post-thumbnail","6":"product_cat-cosmetique","7":"desktop-align-center","8":"tablet-align-center","9":"mobile-align-center","11":"first","12":"instock","13":"shipping-taxable","14":"purchasable","15":"product-type-simple"},"aioseo_notices":[],"uagb_featured_image_src":{"full":["https:\/\/allbiomorocco.com\/wp-content\/uploads\/2026\/03\/musk_tahara.jpg",714,1024,false],"thumbnail":["https:\/\/allbiomorocco.com\/wp-content\/uploads\/2026\/03\/musk_tahara-150x150.jpg",150,150,true],"medium":["https:\/\/allbiomorocco.com\/wp-content\/uploads\/2026\/03\/musk_tahara-209x300.jpg",209,300,true],"medium_large":["https:\/\/allbiomorocco.com\/wp-content\/uploads\/2026\/03\/musk_tahara.jpg",714,1024,false],"large":["https:\/\/allbiomorocco.com\/wp-content\/uploads\/2026\/03\/musk_tahara.jpg",714,1024,false],"1536x1536":["https:\/\/allbiomorocco.com\/wp-content\/uploads\/2026\/03\/musk_tahara.jpg",714,1024,false],"2048x2048":["https:\/\/allbiomorocco.com\/wp-content\/uploads\/2026\/03\/musk_tahara.jpg",714,1024,false],"trp-custom-language-flag":["https:\/\/allbiomorocco.com\/wp-content\/uploads\/2026\/03\/musk_tahara-8x12.jpg",8,12,true],"woocommerce_thumbnail":["https:\/\/allbiomorocco.com\/wp-content\/uploads\/2026\/03\/musk_tahara-300x300.jpg",300,300,true],"woocommerce_single":["https:\/\/allbiomorocco.com\/wp-content\/uploads\/2026\/03\/musk_tahara-600x861.jpg",600,861,true],"woocommerce_gallery_thumbnail":["https:\/\/allbiomorocco.com\/wp-content\/uploads\/2026\/03\/musk_tahara-100x100.jpg",100,100,true]},"uagb_author_info":{"display_name":"NOUZHA ABARDAQ","author_link":"https:\/\/allbiomorocco.com\/en\/author\/"},"uagb_comment_info":0,"uagb_excerpt":"\u00ab Musc de la puret\u00e9 \u00bb, il se reconna\u00eet imm\u00e9diatement \u00e0 ses caract\u00e9ristiques physiques et olfactives : Texture : Sa consistance est \u00e9paisse, cr\u00e9meuse, presque sirupeuse. Contrairement aux parfums liquides, il ne coule pas et s&rsquo;applique par petites touches. Couleur : Un blanc opaque, immacul\u00e9, \u00e9voquant la propret\u00e9. Profil Olfactif : Une fragrance douce, poudr\u00e9e&hellip;","_links":{"self":[{"href":"https:\/\/allbiomorocco.com\/en\/wp-json\/wp\/v2\/product\/7673","targetHints":{"allow":["GET"]}}],"collection":[{"href":"https:\/\/allbiomorocco.com\/en\/wp-json\/wp\/v2\/product"}],"about":[{"href":"https:\/\/allbiomorocco.com\/en\/wp-json\/wp\/v2\/types\/product"}],"replies":[{"embeddable":true,"href":"https:\/\/allbiomorocco.com\/en\/wp-json\/wp\/v2\/comments?post=7673"}],"wp:featuredmedia":[{"embeddable":true,"href":"https:\/\/allbiomorocco.com\/en\/wp-json\/wp\/v2\/media\/7836"}],"wp:attachment":[{"href":"https:\/\/allbiomorocco.com\/en\/wp-json\/wp\/v2\/media?parent=7673"}],"wp:term":[{"taxonomy":"product_brand","embeddable":true,"href":"https:\/\/allbiomorocco.com\/en\/wp-json\/wp\/v2\/product_brand?post=7673"},{"taxonomy":"product_cat","embeddable":true,"href":"https:\/\/allbiomorocco.com\/en\/wp-json\/wp\/v2\/product_cat?post=7673"},{"taxonomy":"product_tag","embeddable":true,"href":"https:\/\/allbiomorocco.com\/en\/wp-json\/wp\/v2\/product_tag?post=7673"}],"curies":[{"name":"wp","href":"https:\/\/api.w.org\/{rel}","templated":true}]}}