{"id":7677,"date":"2026-01-21T13:49:45","date_gmt":"2026-01-21T13:49:45","guid":{"rendered":"https:\/\/allbiomorocco.com\/?post_type=product&#038;p=7677"},"modified":"2026-04-03T15:55:15","modified_gmt":"2026-04-03T15:55:15","slug":"huile-massage-fleur-d-oranger","status":"publish","type":"product","link":"https:\/\/allbiomorocco.com\/en\/product\/huile-massage-fleur-d-oranger\/","title":{"rendered":"Huile Massage Fleur D&rsquo; oranger"},"content":{"rendered":"<p data-path-to-node=\"3\">Ce soin est \u00e9labor\u00e9 \u00e0 partir d&rsquo;une mac\u00e9ration de p\u00e9tales de fleurs d&rsquo;oranger amer (<i data-path-to-node=\"3\" data-index-in-node=\"83\">Citrus aurantium<\/i>) ou enrichi en huile essentielle de N\u00e9roli et en petit grain bigarade.<\/p>\n<ul data-path-to-node=\"4\">\n<li>\n<p data-path-to-node=\"4,0,0\"><b data-path-to-node=\"4,0,0\" data-index-in-node=\"0\">Texture :<\/b> Fluide, fine et soyeuse. Elle est con\u00e7ue pour une p\u00e9n\u00e9tration lente, permettant un massage prolong\u00e9 sans laisser de r\u00e9sidu collant.<\/p>\n<\/li>\n<li>\n<p data-path-to-node=\"4,1,0\"><b data-path-to-node=\"4,1,0\" data-index-in-node=\"0\">Parfum :<\/b> Une fragrance florale iconique, \u00e0 la fois suave, miell\u00e9e et l\u00e9g\u00e8rement zest\u00e9e. C&rsquo;est une odeur \u00ab\u00a0souvenir\u00a0\u00bb qui \u00e9voque la puret\u00e9, l&rsquo;enfance et les jardins ensoleill\u00e9s.<\/p>\n<\/li>\n<li>\n<p data-path-to-node=\"4,2,0\"><b data-path-to-node=\"4,2,0\" data-index-in-node=\"0\">Composition :<\/b> G\u00e9n\u00e9ralement associ\u00e9e \u00e0 des huiles protectrices comme l&rsquo;<b data-path-to-node=\"4,2,0\" data-index-in-node=\"70\">huile d&rsquo;Argan<\/b> ou l&rsquo;<b data-path-to-node=\"4,2,0\" data-index-in-node=\"89\">huile d&rsquo;Amande douce<\/b>, renfor\u00e7ant son pouvoir adoucissant.<\/p>\n<\/li>\n<\/ul>\n<h2 data-path-to-node=\"6\"><b data-path-to-node=\"6\" data-index-in-node=\"0\">Principaux bienfaits<\/b><\/h2>\n<h3 data-path-to-node=\"7\"><b data-path-to-node=\"7\" data-index-in-node=\"0\">1. Relaxation Nerveuse Profonde<\/b><\/h3>\n<p data-path-to-node=\"8\">La fleur d&rsquo;oranger est l&rsquo;un des meilleurs anti-stress naturels en aromath\u00e9rapie :<\/p>\n<ul data-path-to-node=\"9\">\n<li>\n<p data-path-to-node=\"9,0,0\"><b data-path-to-node=\"9,0,0\" data-index-in-node=\"0\">Apaisement imm\u00e9diat :<\/b> Elle aide \u00e0 dissiper l&rsquo;anxi\u00e9t\u00e9, la nervosit\u00e9 et les tensions \u00e9motionnelles.<\/p>\n<\/li>\n<li>\n<p data-path-to-node=\"9,1,0\"><b data-path-to-node=\"9,1,0\" data-index-in-node=\"0\">Harmonisation :<\/b> Elle r\u00e9\u00e9quilibre le syst\u00e8me nerveux, offrant une sensation de paix int\u00e9rieure durable.<\/p>\n<\/li>\n<\/ul>\n<h3 data-path-to-node=\"10\"><b data-path-to-node=\"10\" data-index-in-node=\"0\">2. R\u00e9g\u00e9n\u00e9ration et \u00c9clat de la Peau<\/b><\/h3>\n<p data-path-to-node=\"11\">Au-del\u00e0 de son parfum, elle poss\u00e8de de r\u00e9elles vertus dermatologiques :<\/p>\n<ul data-path-to-node=\"12\">\n<li>\n<p data-path-to-node=\"12,0,0\"><b data-path-to-node=\"12,0,0\" data-index-in-node=\"0\">Tonifiante :<\/b> Elle redonne de l&rsquo;\u00e9lasticit\u00e9 et de la fermet\u00e9 aux tissus cutan\u00e9s.<\/p>\n<\/li>\n<li>\n<p data-path-to-node=\"12,1,0\"><b data-path-to-node=\"12,1,0\" data-index-in-node=\"0\">R\u00e9g\u00e9n\u00e9rante :<\/b> Elle favorise le renouvellement des cellules, ce qui en fait un excellent soin anti-\u00e2ge pour le corps.<\/p>\n<\/li>\n<li>\n<p data-path-to-node=\"12,2,0\"><b data-path-to-node=\"12,2,0\" data-index-in-node=\"0\">Adoucissante :<\/b> Elle calme les peaux s\u00e8ches et sensibles, les laissant velout\u00e9es au toucher.<\/p>\n<\/li>\n<\/ul>\n<h3 data-path-to-node=\"13\"><b data-path-to-node=\"13\" data-index-in-node=\"0\">3. Aide au Sommeil<\/b><\/h3>\n<p data-path-to-node=\"14\">Un massage avec cette huile avant le coucher est id\u00e9al pour les personnes souffrant d&rsquo;insomnie. Elle pr\u00e9pare le mental au repos en installant un climat de s\u00e9curit\u00e9 et de confort.<\/p>","protected":false},"excerpt":{"rendered":"<p>Ce soin est \u00e9labor\u00e9 \u00e0 partir d&rsquo;une mac\u00e9ration de p\u00e9tales de fleurs d&rsquo;oranger amer (Citrus aurantium) ou enrichi en huile essentielle de N\u00e9roli et en petit grain bigarade. Texture : Fluide, fine et soyeuse. Elle est con\u00e7ue pour une p\u00e9n\u00e9tration lente, permettant un massage prolong\u00e9 sans laisser de r\u00e9sidu collant. Parfum : Une fragrance florale [&hellip;]<\/p>\n","protected":false},"featured_media":7973,"comment_status":"closed","ping_status":"closed","template":"","meta":{"_uag_custom_page_level_css":"","site-sidebar-layout":"default","site-content-layout":"","ast-site-content-layout":"default","site-content-style":"default","site-sidebar-style":"default","ast-global-header-display":"","ast-banner-title-visibility":"","ast-main-header-display":"","ast-hfb-above-header-display":"","ast-hfb-below-header-display":"","ast-hfb-mobile-header-display":"","site-post-title":"","ast-breadcrumbs-content":"","ast-featured-img":"","footer-sml-layout":"","ast-disable-related-posts":"","theme-transparent-header-meta":"default","adv-header-id-meta":"","stick-header-meta":"","header-above-stick-meta":"","header-main-stick-meta":"","header-below-stick-meta":"","astra-migrate-meta-layouts":"set","ast-page-background-enabled":"default","ast-page-background-meta":{"desktop":{"background-color":"","background-image":"","background-repeat":"repeat","background-position":"center center","background-size":"auto","background-attachment":"scroll","background-type":"","background-media":"","overlay-type":"","overlay-color":"","overlay-opacity":"","overlay-gradient":""},"tablet":{"background-color":"","background-image":"","background-repeat":"repeat","background-position":"center center","background-size":"auto","background-attachment":"scroll","background-type":"","background-media":"","overlay-type":"","overlay-color":"","overlay-opacity":"","overlay-gradient":""},"mobile":{"background-color":"","background-image":"","background-repeat":"repeat","background-position":"center center","background-size":"auto","background-attachment":"scroll","background-type":"","background-media":"","overlay-type":"","overlay-color":"","overlay-opacity":"","overlay-gradient":""}},"ast-content-background-meta":{"desktop":{"background-color":"var(--ast-global-color-5)","background-image":"","background-repeat":"repeat","background-position":"center center","background-size":"auto","background-attachment":"scroll","background-type":"","background-media":"","overlay-type":"","overlay-color":"","overlay-opacity":"","overlay-gradient":""},"tablet":{"background-color":"var(--ast-global-color-5)","background-image":"","background-repeat":"repeat","background-position":"center center","background-size":"auto","background-attachment":"scroll","background-type":"","background-media":"","overlay-type":"","overlay-color":"","overlay-opacity":"","overlay-gradient":""},"mobile":{"background-color":"var(--ast-global-color-5)","background-image":"","background-repeat":"repeat","background-position":"center center","background-size":"auto","background-attachment":"scroll","background-type":"","background-media":"","overlay-type":"","overlay-color":"","overlay-opacity":"","overlay-gradient":""}}},"product_brand":[],"product_cat":[16],"product_tag":[],"class_list":{"0":"post-7677","1":"product","2":"type-product","3":"status-publish","4":"has-post-thumbnail","6":"product_cat-cosmetique","7":"desktop-align-center","8":"tablet-align-center","9":"mobile-align-center","11":"first","12":"instock","13":"shipping-taxable","14":"purchasable","15":"product-type-simple"},"aioseo_notices":[],"uagb_featured_image_src":{"full":["https:\/\/allbiomorocco.com\/wp-content\/uploads\/2026\/01\/Gemini_Generated_Image_bfvl23bfvl23bfvl-1-409x409-1.png",409,409,false],"thumbnail":["https:\/\/allbiomorocco.com\/wp-content\/uploads\/2026\/01\/Gemini_Generated_Image_bfvl23bfvl23bfvl-1-409x409-1-150x150.png",150,150,true],"medium":["https:\/\/allbiomorocco.com\/wp-content\/uploads\/2026\/01\/Gemini_Generated_Image_bfvl23bfvl23bfvl-1-409x409-1-300x300.png",300,300,true],"medium_large":["https:\/\/allbiomorocco.com\/wp-content\/uploads\/2026\/01\/Gemini_Generated_Image_bfvl23bfvl23bfvl-1-409x409-1.png",409,409,false],"large":["https:\/\/allbiomorocco.com\/wp-content\/uploads\/2026\/01\/Gemini_Generated_Image_bfvl23bfvl23bfvl-1-409x409-1.png",409,409,false],"1536x1536":["https:\/\/allbiomorocco.com\/wp-content\/uploads\/2026\/01\/Gemini_Generated_Image_bfvl23bfvl23bfvl-1-409x409-1.png",409,409,false],"2048x2048":["https:\/\/allbiomorocco.com\/wp-content\/uploads\/2026\/01\/Gemini_Generated_Image_bfvl23bfvl23bfvl-1-409x409-1.png",409,409,false],"trp-custom-language-flag":["https:\/\/allbiomorocco.com\/wp-content\/uploads\/2026\/01\/Gemini_Generated_Image_bfvl23bfvl23bfvl-1-409x409-1-12x12.png",12,12,true],"woocommerce_thumbnail":["https:\/\/allbiomorocco.com\/wp-content\/uploads\/2026\/01\/Gemini_Generated_Image_bfvl23bfvl23bfvl-1-409x409-1-300x300.png",300,300,true],"woocommerce_single":["https:\/\/allbiomorocco.com\/wp-content\/uploads\/2026\/01\/Gemini_Generated_Image_bfvl23bfvl23bfvl-1-409x409-1.png",409,409,false],"woocommerce_gallery_thumbnail":["https:\/\/allbiomorocco.com\/wp-content\/uploads\/2026\/01\/Gemini_Generated_Image_bfvl23bfvl23bfvl-1-409x409-1-100x100.png",100,100,true]},"uagb_author_info":{"display_name":"NOUZHA ABARDAQ","author_link":"https:\/\/allbiomorocco.com\/en\/author\/"},"uagb_comment_info":0,"uagb_excerpt":"Ce soin est \u00e9labor\u00e9 \u00e0 partir d&rsquo;une mac\u00e9ration de p\u00e9tales de fleurs d&rsquo;oranger amer (Citrus aurantium) ou enrichi en huile essentielle de N\u00e9roli et en petit grain bigarade. Texture : Fluide, fine et soyeuse. Elle est con\u00e7ue pour une p\u00e9n\u00e9tration lente, permettant un massage prolong\u00e9 sans laisser de r\u00e9sidu collant. Parfum : Une fragrance florale&hellip;","_links":{"self":[{"href":"https:\/\/allbiomorocco.com\/en\/wp-json\/wp\/v2\/product\/7677","targetHints":{"allow":["GET"]}}],"collection":[{"href":"https:\/\/allbiomorocco.com\/en\/wp-json\/wp\/v2\/product"}],"about":[{"href":"https:\/\/allbiomorocco.com\/en\/wp-json\/wp\/v2\/types\/product"}],"replies":[{"embeddable":true,"href":"https:\/\/allbiomorocco.com\/en\/wp-json\/wp\/v2\/comments?post=7677"}],"wp:featuredmedia":[{"embeddable":true,"href":"https:\/\/allbiomorocco.com\/en\/wp-json\/wp\/v2\/media\/7973"}],"wp:attachment":[{"href":"https:\/\/allbiomorocco.com\/en\/wp-json\/wp\/v2\/media?parent=7677"}],"wp:term":[{"taxonomy":"product_brand","embeddable":true,"href":"https:\/\/allbiomorocco.com\/en\/wp-json\/wp\/v2\/product_brand?post=7677"},{"taxonomy":"product_cat","embeddable":true,"href":"https:\/\/allbiomorocco.com\/en\/wp-json\/wp\/v2\/product_cat?post=7677"},{"taxonomy":"product_tag","embeddable":true,"href":"https:\/\/allbiomorocco.com\/en\/wp-json\/wp\/v2\/product_tag?post=7677"}],"curies":[{"name":"wp","href":"https:\/\/api.w.org\/{rel}","templated":true}]}}