{"id":7683,"date":"2026-01-21T13:49:46","date_gmt":"2026-01-21T13:49:46","guid":{"rendered":"https:\/\/allbiomorocco.com\/?post_type=product&#038;p=7683"},"modified":"2026-04-11T19:03:08","modified_gmt":"2026-04-11T19:03:08","slug":"gel-douche-noix-abricot","status":"publish","type":"product","link":"https:\/\/allbiomorocco.com\/en\/product\/gel-douche-noix-abricot\/","title":{"rendered":"Huile Chanvre"},"content":{"rendered":"<h3 data-section-id=\"1g87749\" data-start=\"105\" data-end=\"146\"><span role=\"text\">\ud83c\udf3f <strong data-start=\"112\" data-end=\"146\">Huile de Chanvre \u2013 Description<\/strong><\/span><\/h3>\n<p data-start=\"148\" data-end=\"411\">L\u2019huile de chanvre est une huile v\u00e9g\u00e9tale pr\u00e9cieuse extraite des graines de <span class=\"hover:entity-accent entity-underline inline cursor-pointer align-baseline\"><span class=\"whitespace-normal\">Chanvre (Cannabis sativa)<\/span><\/span>. Naturellement riche en om\u00e9ga 3 et 6, en vitamines et en antioxydants, elle est reconnue pour ses propri\u00e9t\u00e9s hydratantes, apaisantes et r\u00e9g\u00e9n\u00e9rantes.<\/p>\n<p data-start=\"413\" data-end=\"534\">Sa texture l\u00e9g\u00e8re et non grasse p\u00e9n\u00e8tre rapidement, ce qui en fait un soin id\u00e9al pour le visage, le corps et les cheveux.<\/p>\n<h3 data-section-id=\"19201my\" data-start=\"541\" data-end=\"582\"><span role=\"text\">\u2728 <strong data-start=\"547\" data-end=\"582\">Bienfaits de l\u2019Huile de Chanvre<\/strong><\/span><\/h3>\n<h4 data-start=\"584\" data-end=\"604\">\ud83c\udf38 Pour la peau<\/h4>\n<ul data-start=\"605\" data-end=\"878\">\n<li data-section-id=\"e7ltcx\" data-start=\"605\" data-end=\"659\">\ud83d\udca7 <strong data-start=\"610\" data-end=\"633\">Hydrate intens\u00e9ment<\/strong> sans obstruer les pores<\/li>\n<li data-section-id=\"1wz0mc1\" data-start=\"660\" data-end=\"709\">\ud83c\udf3f <strong data-start=\"665\" data-end=\"691\">Apaise les irritations<\/strong> et les rougeurs<\/li>\n<li data-section-id=\"18p3pqe\" data-start=\"710\" data-end=\"750\">\ud83d\udee1\ufe0f <strong data-start=\"716\" data-end=\"748\">Renforce la barri\u00e8re cutan\u00e9e<\/strong><\/li>\n<li data-section-id=\"1tv13kx\" data-start=\"751\" data-end=\"821\">\u2728 <strong data-start=\"755\" data-end=\"782\">R\u00e9gule l\u2019exc\u00e8s de s\u00e9bum<\/strong> (id\u00e9ale pour peaux mixtes \u00e0 grasses)<\/li>\n<li data-section-id=\"1a0rzzr\" data-start=\"822\" data-end=\"878\">\ud83d\udd04 <strong data-start=\"827\" data-end=\"876\">Aide \u00e0 lutter contre le vieillissement cutan\u00e9<\/strong><\/li>\n<\/ul>\n<h4 data-start=\"880\" data-end=\"907\">\ud83d\udc86\u200d\u2640\ufe0f Pour les cheveux<\/h4>\n<ul data-start=\"908\" data-end=\"1079\">\n<li data-section-id=\"uasnj4\" data-start=\"908\" data-end=\"947\">\ud83d\udcaa <strong data-start=\"913\" data-end=\"945\">Fortifie la fibre capillaire<\/strong><\/li>\n<li data-section-id=\"xf4786\" data-start=\"948\" data-end=\"989\">\ud83c\udf31 <strong data-start=\"953\" data-end=\"987\">Favorise la pousse des cheveux<\/strong><\/li>\n<li data-section-id=\"irl5w3\" data-start=\"990\" data-end=\"1028\">\u2728 <strong data-start=\"994\" data-end=\"1026\">Apporte brillance et douceur<\/strong><\/li>\n<li data-section-id=\"17sssx9\" data-start=\"1029\" data-end=\"1079\">\ud83e\uddf4 <strong data-start=\"1034\" data-end=\"1077\">Nourrit le cuir chevelu sec ou sensible<\/strong><\/li>\n<\/ul>\n<h4 data-start=\"1081\" data-end=\"1102\">\ud83c\udf43 Pour le corps<\/h4>\n<ul data-start=\"1103\" data-end=\"1229\">\n<li data-section-id=\"g0yuk4\" data-start=\"1103\" data-end=\"1142\">\ud83d\udca7 <strong data-start=\"1108\" data-end=\"1132\">Adoucit et assouplit<\/strong> la peau<\/li>\n<li data-section-id=\"95yt1e\" data-start=\"1143\" data-end=\"1186\">\ud83c\udf38 <strong data-start=\"1148\" data-end=\"1184\">Calme les sensations d\u2019inconfort<\/strong><\/li>\n<li data-section-id=\"1ucmywt\" data-start=\"1187\" data-end=\"1229\">\u2728 <strong data-start=\"1191\" data-end=\"1227\">Am\u00e9liore l\u2019\u00e9lasticit\u00e9 de la peau<\/strong><\/li>\n<\/ul>","protected":false},"excerpt":{"rendered":"<p>\ud83c\udf3f Huile de Chanvre \u2013 Description L\u2019huile de chanvre est une huile v\u00e9g\u00e9tale pr\u00e9cieuse extraite des graines de Chanvre (Cannabis sativa). Naturellement riche en om\u00e9ga 3 et 6, en vitamines et en antioxydants, elle est reconnue pour ses propri\u00e9t\u00e9s hydratantes, apaisantes et r\u00e9g\u00e9n\u00e9rantes. Sa texture l\u00e9g\u00e8re et non grasse p\u00e9n\u00e8tre rapidement, ce qui en fait [&hellip;]<\/p>\n","protected":false},"featured_media":8200,"comment_status":"closed","ping_status":"closed","template":"","meta":{"_uag_custom_page_level_css":"","site-sidebar-layout":"default","site-content-layout":"","ast-site-content-layout":"default","site-content-style":"default","site-sidebar-style":"default","ast-global-header-display":"","ast-banner-title-visibility":"","ast-main-header-display":"","ast-hfb-above-header-display":"","ast-hfb-below-header-display":"","ast-hfb-mobile-header-display":"","site-post-title":"","ast-breadcrumbs-content":"","ast-featured-img":"","footer-sml-layout":"","ast-disable-related-posts":"","theme-transparent-header-meta":"default","adv-header-id-meta":"","stick-header-meta":"","header-above-stick-meta":"","header-main-stick-meta":"","header-below-stick-meta":"","astra-migrate-meta-layouts":"set","ast-page-background-enabled":"default","ast-page-background-meta":{"desktop":{"background-color":"","background-image":"","background-repeat":"repeat","background-position":"center center","background-size":"auto","background-attachment":"scroll","background-type":"","background-media":"","overlay-type":"","overlay-color":"","overlay-opacity":"","overlay-gradient":""},"tablet":{"background-color":"","background-image":"","background-repeat":"repeat","background-position":"center center","background-size":"auto","background-attachment":"scroll","background-type":"","background-media":"","overlay-type":"","overlay-color":"","overlay-opacity":"","overlay-gradient":""},"mobile":{"background-color":"","background-image":"","background-repeat":"repeat","background-position":"center center","background-size":"auto","background-attachment":"scroll","background-type":"","background-media":"","overlay-type":"","overlay-color":"","overlay-opacity":"","overlay-gradient":""}},"ast-content-background-meta":{"desktop":{"background-color":"var(--ast-global-color-5)","background-image":"","background-repeat":"repeat","background-position":"center center","background-size":"auto","background-attachment":"scroll","background-type":"","background-media":"","overlay-type":"","overlay-color":"","overlay-opacity":"","overlay-gradient":""},"tablet":{"background-color":"var(--ast-global-color-5)","background-image":"","background-repeat":"repeat","background-position":"center center","background-size":"auto","background-attachment":"scroll","background-type":"","background-media":"","overlay-type":"","overlay-color":"","overlay-opacity":"","overlay-gradient":""},"mobile":{"background-color":"var(--ast-global-color-5)","background-image":"","background-repeat":"repeat","background-position":"center center","background-size":"auto","background-attachment":"scroll","background-type":"","background-media":"","overlay-type":"","overlay-color":"","overlay-opacity":"","overlay-gradient":""}}},"product_brand":[],"product_cat":[16],"product_tag":[],"class_list":{"0":"post-7683","1":"product","2":"type-product","3":"status-publish","4":"has-post-thumbnail","6":"product_cat-cosmetique","7":"desktop-align-center","8":"tablet-align-center","9":"mobile-align-center","11":"first","12":"instock","13":"shipping-taxable","14":"purchasable","15":"product-type-simple"},"aioseo_notices":[],"uagb_featured_image_src":{"full":["https:\/\/allbiomorocco.com\/wp-content\/uploads\/2026\/01\/huile_chanver-307x546-1.png",307,546,false],"thumbnail":["https:\/\/allbiomorocco.com\/wp-content\/uploads\/2026\/01\/huile_chanver-307x546-1-150x150.png",150,150,true],"medium":["https:\/\/allbiomorocco.com\/wp-content\/uploads\/2026\/01\/huile_chanver-307x546-1-169x300.png",169,300,true],"medium_large":["https:\/\/allbiomorocco.com\/wp-content\/uploads\/2026\/01\/huile_chanver-307x546-1.png",307,546,false],"large":["https:\/\/allbiomorocco.com\/wp-content\/uploads\/2026\/01\/huile_chanver-307x546-1.png",307,546,false],"1536x1536":["https:\/\/allbiomorocco.com\/wp-content\/uploads\/2026\/01\/huile_chanver-307x546-1.png",307,546,false],"2048x2048":["https:\/\/allbiomorocco.com\/wp-content\/uploads\/2026\/01\/huile_chanver-307x546-1.png",307,546,false],"trp-custom-language-flag":["https:\/\/allbiomorocco.com\/wp-content\/uploads\/2026\/01\/huile_chanver-307x546-1-7x12.png",7,12,true],"woocommerce_thumbnail":["https:\/\/allbiomorocco.com\/wp-content\/uploads\/2026\/01\/huile_chanver-307x546-1-300x300.png",300,300,true],"woocommerce_single":["https:\/\/allbiomorocco.com\/wp-content\/uploads\/2026\/01\/huile_chanver-307x546-1.png",307,546,false],"woocommerce_gallery_thumbnail":["https:\/\/allbiomorocco.com\/wp-content\/uploads\/2026\/01\/huile_chanver-307x546-1-100x100.png",100,100,true]},"uagb_author_info":{"display_name":"NOUZHA ABARDAQ","author_link":"https:\/\/allbiomorocco.com\/en\/author\/"},"uagb_comment_info":0,"uagb_excerpt":"\ud83c\udf3f Huile de Chanvre \u2013 Description L\u2019huile de chanvre est une huile v\u00e9g\u00e9tale pr\u00e9cieuse extraite des graines de Chanvre (Cannabis sativa). Naturellement riche en om\u00e9ga 3 et 6, en vitamines et en antioxydants, elle est reconnue pour ses propri\u00e9t\u00e9s hydratantes, apaisantes et r\u00e9g\u00e9n\u00e9rantes. Sa texture l\u00e9g\u00e8re et non grasse p\u00e9n\u00e8tre rapidement, ce qui en fait&hellip;","_links":{"self":[{"href":"https:\/\/allbiomorocco.com\/en\/wp-json\/wp\/v2\/product\/7683","targetHints":{"allow":["GET"]}}],"collection":[{"href":"https:\/\/allbiomorocco.com\/en\/wp-json\/wp\/v2\/product"}],"about":[{"href":"https:\/\/allbiomorocco.com\/en\/wp-json\/wp\/v2\/types\/product"}],"replies":[{"embeddable":true,"href":"https:\/\/allbiomorocco.com\/en\/wp-json\/wp\/v2\/comments?post=7683"}],"wp:featuredmedia":[{"embeddable":true,"href":"https:\/\/allbiomorocco.com\/en\/wp-json\/wp\/v2\/media\/8200"}],"wp:attachment":[{"href":"https:\/\/allbiomorocco.com\/en\/wp-json\/wp\/v2\/media?parent=7683"}],"wp:term":[{"taxonomy":"product_brand","embeddable":true,"href":"https:\/\/allbiomorocco.com\/en\/wp-json\/wp\/v2\/product_brand?post=7683"},{"taxonomy":"product_cat","embeddable":true,"href":"https:\/\/allbiomorocco.com\/en\/wp-json\/wp\/v2\/product_cat?post=7683"},{"taxonomy":"product_tag","embeddable":true,"href":"https:\/\/allbiomorocco.com\/en\/wp-json\/wp\/v2\/product_tag?post=7683"}],"curies":[{"name":"wp","href":"https:\/\/api.w.org\/{rel}","templated":true}]}}