{"id":7686,"date":"2026-01-21T13:49:46","date_gmt":"2026-01-21T13:49:46","guid":{"rendered":"https:\/\/allbiomorocco.com\/?post_type=product&#038;p=7686"},"modified":"2026-04-10T18:35:36","modified_gmt":"2026-04-10T18:35:36","slug":"creme-pied-argan","status":"publish","type":"product","link":"https:\/\/allbiomorocco.com\/en\/product\/creme-pied-argan\/","title":{"rendered":"Kaab Hawanim"},"content":{"rendered":"<p data-path-to-node=\"3\">Kaab Hawanim (\u0643\u0639\u0628 \u0627\u0644\u0639\u0648\u0627\u0646\u0645)<\/p>\n<p data-start=\"308\" data-end=\"520\">Le Kaab Hawanim est g\u00e9n\u00e9ralement utilis\u00e9 sous forme de poudre ou de plante s\u00e9ch\u00e9e. Il est int\u00e9gr\u00e9 dans des pr\u00e9parations naturelles (masques, m\u00e9langes corporels) associ\u00e9es \u00e0 des huiles ou \u00e0 des recettes de hammam.<\/p>\n<p data-start=\"522\" data-end=\"600\">Son usage est traditionnel et transmis dans les routines de beaut\u00e9 naturelles.<\/p>\n<h2 data-section-id=\"p4bcsk\" data-start=\"607\" data-end=\"621\">\u2728 Bienfaits<\/h2>\n<h3 data-section-id=\"1v3xqwm\" data-start=\"623\" data-end=\"644\">\ud83c\udf38 Pour la peau<\/h3>\n<ul data-start=\"645\" data-end=\"837\">\n<li data-section-id=\"169wiin\" data-start=\"645\" data-end=\"677\">Aide \u00e0 <strong data-start=\"654\" data-end=\"675\">raffermir la peau<\/strong><\/li>\n<li data-section-id=\"1heyh39\" data-start=\"678\" data-end=\"716\">Donne un effet de <strong data-start=\"698\" data-end=\"714\">tonification<\/strong><\/li>\n<li data-section-id=\"1ysbzih\" data-start=\"717\" data-end=\"747\">Contribue \u00e0 lisser la peau<\/li>\n<li data-section-id=\"14g05qf\" data-start=\"748\" data-end=\"789\">Am\u00e9liore l\u2019aspect des zones rel\u00e2ch\u00e9es<\/li>\n<li data-section-id=\"12r7rmh\" data-start=\"790\" data-end=\"837\">Peut \u00eatre utilis\u00e9 dans des soins purifiants<\/li>\n<\/ul>\n<h3 data-section-id=\"txr3vi\" data-start=\"839\" data-end=\"871\">\ud83d\udc86\u200d\u2640\ufe0f En soin traditionnel<\/h3>\n<ul data-start=\"872\" data-end=\"1025\">\n<li data-section-id=\"16yjfda\" data-start=\"872\" data-end=\"920\">Utilis\u00e9 dans les rituels de beaut\u00e9 naturelle<\/li>\n<li data-section-id=\"ulrhqi\" data-start=\"921\" data-end=\"968\">Souvent combin\u00e9 avec des huiles ou gommages<\/li>\n<li data-section-id=\"567lzn\" data-start=\"969\" data-end=\"1025\">Apporte une sensation de peau plus ferme apr\u00e8s usage<\/li>\n<\/ul>\n<p data-path-to-node=\"15\">","protected":false},"excerpt":{"rendered":"<p>Kaab Hawanim (\u0643\u0639\u0628 \u0627\u0644\u0639\u0648\u0627\u0646\u0645) Le Kaab Hawanim est g\u00e9n\u00e9ralement utilis\u00e9 sous forme de poudre ou de plante s\u00e9ch\u00e9e. Il est int\u00e9gr\u00e9 dans des pr\u00e9parations naturelles (masques, m\u00e9langes corporels) associ\u00e9es \u00e0 des huiles ou \u00e0 des recettes de hammam. Son usage est traditionnel et transmis dans les routines de beaut\u00e9 naturelles. \u2728 Bienfaits \ud83c\udf38 Pour la [&hellip;]<\/p>\n","protected":false},"featured_media":8102,"comment_status":"closed","ping_status":"closed","template":"","meta":{"_uag_custom_page_level_css":"","site-sidebar-layout":"default","site-content-layout":"","ast-site-content-layout":"default","site-content-style":"default","site-sidebar-style":"default","ast-global-header-display":"","ast-banner-title-visibility":"","ast-main-header-display":"","ast-hfb-above-header-display":"","ast-hfb-below-header-display":"","ast-hfb-mobile-header-display":"","site-post-title":"","ast-breadcrumbs-content":"","ast-featured-img":"","footer-sml-layout":"","ast-disable-related-posts":"","theme-transparent-header-meta":"default","adv-header-id-meta":"","stick-header-meta":"","header-above-stick-meta":"","header-main-stick-meta":"","header-below-stick-meta":"","astra-migrate-meta-layouts":"set","ast-page-background-enabled":"default","ast-page-background-meta":{"desktop":{"background-color":"","background-image":"","background-repeat":"repeat","background-position":"center center","background-size":"auto","background-attachment":"scroll","background-type":"","background-media":"","overlay-type":"","overlay-color":"","overlay-opacity":"","overlay-gradient":""},"tablet":{"background-color":"","background-image":"","background-repeat":"repeat","background-position":"center center","background-size":"auto","background-attachment":"scroll","background-type":"","background-media":"","overlay-type":"","overlay-color":"","overlay-opacity":"","overlay-gradient":""},"mobile":{"background-color":"","background-image":"","background-repeat":"repeat","background-position":"center center","background-size":"auto","background-attachment":"scroll","background-type":"","background-media":"","overlay-type":"","overlay-color":"","overlay-opacity":"","overlay-gradient":""}},"ast-content-background-meta":{"desktop":{"background-color":"var(--ast-global-color-5)","background-image":"","background-repeat":"repeat","background-position":"center center","background-size":"auto","background-attachment":"scroll","background-type":"","background-media":"","overlay-type":"","overlay-color":"","overlay-opacity":"","overlay-gradient":""},"tablet":{"background-color":"var(--ast-global-color-5)","background-image":"","background-repeat":"repeat","background-position":"center center","background-size":"auto","background-attachment":"scroll","background-type":"","background-media":"","overlay-type":"","overlay-color":"","overlay-opacity":"","overlay-gradient":""},"mobile":{"background-color":"var(--ast-global-color-5)","background-image":"","background-repeat":"repeat","background-position":"center center","background-size":"auto","background-attachment":"scroll","background-type":"","background-media":"","overlay-type":"","overlay-color":"","overlay-opacity":"","overlay-gradient":""}}},"product_brand":[],"product_cat":[16],"product_tag":[],"class_list":{"0":"post-7686","1":"product","2":"type-product","3":"status-publish","4":"has-post-thumbnail","6":"product_cat-cosmetique","7":"desktop-align-center","8":"tablet-align-center","9":"mobile-align-center","11":"first","12":"instock","13":"shipping-taxable","14":"purchasable","15":"product-type-simple"},"aioseo_notices":[],"uagb_featured_image_src":{"full":["https:\/\/allbiomorocco.com\/wp-content\/uploads\/2026\/01\/kaab_hawanim.jpg",714,1024,false],"thumbnail":["https:\/\/allbiomorocco.com\/wp-content\/uploads\/2026\/01\/kaab_hawanim-150x150.jpg",150,150,true],"medium":["https:\/\/allbiomorocco.com\/wp-content\/uploads\/2026\/01\/kaab_hawanim-209x300.jpg",209,300,true],"medium_large":["https:\/\/allbiomorocco.com\/wp-content\/uploads\/2026\/01\/kaab_hawanim.jpg",714,1024,false],"large":["https:\/\/allbiomorocco.com\/wp-content\/uploads\/2026\/01\/kaab_hawanim.jpg",714,1024,false],"1536x1536":["https:\/\/allbiomorocco.com\/wp-content\/uploads\/2026\/01\/kaab_hawanim.jpg",714,1024,false],"2048x2048":["https:\/\/allbiomorocco.com\/wp-content\/uploads\/2026\/01\/kaab_hawanim.jpg",714,1024,false],"trp-custom-language-flag":["https:\/\/allbiomorocco.com\/wp-content\/uploads\/2026\/01\/kaab_hawanim-8x12.jpg",8,12,true],"woocommerce_thumbnail":["https:\/\/allbiomorocco.com\/wp-content\/uploads\/2026\/01\/kaab_hawanim-300x300.jpg",300,300,true],"woocommerce_single":["https:\/\/allbiomorocco.com\/wp-content\/uploads\/2026\/01\/kaab_hawanim-600x861.jpg",600,861,true],"woocommerce_gallery_thumbnail":["https:\/\/allbiomorocco.com\/wp-content\/uploads\/2026\/01\/kaab_hawanim-100x100.jpg",100,100,true]},"uagb_author_info":{"display_name":"NOUZHA ABARDAQ","author_link":"https:\/\/allbiomorocco.com\/en\/author\/"},"uagb_comment_info":0,"uagb_excerpt":"Kaab Hawanim (\u0643\u0639\u0628 \u0627\u0644\u0639\u0648\u0627\u0646\u0645) Le Kaab Hawanim est g\u00e9n\u00e9ralement utilis\u00e9 sous forme de poudre ou de plante s\u00e9ch\u00e9e. Il est int\u00e9gr\u00e9 dans des pr\u00e9parations naturelles (masques, m\u00e9langes corporels) associ\u00e9es \u00e0 des huiles ou \u00e0 des recettes de hammam. Son usage est traditionnel et transmis dans les routines de beaut\u00e9 naturelles. \u2728 Bienfaits \ud83c\udf38 Pour la&hellip;","_links":{"self":[{"href":"https:\/\/allbiomorocco.com\/en\/wp-json\/wp\/v2\/product\/7686","targetHints":{"allow":["GET"]}}],"collection":[{"href":"https:\/\/allbiomorocco.com\/en\/wp-json\/wp\/v2\/product"}],"about":[{"href":"https:\/\/allbiomorocco.com\/en\/wp-json\/wp\/v2\/types\/product"}],"replies":[{"embeddable":true,"href":"https:\/\/allbiomorocco.com\/en\/wp-json\/wp\/v2\/comments?post=7686"}],"wp:featuredmedia":[{"embeddable":true,"href":"https:\/\/allbiomorocco.com\/en\/wp-json\/wp\/v2\/media\/8102"}],"wp:attachment":[{"href":"https:\/\/allbiomorocco.com\/en\/wp-json\/wp\/v2\/media?parent=7686"}],"wp:term":[{"taxonomy":"product_brand","embeddable":true,"href":"https:\/\/allbiomorocco.com\/en\/wp-json\/wp\/v2\/product_brand?post=7686"},{"taxonomy":"product_cat","embeddable":true,"href":"https:\/\/allbiomorocco.com\/en\/wp-json\/wp\/v2\/product_cat?post=7686"},{"taxonomy":"product_tag","embeddable":true,"href":"https:\/\/allbiomorocco.com\/en\/wp-json\/wp\/v2\/product_tag?post=7686"}],"curies":[{"name":"wp","href":"https:\/\/api.w.org\/{rel}","templated":true}]}}