{"id":7687,"date":"2026-01-21T13:49:46","date_gmt":"2026-01-21T13:49:46","guid":{"rendered":"https:\/\/allbiomorocco.com\/?post_type=product&#038;p=7687"},"modified":"2026-04-11T14:27:11","modified_gmt":"2026-04-11T14:27:11","slug":"creme-nuit-beurre-karite-argan","status":"publish","type":"product","link":"https:\/\/allbiomorocco.com\/en\/product\/creme-nuit-beurre-karite-argan\/","title":{"rendered":"Cr\u00e8me Nuit Beurre Karit\u00e9 Argan"},"content":{"rendered":"<h3 data-section-id=\"i0z8h3\" data-start=\"127\" data-end=\"190\"><span role=\"text\"> <strong data-start=\"134\" data-end=\"190\">Cr\u00e8me de Nuit Beurre de Karit\u00e9 &amp; Argan \u2013 Description<\/strong><\/span><\/h3>\n<p data-start=\"192\" data-end=\"411\">La cr\u00e8me de nuit au beurre de karit\u00e9 et \u00e0 l\u2019huile d\u2019argan est un soin r\u00e9parateur intensif, formul\u00e9 \u00e0 base de deux tr\u00e9sors naturels : le <span class=\"hover:entity-accent entity-underline inline cursor-pointer align-baseline\"><span class=\"whitespace-normal\">Karit\u00e9 (Vitellaria paradoxa)<\/span><\/span> et l\u2019<span class=\"hover:entity-accent entity-underline inline cursor-pointer align-baseline\"><span class=\"whitespace-normal\">Arganier (Argania spinosa)<\/span><\/span>.<\/p>\n<p data-start=\"413\" data-end=\"561\">Sa texture riche et onctueuse agit pendant la nuit, moment o\u00f9 la peau se r\u00e9g\u00e9n\u00e8re naturellement, pour nourrir, r\u00e9parer et revitaliser en profondeur.<\/p>\n<h3 data-section-id=\"nj9r64\" data-start=\"568\" data-end=\"622\"><span role=\"text\">\u2728 <strong data-start=\"574\" data-end=\"622\">Bienfaits de la Cr\u00e8me de Nuit Karit\u00e9 &amp; Argan<\/strong><\/span><\/h3>\n<ul data-start=\"624\" data-end=\"1021\">\n<li data-section-id=\"elcrwq\" data-start=\"624\" data-end=\"682\">\ud83c\udf19 <strong data-start=\"629\" data-end=\"661\">R\u00e9pare la peau en profondeur<\/strong> pendant le sommeil<\/li>\n<li data-section-id=\"8ztq4t\" data-start=\"683\" data-end=\"754\">\ud83d\udca7 <strong data-start=\"688\" data-end=\"722\">Hydratation intense et durable<\/strong> pour une peau douce au r\u00e9veil<\/li>\n<li data-section-id=\"2fuewe\" data-start=\"755\" data-end=\"827\">\ud83d\udee1\ufe0f <strong data-start=\"761\" data-end=\"793\">Renforce la barri\u00e8re cutan\u00e9e<\/strong> et prot\u00e8ge contre la s\u00e9cheresse<\/li>\n<li data-section-id=\"7v2jh3\" data-start=\"828\" data-end=\"896\">\ud83c\udf38 <strong data-start=\"833\" data-end=\"858\">R\u00e9g\u00e9n\u00e8re les cellules<\/strong> et am\u00e9liore l\u2019\u00e9lasticit\u00e9 de la peau<\/li>\n<li data-section-id=\"1ozfl0o\" data-start=\"897\" data-end=\"962\">\u2728 <strong data-start=\"901\" data-end=\"934\">Att\u00e9nue les signes de fatigue<\/strong> et redonne \u00e9clat au teint<\/li>\n<li data-section-id=\"hsf6z4\" data-start=\"963\" data-end=\"1021\">\ud83e\uddf4 <strong data-start=\"968\" data-end=\"1019\">Nourrit intens\u00e9ment les peaux s\u00e8ches et ab\u00eem\u00e9es<\/strong><\/li>\n<\/ul>","protected":false},"excerpt":{"rendered":"<p>Cr\u00e8me de Nuit Beurre de Karit\u00e9 &amp; Argan \u2013 Description La cr\u00e8me de nuit au beurre de karit\u00e9 et \u00e0 l\u2019huile d\u2019argan est un soin r\u00e9parateur intensif, formul\u00e9 \u00e0 base de deux tr\u00e9sors naturels : le Karit\u00e9 (Vitellaria paradoxa) et l\u2019Arganier (Argania spinosa). Sa texture riche et onctueuse agit pendant la nuit, moment o\u00f9 la [&hellip;]<\/p>\n","protected":false},"featured_media":6084,"comment_status":"closed","ping_status":"closed","template":"","meta":{"_uag_custom_page_level_css":"","site-sidebar-layout":"default","site-content-layout":"","ast-site-content-layout":"default","site-content-style":"default","site-sidebar-style":"default","ast-global-header-display":"","ast-banner-title-visibility":"","ast-main-header-display":"","ast-hfb-above-header-display":"","ast-hfb-below-header-display":"","ast-hfb-mobile-header-display":"","site-post-title":"","ast-breadcrumbs-content":"","ast-featured-img":"","footer-sml-layout":"","ast-disable-related-posts":"","theme-transparent-header-meta":"default","adv-header-id-meta":"","stick-header-meta":"","header-above-stick-meta":"","header-main-stick-meta":"","header-below-stick-meta":"","astra-migrate-meta-layouts":"set","ast-page-background-enabled":"default","ast-page-background-meta":{"desktop":{"background-color":"","background-image":"","background-repeat":"repeat","background-position":"center center","background-size":"auto","background-attachment":"scroll","background-type":"","background-media":"","overlay-type":"","overlay-color":"","overlay-opacity":"","overlay-gradient":""},"tablet":{"background-color":"","background-image":"","background-repeat":"repeat","background-position":"center center","background-size":"auto","background-attachment":"scroll","background-type":"","background-media":"","overlay-type":"","overlay-color":"","overlay-opacity":"","overlay-gradient":""},"mobile":{"background-color":"","background-image":"","background-repeat":"repeat","background-position":"center center","background-size":"auto","background-attachment":"scroll","background-type":"","background-media":"","overlay-type":"","overlay-color":"","overlay-opacity":"","overlay-gradient":""}},"ast-content-background-meta":{"desktop":{"background-color":"var(--ast-global-color-5)","background-image":"","background-repeat":"repeat","background-position":"center center","background-size":"auto","background-attachment":"scroll","background-type":"","background-media":"","overlay-type":"","overlay-color":"","overlay-opacity":"","overlay-gradient":""},"tablet":{"background-color":"var(--ast-global-color-5)","background-image":"","background-repeat":"repeat","background-position":"center center","background-size":"auto","background-attachment":"scroll","background-type":"","background-media":"","overlay-type":"","overlay-color":"","overlay-opacity":"","overlay-gradient":""},"mobile":{"background-color":"var(--ast-global-color-5)","background-image":"","background-repeat":"repeat","background-position":"center center","background-size":"auto","background-attachment":"scroll","background-type":"","background-media":"","overlay-type":"","overlay-color":"","overlay-opacity":"","overlay-gradient":""}}},"product_brand":[],"product_cat":[16],"product_tag":[],"class_list":{"0":"post-7687","1":"product","2":"type-product","3":"status-publish","4":"has-post-thumbnail","6":"product_cat-cosmetique","7":"desktop-align-center","8":"tablet-align-center","9":"mobile-align-center","11":"first","12":"instock","13":"shipping-taxable","14":"purchasable","15":"product-type-simple"},"aioseo_notices":[],"uagb_featured_image_src":{"full":["https:\/\/allbiomorocco.com\/wp-content\/uploads\/2026\/01\/creme_nuit_beurre_karite_argan.png",512,768,false],"thumbnail":["https:\/\/allbiomorocco.com\/wp-content\/uploads\/2026\/01\/creme_nuit_beurre_karite_argan-150x150.png",150,150,true],"medium":["https:\/\/allbiomorocco.com\/wp-content\/uploads\/2026\/01\/creme_nuit_beurre_karite_argan-200x300.png",200,300,true],"medium_large":["https:\/\/allbiomorocco.com\/wp-content\/uploads\/2026\/01\/creme_nuit_beurre_karite_argan.png",512,768,false],"large":["https:\/\/allbiomorocco.com\/wp-content\/uploads\/2026\/01\/creme_nuit_beurre_karite_argan.png",512,768,false],"1536x1536":["https:\/\/allbiomorocco.com\/wp-content\/uploads\/2026\/01\/creme_nuit_beurre_karite_argan.png",512,768,false],"2048x2048":["https:\/\/allbiomorocco.com\/wp-content\/uploads\/2026\/01\/creme_nuit_beurre_karite_argan.png",512,768,false],"trp-custom-language-flag":["https:\/\/allbiomorocco.com\/wp-content\/uploads\/2026\/01\/creme_nuit_beurre_karite_argan.png",8,12,false],"woocommerce_thumbnail":["https:\/\/allbiomorocco.com\/wp-content\/uploads\/2026\/01\/creme_nuit_beurre_karite_argan-300x300.png",300,300,true],"woocommerce_single":["https:\/\/allbiomorocco.com\/wp-content\/uploads\/2026\/01\/creme_nuit_beurre_karite_argan.png",512,768,false],"woocommerce_gallery_thumbnail":["https:\/\/allbiomorocco.com\/wp-content\/uploads\/2026\/01\/creme_nuit_beurre_karite_argan-100x100.png",100,100,true]},"uagb_author_info":{"display_name":"NOUZHA ABARDAQ","author_link":"https:\/\/allbiomorocco.com\/en\/author\/"},"uagb_comment_info":0,"uagb_excerpt":"Cr\u00e8me de Nuit Beurre de Karit\u00e9 &amp; Argan \u2013 Description La cr\u00e8me de nuit au beurre de karit\u00e9 et \u00e0 l\u2019huile d\u2019argan est un soin r\u00e9parateur intensif, formul\u00e9 \u00e0 base de deux tr\u00e9sors naturels : le Karit\u00e9 (Vitellaria paradoxa) et l\u2019Arganier (Argania spinosa). Sa texture riche et onctueuse agit pendant la nuit, moment o\u00f9 la&hellip;","_links":{"self":[{"href":"https:\/\/allbiomorocco.com\/en\/wp-json\/wp\/v2\/product\/7687","targetHints":{"allow":["GET"]}}],"collection":[{"href":"https:\/\/allbiomorocco.com\/en\/wp-json\/wp\/v2\/product"}],"about":[{"href":"https:\/\/allbiomorocco.com\/en\/wp-json\/wp\/v2\/types\/product"}],"replies":[{"embeddable":true,"href":"https:\/\/allbiomorocco.com\/en\/wp-json\/wp\/v2\/comments?post=7687"}],"wp:featuredmedia":[{"embeddable":true,"href":"https:\/\/allbiomorocco.com\/en\/wp-json\/wp\/v2\/media\/6084"}],"wp:attachment":[{"href":"https:\/\/allbiomorocco.com\/en\/wp-json\/wp\/v2\/media?parent=7687"}],"wp:term":[{"taxonomy":"product_brand","embeddable":true,"href":"https:\/\/allbiomorocco.com\/en\/wp-json\/wp\/v2\/product_brand?post=7687"},{"taxonomy":"product_cat","embeddable":true,"href":"https:\/\/allbiomorocco.com\/en\/wp-json\/wp\/v2\/product_cat?post=7687"},{"taxonomy":"product_tag","embeddable":true,"href":"https:\/\/allbiomorocco.com\/en\/wp-json\/wp\/v2\/product_tag?post=7687"}],"curies":[{"name":"wp","href":"https:\/\/api.w.org\/{rel}","templated":true}]}}