{"id":7689,"date":"2026-01-21T13:49:46","date_gmt":"2026-01-21T13:49:46","guid":{"rendered":"https:\/\/allbiomorocco.com\/?post_type=product&#038;p=7689"},"modified":"2026-04-11T17:21:38","modified_gmt":"2026-04-11T17:21:38","slug":"creme-jour-argan-beurre-karite","status":"publish","type":"product","link":"https:\/\/allbiomorocco.com\/en\/product\/creme-jour-argan-beurre-karite\/","title":{"rendered":"Cr\u00e8me Jour Argan Beurre Karite"},"content":{"rendered":"<h3 data-section-id=\"znpko9\" data-start=\"127\" data-end=\"190\"><span role=\"text\">\u2600\ufe0f <strong data-start=\"134\" data-end=\"190\">Cr\u00e8me de Jour Argan &amp; Beurre de Karit\u00e9 \u2013 Description<\/strong><\/span><\/h3>\n<p data-start=\"192\" data-end=\"470\">La cr\u00e8me de jour \u00e0 l\u2019huile d\u2019argan et au beurre de karit\u00e9 est un soin hydratant et protecteur con\u00e7u pour nourrir la peau tout au long de la journ\u00e9e. Elle associe deux actifs naturels pr\u00e9cieux : l\u2019<span class=\"hover:entity-accent entity-underline inline cursor-pointer align-baseline\"><span class=\"whitespace-normal\">Arganier (Argania spinosa)<\/span><\/span> et le <span class=\"hover:entity-accent entity-underline inline cursor-pointer align-baseline\"><span class=\"whitespace-normal\">Karit\u00e9 (Vitellaria paradoxa)<\/span><\/span>.<\/p>\n<p data-start=\"472\" data-end=\"619\">Sa texture l\u00e9g\u00e8re p\u00e9n\u00e8tre rapidement sans effet gras, laissant la peau douce, lumineuse et parfaitement prot\u00e9g\u00e9e contre les agressions ext\u00e9rieures.<\/p>\n<h3 data-section-id=\"lt0njc\" data-start=\"626\" data-end=\"680\"><span role=\"text\">\u2728 <strong data-start=\"632\" data-end=\"680\">Bienfaits de la Cr\u00e8me de Jour Argan &amp; Karit\u00e9<\/strong><\/span><\/h3>\n<ul data-start=\"682\" data-end=\"1038\">\n<li data-section-id=\"erf5gr\" data-start=\"682\" data-end=\"737\">\ud83d\udca7 <strong data-start=\"687\" data-end=\"710\">Hydrate intens\u00e9ment<\/strong> la peau toute la journ\u00e9e<\/li>\n<li data-section-id=\"gsng8\" data-start=\"738\" data-end=\"817\">\ud83d\udee1\ufe0f <strong data-start=\"744\" data-end=\"789\">Prot\u00e8ge contre les agressions ext\u00e9rieures<\/strong> (pollution, soleil, vent)<\/li>\n<li data-section-id=\"1y6uprl\" data-start=\"818\" data-end=\"883\">\ud83c\udf3f <strong data-start=\"823\" data-end=\"847\">Nourrit et assouplit<\/strong> la peau sans laisser de film gras<\/li>\n<li data-section-id=\"2gk05b\" data-start=\"884\" data-end=\"928\">\u2728 <strong data-start=\"888\" data-end=\"917\">Redonne \u00e9clat et vitalit\u00e9<\/strong> au teint<\/li>\n<li data-section-id=\"1xvyv70\" data-start=\"929\" data-end=\"972\">\ud83d\udd04 <strong data-start=\"934\" data-end=\"970\">Am\u00e9liore l\u2019\u00e9lasticit\u00e9 de la peau<\/strong><\/li>\n<li data-section-id=\"1s25clf\" data-start=\"973\" data-end=\"1038\">\ud83c\udf38 <strong data-start=\"978\" data-end=\"1006\">Apaise les tiraillements<\/strong> et les sensations d\u2019inconfort<\/li>\n<\/ul>","protected":false},"excerpt":{"rendered":"<p>\u2600\ufe0f Cr\u00e8me de Jour Argan &amp; Beurre de Karit\u00e9 \u2013 Description La cr\u00e8me de jour \u00e0 l\u2019huile d\u2019argan et au beurre de karit\u00e9 est un soin hydratant et protecteur con\u00e7u pour nourrir la peau tout au long de la journ\u00e9e. Elle associe deux actifs naturels pr\u00e9cieux : l\u2019Arganier (Argania spinosa) et le Karit\u00e9 (Vitellaria paradoxa). [&hellip;]<\/p>\n","protected":false},"featured_media":6081,"comment_status":"closed","ping_status":"closed","template":"","meta":{"_uag_custom_page_level_css":"","site-sidebar-layout":"default","site-content-layout":"","ast-site-content-layout":"default","site-content-style":"default","site-sidebar-style":"default","ast-global-header-display":"","ast-banner-title-visibility":"","ast-main-header-display":"","ast-hfb-above-header-display":"","ast-hfb-below-header-display":"","ast-hfb-mobile-header-display":"","site-post-title":"","ast-breadcrumbs-content":"","ast-featured-img":"","footer-sml-layout":"","ast-disable-related-posts":"","theme-transparent-header-meta":"default","adv-header-id-meta":"","stick-header-meta":"","header-above-stick-meta":"","header-main-stick-meta":"","header-below-stick-meta":"","astra-migrate-meta-layouts":"set","ast-page-background-enabled":"default","ast-page-background-meta":{"desktop":{"background-color":"","background-image":"","background-repeat":"repeat","background-position":"center center","background-size":"auto","background-attachment":"scroll","background-type":"","background-media":"","overlay-type":"","overlay-color":"","overlay-opacity":"","overlay-gradient":""},"tablet":{"background-color":"","background-image":"","background-repeat":"repeat","background-position":"center center","background-size":"auto","background-attachment":"scroll","background-type":"","background-media":"","overlay-type":"","overlay-color":"","overlay-opacity":"","overlay-gradient":""},"mobile":{"background-color":"","background-image":"","background-repeat":"repeat","background-position":"center center","background-size":"auto","background-attachment":"scroll","background-type":"","background-media":"","overlay-type":"","overlay-color":"","overlay-opacity":"","overlay-gradient":""}},"ast-content-background-meta":{"desktop":{"background-color":"var(--ast-global-color-5)","background-image":"","background-repeat":"repeat","background-position":"center center","background-size":"auto","background-attachment":"scroll","background-type":"","background-media":"","overlay-type":"","overlay-color":"","overlay-opacity":"","overlay-gradient":""},"tablet":{"background-color":"var(--ast-global-color-5)","background-image":"","background-repeat":"repeat","background-position":"center center","background-size":"auto","background-attachment":"scroll","background-type":"","background-media":"","overlay-type":"","overlay-color":"","overlay-opacity":"","overlay-gradient":""},"mobile":{"background-color":"var(--ast-global-color-5)","background-image":"","background-repeat":"repeat","background-position":"center center","background-size":"auto","background-attachment":"scroll","background-type":"","background-media":"","overlay-type":"","overlay-color":"","overlay-opacity":"","overlay-gradient":""}}},"product_brand":[],"product_cat":[16],"product_tag":[],"class_list":{"0":"post-7689","1":"product","2":"type-product","3":"status-publish","4":"has-post-thumbnail","6":"product_cat-cosmetique","7":"desktop-align-center","8":"tablet-align-center","9":"mobile-align-center","11":"first","12":"instock","13":"shipping-taxable","14":"purchasable","15":"product-type-simple"},"aioseo_notices":[],"uagb_featured_image_src":{"full":["https:\/\/allbiomorocco.com\/wp-content\/uploads\/2026\/01\/creme_jour_argan_beurre_karite.png",512,768,false],"thumbnail":["https:\/\/allbiomorocco.com\/wp-content\/uploads\/2026\/01\/creme_jour_argan_beurre_karite-150x150.png",150,150,true],"medium":["https:\/\/allbiomorocco.com\/wp-content\/uploads\/2026\/01\/creme_jour_argan_beurre_karite-200x300.png",200,300,true],"medium_large":["https:\/\/allbiomorocco.com\/wp-content\/uploads\/2026\/01\/creme_jour_argan_beurre_karite.png",512,768,false],"large":["https:\/\/allbiomorocco.com\/wp-content\/uploads\/2026\/01\/creme_jour_argan_beurre_karite.png",512,768,false],"1536x1536":["https:\/\/allbiomorocco.com\/wp-content\/uploads\/2026\/01\/creme_jour_argan_beurre_karite.png",512,768,false],"2048x2048":["https:\/\/allbiomorocco.com\/wp-content\/uploads\/2026\/01\/creme_jour_argan_beurre_karite.png",512,768,false],"trp-custom-language-flag":["https:\/\/allbiomorocco.com\/wp-content\/uploads\/2026\/01\/creme_jour_argan_beurre_karite.png",8,12,false],"woocommerce_thumbnail":["https:\/\/allbiomorocco.com\/wp-content\/uploads\/2026\/01\/creme_jour_argan_beurre_karite-300x300.png",300,300,true],"woocommerce_single":["https:\/\/allbiomorocco.com\/wp-content\/uploads\/2026\/01\/creme_jour_argan_beurre_karite.png",512,768,false],"woocommerce_gallery_thumbnail":["https:\/\/allbiomorocco.com\/wp-content\/uploads\/2026\/01\/creme_jour_argan_beurre_karite-100x100.png",100,100,true]},"uagb_author_info":{"display_name":"NOUZHA ABARDAQ","author_link":"https:\/\/allbiomorocco.com\/en\/author\/"},"uagb_comment_info":0,"uagb_excerpt":"\u2600\ufe0f Cr\u00e8me de Jour Argan &amp; Beurre de Karit\u00e9 \u2013 Description La cr\u00e8me de jour \u00e0 l\u2019huile d\u2019argan et au beurre de karit\u00e9 est un soin hydratant et protecteur con\u00e7u pour nourrir la peau tout au long de la journ\u00e9e. Elle associe deux actifs naturels pr\u00e9cieux : l\u2019Arganier (Argania spinosa) et le Karit\u00e9 (Vitellaria paradoxa).&hellip;","_links":{"self":[{"href":"https:\/\/allbiomorocco.com\/en\/wp-json\/wp\/v2\/product\/7689","targetHints":{"allow":["GET"]}}],"collection":[{"href":"https:\/\/allbiomorocco.com\/en\/wp-json\/wp\/v2\/product"}],"about":[{"href":"https:\/\/allbiomorocco.com\/en\/wp-json\/wp\/v2\/types\/product"}],"replies":[{"embeddable":true,"href":"https:\/\/allbiomorocco.com\/en\/wp-json\/wp\/v2\/comments?post=7689"}],"wp:featuredmedia":[{"embeddable":true,"href":"https:\/\/allbiomorocco.com\/en\/wp-json\/wp\/v2\/media\/6081"}],"wp:attachment":[{"href":"https:\/\/allbiomorocco.com\/en\/wp-json\/wp\/v2\/media?parent=7689"}],"wp:term":[{"taxonomy":"product_brand","embeddable":true,"href":"https:\/\/allbiomorocco.com\/en\/wp-json\/wp\/v2\/product_brand?post=7689"},{"taxonomy":"product_cat","embeddable":true,"href":"https:\/\/allbiomorocco.com\/en\/wp-json\/wp\/v2\/product_cat?post=7689"},{"taxonomy":"product_tag","embeddable":true,"href":"https:\/\/allbiomorocco.com\/en\/wp-json\/wp\/v2\/product_tag?post=7689"}],"curies":[{"name":"wp","href":"https:\/\/api.w.org\/{rel}","templated":true}]}}