{"id":7691,"date":"2026-01-21T13:49:46","date_gmt":"2026-01-21T13:49:46","guid":{"rendered":"https:\/\/allbiomorocco.com\/?post_type=product&#038;p=7691"},"modified":"2026-04-03T12:49:19","modified_gmt":"2026-04-03T12:49:19","slug":"huile-olives-alimentaire-extra-vierge","status":"publish","type":"product","link":"https:\/\/allbiomorocco.com\/en\/product\/huile-olives-alimentaire-extra-vierge\/","title":{"rendered":"huile olives alimentaire extra vierge"},"content":{"rendered":"<h3 data-section-id=\"yn1klq\" data-start=\"0\" data-end=\"49\">D\u00e9finition de l\u2019huile d\u2019olive extra vierge<\/h3>\n<p data-start=\"51\" data-end=\"146\">L\u2019<strong data-start=\"53\" data-end=\"83\">huile d\u2019olive extra vierge<\/strong> est la meilleure qualit\u00e9 d\u2019huile d\u2019olive.<br data-start=\"125\" data-end=\"128\" \/>Elle est obtenue :<\/p>\n<ul data-start=\"148\" data-end=\"334\">\n<li data-section-id=\"1gmxiem\" data-start=\"148\" data-end=\"183\">par <strong data-start=\"154\" data-end=\"183\">premi\u00e8re pression \u00e0 froid<\/strong><\/li>\n<li data-section-id=\"17xn7k8\" data-start=\"184\" data-end=\"250\">uniquement par <strong data-start=\"201\" data-end=\"250\">proc\u00e9d\u00e9s m\u00e9caniques (sans produits chimiques)<\/strong><\/li>\n<li data-section-id=\"1wiw68t\" data-start=\"251\" data-end=\"334\">avec une <strong data-start=\"262\" data-end=\"294\">acidit\u00e9 tr\u00e8s faible (\u2264 0,8%)<\/strong><\/li>\n<\/ul>\n<p data-start=\"336\" data-end=\"503\">\ud83d\udc49 C\u2019est donc un produit <strong data-start=\"361\" data-end=\"377\">100% naturel<\/strong>, pur jus d\u2019olive, qui conserve tous ses nutriments (vitamines, antioxydants, ar\u00f4mes).<\/p>\n<h3 data-section-id=\"24a70l\" data-start=\"510\" data-end=\"541\">\ud83c\udf3f Les bienfaits principaux<\/h3>\n<h4 data-start=\"543\" data-end=\"569\">1. \u2764\ufe0f Prot\u00e8ge le c\u0153ur<\/h4>\n<ul data-start=\"570\" data-end=\"734\">\n<li data-section-id=\"qrz911\" data-start=\"570\" data-end=\"607\">R\u00e9duit le mauvais cholest\u00e9rol (LDL)<\/li>\n<li data-section-id=\"l5kquy\" data-start=\"608\" data-end=\"734\">Augmente le bon cholest\u00e9rol (HDL) <br data-start=\"681\" data-end=\"684\" \/>\ud83d\udc49 Diminue le risque de maladies cardiovasculaires<\/li>\n<\/ul>\n<h4 data-start=\"741\" data-end=\"773\">2. \ud83e\udde0 Riche en antioxydants<\/h4>\n<ul data-start=\"774\" data-end=\"912\">\n<li data-section-id=\"iz4ute\" data-start=\"774\" data-end=\"828\">Contient des <strong data-start=\"789\" data-end=\"804\">polyph\u00e9nols<\/strong> et de la <strong data-start=\"814\" data-end=\"828\">vitamine E<\/strong><\/li>\n<li data-section-id=\"x7f60c\" data-start=\"829\" data-end=\"912\">Lutte contre le vieillissement cellulaire<\/li>\n<\/ul>\n<h4 data-start=\"919\" data-end=\"959\">3. \ud83e\ude78 R\u00e9gule la tension et le sucre<\/h4>\n<ul data-start=\"960\" data-end=\"1096\">\n<li data-section-id=\"b0hx5p\" data-start=\"960\" data-end=\"1001\">Aide \u00e0 contr\u00f4ler la pression art\u00e9rielle<\/li>\n<li data-section-id=\"a08fy2\" data-start=\"1002\" data-end=\"1096\">Favorise une meilleure gestion du sucre dans le sang<\/li>\n<\/ul>\n<h4 data-start=\"1103\" data-end=\"1147\">4. \ud83e\uddf4 Bonne pour la peau et les cheveux<\/h4>\n<ul data-start=\"1148\" data-end=\"1263\">\n<li data-section-id=\"il67te\" data-start=\"1148\" data-end=\"1181\">Hydrate et nourrit profond\u00e9ment<\/li>\n<li data-section-id=\"1l21pnr\" data-start=\"1182\" data-end=\"1263\">Prot\u00e8ge contre le vieillissement cutan\u00e9<\/li>\n<\/ul>\n<h4 data-start=\"1270\" data-end=\"1303\">5. \ud83c\udf7d\ufe0f Favorise la digestion<\/h4>\n<ul data-start=\"1304\" data-end=\"1396\">\n<li data-section-id=\"1oqt84b\" data-start=\"1304\" data-end=\"1321\">Stimule le foie<\/li>\n<li data-section-id=\"1o35q44\" data-start=\"1322\" data-end=\"1396\">Effet l\u00e9g\u00e8rement laxatif naturel<\/li>\n<\/ul>","protected":false},"excerpt":{"rendered":"<p>D\u00e9finition de l\u2019huile d\u2019olive extra vierge L\u2019huile d\u2019olive extra vierge est la meilleure qualit\u00e9 d\u2019huile d\u2019olive.Elle est obtenue : par premi\u00e8re pression \u00e0 froid uniquement par proc\u00e9d\u00e9s m\u00e9caniques (sans produits chimiques) avec une acidit\u00e9 tr\u00e8s faible (\u2264 0,8%) \ud83d\udc49 C\u2019est donc un produit 100% naturel, pur jus d\u2019olive, qui conserve tous ses nutriments (vitamines, antioxydants, [&hellip;]<\/p>\n","protected":false},"featured_media":7943,"comment_status":"closed","ping_status":"closed","template":"","meta":{"_uag_custom_page_level_css":"","site-sidebar-layout":"default","site-content-layout":"","ast-site-content-layout":"default","site-content-style":"default","site-sidebar-style":"default","ast-global-header-display":"","ast-banner-title-visibility":"","ast-main-header-display":"","ast-hfb-above-header-display":"","ast-hfb-below-header-display":"","ast-hfb-mobile-header-display":"","site-post-title":"","ast-breadcrumbs-content":"","ast-featured-img":"","footer-sml-layout":"","ast-disable-related-posts":"","theme-transparent-header-meta":"default","adv-header-id-meta":"","stick-header-meta":"","header-above-stick-meta":"","header-main-stick-meta":"","header-below-stick-meta":"","astra-migrate-meta-layouts":"set","ast-page-background-enabled":"default","ast-page-background-meta":{"desktop":{"background-color":"","background-image":"","background-repeat":"repeat","background-position":"center center","background-size":"auto","background-attachment":"scroll","background-type":"","background-media":"","overlay-type":"","overlay-color":"","overlay-opacity":"","overlay-gradient":""},"tablet":{"background-color":"","background-image":"","background-repeat":"repeat","background-position":"center center","background-size":"auto","background-attachment":"scroll","background-type":"","background-media":"","overlay-type":"","overlay-color":"","overlay-opacity":"","overlay-gradient":""},"mobile":{"background-color":"","background-image":"","background-repeat":"repeat","background-position":"center center","background-size":"auto","background-attachment":"scroll","background-type":"","background-media":"","overlay-type":"","overlay-color":"","overlay-opacity":"","overlay-gradient":""}},"ast-content-background-meta":{"desktop":{"background-color":"var(--ast-global-color-5)","background-image":"","background-repeat":"repeat","background-position":"center center","background-size":"auto","background-attachment":"scroll","background-type":"","background-media":"","overlay-type":"","overlay-color":"","overlay-opacity":"","overlay-gradient":""},"tablet":{"background-color":"var(--ast-global-color-5)","background-image":"","background-repeat":"repeat","background-position":"center center","background-size":"auto","background-attachment":"scroll","background-type":"","background-media":"","overlay-type":"","overlay-color":"","overlay-opacity":"","overlay-gradient":""},"mobile":{"background-color":"var(--ast-global-color-5)","background-image":"","background-repeat":"repeat","background-position":"center center","background-size":"auto","background-attachment":"scroll","background-type":"","background-media":"","overlay-type":"","overlay-color":"","overlay-opacity":"","overlay-gradient":""}}},"product_brand":[],"product_cat":[17],"product_tag":[],"class_list":{"0":"post-7691","1":"product","2":"type-product","3":"status-publish","4":"has-post-thumbnail","6":"product_cat-alimentaires","7":"desktop-align-center","8":"tablet-align-center","9":"mobile-align-center","11":"first","12":"instock","13":"shipping-taxable","14":"purchasable","15":"product-type-simple"},"aioseo_notices":[],"uagb_featured_image_src":{"full":["https:\/\/allbiomorocco.com\/wp-content\/uploads\/2026\/01\/HUILE-OLIVE-1024x1024-1.png",1024,1024,false],"thumbnail":["https:\/\/allbiomorocco.com\/wp-content\/uploads\/2026\/01\/HUILE-OLIVE-1024x1024-1-150x150.png",150,150,true],"medium":["https:\/\/allbiomorocco.com\/wp-content\/uploads\/2026\/01\/HUILE-OLIVE-1024x1024-1-300x300.png",300,300,true],"medium_large":["https:\/\/allbiomorocco.com\/wp-content\/uploads\/2026\/01\/HUILE-OLIVE-1024x1024-1-768x768.png",768,768,true],"large":["https:\/\/allbiomorocco.com\/wp-content\/uploads\/2026\/01\/HUILE-OLIVE-1024x1024-1.png",1024,1024,false],"1536x1536":["https:\/\/allbiomorocco.com\/wp-content\/uploads\/2026\/01\/HUILE-OLIVE-1024x1024-1.png",1024,1024,false],"2048x2048":["https:\/\/allbiomorocco.com\/wp-content\/uploads\/2026\/01\/HUILE-OLIVE-1024x1024-1.png",1024,1024,false],"trp-custom-language-flag":["https:\/\/allbiomorocco.com\/wp-content\/uploads\/2026\/01\/HUILE-OLIVE-1024x1024-1-12x12.png",12,12,true],"woocommerce_thumbnail":["https:\/\/allbiomorocco.com\/wp-content\/uploads\/2026\/01\/HUILE-OLIVE-1024x1024-1-300x300.png",300,300,true],"woocommerce_single":["https:\/\/allbiomorocco.com\/wp-content\/uploads\/2026\/01\/HUILE-OLIVE-1024x1024-1-600x600.png",600,600,true],"woocommerce_gallery_thumbnail":["https:\/\/allbiomorocco.com\/wp-content\/uploads\/2026\/01\/HUILE-OLIVE-1024x1024-1-100x100.png",100,100,true]},"uagb_author_info":{"display_name":"NOUZHA ABARDAQ","author_link":"https:\/\/allbiomorocco.com\/en\/author\/"},"uagb_comment_info":0,"uagb_excerpt":"D\u00e9finition de l\u2019huile d\u2019olive extra vierge L\u2019huile d\u2019olive extra vierge est la meilleure qualit\u00e9 d\u2019huile d\u2019olive.Elle est obtenue : par premi\u00e8re pression \u00e0 froid uniquement par proc\u00e9d\u00e9s m\u00e9caniques (sans produits chimiques) avec une acidit\u00e9 tr\u00e8s faible (\u2264 0,8%) \ud83d\udc49 C\u2019est donc un produit 100% naturel, pur jus d\u2019olive, qui conserve tous ses nutriments (vitamines, antioxydants,&hellip;","_links":{"self":[{"href":"https:\/\/allbiomorocco.com\/en\/wp-json\/wp\/v2\/product\/7691","targetHints":{"allow":["GET"]}}],"collection":[{"href":"https:\/\/allbiomorocco.com\/en\/wp-json\/wp\/v2\/product"}],"about":[{"href":"https:\/\/allbiomorocco.com\/en\/wp-json\/wp\/v2\/types\/product"}],"replies":[{"embeddable":true,"href":"https:\/\/allbiomorocco.com\/en\/wp-json\/wp\/v2\/comments?post=7691"}],"wp:featuredmedia":[{"embeddable":true,"href":"https:\/\/allbiomorocco.com\/en\/wp-json\/wp\/v2\/media\/7943"}],"wp:attachment":[{"href":"https:\/\/allbiomorocco.com\/en\/wp-json\/wp\/v2\/media?parent=7691"}],"wp:term":[{"taxonomy":"product_brand","embeddable":true,"href":"https:\/\/allbiomorocco.com\/en\/wp-json\/wp\/v2\/product_brand?post=7691"},{"taxonomy":"product_cat","embeddable":true,"href":"https:\/\/allbiomorocco.com\/en\/wp-json\/wp\/v2\/product_cat?post=7691"},{"taxonomy":"product_tag","embeddable":true,"href":"https:\/\/allbiomorocco.com\/en\/wp-json\/wp\/v2\/product_tag?post=7691"}],"curies":[{"name":"wp","href":"https:\/\/api.w.org\/{rel}","templated":true}]}}