{"id":7692,"date":"2026-01-21T13:49:46","date_gmt":"2026-01-21T13:49:46","guid":{"rendered":"https:\/\/allbiomorocco.com\/?post_type=product&#038;p=7692"},"modified":"2026-04-10T17:35:33","modified_gmt":"2026-04-10T17:35:33","slug":"matlya-matlia-nila-bleue","status":"publish","type":"product","link":"https:\/\/allbiomorocco.com\/en\/product\/matlya-matlia-nila-bleue\/","title":{"rendered":"Matlya Nila Bleue"},"content":{"rendered":"<p>La Nila Bleue se pr\u00e9sente sous forme de poudre ou p\u00e2te bleu vif. Elle est m\u00e9lang\u00e9e \u00e0 d\u2019autres ingr\u00e9dients naturels (argile, huiles, eau de rose\u2026) pour cr\u00e9er un masque appel\u00e9 <em data-start=\"536\" data-end=\"544\">Matlya<\/em>.<\/p>\n<h2 data-section-id=\"p4bcsk\" data-start=\"552\" data-end=\"566\">\u2728 Bienfaits<\/h2>\n<h3 data-section-id=\"1v3xqwm\" data-start=\"568\" data-end=\"589\">\ud83c\udf38 Pour la peau<\/h3>\n<ul data-start=\"590\" data-end=\"819\">\n<li data-section-id=\"19dm0i0\" data-start=\"590\" data-end=\"626\">\u00c9claircit et <strong data-start=\"605\" data-end=\"624\">unifie le teint<\/strong><\/li>\n<li data-section-id=\"6s8bs1\" data-start=\"627\" data-end=\"666\">Apporte un effet <strong data-start=\"646\" data-end=\"664\">\u00e9clat imm\u00e9diat<\/strong><\/li>\n<li data-section-id=\"189gic7\" data-start=\"667\" data-end=\"714\">Aide \u00e0 att\u00e9nuer les <strong data-start=\"689\" data-end=\"712\">taches pigmentaires<\/strong><\/li>\n<li data-section-id=\"1d5b6b4\" data-start=\"715\" data-end=\"750\">Rend la peau <strong data-start=\"730\" data-end=\"748\">douce et lisse<\/strong><\/li>\n<li data-section-id=\"1a93aci\" data-start=\"751\" data-end=\"787\">Purifie et nettoie en profondeur<\/li>\n<li data-section-id=\"1g85nhg\" data-start=\"788\" data-end=\"819\">Donne un effet \u201cpeau neuve\u201d<\/li>\n<\/ul>\n<h3 data-section-id=\"btlgtw\" data-start=\"821\" data-end=\"852\">\ud83e\uddd6\u200d\u2640\ufe0f Bienfaits au hammam<\/h3>\n<ul data-start=\"853\" data-end=\"969\">\n<li data-section-id=\"1roqjzd\" data-start=\"853\" data-end=\"882\">\u00c9limine les <strong data-start=\"867\" data-end=\"880\">impuret\u00e9s<\/strong><\/li>\n<li data-section-id=\"1ox7zk8\" data-start=\"883\" data-end=\"929\">Compl\u00e8te le rituel du <strong data-start=\"907\" data-end=\"927\">gommage (hammam)<\/strong><\/li>\n<li data-section-id=\"1p2rntv\" data-start=\"930\" data-end=\"969\">Laisse une peau fra\u00eeche et parfum\u00e9e<\/li>\n<\/ul>","protected":false},"excerpt":{"rendered":"<p>La Nila Bleue se pr\u00e9sente sous forme de poudre ou p\u00e2te bleu vif. Elle est m\u00e9lang\u00e9e \u00e0 d\u2019autres ingr\u00e9dients naturels (argile, huiles, eau de rose\u2026) pour cr\u00e9er un masque appel\u00e9 Matlya. \u2728 Bienfaits \ud83c\udf38 Pour la peau \u00c9claircit et unifie le teint Apporte un effet \u00e9clat imm\u00e9diat Aide \u00e0 att\u00e9nuer les taches pigmentaires Rend la [&hellip;]<\/p>\n","protected":false},"featured_media":8085,"comment_status":"closed","ping_status":"closed","template":"","meta":{"_uag_custom_page_level_css":"","site-sidebar-layout":"default","site-content-layout":"","ast-site-content-layout":"default","site-content-style":"default","site-sidebar-style":"default","ast-global-header-display":"","ast-banner-title-visibility":"","ast-main-header-display":"","ast-hfb-above-header-display":"","ast-hfb-below-header-display":"","ast-hfb-mobile-header-display":"","site-post-title":"","ast-breadcrumbs-content":"","ast-featured-img":"","footer-sml-layout":"","ast-disable-related-posts":"","theme-transparent-header-meta":"default","adv-header-id-meta":"","stick-header-meta":"","header-above-stick-meta":"","header-main-stick-meta":"","header-below-stick-meta":"","astra-migrate-meta-layouts":"set","ast-page-background-enabled":"default","ast-page-background-meta":{"desktop":{"background-color":"","background-image":"","background-repeat":"repeat","background-position":"center center","background-size":"auto","background-attachment":"scroll","background-type":"","background-media":"","overlay-type":"","overlay-color":"","overlay-opacity":"","overlay-gradient":""},"tablet":{"background-color":"","background-image":"","background-repeat":"repeat","background-position":"center center","background-size":"auto","background-attachment":"scroll","background-type":"","background-media":"","overlay-type":"","overlay-color":"","overlay-opacity":"","overlay-gradient":""},"mobile":{"background-color":"","background-image":"","background-repeat":"repeat","background-position":"center center","background-size":"auto","background-attachment":"scroll","background-type":"","background-media":"","overlay-type":"","overlay-color":"","overlay-opacity":"","overlay-gradient":""}},"ast-content-background-meta":{"desktop":{"background-color":"var(--ast-global-color-5)","background-image":"","background-repeat":"repeat","background-position":"center center","background-size":"auto","background-attachment":"scroll","background-type":"","background-media":"","overlay-type":"","overlay-color":"","overlay-opacity":"","overlay-gradient":""},"tablet":{"background-color":"var(--ast-global-color-5)","background-image":"","background-repeat":"repeat","background-position":"center center","background-size":"auto","background-attachment":"scroll","background-type":"","background-media":"","overlay-type":"","overlay-color":"","overlay-opacity":"","overlay-gradient":""},"mobile":{"background-color":"var(--ast-global-color-5)","background-image":"","background-repeat":"repeat","background-position":"center center","background-size":"auto","background-attachment":"scroll","background-type":"","background-media":"","overlay-type":"","overlay-color":"","overlay-opacity":"","overlay-gradient":""}}},"product_brand":[],"product_cat":[16],"product_tag":[],"class_list":{"0":"post-7692","1":"product","2":"type-product","3":"status-publish","4":"has-post-thumbnail","6":"product_cat-cosmetique","7":"desktop-align-center","8":"tablet-align-center","9":"mobile-align-center","11":"first","12":"instock","13":"shipping-taxable","14":"purchasable","15":"product-type-simple"},"aioseo_notices":[],"uagb_featured_image_src":{"full":["https:\/\/allbiomorocco.com\/wp-content\/uploads\/2026\/01\/metlya_bleu.jpg",709,1024,false],"thumbnail":["https:\/\/allbiomorocco.com\/wp-content\/uploads\/2026\/01\/metlya_bleu-150x150.jpg",150,150,true],"medium":["https:\/\/allbiomorocco.com\/wp-content\/uploads\/2026\/01\/metlya_bleu-208x300.jpg",208,300,true],"medium_large":["https:\/\/allbiomorocco.com\/wp-content\/uploads\/2026\/01\/metlya_bleu.jpg",709,1024,false],"large":["https:\/\/allbiomorocco.com\/wp-content\/uploads\/2026\/01\/metlya_bleu.jpg",709,1024,false],"1536x1536":["https:\/\/allbiomorocco.com\/wp-content\/uploads\/2026\/01\/metlya_bleu.jpg",709,1024,false],"2048x2048":["https:\/\/allbiomorocco.com\/wp-content\/uploads\/2026\/01\/metlya_bleu.jpg",709,1024,false],"trp-custom-language-flag":["https:\/\/allbiomorocco.com\/wp-content\/uploads\/2026\/01\/metlya_bleu-8x12.jpg",8,12,true],"woocommerce_thumbnail":["https:\/\/allbiomorocco.com\/wp-content\/uploads\/2026\/01\/metlya_bleu-300x300.jpg",300,300,true],"woocommerce_single":["https:\/\/allbiomorocco.com\/wp-content\/uploads\/2026\/01\/metlya_bleu-600x867.jpg",600,867,true],"woocommerce_gallery_thumbnail":["https:\/\/allbiomorocco.com\/wp-content\/uploads\/2026\/01\/metlya_bleu-100x100.jpg",100,100,true]},"uagb_author_info":{"display_name":"NOUZHA ABARDAQ","author_link":"https:\/\/allbiomorocco.com\/en\/author\/"},"uagb_comment_info":0,"uagb_excerpt":"La Nila Bleue se pr\u00e9sente sous forme de poudre ou p\u00e2te bleu vif. Elle est m\u00e9lang\u00e9e \u00e0 d\u2019autres ingr\u00e9dients naturels (argile, huiles, eau de rose\u2026) pour cr\u00e9er un masque appel\u00e9 Matlya. \u2728 Bienfaits \ud83c\udf38 Pour la peau \u00c9claircit et unifie le teint Apporte un effet \u00e9clat imm\u00e9diat Aide \u00e0 att\u00e9nuer les taches pigmentaires Rend la&hellip;","_links":{"self":[{"href":"https:\/\/allbiomorocco.com\/en\/wp-json\/wp\/v2\/product\/7692","targetHints":{"allow":["GET"]}}],"collection":[{"href":"https:\/\/allbiomorocco.com\/en\/wp-json\/wp\/v2\/product"}],"about":[{"href":"https:\/\/allbiomorocco.com\/en\/wp-json\/wp\/v2\/types\/product"}],"replies":[{"embeddable":true,"href":"https:\/\/allbiomorocco.com\/en\/wp-json\/wp\/v2\/comments?post=7692"}],"wp:featuredmedia":[{"embeddable":true,"href":"https:\/\/allbiomorocco.com\/en\/wp-json\/wp\/v2\/media\/8085"}],"wp:attachment":[{"href":"https:\/\/allbiomorocco.com\/en\/wp-json\/wp\/v2\/media?parent=7692"}],"wp:term":[{"taxonomy":"product_brand","embeddable":true,"href":"https:\/\/allbiomorocco.com\/en\/wp-json\/wp\/v2\/product_brand?post=7692"},{"taxonomy":"product_cat","embeddable":true,"href":"https:\/\/allbiomorocco.com\/en\/wp-json\/wp\/v2\/product_cat?post=7692"},{"taxonomy":"product_tag","embeddable":true,"href":"https:\/\/allbiomorocco.com\/en\/wp-json\/wp\/v2\/product_tag?post=7692"}],"curies":[{"name":"wp","href":"https:\/\/api.w.org\/{rel}","templated":true}]}}