{"id":7693,"date":"2026-01-21T13:49:46","date_gmt":"2026-01-21T13:49:46","guid":{"rendered":"https:\/\/allbiomorocco.com\/?post_type=product&#038;p=7693"},"modified":"2026-04-03T13:23:38","modified_gmt":"2026-04-03T13:23:38","slug":"boukhour-taj-sarghina","status":"publish","type":"product","link":"https:\/\/allbiomorocco.com\/en\/product\/boukhour-taj-sarghina\/","title":{"rendered":"Boukhour Taj Sarghina"},"content":{"rendered":"<h2 data-section-id=\"1kp8is6\" data-start=\"110\" data-end=\"155\"><span role=\"text\">\ud83c\udf3f <strong data-start=\"116\" data-end=\"155\">Description \u2013 Boukhour Taj Sarghina<\/strong><\/span><\/h2>\n<p data-start=\"156\" data-end=\"365\">Le <strong data-start=\"159\" data-end=\"184\">Boukhour Taj Sarghina<\/strong> est un encens marocain traditionnel de luxe, inspir\u00e9 de la c\u00e9l\u00e8bre plante <strong data-start=\"259\" data-end=\"280\">sarghina (\u0633\u0631\u063a\u064a\u0646\u0629)<\/strong>, utilis\u00e9e depuis des si\u00e8cles dans les rituels de beaut\u00e9 et de purification au Maroc.<\/p>\n<p data-start=\"367\" data-end=\"407\">Il est compos\u00e9 d\u2019un m\u00e9lange raffin\u00e9 de :<\/p>\n<ul data-start=\"408\" data-end=\"501\">\n<li data-section-id=\"yse0dd\" data-start=\"408\" data-end=\"429\">racines de sarghina<\/li>\n<li data-section-id=\"1u4depa\" data-start=\"430\" data-end=\"459\">bois parfum\u00e9s (santal, oud)<\/li>\n<li data-section-id=\"1nx6yu6\" data-start=\"460\" data-end=\"480\">r\u00e9sines naturelles<\/li>\n<li data-section-id=\"dqava1\" data-start=\"481\" data-end=\"501\">huiles aromatiques<\/li>\n<\/ul>\n<p data-start=\"503\" data-end=\"689\">Son parfum est <strong data-start=\"518\" data-end=\"554\">bois\u00e9, \u00e9pic\u00e9 et l\u00e9g\u00e8rement sucr\u00e9<\/strong>, avec une touche orientale profonde qui rappelle les traditions de F\u00e8s et des hammams marocains.<\/p>\n<h2 data-section-id=\"bcd6j4\" data-start=\"696\" data-end=\"739\"><span role=\"text\">\u2728 <strong data-start=\"701\" data-end=\"739\">Bienfaits du Boukhour Taj Sarghina<\/strong><\/span><\/h2>\n<h3 data-section-id=\"nlna7q\" data-start=\"741\" data-end=\"780\">\ud83c\udfe1 1. Parfume intens\u00e9ment la maison<\/h3>\n<ul data-start=\"781\" data-end=\"938\">\n<li data-section-id=\"1bi0qkg\" data-start=\"781\" data-end=\"821\">Diffuse une odeur orientale luxueuse<\/li>\n<li data-section-id=\"1tztwsp\" data-start=\"822\" data-end=\"854\">\u00c9limine les mauvaises odeurs<\/li>\n<li data-section-id=\"196k38e\" data-start=\"855\" data-end=\"938\">Cr\u00e9e une ambiance chaleureuse et \u00e9l\u00e9gante<\/li>\n<\/ul>\n<h3 data-section-id=\"1jj9oka\" data-start=\"945\" data-end=\"986\">\ud83e\uddd8\u200d\u2640\ufe0f 2. Effet relaxant &amp; anti-stress<\/h3>\n<ul data-start=\"987\" data-end=\"1120\">\n<li data-section-id=\"jtwcbf\" data-start=\"987\" data-end=\"1006\">Apaise l\u2019esprit<\/li>\n<li data-section-id=\"41bai1\" data-start=\"1007\" data-end=\"1047\">Favorise la d\u00e9tente et la m\u00e9ditation<\/li>\n<li data-section-id=\"5r1pk0\" data-start=\"1048\" data-end=\"1120\">Id\u00e9al apr\u00e8s une longue journ\u00e9e<\/li>\n<\/ul>","protected":false},"excerpt":{"rendered":"<p>\ud83c\udf3f Description \u2013 Boukhour Taj Sarghina Le Boukhour Taj Sarghina est un encens marocain traditionnel de luxe, inspir\u00e9 de la c\u00e9l\u00e8bre plante sarghina (\u0633\u0631\u063a\u064a\u0646\u0629), utilis\u00e9e depuis des si\u00e8cles dans les rituels de beaut\u00e9 et de purification au Maroc. Il est compos\u00e9 d\u2019un m\u00e9lange raffin\u00e9 de : racines de sarghina bois parfum\u00e9s (santal, oud) r\u00e9sines naturelles [&hellip;]<\/p>","protected":false},"featured_media":7945,"comment_status":"closed","ping_status":"closed","template":"","meta":{"_uag_custom_page_level_css":"","site-sidebar-layout":"default","site-content-layout":"","ast-site-content-layout":"default","site-content-style":"default","site-sidebar-style":"default","ast-global-header-display":"","ast-banner-title-visibility":"","ast-main-header-display":"","ast-hfb-above-header-display":"","ast-hfb-below-header-display":"","ast-hfb-mobile-header-display":"","site-post-title":"","ast-breadcrumbs-content":"","ast-featured-img":"","footer-sml-layout":"","ast-disable-related-posts":"","theme-transparent-header-meta":"default","adv-header-id-meta":"","stick-header-meta":"","header-above-stick-meta":"","header-main-stick-meta":"","header-below-stick-meta":"","astra-migrate-meta-layouts":"set","ast-page-background-enabled":"default","ast-page-background-meta":{"desktop":{"background-color":"","background-image":"","background-repeat":"repeat","background-position":"center center","background-size":"auto","background-attachment":"scroll","background-type":"","background-media":"","overlay-type":"","overlay-color":"","overlay-opacity":"","overlay-gradient":""},"tablet":{"background-color":"","background-image":"","background-repeat":"repeat","background-position":"center center","background-size":"auto","background-attachment":"scroll","background-type":"","background-media":"","overlay-type":"","overlay-color":"","overlay-opacity":"","overlay-gradient":""},"mobile":{"background-color":"","background-image":"","background-repeat":"repeat","background-position":"center center","background-size":"auto","background-attachment":"scroll","background-type":"","background-media":"","overlay-type":"","overlay-color":"","overlay-opacity":"","overlay-gradient":""}},"ast-content-background-meta":{"desktop":{"background-color":"var(--ast-global-color-5)","background-image":"","background-repeat":"repeat","background-position":"center center","background-size":"auto","background-attachment":"scroll","background-type":"","background-media":"","overlay-type":"","overlay-color":"","overlay-opacity":"","overlay-gradient":""},"tablet":{"background-color":"var(--ast-global-color-5)","background-image":"","background-repeat":"repeat","background-position":"center center","background-size":"auto","background-attachment":"scroll","background-type":"","background-media":"","overlay-type":"","overlay-color":"","overlay-opacity":"","overlay-gradient":""},"mobile":{"background-color":"var(--ast-global-color-5)","background-image":"","background-repeat":"repeat","background-position":"center center","background-size":"auto","background-attachment":"scroll","background-type":"","background-media":"","overlay-type":"","overlay-color":"","overlay-opacity":"","overlay-gradient":""}}},"product_brand":[],"product_cat":[35],"product_tag":[],"class_list":{"0":"post-7693","1":"product","2":"type-product","3":"status-publish","4":"has-post-thumbnail","6":"product_cat-divers","7":"desktop-align-center","8":"tablet-align-center","9":"mobile-align-center","11":"first","12":"instock","13":"shipping-taxable","14":"purchasable","15":"product-type-simple"},"aioseo_notices":[],"uagb_featured_image_src":{"full":["https:\/\/allbiomorocco.com\/wp-content\/uploads\/2026\/01\/ad56a841-acd2-4ed5-bde2-eb75bf7160d7-512x512-1.jpg",512,512,false],"thumbnail":["https:\/\/allbiomorocco.com\/wp-content\/uploads\/2026\/01\/ad56a841-acd2-4ed5-bde2-eb75bf7160d7-512x512-1-150x150.jpg",150,150,true],"medium":["https:\/\/allbiomorocco.com\/wp-content\/uploads\/2026\/01\/ad56a841-acd2-4ed5-bde2-eb75bf7160d7-512x512-1-300x300.jpg",300,300,true],"medium_large":["https:\/\/allbiomorocco.com\/wp-content\/uploads\/2026\/01\/ad56a841-acd2-4ed5-bde2-eb75bf7160d7-512x512-1.jpg",512,512,false],"large":["https:\/\/allbiomorocco.com\/wp-content\/uploads\/2026\/01\/ad56a841-acd2-4ed5-bde2-eb75bf7160d7-512x512-1.jpg",512,512,false],"1536x1536":["https:\/\/allbiomorocco.com\/wp-content\/uploads\/2026\/01\/ad56a841-acd2-4ed5-bde2-eb75bf7160d7-512x512-1.jpg",512,512,false],"2048x2048":["https:\/\/allbiomorocco.com\/wp-content\/uploads\/2026\/01\/ad56a841-acd2-4ed5-bde2-eb75bf7160d7-512x512-1.jpg",512,512,false],"trp-custom-language-flag":["https:\/\/allbiomorocco.com\/wp-content\/uploads\/2026\/01\/ad56a841-acd2-4ed5-bde2-eb75bf7160d7-512x512-1-12x12.jpg",12,12,true],"woocommerce_thumbnail":["https:\/\/allbiomorocco.com\/wp-content\/uploads\/2026\/01\/ad56a841-acd2-4ed5-bde2-eb75bf7160d7-512x512-1-300x300.jpg",300,300,true],"woocommerce_single":["https:\/\/allbiomorocco.com\/wp-content\/uploads\/2026\/01\/ad56a841-acd2-4ed5-bde2-eb75bf7160d7-512x512-1.jpg",512,512,false],"woocommerce_gallery_thumbnail":["https:\/\/allbiomorocco.com\/wp-content\/uploads\/2026\/01\/ad56a841-acd2-4ed5-bde2-eb75bf7160d7-512x512-1-100x100.jpg",100,100,true]},"uagb_author_info":{"display_name":"NOUZHA ABARDAQ","author_link":"https:\/\/allbiomorocco.com\/en\/author\/"},"uagb_comment_info":0,"uagb_excerpt":"\ud83c\udf3f Description \u2013 Boukhour Taj Sarghina Le Boukhour Taj Sarghina est un encens marocain traditionnel de luxe, inspir\u00e9 de la c\u00e9l\u00e8bre plante sarghina (\u0633\u0631\u063a\u064a\u0646\u0629), utilis\u00e9e depuis des si\u00e8cles dans les rituels de beaut\u00e9 et de purification au Maroc. Il est compos\u00e9 d\u2019un m\u00e9lange raffin\u00e9 de : racines de sarghina bois parfum\u00e9s (santal, oud) r\u00e9sines naturelles&hellip;","_links":{"self":[{"href":"https:\/\/allbiomorocco.com\/en\/wp-json\/wp\/v2\/product\/7693","targetHints":{"allow":["GET"]}}],"collection":[{"href":"https:\/\/allbiomorocco.com\/en\/wp-json\/wp\/v2\/product"}],"about":[{"href":"https:\/\/allbiomorocco.com\/en\/wp-json\/wp\/v2\/types\/product"}],"replies":[{"embeddable":true,"href":"https:\/\/allbiomorocco.com\/en\/wp-json\/wp\/v2\/comments?post=7693"}],"wp:featuredmedia":[{"embeddable":true,"href":"https:\/\/allbiomorocco.com\/en\/wp-json\/wp\/v2\/media\/7945"}],"wp:attachment":[{"href":"https:\/\/allbiomorocco.com\/en\/wp-json\/wp\/v2\/media?parent=7693"}],"wp:term":[{"taxonomy":"product_brand","embeddable":true,"href":"https:\/\/allbiomorocco.com\/en\/wp-json\/wp\/v2\/product_brand?post=7693"},{"taxonomy":"product_cat","embeddable":true,"href":"https:\/\/allbiomorocco.com\/en\/wp-json\/wp\/v2\/product_cat?post=7693"},{"taxonomy":"product_tag","embeddable":true,"href":"https:\/\/allbiomorocco.com\/en\/wp-json\/wp\/v2\/product_tag?post=7693"}],"curies":[{"name":"wp","href":"https:\/\/api.w.org\/{rel}","templated":true}]}}