{"id":7695,"date":"2026-01-21T13:49:46","date_gmt":"2026-01-21T13:49:46","guid":{"rendered":"https:\/\/allbiomorocco.com\/?post_type=product&#038;p=7695"},"modified":"2026-04-03T13:29:50","modified_gmt":"2026-04-03T13:29:50","slug":"boukhour-essakina-essaquina-maghribia","status":"publish","type":"product","link":"https:\/\/allbiomorocco.com\/en\/product\/boukhour-essakina-essaquina-maghribia\/","title":{"rendered":"Boukhour Essakina  Maghribia"},"content":{"rendered":"<h2 data-section-id=\"1l3z1h7\" data-start=\"151\" data-end=\"202\"><span role=\"text\">\ud83c\udf3f <strong data-start=\"157\" data-end=\"202\">Description \u2013 Boukhour Essakina Maghribia<\/strong><\/span><\/h2>\n<p data-start=\"203\" data-end=\"374\">Le <strong data-start=\"206\" data-end=\"237\">Boukhour Essakina Maghribia<\/strong> est un encens marocain traditionnel inspir\u00e9 du concept de <strong data-start=\"296\" data-end=\"320\">\u201csakina\u201d (\u0627\u0644\u0633\u0651\u064e\u0643\u064a\u0646\u0629)<\/strong>, qui signifie <strong data-start=\"335\" data-end=\"373\">calme, paix int\u00e9rieure et s\u00e9r\u00e9nit\u00e9<\/strong>.<\/p>\n<p data-start=\"376\" data-end=\"429\">Il est g\u00e9n\u00e9ralement compos\u00e9 d\u2019un m\u00e9lange naturel de :<\/p>\n<ul data-start=\"430\" data-end=\"568\">\n<li data-section-id=\"qx4dvy\" data-start=\"430\" data-end=\"461\">bois parfum\u00e9s (oud, santal)<\/li>\n<li data-section-id=\"13o2jz3\" data-start=\"462\" data-end=\"502\">r\u00e9sines naturelles (oliban, benjoin)<\/li>\n<li data-section-id=\"9sa7ku\" data-start=\"503\" data-end=\"536\">herbes aromatiques marocaines<\/li>\n<li data-section-id=\"1pwqgac\" data-start=\"537\" data-end=\"568\">huiles parfum\u00e9es orientales<\/li>\n<\/ul>\n<p data-start=\"570\" data-end=\"697\">Son parfum est :<br \/>\n\ud83d\udc49 <strong data-start=\"590\" data-end=\"635\">doux, relaxant, l\u00e9g\u00e8rement sucr\u00e9 et bois\u00e9<\/strong><br data-start=\"635\" data-end=\"638\" \/>\ud83d\udc49 con\u00e7u pour cr\u00e9er une ambiance apaisante et spirituelle<\/p>\n<p data-start=\"699\" data-end=\"889\">Comme les autres boukhours marocains traditionnels, il est utilis\u00e9 pour parfumer la maison et instaurer une atmosph\u00e8re de bien-\u00eatre et de tranquillit\u00e9<\/p>\n<h2 data-section-id=\"1dqijjj\" data-start=\"896\" data-end=\"935\"><span role=\"text\">\u2728 <strong data-start=\"901\" data-end=\"935\">Bienfaits du Boukhour Essakina<\/strong><\/span><\/h2>\n<h3 data-section-id=\"8uoyz\" data-start=\"937\" data-end=\"974\">\ud83e\uddd8\u200d\u2640\ufe0f 1. Apporte calme &amp; s\u00e9r\u00e9nit\u00e9<\/h3>\n<ul data-start=\"975\" data-end=\"1119\">\n<li data-section-id=\"1s1g1xo\" data-start=\"975\" data-end=\"1003\">Aide \u00e0 r\u00e9duire le stress<\/li>\n<li data-section-id=\"1iu572n\" data-start=\"1004\" data-end=\"1035\">Favorise la d\u00e9tente mentale<\/li>\n<li data-section-id=\"1y94m2v\" data-start=\"1036\" data-end=\"1119\">Id\u00e9al pour moments de repos ou m\u00e9ditation<\/li>\n<\/ul>\n<h3 data-section-id=\"19j1in4\" data-start=\"1126\" data-end=\"1164\">\ud83c\udfe1 2. Parfume et purifie la maison<\/h3>\n<ul data-start=\"1165\" data-end=\"1324\">\n<li data-section-id=\"1tztwsp\" data-start=\"1165\" data-end=\"1197\">\u00c9limine les mauvaises odeurs<\/li>\n<li data-section-id=\"y56a82\" data-start=\"1198\" data-end=\"1236\">Laisse une odeur douce et \u00e9l\u00e9gante<\/li>\n<li data-section-id=\"cpdl71\" data-start=\"1237\" data-end=\"1324\">Cr\u00e9e une ambiance chaleureuse et accueillante<\/li>\n<\/ul>\n<h3 data-section-id=\"1tthnpc\" data-start=\"1331\" data-end=\"1373\">\ud83e\udde0 3. Am\u00e9liore le bien-\u00eatre \u00e9motionnel<\/h3>\n<ul data-start=\"1374\" data-end=\"1499\">\n<li data-section-id=\"jtwcbf\" data-start=\"1374\" data-end=\"1393\">Apaise l\u2019esprit<\/li>\n<li data-section-id=\"1rcngrg\" data-start=\"1394\" data-end=\"1418\">R\u00e9conforte et d\u00e9tend<\/li>\n<li data-section-id=\"1ar4ivo\" data-start=\"1419\" data-end=\"1499\">Donne une sensation de paix int\u00e9rieure<\/li>\n<\/ul>\n<h3 data-section-id=\"1aj8hdi\" data-start=\"1506\" data-end=\"1554\">\ud83e\uddff 4. Utilisation traditionnelle spirituelle<\/h3>\n<ul data-start=\"1555\" data-end=\"1684\">\n<li data-section-id=\"dnx84a\" data-start=\"1555\" data-end=\"1593\">Utilis\u00e9 dans les rituels marocains<\/li>\n<li data-section-id=\"1a68k8u\" data-start=\"1594\" data-end=\"1635\">Aide \u00e0 instaurer une \u00e9nergie positive<\/li>\n<li data-section-id=\"rwmmxk\" data-start=\"1636\" data-end=\"1684\">Associ\u00e9 \u00e0 la purification et \u00e0 la protection<\/li>\n<\/ul>\n<h3 data-section-id=\"1w6y5tf\" data-start=\"1691\" data-end=\"1725\">\ud83c\udf38 5. Parfum corps &amp; v\u00eatements<\/h3>\n<ul data-start=\"1726\" data-end=\"1840\">\n<li data-section-id=\"f17lut\" data-start=\"1726\" data-end=\"1805\">Parfume naturellement :\n<ul data-start=\"1754\" data-end=\"1805\">\n<li data-section-id=\"1a3eubi\" data-start=\"1754\" data-end=\"1771\">les v\u00eatements<\/li>\n<li data-section-id=\"7n51du\" data-start=\"1774\" data-end=\"1789\">les cheveux<\/li>\n<li data-section-id=\"ffd15e\" data-start=\"1792\" data-end=\"1805\">la maison<\/li>\n<\/ul>\n<\/li>\n<li data-section-id=\"1driry5\" data-start=\"1806\" data-end=\"1840\">Odeur longue dur\u00e9e et raffin\u00e9e<\/li>\n<\/ul>","protected":false},"excerpt":{"rendered":"<p>\ud83c\udf3f Description \u2013 Boukhour Essakina Maghribia Le Boukhour Essakina Maghribia est un encens marocain traditionnel inspir\u00e9 du concept de \u201csakina\u201d (\u0627\u0644\u0633\u0651\u064e\u0643\u064a\u0646\u0629), qui signifie calme, paix int\u00e9rieure et s\u00e9r\u00e9nit\u00e9. Il est g\u00e9n\u00e9ralement compos\u00e9 d\u2019un m\u00e9lange naturel de : bois parfum\u00e9s (oud, santal) r\u00e9sines naturelles (oliban, benjoin) herbes aromatiques marocaines huiles parfum\u00e9es orientales Son parfum est : [&hellip;]<\/p>","protected":false},"featured_media":7947,"comment_status":"closed","ping_status":"closed","template":"","meta":{"_uag_custom_page_level_css":"","site-sidebar-layout":"default","site-content-layout":"","ast-site-content-layout":"default","site-content-style":"default","site-sidebar-style":"default","ast-global-header-display":"","ast-banner-title-visibility":"","ast-main-header-display":"","ast-hfb-above-header-display":"","ast-hfb-below-header-display":"","ast-hfb-mobile-header-display":"","site-post-title":"","ast-breadcrumbs-content":"","ast-featured-img":"","footer-sml-layout":"","ast-disable-related-posts":"","theme-transparent-header-meta":"default","adv-header-id-meta":"","stick-header-meta":"","header-above-stick-meta":"","header-main-stick-meta":"","header-below-stick-meta":"","astra-migrate-meta-layouts":"set","ast-page-background-enabled":"default","ast-page-background-meta":{"desktop":{"background-color":"","background-image":"","background-repeat":"repeat","background-position":"center center","background-size":"auto","background-attachment":"scroll","background-type":"","background-media":"","overlay-type":"","overlay-color":"","overlay-opacity":"","overlay-gradient":""},"tablet":{"background-color":"","background-image":"","background-repeat":"repeat","background-position":"center center","background-size":"auto","background-attachment":"scroll","background-type":"","background-media":"","overlay-type":"","overlay-color":"","overlay-opacity":"","overlay-gradient":""},"mobile":{"background-color":"","background-image":"","background-repeat":"repeat","background-position":"center center","background-size":"auto","background-attachment":"scroll","background-type":"","background-media":"","overlay-type":"","overlay-color":"","overlay-opacity":"","overlay-gradient":""}},"ast-content-background-meta":{"desktop":{"background-color":"var(--ast-global-color-5)","background-image":"","background-repeat":"repeat","background-position":"center center","background-size":"auto","background-attachment":"scroll","background-type":"","background-media":"","overlay-type":"","overlay-color":"","overlay-opacity":"","overlay-gradient":""},"tablet":{"background-color":"var(--ast-global-color-5)","background-image":"","background-repeat":"repeat","background-position":"center center","background-size":"auto","background-attachment":"scroll","background-type":"","background-media":"","overlay-type":"","overlay-color":"","overlay-opacity":"","overlay-gradient":""},"mobile":{"background-color":"var(--ast-global-color-5)","background-image":"","background-repeat":"repeat","background-position":"center center","background-size":"auto","background-attachment":"scroll","background-type":"","background-media":"","overlay-type":"","overlay-color":"","overlay-opacity":"","overlay-gradient":""}}},"product_brand":[],"product_cat":[35],"product_tag":[],"class_list":{"0":"post-7695","1":"product","2":"type-product","3":"status-publish","4":"has-post-thumbnail","6":"product_cat-divers","7":"desktop-align-center","8":"tablet-align-center","9":"mobile-align-center","11":"first","12":"instock","13":"shipping-taxable","14":"purchasable","15":"product-type-simple"},"aioseo_notices":[],"uagb_featured_image_src":{"full":["https:\/\/allbiomorocco.com\/wp-content\/uploads\/2026\/01\/fa8debec-d5e4-4c82-8b30-f1250445091f-512x512-1.jpg",512,512,false],"thumbnail":["https:\/\/allbiomorocco.com\/wp-content\/uploads\/2026\/01\/fa8debec-d5e4-4c82-8b30-f1250445091f-512x512-1-150x150.jpg",150,150,true],"medium":["https:\/\/allbiomorocco.com\/wp-content\/uploads\/2026\/01\/fa8debec-d5e4-4c82-8b30-f1250445091f-512x512-1-300x300.jpg",300,300,true],"medium_large":["https:\/\/allbiomorocco.com\/wp-content\/uploads\/2026\/01\/fa8debec-d5e4-4c82-8b30-f1250445091f-512x512-1.jpg",512,512,false],"large":["https:\/\/allbiomorocco.com\/wp-content\/uploads\/2026\/01\/fa8debec-d5e4-4c82-8b30-f1250445091f-512x512-1.jpg",512,512,false],"1536x1536":["https:\/\/allbiomorocco.com\/wp-content\/uploads\/2026\/01\/fa8debec-d5e4-4c82-8b30-f1250445091f-512x512-1.jpg",512,512,false],"2048x2048":["https:\/\/allbiomorocco.com\/wp-content\/uploads\/2026\/01\/fa8debec-d5e4-4c82-8b30-f1250445091f-512x512-1.jpg",512,512,false],"trp-custom-language-flag":["https:\/\/allbiomorocco.com\/wp-content\/uploads\/2026\/01\/fa8debec-d5e4-4c82-8b30-f1250445091f-512x512-1-12x12.jpg",12,12,true],"woocommerce_thumbnail":["https:\/\/allbiomorocco.com\/wp-content\/uploads\/2026\/01\/fa8debec-d5e4-4c82-8b30-f1250445091f-512x512-1-300x300.jpg",300,300,true],"woocommerce_single":["https:\/\/allbiomorocco.com\/wp-content\/uploads\/2026\/01\/fa8debec-d5e4-4c82-8b30-f1250445091f-512x512-1.jpg",512,512,false],"woocommerce_gallery_thumbnail":["https:\/\/allbiomorocco.com\/wp-content\/uploads\/2026\/01\/fa8debec-d5e4-4c82-8b30-f1250445091f-512x512-1-100x100.jpg",100,100,true]},"uagb_author_info":{"display_name":"NOUZHA ABARDAQ","author_link":"https:\/\/allbiomorocco.com\/en\/author\/"},"uagb_comment_info":0,"uagb_excerpt":"\ud83c\udf3f Description \u2013 Boukhour Essakina Maghribia Le Boukhour Essakina Maghribia est un encens marocain traditionnel inspir\u00e9 du concept de \u201csakina\u201d (\u0627\u0644\u0633\u0651\u064e\u0643\u064a\u0646\u0629), qui signifie calme, paix int\u00e9rieure et s\u00e9r\u00e9nit\u00e9. Il est g\u00e9n\u00e9ralement compos\u00e9 d\u2019un m\u00e9lange naturel de : bois parfum\u00e9s (oud, santal) r\u00e9sines naturelles (oliban, benjoin) herbes aromatiques marocaines huiles parfum\u00e9es orientales Son parfum est :&hellip;","_links":{"self":[{"href":"https:\/\/allbiomorocco.com\/en\/wp-json\/wp\/v2\/product\/7695","targetHints":{"allow":["GET"]}}],"collection":[{"href":"https:\/\/allbiomorocco.com\/en\/wp-json\/wp\/v2\/product"}],"about":[{"href":"https:\/\/allbiomorocco.com\/en\/wp-json\/wp\/v2\/types\/product"}],"replies":[{"embeddable":true,"href":"https:\/\/allbiomorocco.com\/en\/wp-json\/wp\/v2\/comments?post=7695"}],"wp:featuredmedia":[{"embeddable":true,"href":"https:\/\/allbiomorocco.com\/en\/wp-json\/wp\/v2\/media\/7947"}],"wp:attachment":[{"href":"https:\/\/allbiomorocco.com\/en\/wp-json\/wp\/v2\/media?parent=7695"}],"wp:term":[{"taxonomy":"product_brand","embeddable":true,"href":"https:\/\/allbiomorocco.com\/en\/wp-json\/wp\/v2\/product_brand?post=7695"},{"taxonomy":"product_cat","embeddable":true,"href":"https:\/\/allbiomorocco.com\/en\/wp-json\/wp\/v2\/product_cat?post=7695"},{"taxonomy":"product_tag","embeddable":true,"href":"https:\/\/allbiomorocco.com\/en\/wp-json\/wp\/v2\/product_tag?post=7695"}],"curies":[{"name":"wp","href":"https:\/\/api.w.org\/{rel}","templated":true}]}}